{"id":1946,"date":"2017-02-09T19:46:40","date_gmt":"2017-02-09T18:46:40","guid":{"rendered":"https:\/\/m-i.info.smaragd.ch-meta.net\/?page_id=1946\/"},"modified":"2017-02-15T15:30:31","modified_gmt":"2017-02-15T14:30:31","slug":"el-caballero","status":"publish","type":"page","link":"https:\/\/test4.mi-backup.ch\/es\/el-caballero\/","title":{"rendered":"El caballero"},"content":{"rendered":"<h1 class=\"tw-swapa\">El caballero<\/h1>\n<p><img loading=\"lazy\" class=\"size-full wp-image-1569 alignright\" src=\"https:\/\/test4.mi-backup.ch\/wp-content\/uploads\/2017\/01\/Ritter-Altar.jpg\" alt=\"\" width=\"236\" height=\"409\" srcset=\"https:\/\/test4.mi-backup.ch\/wp-content\/uploads\/2017\/01\/Ritter-Altar.jpg 236w, https:\/\/test4.mi-backup.ch\/wp-content\/uploads\/2017\/01\/Ritter-Altar-173x300.jpg 173w\" sizes=\"(max-width: 236px) 100vw, 236px\" \/>Maximiliano Kolbe llamaba &#8220;caballeros&#8221; a los miembros de la MI, no porque fuesen especialmente fuertes, valientes o sobresalientes, sino porque sirven a una Reina sublime, la cual conviene al elevado ideal del caballero; caballero que se ofrece y se olvida de s\u00ed mismo en miras a su ideal: su Reina. San Maximiliano defini\u00f3 as\u00ed este ideal: Pro amore usque ad victimam &#8211; todo por amor hasta la donaci\u00f3n total. Como se trata de un combate espiritual, son llamados a formar parte de esta caballer\u00eda tanto hombres como mujeres.<\/p>\n<p>El ideal del caballero:<\/p>\n<ul>\n<li>&#8220;Al caballero lo anima un ideal elevado. No se contenta con medias tintas; \u00a1lo quiere todo! El mundo es demasiado peque\u00f1o para \u00e9l&#8221;. (San Maximiliano)<\/li>\n<li>Conocer y amar a la Inmaculada hace que descubra su misi\u00f3n: ponerse a su servicio, ser su instrumento y dejarse guiar por Ella. Este deseo lo expresa por medio de su consagraci\u00f3n a la Inmaculada. Sin embargo, no se contenta con una consagraci\u00f3n, sino &#8220;que se esfuerza, en cuanto le sea posible, en conquistar para Ella otros corazones que puedan a su vez \u00a0consagrarse a Ella.&#8221; (San Maximiliano). Hace suyo el ideal de este Santo:&#8221;Vivo s\u00f3lo para las almas, esta es mi misi\u00f3n&#8221;.<\/li>\n<li>Mar\u00eda conduce al caballero a Jesucristo, y por ello tiene como lema: \u00a1el mundo entero para Jes\u00fas por la Imaculada! Desea que Nuestro Se\u00f1or sea nuevamente reconocido en la sociedad, convencido de que no existe &#8220;medio m\u00e1s eficaz contra los males de nuestra \u00e9poca que el de restablecer la soberan\u00eda de Nuestro Se\u00f1or&#8221; (San P\u00edo X).<\/li>\n<li>El caballero no se desanima ante la propia debilidad o \u00a0la supremac\u00eda del enemigo. &#8220;Existen dos caminos: las propias fuerzas o la fortaleza de Dios. Todo depende del camino elegido. Si construimos sobre nuestras propias fuerzas, construimos sobre la nada, y el resultado ser\u00e1 nulo. Entonces \u00bfconstruiremos sobre nosotros mismos o sobre Dios?&#8221; (San Maximiliano). Cual otro David, el caballero increpa a los Goliats de este mundo: &#8220;T\u00fa vienes contra m\u00ed con espada, lanza y escudo; yo en cambio vengo contra t\u00ed en el nombre del Se\u00f1or de los ej\u00e9rcitos, el Dios de los ej\u00e9rcitos de Israel, a quien t\u00fa has ofendido&#8221; (I Sam 17,45). No pone su confianza ni en los medios ni en la sabidur\u00eda de este mundo, sino s\u00f3lo en Dios. A imitaci\u00f3n de David, se sirve en este combate de determinados medios que a los ojos del mundo son necedad. Pone su confianza en las &#8220;armas&#8221; que le ha dado su Se\u00f1ora, especialmente en la Medalla Milagrosa y en el Rosario, la &#8220;honda de David&#8221; (P\u00edo XII) y &#8220;la \u00faltima tabla de salvaci\u00f3n&#8221; (Nuestra Se\u00f1ora de F\u00e1tima).<\/li>\n<\/ul>\n<p>Nuestro Patrono resume este ideal de la siguiente manera: &#8220;Contemplemos hoy la imagen de un aut\u00e9ntico caballero de la Inmaculada. No limita su coraz\u00f3n a s\u00ed mismo, ni a su familia, ni a sus conocidos, amigos o conciudadanos, sino que abraza en \u00e9l a todo el mundo, a todos y a cada uno, pues todos, sin excepci\u00f3n, fueron rescatados con la Precios\u00edsima Sangre de Jesu-cristo. A todos desea la verdadera felicidad, la luz de la fe, la purificaci\u00f3n de los pecados y un coraz\u00f3n ardiente de amor por Dios, de un amor ilimitado. La felicidad de toda la humanidad en Dios por la Inmaculada &#8211; he aqu\u00ed su anhelo.<\/p>\n<p>\u00a1El caballero de la Inmaculada combate para conquistarle todos los corazones!\u00a0 A todos extiende su mano caritativa, reza por todos, sufre por todos&#8221;. (San Maximiliano Kolbe).<\/p>\n<p>Si usted tambi\u00e9n est\u00e1 interesado en este ideal, encontrar\u00e1 en las siguientes p\u00e1ginas informa-<\/p>\n<p>ciones sobre la admisi\u00f3n a la MI y sobre los caballeros de la Inmaculada.<\/p>\n<p>Si ya es miembro de la MI, y si el ideal cay\u00f3 un tanto en el olvido, encontrar\u00e1 en las<\/p>\n<p>siguientes p\u00e1ginas una valiosa ayuda para darle nueva vida: formar parte de un grupo de la MI, leer nuestra revista o suscribirse a nuestro bolet\u00edn informativo podr\u00edan procurarle un\u00a0 est\u00edmulo asiduo.<\/p>\n<p>Estamos a su disposici\u00f3n para cualquier otra informaci\u00f3n: <a href=\"https:\/\/test4.mi-backup.ch\/es\/contacto\/\">contacto<\/a><\/p>\n","protected":false},"excerpt":{"rendered":"<p>El caballero Maximiliano Kolbe llamaba &#8220;caballeros&#8221; a los miembros de la MI, no porque fuesen especialmente fuertes, valientes o sobresalientes, sino porque sirven a una Reina sublime, la cual conviene al elevado ideal del caballero; caballero que se ofrece y se olvida de s\u00ed mismo en miras a su ideal:<a class=\"more-link\" href=\"https:\/\/test4.mi-backup.ch\/es\/el-caballero\/\">Leer m\u00e1s &rarr;<\/a><\/p>\n","protected":false},"author":9,"featured_media":0,"parent":0,"menu_order":0,"comment_status":"closed","ping_status":"closed","template":"","meta":[],"_links":{"self":[{"href":"https:\/\/test4.mi-backup.ch\/es\/wp-json\/wp\/v2\/pages\/1946"}],"collection":[{"href":"https:\/\/test4.mi-backup.ch\/es\/wp-json\/wp\/v2\/pages"}],"about":[{"href":"https:\/\/test4.mi-backup.ch\/es\/wp-json\/wp\/v2\/types\/page"}],"author":[{"embeddable":true,"href":"https:\/\/test4.mi-backup.ch\/es\/wp-json\/wp\/v2\/users\/9"}],"replies":[{"embeddable":true,"href":"https:\/\/test4.mi-backup.ch\/es\/wp-json\/wp\/v2\/comments?post=1946"}],"version-history":[{"count":5,"href":"https:\/\/test4.mi-backup.ch\/es\/wp-json\/wp\/v2\/pages\/1946\/revisions"}],"predecessor-version":[{"id":3418,"href":"https:\/\/test4.mi-backup.ch\/es\/wp-json\/wp\/v2\/pages\/1946\/revisions\/3418"}],"wp:attachment":[{"href":"https:\/\/test4.mi-backup.ch\/es\/wp-json\/wp\/v2\/media?parent=1946"}],"curies":[{"name":"wp","href":"https:\/\/api.w.org\/{rel}","templated":true}]}}