{"id":300,"date":"2015-10-13T18:30:41","date_gmt":"2015-10-13T18:30:41","guid":{"rendered":"http:\/\/migration.mi-admin.ch\/esquienes-somos\/"},"modified":"2017-02-11T22:11:06","modified_gmt":"2017-02-11T21:11:06","slug":"quienes-somos","status":"publish","type":"page","link":"https:\/\/test4.mi-backup.ch\/es\/quienes-somos\/","title":{"rendered":"Quienes somos"},"content":{"rendered":"<h1>Quienes somos<\/h1>\n<p>La Militia Immaculatae (MI) fue fundada por San Maximilano Kolbe en reacci\u00f3n a los ataques a la Iglesia y a las almas. Se trata de una suerte de milicia espiritual bajo el estandarte de la Inmaculada. Triunfadora de todas las batalles de Dios, la \u00fanica &#8220;que ha vencido todas las herej\u00edas&#8221; (Breviario Romano) y a quien Dios ya en el G\u00e9nesis predijo el triunfo final sobre la serpiente, Satan\u00e1s; esperanza de los que trabajan por el Reinado de Nuestro Se\u00f1or Jesucristo. &#8220;\u00bfEs posible que nuestros enemigos deplieguen todas sus fuerzas para vencernos, mientras nosotros permanecemos de brazos cruzados e inactivos? \u00bfAcaso no tenemos armas m\u00e1s poderosas, no contamos con el cielo y sobre todo con la Inmaculada?&#8221; (San Maximiliano)<\/p>\n<h3>MI-SUIZA<\/h3>\n<p><img loading=\"lazy\" src=\"https:\/\/test4.mi-backup.ch\/wp-content\/uploads\/media\/standorte\/wil_altar_jpg.jpg\" alt=\"\" width=\"250\" height=\"474\" align=\"right\" border=\"1\" hspace=\"5\" vspace=\"5\" \/><\/p>\n<div style=\"text-align: center;\">\n<p style=\"text-align: left;\">La MI de Suiza fue fundada el 8 de diciembre de 2014. La Asociaci\u00f3n, con sede en Wil\/SG<br \/>\nest\u00e1 bajo la direcci\u00f3n espiritual de la Fraternidad Sacerdotal San P\u00edo X.<br \/>\nEn el Priorato de Wil existe un grupo de la MI 2, que se re\u00fane mensualmente para rezar en com\u00fan y para profundizar la fe cat\u00f3lica por medio de conferencias. La consagraci\u00f3n a la Inmaculada efectuada por los miembros y la pertenencia a la MI son las ideas centrales de estas conferencias. En calidad de instrumentos de nuestra Reina y a ejemplo de nuestro Patrono, queremos trabajar en la conversi\u00f3n de las almas y en la difusi\u00f3n del reinado de Cristo por Mar\u00eda. Adem\u00e1s de stands organizados en diferentes ciudades, nuestro principal apostolado consiste en la difusi\u00f3n a nivel mundial de la Medalla milagrosa.<\/p>\n<p style=\"text-align: left;\">&#8220;Con este apostolado nos esforzamos por realizar el ideal que San Maximiliano previ\u00f3 para la MI: Ser sol\u00edcitos en la conversi\u00f3n de los pecadores por mediaci\u00f3n de la Inmaculada. Para ello utilizar todo medio leg\u00edtimo, en modo particular la difusi\u00f3n de la Medalla Milagrosa.&#8221; (Estatu-tos de la MI).<\/p>\n<p style=\"text-align: left;\">&#8220;Se deben elegir de manera particular los medios que la misma Inmaculada nos ofrece, sobre todo la Medalla Milagrosa. Debemos difundirla en todo lugar donde sea posible. &#8220;(cita del P. Kolbe)<\/p>\n<p style=\"text-align: left;\">Perm\u00edtasenos solicitar su generoso<br \/>\n<a href=\"https:\/\/test4.mi-backup.ch\/es\/donativos\/\">apoyo<\/a> a nuestro apostolado. \u00a1Dios le pague!<\/p>\n<p style=\"text-align: left;\"><a href=\"https:\/\/test4.mi-backup.ch\/es\/contacto\/\">Contacto<\/a><\/p>\n<p><img loading=\"lazy\" src=\"https:\/\/test4.mi-backup.ch\/wp-content\/uploads\/media\/standaktion.jpg\" alt=\"\" width=\"700\" height=\"467\" align=\"textTop\" border=\"1\" hspace=\"5\" vspace=\"5\" \/><\/p>\n<\/div>\n<div><\/div>\n","protected":false},"excerpt":{"rendered":"<p>Quienes somos La Militia Immaculatae (MI) fue fundada por San Maximilano Kolbe en reacci\u00f3n a los ataques a la Iglesia y a las almas. Se trata de una suerte de milicia espiritual bajo el estandarte de la Inmaculada. Triunfadora de todas las batalles de Dios, la \u00fanica &#8220;que ha vencido<a class=\"more-link\" href=\"https:\/\/test4.mi-backup.ch\/es\/quienes-somos\/\">Leer m\u00e1s &rarr;<\/a><\/p>\n","protected":false},"author":9,"featured_media":0,"parent":0,"menu_order":0,"comment_status":"closed","ping_status":"closed","template":"","meta":[],"_links":{"self":[{"href":"https:\/\/test4.mi-backup.ch\/es\/wp-json\/wp\/v2\/pages\/300"}],"collection":[{"href":"https:\/\/test4.mi-backup.ch\/es\/wp-json\/wp\/v2\/pages"}],"about":[{"href":"https:\/\/test4.mi-backup.ch\/es\/wp-json\/wp\/v2\/types\/page"}],"author":[{"embeddable":true,"href":"https:\/\/test4.mi-backup.ch\/es\/wp-json\/wp\/v2\/users\/9"}],"replies":[{"embeddable":true,"href":"https:\/\/test4.mi-backup.ch\/es\/wp-json\/wp\/v2\/comments?post=300"}],"version-history":[{"count":3,"href":"https:\/\/test4.mi-backup.ch\/es\/wp-json\/wp\/v2\/pages\/300\/revisions"}],"predecessor-version":[{"id":2944,"href":"https:\/\/test4.mi-backup.ch\/es\/wp-json\/wp\/v2\/pages\/300\/revisions\/2944"}],"wp:attachment":[{"href":"https:\/\/test4.mi-backup.ch\/es\/wp-json\/wp\/v2\/media?parent=300"}],"curies":[{"name":"wp","href":"https:\/\/api.w.org\/{rel}","templated":true}]}}