{"id":302,"date":"2015-07-27T20:21:44","date_gmt":"2015-07-27T20:21:44","guid":{"rendered":"http:\/\/migration.mi-admin.ch\/esmilitia-immaculatae\/"},"modified":"2017-05-13T01:09:12","modified_gmt":"2017-05-12T23:09:12","slug":"esmilitia-immaculatae","status":"publish","type":"page","link":"https:\/\/test4.mi-backup.ch\/es\/esmilitia-immaculatae\/","title":{"rendered":"La Milicia"},"content":{"rendered":"<h1>La Militia Immaculatae<\/h1>\n<h3><img loading=\"lazy\" class=\"alignright\" style=\"margin: 5px; border: 1px solid black;\" src=\"https:\/\/test4.mi-backup.ch\/wp-content\/uploads\/media\/kolbe4.jpg.jpg\" alt=\"\" width=\"250\" height=\"373\" \/><\/h3>\n<p>La Militia Immaculat\u00e6 (traducci\u00f3n del lat\u00edn: Milicia de la Inmaculada) tiene su origen en San Maximiliano Kolbe.<br \/>\nEl Padre Kolbe fund\u00f3 en Roma en 1917, junto con algunos franciscanos, la organizaci\u00f3n cat\u00f3lica Militia Immaculat\u00e6 (MI), la cual despu\u00e9s de la primera guerra mundial construir\u00eda su propio centro de Misi\u00f3n cerca de Varsovia: Niepokalan\u00f3w. Seg\u00fan la concepci\u00f3n de San Maximiliano, la MI es un ej\u00e9rcito espiritual al servicio de la Inmaculada en el combate por la salvaci\u00f3n de las almas.<br \/>\n(Ver <a href=\"https:\/\/test4.mi-backup.ch\/es\/origen\/\">Origen<\/a> de la MI)<\/p>\n<h3><strong>Estatutos originales de la MI<\/strong><\/h3>\n<p>(redactados de pu\u00f1o y letra por San Maximiliano)<\/p>\n<blockquote><p>\u201cElla te aplastar\u00e1 la cabeza.\u201d (Gen 3, 15)<br \/>\n\u201cT\u00fa sola has vencido las herej\u00edas del mundo entero.\u201d (Breviario romano)<\/p><\/blockquote>\n<h4>I. Objetivo<\/h4>\n<p>Ser sol\u00edcitos en la conversi\u00f3n de los pecadores, herejes, cism\u00e1ticos, etc., y en particular de los masones; y que todos sean santos bajo la protecci\u00f3n y mediaci\u00f3n de la Virgen Inmaculada.<\/p>\n<h3><img loading=\"lazy\" class=\"alignright\" style=\"margin: 5px; border: 1px solid black;\" src=\"https:\/\/test4.mi-backup.ch\/wp-content\/uploads\/media\/Statuten.jpg\" alt=\"\" width=\"250\" height=\"389\" \/><\/h3>\n<h4>II. Condiciones<\/h4>\n<ol>\n<li>Consagraci\u00f3n de s\u00ed mismo a la Virgen Inmaculada como instrumento en sus manos virginales.<\/li>\n<li>Llevar la Medalla Milagrosa.<\/li>\n<\/ol>\n<h4>III. Medios<\/h4>\n<ol>\n<li>Siempre que sea posible, rezar al menos una vez al d\u00eda la invocaci\u00f3n: \u201cOh Mar\u00eda, sin pecado concebida, rogad por nosotros que recurrimos a Vos, y por cuantos a Vos no recurren, en especial los masones y por aquellos que te son encomendados\u201d.<\/li>\n<li>Utilizar todo medio v\u00e1lido y leg\u00edtimo para la conversi\u00f3n y santificaci\u00f3n de los hombres, seg\u00fan las posibilidades y los diversos estados o condiciones de vida, en las ocasiones que se presenten; seg\u00fan el celo y la prudencia de cada uno. Se recomienda en modo particular la difusi\u00f3n de la Medalla Milagrosa.<\/li>\n<\/ol>\n<p>N.B.: Estos medios son recomendados a modo de consejo y no como una obligaci\u00f3n; no hay obligaci\u00f3n bajo pena de pecado, ni siquiera venial. El m\u00f3vil principal de esta obra consiste en llevar al Coraz\u00f3n de Jes\u00fas el mayor n\u00famero posible de almas por mediaci\u00f3n de la Inmaculada.<\/p>\n","protected":false},"excerpt":{"rendered":"<p>La Militia Immaculatae La Militia Immaculat\u00e6 (traducci\u00f3n del lat\u00edn: Milicia de la Inmaculada) tiene su origen en San Maximiliano Kolbe. El Padre Kolbe fund\u00f3 en Roma en 1917, junto con algunos franciscanos, la organizaci\u00f3n cat\u00f3lica Militia Immaculat\u00e6 (MI), la cual despu\u00e9s de la primera guerra mundial construir\u00eda su propio centro<a class=\"more-link\" href=\"https:\/\/test4.mi-backup.ch\/es\/esmilitia-immaculatae\/\">Leer m\u00e1s &rarr;<\/a><\/p>\n","protected":false},"author":9,"featured_media":0,"parent":0,"menu_order":0,"comment_status":"closed","ping_status":"closed","template":"","meta":[],"_links":{"self":[{"href":"https:\/\/test4.mi-backup.ch\/es\/wp-json\/wp\/v2\/pages\/302"}],"collection":[{"href":"https:\/\/test4.mi-backup.ch\/es\/wp-json\/wp\/v2\/pages"}],"about":[{"href":"https:\/\/test4.mi-backup.ch\/es\/wp-json\/wp\/v2\/types\/page"}],"author":[{"embeddable":true,"href":"https:\/\/test4.mi-backup.ch\/es\/wp-json\/wp\/v2\/users\/9"}],"replies":[{"embeddable":true,"href":"https:\/\/test4.mi-backup.ch\/es\/wp-json\/wp\/v2\/comments?post=302"}],"version-history":[{"count":9,"href":"https:\/\/test4.mi-backup.ch\/es\/wp-json\/wp\/v2\/pages\/302\/revisions"}],"predecessor-version":[{"id":5394,"href":"https:\/\/test4.mi-backup.ch\/es\/wp-json\/wp\/v2\/pages\/302\/revisions\/5394"}],"wp:attachment":[{"href":"https:\/\/test4.mi-backup.ch\/es\/wp-json\/wp\/v2\/media?parent=302"}],"curies":[{"name":"wp","href":"https:\/\/api.w.org\/{rel}","templated":true}]}}