{"id":304,"date":"2015-02-02T21:08:41","date_gmt":"2015-02-02T21:08:41","guid":{"rendered":"http:\/\/migration.mi-admin.ch\/esdonativos\/"},"modified":"2020-05-28T13:26:41","modified_gmt":"2020-05-28T11:26:41","slug":"donativos","status":"publish","type":"page","link":"https:\/\/test4.mi-backup.ch\/es\/donativos\/","title":{"rendered":"Donativos"},"content":{"rendered":"<p><span style=\"font-size: small;\"><span lang=\"ES-AR\" style=\"font-size: 10pt;\">El Militia Immaculatae se compromete a difundir en todo el mundo la Medalla Milagrosa.<\/span><\/span><br \/>\n<span style=\"font-size: small;\"><span lang=\"ES-AR\" style=\"font-size: 10pt;\">\u00bfPodemos pedirle su apoyo para nuestro apostolado, en tanto que hijos de la Inmaculada? \u00a1Que Dios se lo pague!<\/span><\/span><\/p>\n<h2>Pago giro bancario<\/h2>\n<p>Nuestra cuenta bancaria:<\/p>\n<p>IBAN por EUR: CH13 0078 4294 7153 7200 2<br \/>\nIBAN por CHF: CH40 0078 4294 7153 7200 1<br \/>\nBIC-\/Swift: KBTGCH22, Banco: Thurgauer Kantonalbank<\/p>\n<p><strong>Direcci\u00f3n postal:<\/strong><br \/>\nMilitia Immaculatae<br \/>\nSt. Gallerstr. 65<br \/>\nCH-9500 Wil SG (Suiza)<\/p>\n<h2>Paypal o tarjeta de cr\u00e9dito<\/h2>\n<p>Por supuesto, tambi\u00e9n puede hacer su donativo a trav\u00e9s de Paypal o tarjeta de cr\u00e9dito. Basta con hacer clic en &#8220;donativos&#8221; para acceder a la p\u00e1gina de Paypal&#8230;<\/p>\n<p>Donativos en USD:<\/p>\n<form action=\"https:\/\/www.paypal.com\/cgi-bin\/webscr\" method=\"post\" target=\"_top\"><input name=\"cmd\" type=\"hidden\" value=\"_donations\" \/> <input name=\"business\" type=\"hidden\" value=\"finance@militia-immaculatae.info\" \/> <input name=\"lc\" type=\"hidden\" value=\"ES\" \/> <input name=\"item_name\" type=\"hidden\" value=\"Militia Immaculatae\" \/> <input name=\"item_number\" type=\"hidden\" value=\"MAATY6EBVSBJQ\" \/> <input name=\"no_note\" type=\"hidden\" value=\"0\" \/> <input name=\"currency_code\" type=\"hidden\" value=\"USD\" \/> <input name=\"bn\" type=\"hidden\" value=\"PP-DonationsBF:btn_donateCC_LG.gif:NonHostedGuest\" \/> <input alt=\"PayPal - The safer, easier way to pay online!\" name=\"submit\" src=\"https:\/\/www.paypalobjects.com\/en_US\/CH\/i\/btn\/btn_donateCC_LG.gif\" type=\"image\" \/> <img loading=\"lazy\" src=\"https:\/\/www.paypalobjects.com\/en_US\/i\/scr\/pixel.gif\" alt=\"\" width=\"1\" height=\"1\" border=\"0\" \/><\/form>\n<p><span id=\"result_box\" lang=\"es\"><\/span>Donativos en CHF:<\/p>\n<form action=\"https:\/\/www.paypal.com\/cgi-bin\/webscr\" method=\"post\" target=\"_top\"><input name=\"cmd\" type=\"hidden\" value=\"_donations\" \/> <input name=\"business\" type=\"hidden\" value=\"finance@militia-immaculatae.info\" \/> <input name=\"lc\" type=\"hidden\" value=\"ES\" \/> <input name=\"item_name\" type=\"hidden\" value=\"Militia Immaculatae\" \/> <input name=\"item_number\" type=\"hidden\" value=\"MAATY6EBVSBJQ\" \/> <input name=\"no_note\" type=\"hidden\" value=\"0\" \/> <input name=\"currency_code\" type=\"hidden\" value=\"CHF\" \/> <input name=\"bn\" type=\"hidden\" value=\"PP-DonationsBF:btn_donateCC_LG.gif:NonHostedGuest\" \/> <input alt=\"PayPal - The safer, easier way to pay online!\" name=\"submit\" src=\"https:\/\/www.paypalobjects.com\/en_US\/CH\/i\/btn\/btn_donateCC_LG.gif\" type=\"image\" \/> <img loading=\"lazy\" src=\"https:\/\/www.paypalobjects.com\/en_US\/i\/scr\/pixel.gif\" alt=\"\" width=\"1\" height=\"1\" border=\"0\" \/><\/form>\n<p><span id=\"result_box\" lang=\"es\"><span class=\"hps\">Donaciones en<\/span><\/span> EUR:<\/p>\n<form action=\"https:\/\/www.paypal.com\/cgi-bin\/webscr\" method=\"post\" target=\"_top\"><input name=\"cmd\" type=\"hidden\" value=\"_donations\" \/> <input name=\"business\" type=\"hidden\" value=\"finance@militia-immaculatae.info\" \/> <input name=\"lc\" type=\"hidden\" value=\"ES\" \/> <input name=\"item_name\" type=\"hidden\" value=\"Militia Immaculatae\" \/> <input name=\"no_note\" type=\"hidden\" value=\"0\" \/> <input name=\"currency_code\" type=\"hidden\" value=\"EUR\" \/> <input name=\"bn\" type=\"hidden\" value=\"PP-DonationsBF:btn_donateCC_LG.gif:NonHostedGuest\" \/> <input alt=\"PayPal - The safer, easier way to pay online!\" name=\"submit\" src=\"https:\/\/www.paypalobjects.com\/en_US\/CH\/i\/btn\/btn_donateCC_LG.gif\" type=\"image\" \/> <img loading=\"lazy\" src=\"https:\/\/www.paypalobjects.com\/en_US\/i\/scr\/pixel.gif\" alt=\"\" width=\"1\" height=\"1\" border=\"0\" \/><\/form>\n","protected":false},"excerpt":{"rendered":"<p>El Militia Immaculatae se compromete a difundir en todo el mundo la Medalla Milagrosa. \u00bfPodemos pedirle su apoyo para nuestro apostolado, en tanto que hijos de la Inmaculada? \u00a1Que Dios se lo pague! Pago giro bancario Nuestra cuenta bancaria: IBAN por EUR: CH13 0078 4294 7153 7200 2 IBAN por<a class=\"more-link\" href=\"https:\/\/test4.mi-backup.ch\/es\/donativos\/\">Leer m\u00e1s &rarr;<\/a><\/p>\n","protected":false},"author":9,"featured_media":0,"parent":0,"menu_order":0,"comment_status":"closed","ping_status":"closed","template":"","meta":[],"_links":{"self":[{"href":"https:\/\/test4.mi-backup.ch\/es\/wp-json\/wp\/v2\/pages\/304"}],"collection":[{"href":"https:\/\/test4.mi-backup.ch\/es\/wp-json\/wp\/v2\/pages"}],"about":[{"href":"https:\/\/test4.mi-backup.ch\/es\/wp-json\/wp\/v2\/types\/page"}],"author":[{"embeddable":true,"href":"https:\/\/test4.mi-backup.ch\/es\/wp-json\/wp\/v2\/users\/9"}],"replies":[{"embeddable":true,"href":"https:\/\/test4.mi-backup.ch\/es\/wp-json\/wp\/v2\/comments?post=304"}],"version-history":[{"count":6,"href":"https:\/\/test4.mi-backup.ch\/es\/wp-json\/wp\/v2\/pages\/304\/revisions"}],"predecessor-version":[{"id":28584,"href":"https:\/\/test4.mi-backup.ch\/es\/wp-json\/wp\/v2\/pages\/304\/revisions\/28584"}],"wp:attachment":[{"href":"https:\/\/test4.mi-backup.ch\/es\/wp-json\/wp\/v2\/media?parent=304"}],"curies":[{"name":"wp","href":"https:\/\/api.w.org\/{rel}","templated":true}]}}