{"id":305,"date":"2014-06-03T19:41:55","date_gmt":"2014-06-03T19:41:55","guid":{"rendered":"http:\/\/migration.mi-admin.ch\/esmaximiliano-kolbe\/"},"modified":"2017-02-15T15:31:46","modified_gmt":"2017-02-15T14:31:46","slug":"maximiliano-kolbe","status":"publish","type":"page","link":"https:\/\/test4.mi-backup.ch\/es\/maximiliano-kolbe\/","title":{"rendered":"Maximiliano Kolbe"},"content":{"rendered":"<h1>San Maximiliano Kolbe<\/h1>\n<table border=\"0\" width=\"740\" cellspacing=\"1\" cellpadding=\"1\">\n<tbody>\n<tr>\n<td style=\"text-align: center;\"><img loading=\"lazy\" src=\"https:\/\/test4.mi-backup.ch\/wp-content\/uploads\/media\/2_-_7_Year_Old.jpg\" alt=\"\" width=\"134\" height=\"200\" align=\"left\" border=\"1\" hspace=\"5\" vspace=\"5\" \/><img loading=\"lazy\" src=\"https:\/\/test4.mi-backup.ch\/wp-content\/uploads\/media\/kolbe7.jpg.jpg\" alt=\"\" width=\"141\" height=\"200\" align=\"middle\" border=\"1\" hspace=\"5\" vspace=\"5\" \/><img loading=\"lazy\" src=\"https:\/\/test4.mi-backup.ch\/wp-content\/uploads\/media\/kolbe6.jpg.jpg\" alt=\"\" width=\"141\" height=\"200\" align=\"right\" border=\"1\" hspace=\"5\" vspace=\"5\" \/><\/td>\n<\/tr>\n<\/tbody>\n<\/table>\n<p><img loading=\"lazy\" class=\"alignright\" src=\"https:\/\/test4.mi-backup.ch\/wp-content\/uploads\/media\/Kolbe19.jpg\" alt=\"\" width=\"283\" height=\"410\" align=\"left\" border=\"1\" hspace=\"5\" vspace=\"5\" \/> El Padre Maximiliano Kolbe, OFM, naci\u00f3 el 7 de enero de 1894 en Zdunska, cerca de L\u00f3dz (Polonia). Sus piadosos y sencillos padres lo bautizaron con el nombre de Raimundo. A la edad de 10 a\u00f1os se le aparece la Sant\u00edsima Virgen mostr\u00e1ndole dos coronas, una blanca y otra roja, dici\u00e9ndole: \u201c\u00bfCu\u00e1l de estas dos coronas eliges? La blanca simboliza la salvaguarda de la pureza; la roja, el martirio\u201d. Raimund\u00f3 contest\u00f3: \u201c\u00a1Elijo ambas!\u201d En 1907 ingresa al seminario menor de los franciscanos de Lemberg. En 1911 emite sus votos temporales. En 1912 es enviado a Roma para continuar sus estudios, en donde el d\u00eda de la fiesta de Todos los Santos de 1914 emite sus votos perpetuos. El 28 de abril de 1918 es ordenado sacerdote. Con el t\u00edtulo de doctor en filosof\u00eda y teolog\u00eda el Padre Maximiliano regresa en 1919 a Polonia, gravemente enfermo de tuberculosis. Los m\u00e9dicos pronostican su muerte inminente. Durante sus largas estad\u00edas en el hospital algunos librepensadores se convierten gracias a sus conferencias y pl\u00e1ticas. Despu\u00e9s de haberse recuperado un poco, se dedica con celo a la difusi\u00f3n de la Militia Immaculat\u00e6 que hab\u00eda fundado en Roma en sus tiempos de estudiante. En 1922 publica el primer n\u00famero de la revista \u201cCaballero de la Inmaculada\u201d. Los costos de impresi\u00f3n fueron cubiertos con donativos. De 1922 a 1927 contar\u00e1 con una peque\u00f1a imprenta en el monasterio de Grodno. Debido al aumento de vocaciones y al desarrollo del apostolado de la prensa deja Grodno y funda en 1927 Niepokalan\u00f3w, \u201cla ciudad de la Inmaculada\u201d, de la cual ser\u00e1 nombrado por sus superiores Caballero de la Inmaculada (Seibo 1930, desde 1930 a 1936 wirkt na Kishi) actuando en Jap\u00f3n como misionero en Nagasaki y como profesor de filosof\u00eda en el seminario. All\u00ed funda una segunda \u201eCiudad de la Inmaculada\u201c (Mugenzai no Sono), la cual se convierte en uno de los centros de misi\u00f3n m\u00e1s grandes de Jap\u00f3n. Desde 1936 y hasta su muerte ser\u00e1 nuevamente Guardi\u00e1n en Niepokalan\u00f3w, Polonia, la cual se convertir\u00e1 bajo su direcci\u00f3n en uno de los centros m\u00e1s grandes de vida espiritual y apost\u00f3lica. En 1922 hab\u00eda comenzado con dos Hermanos el apostolado de la prensa con la publicaci\u00f3n de una pobre y sencilla hojita con una tirada de 5000 ejemplares. En 1939, en v\u00edsperas de la Segunda Guerra Mundial, cuenta con la importante cantidad de 762 Hermanos, con una gigantesca prensa (peri\u00f3dicos, revistas mensuales, calendarios, libros, etc., impresos en diversas lenguas). La \u201cciudad de la Inmaculada\u201d es, en raz\u00f3n de la guerra, severamente afectada. Muchos Hermanos son enviados a diversos campos de concentraci\u00f3n. El 17 de febrero de 1941 el Padre Maximiliano Kolbe es encarcelado. Durante una inspecci\u00f3n de la SS es brutalmente golpeado. Cuando regresa en s\u00ed, intenta calmar a sus compa\u00f1eros del dolor, dici\u00e9ndoles: \u201c\u00a1Amigos m\u00edos, deb\u00e9is alegraros conmigo: esto es por las almas, por la Inmaculada!\u201d. El 29 de mayo es trasladado al campo de concentraci\u00f3n de Auschwitz. All\u00ed pide al comandante ofrecer su vida en lugar de un padre de familia condenado a muerte. Sobrevive 11 d\u00edas en el hungerbunker y prepara a los dem\u00e1s condenados para la eternidad; el 14 de agosto, v\u00edsperas de la fiesta de la Asunci\u00f3n de Mar\u00eda, es asesinado mediante una inyecci\u00f3n letal. Su beatificaci\u00f3n tiene lugar en 1971, y su canonizaci\u00f3n en 1984.<\/p>\n<table border=\"0\" width=\"751\" cellspacing=\"1\" cellpadding=\"1\">\n<tbody>\n<tr>\n<td style=\"text-align: left;\"><img loading=\"lazy\" src=\"https:\/\/test4.mi-backup.ch\/wp-content\/uploads\/media\/kolbe13.jpg\" alt=\"\" width=\"333\" height=\"250\" align=\"left\" border=\"1\" hspace=\"0\" vspace=\"5\" \/><img loading=\"lazy\" src=\"https:\/\/test4.mi-backup.ch\/wp-content\/uploads\/media\/Kolbe2.jpg.jpg\" alt=\"\" width=\"175\" height=\"250\" align=\"left\" border=\"1\" vspace=\"5\" \/><img loading=\"lazy\" src=\"https:\/\/test4.mi-backup.ch\/wp-content\/uploads\/media\/kolbe14.jpg\" alt=\"\" width=\"203\" height=\"250\" align=\"middle\" border=\"1\" hspace=\"0\" vspace=\"5\" \/><\/td>\n<\/tr>\n<\/tbody>\n<\/table>\n","protected":false},"excerpt":{"rendered":"<p>San Maximiliano Kolbe El Padre Maximiliano Kolbe, OFM, naci\u00f3 el 7 de enero de 1894 en Zdunska, cerca de L\u00f3dz (Polonia). Sus piadosos y sencillos padres lo bautizaron con el nombre de Raimundo. A la edad de 10 a\u00f1os se le aparece la Sant\u00edsima Virgen mostr\u00e1ndole dos coronas, una blanca<a class=\"more-link\" href=\"https:\/\/test4.mi-backup.ch\/es\/maximiliano-kolbe\/\">Leer m\u00e1s &rarr;<\/a><\/p>\n","protected":false},"author":9,"featured_media":0,"parent":0,"menu_order":0,"comment_status":"closed","ping_status":"closed","template":"","meta":[],"_links":{"self":[{"href":"https:\/\/test4.mi-backup.ch\/es\/wp-json\/wp\/v2\/pages\/305"}],"collection":[{"href":"https:\/\/test4.mi-backup.ch\/es\/wp-json\/wp\/v2\/pages"}],"about":[{"href":"https:\/\/test4.mi-backup.ch\/es\/wp-json\/wp\/v2\/types\/page"}],"author":[{"embeddable":true,"href":"https:\/\/test4.mi-backup.ch\/es\/wp-json\/wp\/v2\/users\/9"}],"replies":[{"embeddable":true,"href":"https:\/\/test4.mi-backup.ch\/es\/wp-json\/wp\/v2\/comments?post=305"}],"version-history":[{"count":5,"href":"https:\/\/test4.mi-backup.ch\/es\/wp-json\/wp\/v2\/pages\/305\/revisions"}],"predecessor-version":[{"id":3419,"href":"https:\/\/test4.mi-backup.ch\/es\/wp-json\/wp\/v2\/pages\/305\/revisions\/3419"}],"wp:attachment":[{"href":"https:\/\/test4.mi-backup.ch\/es\/wp-json\/wp\/v2\/media?parent=305"}],"curies":[{"name":"wp","href":"https:\/\/api.w.org\/{rel}","templated":true}]}}