{"id":306,"date":"2015-07-27T20:15:49","date_gmt":"2015-07-27T20:15:49","guid":{"rendered":"http:\/\/migration.mi-admin.ch\/esla-inmaculada\/"},"modified":"2017-02-15T15:19:41","modified_gmt":"2017-02-15T14:19:41","slug":"la-inmaculada","status":"publish","type":"page","link":"https:\/\/test4.mi-backup.ch\/es\/la-inmaculada\/","title":{"rendered":"La Inmaculada"},"content":{"rendered":"<h1>La Inmaculada<\/h1>\n<p style=\"text-align: center;\"><em><strong>\u00abElla te aplastar\u00e1 la cabeza\u00bb (Gen 3,15)<br \/>\n\u00abT\u00fa sola has vencido las herej\u00edas del mundo entero\u00bb (Breviario romano)<\/strong><\/em><\/p>\n<p style=\"text-align: center;\"><img loading=\"lazy\" class=\"alignright\" src=\"https:\/\/test4.mi-backup.ch\/wp-content\/uploads\/media\/Immaculata.jpg\" alt=\"\" width=\"250\" height=\"378\" align=\"top\" border=\"1\" hspace=\"5\" vspace=\"5\" \/><\/p>\n<p>Es recurrente escuchar de labios de los santos la llamativa pregunta: \u201c\u00bfQui\u00e9n eres, oh Inmaculada?\u201d El nombre de Inmaculada empieza a difundirse despu\u00e9s de la proclamaci\u00f3n del dogma de la inmaculada concepci\u00f3n de Mar\u00eda (1854) y de la aparici\u00f3n de la Virgen en Lourdes (1858), en donde Mar\u00eda se presenta a Santa Bernardita con las palabras <strong>\u201cyo soy la Inmaculada concepci\u00f3n\u201d<\/strong>. San Maximiliano emplea siempre este t\u00edtulo para con la Virgen Mar\u00eda. El ser humano se queda mudo ante las innumerables maravillas y misterios que de este t\u00edtulo proceden. La Inmaculada es la obra maestra de Dios, \u00fanica en su perfecci\u00f3n y poder. La Iglesia alaba ihre Vorz\u00fcge y quiere que la honremos m\u00e1s que a todos los \u00e1ngeles y santos (hiperdul\u00eda).<\/p>\n<p>Su papel es singular en la econom\u00eda de la salvaci\u00f3n. Por medio de su maternidad divina toma el lugar de nueva Eva y de corredentora; dispensa los frutos de la Redenci\u00f3n a todos sus hijos como Mediadora de Todas las Gracias; nos es dada por Dios como medio poderoso, por el cual todo ser humano se convierte, y como camino, el cual nos lleva a Cristo. Gracias a Ella recibimos todas las gracias personales.<\/p>\n<p>Ella es asimismo la gran se\u00f1al del cielo, cuyo ej\u00e9rcito cristiano contra Satan\u00e1s lidera. Es la victoriosa en todas las batallas. Al final de los tiempos vendr\u00e1 a ser, en particular, el \u00faltimo medio de salvaci\u00f3n, que Dios dar\u00e1 al mundo, lo cual ya hab\u00eda sido anunciado en el Apocalipsis: <strong>\u201cUna gran se\u00f1al apareci\u00f3 en el cielo: una Mujer, vestida del sol, con la luna bajo sus pies, y una corona de doce estrellas sobre su cabeza\u201d (Ap 12,1). \u201c<\/strong>Por Mar\u00eda lleg\u00f3 la salvaci\u00f3n del mundo, y por Mar\u00eda debe consumarse\u201d (San Luis Mar\u00eda Grignion de Monfort).<\/p>\n<p>De ella se trata, evidentemente, lo cual se ve ya sea en forma directa por sus apariciones, o indirecta por los medios escogidos por Ella, y su incre\u00edble poder ser\u00e1 manifiesto en el momento de la temible acometida del enemigo de las almas. Su coraz\u00f3n es el \u00faltimo refugio de los perseguidos y apremiados hijos de Dios, que desean sufrirlo todo fielmente bajo la cruz del Se\u00f1or. Bajo su estandarte se ponen sus hijos, sus caballeros, formando un peque\u00f1o ej\u00e9rcito, gracias al cual se podr\u00e1 soportar la gran prueba y al final, frente a su ostensible superioridad, vencer. As\u00ed lo predijo Mar\u00eda en F\u00e1tima: <strong>\u201c\u00a1Al fin mi Coraz\u00f3n inmaculado triunfar\u00e1!\u201d<\/strong><\/p>\n<p style=\"text-align: center;\"><img loading=\"lazy\" class=\"alignright\" src=\"https:\/\/test4.mi-backup.ch\/wp-content\/uploads\/media\/Fatima.jpg\" alt=\"\" width=\"250\" height=\"319\" align=\"top\" border=\"1\" hspace=\"5\" vspace=\"5\" \/><\/p>\n<p>De esta manera queremos dirigir nuestra mirada a la Inmaculada en todos los apuros de la vida y del mundo actual, con una confianza absoluta, siguiendo el ejemplo de San Maximiliano, de San Luis y de todos los santos, seg\u00fan las palabras de San Bernardo de Claraval:<\/p>\n<p>\u00a1Oh t\u00fa que te sientes lejos de la tierra firme, arrastrado por las olas de este mundo, en medio de las borrascas y de las tempestades, si no quieres zozobrar, no quites los ojos de la luz de esta Estrella, invoca a Mar\u00eda!<br \/>\n&#8220;Si se levantan los vientos de las tentaciones, si tropiezas en los escollos de las tribulaciones, mira a la Estrella, llama a Mar\u00eda.<br \/>\n&#8220;Si eres agitado por las ondas de la soberbia, si de la detracci\u00f3n, si de la ambici\u00f3n, si de la emulaci\u00f3n, mira a la Estrella, llama a Mar\u00eda.<br \/>\n&#8220;Si la ira, o la avaricia, o la impureza impelen violentamente la navecilla de tu alma, mira a Mar\u00eda.<br \/>\n&#8220;Si, turbado a la memoria de la enormidad de tus cr\u00edmenes, confuso a la vista de la fealdad de tu conciencia, aterrado a la idea del horror del juicio, comienzas a ser sumido en la sima del suelo de la tristeza, en los abismos de la desesperaci\u00f3n, piensa en Mar\u00eda.<br \/>\n&#8220;En los peligros, en las angustias, en las dudas, piensa en Mar\u00eda, invoca a Mar\u00eda. No se aparte Mar\u00eda de tu boca, no se aparte de tu coraz\u00f3n; y para conseguir los sufragios de su intercesi\u00f3n, no te desv\u00edes de los ejemplos de su virtud.<br \/>\n&#8220;No te extraviar\u00e1s si la sigues, no desesperar\u00e1s si la ruegas, no te perder\u00e1s si en Ella piensas. Si Ella te tiende su mano, no caer\u00e1s; si te protege, nada tendr\u00e1s que temer; no te fatigar\u00e1s, si es tu gu\u00eda; llegar\u00e1s felizmente al puerto, si Ella te ampara.<\/p>\n","protected":false},"excerpt":{"rendered":"<p>La Inmaculada \u00abElla te aplastar\u00e1 la cabeza\u00bb (Gen 3,15) \u00abT\u00fa sola has vencido las herej\u00edas del mundo entero\u00bb (Breviario romano) Es recurrente escuchar de labios de los santos la llamativa pregunta: \u201c\u00bfQui\u00e9n eres, oh Inmaculada?\u201d El nombre de Inmaculada empieza a difundirse despu\u00e9s de la proclamaci\u00f3n del dogma de la<a class=\"more-link\" href=\"https:\/\/test4.mi-backup.ch\/es\/la-inmaculada\/\">Leer m\u00e1s &rarr;<\/a><\/p>\n","protected":false},"author":9,"featured_media":0,"parent":0,"menu_order":0,"comment_status":"closed","ping_status":"closed","template":"","meta":[],"_links":{"self":[{"href":"https:\/\/test4.mi-backup.ch\/es\/wp-json\/wp\/v2\/pages\/306"}],"collection":[{"href":"https:\/\/test4.mi-backup.ch\/es\/wp-json\/wp\/v2\/pages"}],"about":[{"href":"https:\/\/test4.mi-backup.ch\/es\/wp-json\/wp\/v2\/types\/page"}],"author":[{"embeddable":true,"href":"https:\/\/test4.mi-backup.ch\/es\/wp-json\/wp\/v2\/users\/9"}],"replies":[{"embeddable":true,"href":"https:\/\/test4.mi-backup.ch\/es\/wp-json\/wp\/v2\/comments?post=306"}],"version-history":[{"count":5,"href":"https:\/\/test4.mi-backup.ch\/es\/wp-json\/wp\/v2\/pages\/306\/revisions"}],"predecessor-version":[{"id":3411,"href":"https:\/\/test4.mi-backup.ch\/es\/wp-json\/wp\/v2\/pages\/306\/revisions\/3411"}],"wp:attachment":[{"href":"https:\/\/test4.mi-backup.ch\/es\/wp-json\/wp\/v2\/media?parent=306"}],"curies":[{"name":"wp","href":"https:\/\/api.w.org\/{rel}","templated":true}]}}