{"id":307,"date":"2015-07-27T20:19:44","date_gmt":"2015-07-27T20:19:44","guid":{"rendered":"http:\/\/migration.mi-admin.ch\/esel-llamado-de-la-inmaculada\/"},"modified":"2017-02-11T22:11:19","modified_gmt":"2017-02-11T21:11:19","slug":"el-llamado-de-la-inmaculada","status":"publish","type":"page","link":"https:\/\/test4.mi-backup.ch\/es\/el-llamado-de-la-inmaculada\/","title":{"rendered":"El llamado de la Inmaculada"},"content":{"rendered":"<h1>El llamado de la Inmaculada<\/h1>\n<table border=\"0\" width=\"740\" cellspacing=\"0\" cellpadding=\"5\">\n<tbody>\n<tr>\n<td width=\"512\">Nuestra Se\u00f1ora de F\u00e1tima dice que los tiempos modernos son \u201ctiempos de la decisiva batalla\u201d. Al ofrecerse su Coraz\u00f3n Inmaculado como \u201cnuestro refugio\u201d, se ofrece como medio contra la tentaci\u00f3n de suprimir la fe. Sin este socorro la humanidad quedar\u00eda completamente debilitada contra las \u201colas diab\u00f3licas que barren al mundo\u201d.<br \/>\nEn varias revelaciones (como por ejemplo en La Salette) y en los escritos de los Santos (por ejemplo San Luis Mar\u00eda Grignion de Monfort) Mar\u00eda se presenta como el medio celestial contra la crisis actual: <em>Formar\u00e9 un peque\u00f1o ej\u00e9rcito de fieles, \u201clos ap\u00f3stoles de Jes\u00fas y Mar\u00eda\u201d, el cual con mi socorro obtendr\u00e1 la victoria<\/em>.<br \/>\nEste objetivo ten\u00eda San Maximiliano cuando en 1917 fund\u00f3 la Milicia de la Inmaculada \u2013 la Militia Immaculat\u00e6 (MI).<\/p>\n<h2><strong>La visi\u00f3n y doctrina de San Maximiliano Kolbe<\/strong><\/h2>\n<p>Impulsado por la salvaci\u00f3n de las almas, San Maximiliano luch\u00f3 activamente contra los enemigos de la Iglesia cat\u00f3lica. Sab\u00eda que Dios hab\u00eda anunciado que solo una persona aplastar\u00eda la cabeza de Satan\u00e1s, y que lo derrotar\u00eda. Dios prometi\u00f3 que solamente una mujer vencer\u00eda a todas las herej\u00edas del mundo. Solo la Sant\u00edsima Virgen Mar\u00eda llevar\u00eda con \u00e9xito esta empresa hacia la segura victoria.<\/p>\n<p>Los estatutos de la MI detallan la naturaleza de esta batalla en su primera frase: \u201cElla te aplastar\u00e1 la cabeza\u201d. Esta batalla es el resultado de la singular e irrevocable enemistad entre el cielo y el infierno. De ah\u00ed que la Inmaculada conduzca esta batalla, y que sus caballeros y siervos se unan a la lucha. Por eso, San Maximiliano dio a su organizaci\u00f3n el nombre de Militia \u2013 ej\u00e9rcito. Fue este esp\u00edritu de lucha y de apostolado que llev\u00f3, en la primera mitad del siglo XX, a millones de personas del mundo entero a unirse a la MI bajo el estandarte de la Inmaculada.<\/p>\n<h2><strong>Relevancia de la MI en la actualidad<\/strong><\/h2>\n<p>El fundador de la MI no ten\u00eda ninguna duda de que los errores y las falsas religiones son un veneno mortal para las almas, pues si los hombres fingen un falso objetivo de vida, la raz\u00f3n se deforma y se alejan de la fuente de la gracia.<br \/>\nDeben resplandecer en los caballeros que se consagran a la Inmaculada, el esp\u00edritu de la Inmaculada y utilizar todos los medios posibles para convertir a los pecadores.<br \/>\nUn ej\u00e9rcito bajo el estandarte de la Inmaculada para la verdadera fe, la Iglesia cat\u00f3lica y la salvaci\u00f3n de las almas es hoy en d\u00eda m\u00e1s indispensable que cuando se fund\u00f3 la MI, hace unos 100 a\u00f1os. La herencia de San Maximiliano, la MI, \u2013la cual despu\u00e9s del Concilio ser\u00eda igualmente reformada\u2013 fue lanzada nuevamente en el a\u00f1o 2000 por la Fraternidad San P\u00edo X, conservando su esp\u00edritu original.<\/p>\n<h2><strong>El car\u00e1cter espec\u00edfico de la consagraci\u00f3n a la Inmaculada<\/strong><\/h2>\n<p>\u00bfSer\u00e1 \u00fatil hacer otra consagraci\u00f3n mariana, si ya se hizo, por ejemplo, la consagraci\u00f3n de esclavitud de San Luis Mar\u00eda?<br \/>\nConcerniente a la esclavitud mariana, hay que decir que se trata de una renovaci\u00f3n de las promesas bautismales y de la relaci\u00f3n personal entre el alma y Mar\u00eda. Es la consagraci\u00f3n del siervo a su se\u00f1ora y madre. La santificaci\u00f3n personal est\u00e1 en primer lugar. Esta consagraci\u00f3n constituye sin duda la base de la espiritualidad mariana.<br \/>\nLa consagraci\u00f3n a la Inmaculada de San Maximiliano podr\u00eda considerarse como una renovaci\u00f3n de las promesas de la Confirmaci\u00f3n. El futuro caballero se consagra como instrumento de su Reina. El objetivo de esta consagraci\u00f3n es el triunfo de Mar\u00eda sobre la serpiente y todas las herej\u00edas. El caballero funda en ello todas sus fuerzas, de manera que su Reina sea soberana, en la medida de lo posible, de todas las almas, especialmente de las \u201calmas caidas y acechadas\u201d. El fin \u00faltimo es la \u201cdifusi\u00f3n del dulce reino del Sagrado Coraz\u00f3n\u201d; pues, donde t\u00fa entras, obtienes la gracia de la conversi\u00f3n y de la santidad; el Sagrado Coraz\u00f3n de Jes\u00fas nos alcanza todas las gracias por medio de tus manos\u201d (f\u00f3rmula de consagraci\u00f3n).<\/p>\n<h2><strong>Recomendaci\u00f3n del superior general de la Fraternidad San P\u00edo X<\/strong><\/h2>\n<p>En febrero de 2002 el superior general de la Fraternidad dec\u00eda en una carta dirigida a los miembros de la Fraternidad: <strong>\u201cLos invito a adoptar y a difundir esta maravillosa y apost\u00f3lica iniciativa. Vemos por la piadosa consagraci\u00f3n requerida en esta obra, una absoluta concordancia con F\u00e1tima y con lo que nos exige nuestros Estatutos en relaci\u00f3n a la Sant\u00edsima Virgen Mar\u00eda.\u201d<br \/>\n<\/strong><\/p>\n<h2><strong>\u00bfSe siente usted tambi\u00e9n impulsado por este llamado de la Inmaculada?<\/strong><\/h2>\n<p>Por favor, consid\u00e9relo ante Dios y la Inmaculada, si usted tambi\u00e9n no desear\u00eda consagrarse a la Inmaculada y al combate a t\u00edtulo de caballero de la MI y bajo el estandarte de la Inmaculada. Claro est\u00e1 que se trata de un combate puramente espiritual, del cual el ap\u00f3stol San Pablo dec\u00eda: \u201cVest\u00edos de toda la armadura de Dios para que pod\u00e1is resistir a las insidias del diablo, que no es nuestra lucha contra la sangre y la carne, sino contra los principados, contra las potestades, contra los dominadores de este mundo tenebroso, contra los esp\u00edritus malos de los aires\u201d (Ef 6,11-12). La participaci\u00f3n a la MI est\u00e1 igualmente abierta tanto a hombres como a mujeres.<\/p>\n<p>Las personas interesadas pueden dirigirse al sacerdote en donde concurren a misa, o pueden comunicarse con nosotros (haga clic en <a href=\"https:\/\/test4.mi-backup.ch\/es\/contacto\/\">contacto<\/a>) (ver tambi\u00e9n <a href=\"https:\/\/test4.mi-backup.ch\/es\/admision-a-la-mi\/\">Admisi\u00f3n a la MI<\/a>)<\/p>\n<p>Si considera tambi\u00e9n la posibilidad de fundar un grupo de la MI en uni\u00f3n con otras personas (MI 2), nosotros lo apoyaremos con mucho gusto.<\/td>\n<td style=\"text-align: right;\" valign=\"top\" width=\"215\">\n<p style=\"text-align: center;\"><img loading=\"lazy\" src=\"https:\/\/test4.mi-backup.ch\/wp-content\/uploads\/media\/Mary_serpent.jpg\" alt=\"\" width=\"200\" height=\"302\" align=\"top\" border=\"1\" hspace=\"5\" vspace=\"5\" \/><span style=\"font-family: Tahoma;\">Maria vence al drag\u00f3n &#8211; con la cruz<\/span><\/p>\n<p style=\"text-align: center;\"><img loading=\"lazy\" src=\"https:\/\/test4.mi-backup.ch\/wp-content\/uploads\/media\/Erstes_Heft_kolbe.jpg\" alt=\"\" width=\"200\" height=\"300\" align=\"top\" border=\"1\" hspace=\"5\" vspace=\"5\" \/><\/p>\n<p style=\"text-align: center;\"><span style=\"font-family: Tahoma;\">Edici\u00f3n original de la revista &#8220;El caballero de la Inmaculada&#8221; de San Maximiliano Kolbe<\/span><\/p>\n<p style=\"text-align: center;\"><img loading=\"lazy\" src=\"https:\/\/test4.mi-backup.ch\/wp-content\/uploads\/media\/Weg.png\" alt=\"\" width=\"134\" height=\"305\" align=\"top\" border=\"1\" hspace=\"5\" vspace=\"5\" \/><br \/>\n<span style=\"font-family: Tahoma;\">El camino angosto y el camino ancho<\/span><\/p>\n<p style=\"text-align: justify;\"><span style=\"font-family: Tahoma;\">La vida en esta tierra es totalmente distinta a lo que la mayor\u00eda se imagina. No se trata de una caminata agradable o aburrida por el mundo; <strong>se trata de Dios o del demonio!<\/strong><\/span><\/p>\n<p>El destino de un alma, al igual que el de un pa\u00eds, se decide normalmente en sus fronteras.<br \/>\nDebemos construir en las fronteras s\u00f3lidas defensas. Debemos vigilar atentamente nuestros<br \/>\nsentidos, que son los portales del alma. Debemos apostar puestos de vig\u00eda por todas partes,<br \/>\npuestos de oraci\u00f3n. No debemos aventurarnos en terreno enemigo m\u00e1s all\u00e1 de lo que exige la prudencia.<br \/>\n\u00a1Evitar las ocasiones en todos las zonas; <strong>ninguna concesi\u00f3n, ning\u00fan compromiso! Con la serpiente no se juega! Es la t\u00e1ctica de la Madre de Dios.<\/strong> Ella debe servirnos de ejemplo, tanto en la vida privada como en la pol\u00edtica. La m\u00ednima concesi\u00f3n o imprudencia en la frontera, decide a menudo el desenlace de la guerra.&#8221;La que aplasta la cabeza de la serpiente&#8221;con el Ni\u00f1o Jes\u00fas, debe despertar en nosotros el esp\u00edritu de ofensiva cat\u00f3lico. Debemos echar al demonio de la zona ocupada. (Prelado Roberto M\u00e4der &#8211; + 1945)<\/td>\n<\/tr>\n<\/tbody>\n<\/table>\n","protected":false},"excerpt":{"rendered":"<p>El llamado de la Inmaculada Nuestra Se\u00f1ora de F\u00e1tima dice que los tiempos modernos son \u201ctiempos de la decisiva batalla\u201d. Al ofrecerse su Coraz\u00f3n Inmaculado como \u201cnuestro refugio\u201d, se ofrece como medio contra la tentaci\u00f3n de suprimir la fe. Sin este socorro la humanidad quedar\u00eda completamente debilitada contra las \u201colas<a class=\"more-link\" href=\"https:\/\/test4.mi-backup.ch\/es\/el-llamado-de-la-inmaculada\/\">Leer m\u00e1s &rarr;<\/a><\/p>\n","protected":false},"author":9,"featured_media":0,"parent":0,"menu_order":0,"comment_status":"closed","ping_status":"closed","template":"","meta":[],"_links":{"self":[{"href":"https:\/\/test4.mi-backup.ch\/es\/wp-json\/wp\/v2\/pages\/307"}],"collection":[{"href":"https:\/\/test4.mi-backup.ch\/es\/wp-json\/wp\/v2\/pages"}],"about":[{"href":"https:\/\/test4.mi-backup.ch\/es\/wp-json\/wp\/v2\/types\/page"}],"author":[{"embeddable":true,"href":"https:\/\/test4.mi-backup.ch\/es\/wp-json\/wp\/v2\/users\/9"}],"replies":[{"embeddable":true,"href":"https:\/\/test4.mi-backup.ch\/es\/wp-json\/wp\/v2\/comments?post=307"}],"version-history":[{"count":3,"href":"https:\/\/test4.mi-backup.ch\/es\/wp-json\/wp\/v2\/pages\/307\/revisions"}],"predecessor-version":[{"id":3047,"href":"https:\/\/test4.mi-backup.ch\/es\/wp-json\/wp\/v2\/pages\/307\/revisions\/3047"}],"wp:attachment":[{"href":"https:\/\/test4.mi-backup.ch\/es\/wp-json\/wp\/v2\/media?parent=307"}],"curies":[{"name":"wp","href":"https:\/\/api.w.org\/{rel}","templated":true}]}}