{"id":311,"date":"2015-09-14T09:18:25","date_gmt":"2015-09-14T09:18:25","guid":{"rendered":"http:\/\/migration.mi-admin.ch\/esel-escapulario\/"},"modified":"2017-02-15T15:29:25","modified_gmt":"2017-02-15T14:29:25","slug":"el-escapulario","status":"publish","type":"page","link":"https:\/\/test4.mi-backup.ch\/es\/el-escapulario\/","title":{"rendered":"El escapulario"},"content":{"rendered":"<h1>El escapulario- manto protector de Mar\u00eda<\/h1>\n<p>&#8220;La Sant\u00edsima Virgen promete la vida eterna a los que llevan el escapulario.<br \/>\nEs la m\u00e1s importante de las gracias&#8221; (Papa P\u00edo XII).<\/p>\n<figure style=\"width: 270px\" class=\"wp-caption alignright\"><img loading=\"lazy\" style=\"width: 250px; height: 333px; border-width: 1px; border-style: solid; margin: 5px;\" src=\"https:\/\/test4.mi-backup.ch\/wp-content\/uploads\/media\/MadonnadelCarmeloSaluzzoCN_2107285723_(Copy).jpeg\" width=\"270\" height=\"360\" \/><figcaption class=\"wp-caption-text\">Nuestra Se\u00f1ora del Carmen &#8211; Saluzzo, Italia<\/figcaption><\/figure>\n<h3>Origen del escapulario del Carmen<\/h3>\n<p>El 16 de julio de 1251 la Sant\u00edsima Virgen Mar\u00eda se apareci\u00f3 a San Sim\u00f3n Stock, General de la Orden de los Carmelitas, con un escapulario en la mano, dici\u00e9ndole:<\/p>\n<p><strong> &#8221; Toma, mi amado hijo, este escapulario. Los que mueran revestidos con \u00e9l no sufrir\u00e1n el fuego eterno. Es un signo de salvaci\u00f3n, una protecci\u00f3n en los peligros y una prenda de paz&#8221;.<\/strong><\/p>\n<p>La Orden del Carmen naci\u00f3 en el siglo XII en el Monte Carmelo, Tierra Santa. Seg\u00fan la tradici\u00f3n, Mar\u00eda habr\u00eda ido a este Monte en peregrinaci\u00f3n con el Ni\u00f1o Jes\u00fas. Sin embargo, ya en el Antiguo Testamento tiene este monte del Mediterr\u00e1neo una referencia a Mar\u00eda Sant\u00edsima. Cuando despu\u00e9s de tres a\u00f1os de sequ\u00eda el profeta El\u00edas imploraba del cielo la lluvia, se elev\u00f3 sobre el mar una nubecilla, que crec\u00eda cada vez m\u00e1s y que finalmente trajo la ansiada lluvia.<br \/>\nEl\u00edas vio en este suceso un signo de la Virgen prometida, de la cual nacer\u00eda el Redentor. Desde ese momento hubo en el monte ermita\u00f1os que rezaban por el advenimiento del Redentor. Es por esto que la Orden del Carmen estuvo siempre bajo la protecci\u00f3n especial de Mar\u00eda.<\/p>\n<h3>Promesas del escapulario<\/h3>\n<figure style=\"width: 270px\" class=\"wp-caption alignright\"><img loading=\"lazy\" style=\"width: 250px; height: 320px; border-width: 1px; border-style: solid; margin: 5px;\" src=\"https:\/\/test4.mi-backup.ch\/wp-content\/uploads\/media\/elie-terry-nelson_(Copy).jpg\" width=\"270\" height=\"346\" \/><figcaption class=\"wp-caption-text\">El profeta El\u00edas ve en la ansiada nube la llegada del Mes\u00edas a trav\u00e9s de la Sant\u00edsima Virgen Mar\u00eda.<\/figcaption><\/figure>\n<p>Estas son las promesas del escapulario, si lo llevamos con fidelidad:<\/p>\n<p style=\"text-align: center;\">Mar\u00eda nos protege en los peligros<br \/>\nMaria nos promete la salvaci\u00f3n<br \/>\nMar\u00eda nos ayudar\u00e1 en el purgatorio<\/p>\n<p>La Iglesia cat\u00f3lica ha reconocido este regalo de Mar\u00eda y lo elev\u00f3 al rango de sacramental para todos los fieles. El cielo lo ha confirmado repetidas veces a trav\u00e9s de milagros de conversi\u00f3n y de protecci\u00f3n en grandes necesidades de cuerpo y alma. El escapulario es un signo de nuestra pertenencia y de nuestro amor hacia nuestra Madre celestial. Debemos creer firmemente que a trav\u00e9s del escapulario obtendremos de Ella la gracia de la conversi\u00f3n o de la perseverancia final, abri\u00e9ndosenos as\u00ed las estrechas puertas del cielo. Ser\u00eda empero temerario llevar el vestido de Maria sin el buen prop\u00f3sito de imitarla en la observancia de los mandamientos de Dios y de la pr\u00e1ctica de las virtudes.<\/p>\n<h3>El privilegio sabatino<\/h3>\n<p>En 1317 la Sant\u00edsima Virgen Mar\u00eda se apareci\u00f3 al Papa Juan XXII y le prometi\u00f3 que consolar\u00eda y librar\u00eda r\u00e1pidamente del purgatorio, especialmente los s\u00e1bados, a todos aqu\u00e9llos que llevaran el escapulario. Tambi\u00e9n este privilegio de nuestra Madre celestial fue confirmado repetidas veces por los Papas hasta nuestros d\u00edas.<\/p>\n<figure style=\"width: 270px\" class=\"wp-caption alignright\"><img loading=\"lazy\" style=\"width: 250px; height: 336px; border-width: 1px; border-style: solid; margin: 5px;\" src=\"https:\/\/test4.mi-backup.ch\/wp-content\/uploads\/media\/Favorit_innen_(Copy).jpg\" width=\"270\" height=\"363\" \/><figcaption class=\"wp-caption-text\">Mar\u00eda entrega el escapulario a San Sim\u00f3n Stock el 16 de julio de 1251.<\/figcaption><\/figure>\n<h3>Condiciones<\/h3>\n<p>El escapulario consta de dos partes cuadrangulares de lana marr\u00f3n unidas por dos cintas de tal manera que pueda colgar sobre pecho y espalda. La primera imposici\u00f3n debe llevarla a cabo un sacerdote siguiendo las oraciones del Ritual Romano. Con esta ceremonia se ingresa en la Cofrad\u00eda del Escapulario y se participa de los m\u00e9ritos de la Orden del Carmen. Una vez gastado el primer escapulario, uno mismo puede imponerse uno nuevo; la bendici\u00f3n pasa de uno a otro.<\/p>\n<p>Adem\u00e1s de llevar el escapulario, se requieren las siguientes condiciones para obtener el privilegio sabatino:<\/p>\n<ol>\n<li>La observancia de la castidad propia del estado.<\/li>\n<li>El rezo diario del Oficio Parvo de Mar\u00eda o la abstinencia de carne los mi\u00e9rcoles y los s\u00e1bados. Todo sacerdote puede cambiar esta condici\u00f3n por alguna otra obra buena (por ejemplo el rezo diario del Rosario), si para ello existe una leg\u00edtima raz\u00f3n. Incluso los no-cat\u00f3licos pueden recibir el escapulario, pero no pueden ser admitidos en la Cofrad\u00eda mediante la ceremonia de la imposici\u00f3n, y no gozan, por lo tanto, de las promesas. Debemos confiar en que la Virgen Sant\u00edsima les obtendr\u00e1 la gracia de la conversi\u00f3n ya que se han puesto bajo su manto protector. Algunos ejemplos lo confirman. En caso de necesidad todo fiel puede colocarse o colocar a otro un escapulario bendecido, acompa\u00f1ando este gesto con una oraci\u00f3n a Mar\u00eda.<\/li>\n<\/ol>\n<h3>La medalla-escapulario<\/h3>\n<p>A pedido de los misioneros y en atenci\u00f3n al clima de los pa\u00edses de misi\u00f3n o para los que, por razones fundadas, no pueden llevar el escapulario de tela, el Papa P\u00edo X permiti\u00f3 reemplazar el escapulario luego de la primera imposici\u00f3n, por una medalla bendita. Sin embargo, en el mismo decreto desea expresamente que se prefiera el escapulario de tela y m\u00e1s tarde dijo: &#8220;Yo llevo el escapulario de tela. No dejemos que nos lo quiten&#8221;. Esto lo confirm\u00f3 nuevamente el Papa Benedicto XV cuando concedi\u00f3 una indulgencia de 500 d\u00edas por besar el escapulario.<\/p>\n<h3>F\u00e1tima y el escapulario<\/h3>\n<figure style=\"width: 513px\" class=\"wp-caption alignright\"><img loading=\"lazy\" style=\"width: 250px; height: 341px; margin: 5px;\" src=\"https:\/\/test4.mi-backup.ch\/wp-content\/uploads\/media\/Apostolat\/Flyer_Skapulier_Sarto.jpg\" width=\"513\" height=\"700\" \/><figcaption class=\"wp-caption-text\">S\u00edrvase tambi\u00e9n usted de esta gracia de Mar\u00eda y d\u00e9jese imponer el escapulario con las oraciones del Ritual Romano.<\/figcaption><\/figure>\n<p>El 13 de octubre de 1917, durante la \u00faltima aparici\u00f3n en F\u00e1tima, la Virgen Sant\u00edsima se mostr\u00f3 bajo la advocaci\u00f3n de Nuestra Se\u00f1ora del Carmen, con el escapulario en la mano. Sor Luc\u00eda, una de los tres ni\u00f1os videntes, dir\u00eda m\u00e1s tarde:<\/p>\n<p><strong>&#8220;\u00a1Mar\u00eda desea que todos los fieles lleven el escapulario!&#8221;<\/strong><\/p>\n<p>El Papa P\u00edo XII explicaba este deseo de la siguiente manera: &#8220;Los devotos del escapulario deben ver en esta prenda la expresi\u00f3n de su consagraci\u00f3n al Inmaculado Coraz\u00f3n de Mar\u00eda tal como la hemos vivamente recomendado.&#8221;<\/p>\n","protected":false},"excerpt":{"rendered":"<p>El escapulario- manto protector de Mar\u00eda &#8220;La Sant\u00edsima Virgen promete la vida eterna a los que llevan el escapulario. Es la m\u00e1s importante de las gracias&#8221; (Papa P\u00edo XII). Origen del escapulario del Carmen El 16 de julio de 1251 la Sant\u00edsima Virgen Mar\u00eda se apareci\u00f3 a San Sim\u00f3n Stock,<a class=\"more-link\" href=\"https:\/\/test4.mi-backup.ch\/es\/el-escapulario\/\">Leer m\u00e1s &rarr;<\/a><\/p>\n","protected":false},"author":9,"featured_media":0,"parent":0,"menu_order":0,"comment_status":"closed","ping_status":"closed","template":"","meta":[],"_links":{"self":[{"href":"https:\/\/test4.mi-backup.ch\/es\/wp-json\/wp\/v2\/pages\/311"}],"collection":[{"href":"https:\/\/test4.mi-backup.ch\/es\/wp-json\/wp\/v2\/pages"}],"about":[{"href":"https:\/\/test4.mi-backup.ch\/es\/wp-json\/wp\/v2\/types\/page"}],"author":[{"embeddable":true,"href":"https:\/\/test4.mi-backup.ch\/es\/wp-json\/wp\/v2\/users\/9"}],"replies":[{"embeddable":true,"href":"https:\/\/test4.mi-backup.ch\/es\/wp-json\/wp\/v2\/comments?post=311"}],"version-history":[{"count":7,"href":"https:\/\/test4.mi-backup.ch\/es\/wp-json\/wp\/v2\/pages\/311\/revisions"}],"predecessor-version":[{"id":3417,"href":"https:\/\/test4.mi-backup.ch\/es\/wp-json\/wp\/v2\/pages\/311\/revisions\/3417"}],"wp:attachment":[{"href":"https:\/\/test4.mi-backup.ch\/es\/wp-json\/wp\/v2\/media?parent=311"}],"curies":[{"name":"wp","href":"https:\/\/api.w.org\/{rel}","templated":true}]}}