{"id":313,"date":"2015-07-27T20:33:46","date_gmt":"2015-07-27T20:33:46","guid":{"rendered":"http:\/\/migration.mi-admin.ch\/esmedalla-milagrosasan-maximiliano-y-la-medalla-milagrosa\/"},"modified":"2017-03-14T18:21:37","modified_gmt":"2017-03-14T17:21:37","slug":"san-maximiliano-y-la-medalla-milagrosa","status":"publish","type":"page","link":"https:\/\/test4.mi-backup.ch\/es\/san-maximiliano-y-la-medalla-milagrosa\/","title":{"rendered":"San Maximiliano y la Medalla Milagrosa"},"content":{"rendered":"<h1>San Maximiliano y la Medalla Milagrosa<\/h1>\n<p>(tomado del libro: \u201cLa Inmaculada, nuestro ideal\u201d del Padre Karl Stehlin. Las citas en cursivas son de San Maximiliano).<\/p>\n<figure style=\"width: 250px\" class=\"wp-caption alignright\"><img loading=\"lazy\" src=\"https:\/\/test4.mi-backup.ch\/wp-content\/uploads\/media\/Notre_Dame_du_Medaille.jpg\" width=\"250\" height=\"427\" align=\"top\" border=\"1\" hspace=\"5\" vspace=\"5\" \/><figcaption class=\"wp-caption-text\">Nuestra Se\u00f1ora de la Medalla Milagrosa en el lugar de las apariciones en la Rue du Bac, Par\u00eds<\/figcaption><\/figure>\n<p style=\"text-align: left;\">Como signo externo de pertenencia a la MI el caballero de la Inmaculada lleva consigo su Medalla Milagrosa. Nosotros, como sereshumanos, no somos solamente esp\u00edritu, sino cuerpo tambi\u00e9n. La vida interior, el ideal y el esp\u00edritu deben hacerse ostensibles, deben expresarse en lo exterior. Por ello es necesario que salte a la vista un signo externo de una actitud interna. Asimismo quiso nuestro Salvador otorgar su gracia a los hombres por medio de \u201csignos sagrados\u201d, que llamamos sacramentos.<br \/>\nDe modo similar el caballero de la Inmaculada debe dar testimonio externo de la fe.<\/p>\n<p><em>La Medalla Milagrosa es el signo externo de la consagraci\u00f3n total a la Inmaculada.<\/em><\/p>\n<p>M\u00e1s a\u00fan: como arma en el combate por las almas, \u00e9l reparte la Medalla por todas partes donde le sea posible: <em>La Medalla Milagrosa debe ser arma, una munici\u00f3n de la cual se sirve el caballero de la Inmaculada. Cuando alguien se encuentra en una situaci\u00f3n dif\u00edcil y comprende la importancia de llevar consigo la Medalla Milagrosa, quien la entrega reza por \u00e9l y dada la ocasi\u00f3n intenta, por medio de una palabra adecuada, comenzar\u00e1 a amar a Nuestra Se\u00f1ora y a invocar su auxilio en las dificultades y tentaciones. Quien comienza a rezar formalmente a la Inmaculada, pronto se sentir\u00e1 persuadido a confesarse. Hay mucha maldad en el mundo, pero recordemos que la Inmaculada es a\u00fan m\u00e1s poderosa: \u201cElla aplastar\u00e1 la cabeza de la serpiente infernal\u201d<\/em>.<\/p>\n<figure style=\"width: 250px\" class=\"wp-caption alignright\"><img loading=\"lazy\" src=\"https:\/\/test4.mi-backup.ch\/wp-content\/uploads\/media\/S._Andrea_delle_Fratte012.JPG\" width=\"250\" height=\"333\" border=\"1\" hspace=\"5\" vspace=\"5\" \/><figcaption class=\"wp-caption-text\">Altar votivo en la Iglesia St. Andrea delle Fratte en Roma<\/figcaption><\/figure>\n<p>\u00bfNo es un poco exagerada esta pr\u00e1ctica? \u00bfA qu\u00e9 se debe que el fundador de la MI ponga tanta confianza en un \u201cobjeto\u201d externo? M\u00e1s arriba se encuentra la respuesta, pues, justamente, el origen de la MI est\u00e1 en \u00edntima relaci\u00f3n con un gran milagro, obrado por medio de la Medalla Milagrosa: la conversi\u00f3n del jud\u00edo Alfonso Ratisbona. En el a\u00f1o de la fundaci\u00f3n de la MI (1917) se festejaba justamente en Roma el 75\u00b0 aniversario de este gran milagro. Ya hac\u00eda tiempo el joven Hermano Maximiliano se preguntaba: :<em> \u201c\u00bfSer\u00e1 posible que nuestros enemigos desplieguen tantas actividades para dominarnos, mientras que nosotros nos quedamos ociosos, abocados a lo sumo a rezar, sin pasar a la acci\u00f3n? \u00bfAcaso no tenemos armas m\u00e1s poderosas, puesto que podemos contar con el Cielo y con la Inmaculada?\u201d<\/em><\/p>\n<p>La respuesta la encontr\u00f3 aquel memorable 20 de enero, cuando el superior de la casa dio una conferencia sobre la historia de la conversi\u00f3n del jud\u00edo. El Padre Pal, su amigo y cofundador de la MI confirm\u00f3 que el Santo recibi\u00f3 el impulso durante esta conferencia de fundar una orden de caballer\u00eda en honor de la Inmaculada, escogiendo para los futuros caballeros la Medalla Milagrosa como signo y medio de protecci\u00f3n. Desde ese d\u00eda el Hno. Maximiliano visitar\u00eda seguido la iglesia Sant Andrea delle Fratte, para rezar ante el altar en donde Alfonso Ratisbona se hab\u00eda convertido. Asimismo el santo eligi\u00f3 ese mismo altar para celebrar all\u00ed su primera misa.<br \/>\nPor otra parte el Padre Maximiliano contaba a sus Hermanos los verdaderos acontecimientos extraordinarios que a menudo \u00e9l vivi\u00f3 por medio de la Medalla Milagrosa. Por ejemplo, durante una de sus estad\u00edas de convalescencia en Zakopane intent\u00f3 convertir a un joven librepensador, el cual estaba orgulloso de llamarse \u201chereje\u201d.<br \/>\n<em>Ninguno de sus argumentos ten\u00edan sentido. Sin embargo, acept\u00f3 por cortes\u00eda la Medalla. A continuaci\u00f3n le propuse que se confesara. \u201cNo estoy preparado. De ninguna manera\u201d, fue la respuesta. Pero&#8230; en ese mismo momento cay\u00f3 de rodillas, como compelido por una fuerza superior. Comenz\u00f3 entonces la confesi\u00f3n; el joven lloraba como un ni\u00f1o. La Inmaculada hab\u00eda vencido.<\/em><\/p>\n<p>Est\u00e1 claro que la Medalla, como simple objeto f\u00edsico, no fue el origen de este milagroso cambio obrado en el coraz\u00f3n del hombre sino la Inmaculada, puesto que los que llevan la Medalla Milagrosa los acompa\u00f1a una gracia particular. Muchos hechos semejantes acontecieron en la vida de San Maximiliano. Por eso:<\/p>\n<p><em>Repartir la Medalla siempre que sea posible: los ni\u00f1os que la lleven siempre colgada al cuello, los viejos y j\u00f3venes, tendr\u00e1n la fortaleza necesaria, bajo su protecci\u00f3n, para resistir las tentaciones y trampas que acosan en estos tiempos en particular. Tambi\u00e9n para los que no van a la Iglesia, que temen confesarse, que se burlan de la pr\u00e1ctica religiosa, se re\u00eden de las verdades de la Fe, que est\u00e1n sumidos en la ci\u00e9naga de la inmoralidad o viven en la herej\u00eda o fuera de la Iglesia; ofrecer la Medalla de la Inmaculada a todos incondicionalmente para que la lleven consigo, y al mismo tiempo implorar a la Inmaculada por su conversi\u00f3n. En caso de que alguien la rechace, muchos encuentran la forma de d\u00e1rsela: simplemente coloc\u00e1ndola secretamente cerca de la ropa y rezando por esa persona; la Inmaculada mostrar\u00e1 tarde o temprano lo que es capaz de hacer.<br \/>\nLa Medalla Milagrosa \u00a1la munici\u00f3n de la MI!<\/em><\/p>\n","protected":false},"excerpt":{"rendered":"<p>San Maximiliano y la Medalla Milagrosa (tomado del libro: \u201cLa Inmaculada, nuestro ideal\u201d del Padre Karl Stehlin. Las citas en cursivas son de San Maximiliano). Como signo externo de pertenencia a la MI el caballero de la Inmaculada lleva consigo su Medalla Milagrosa. Nosotros, como sereshumanos, no somos solamente esp\u00edritu,<a class=\"more-link\" href=\"https:\/\/test4.mi-backup.ch\/es\/san-maximiliano-y-la-medalla-milagrosa\/\">Leer m\u00e1s &rarr;<\/a><\/p>\n","protected":false},"author":9,"featured_media":0,"parent":0,"menu_order":0,"comment_status":"closed","ping_status":"closed","template":"","meta":[],"_links":{"self":[{"href":"https:\/\/test4.mi-backup.ch\/es\/wp-json\/wp\/v2\/pages\/313"}],"collection":[{"href":"https:\/\/test4.mi-backup.ch\/es\/wp-json\/wp\/v2\/pages"}],"about":[{"href":"https:\/\/test4.mi-backup.ch\/es\/wp-json\/wp\/v2\/types\/page"}],"author":[{"embeddable":true,"href":"https:\/\/test4.mi-backup.ch\/es\/wp-json\/wp\/v2\/users\/9"}],"replies":[{"embeddable":true,"href":"https:\/\/test4.mi-backup.ch\/es\/wp-json\/wp\/v2\/comments?post=313"}],"version-history":[{"count":9,"href":"https:\/\/test4.mi-backup.ch\/es\/wp-json\/wp\/v2\/pages\/313\/revisions"}],"predecessor-version":[{"id":3413,"href":"https:\/\/test4.mi-backup.ch\/es\/wp-json\/wp\/v2\/pages\/313\/revisions\/3413"}],"wp:attachment":[{"href":"https:\/\/test4.mi-backup.ch\/es\/wp-json\/wp\/v2\/media?parent=313"}],"curies":[{"name":"wp","href":"https:\/\/api.w.org\/{rel}","templated":true}]}}