{"id":314,"date":"2014-04-02T20:24:04","date_gmt":"2014-04-02T20:24:04","guid":{"rendered":"http:\/\/migration.mi-admin.ch\/esmilitia-immaculataeorigen\/"},"modified":"2022-08-01T11:14:56","modified_gmt":"2022-08-01T09:14:56","slug":"origen-y-resena-historica-de-la-m-i","status":"publish","type":"page","link":"https:\/\/test4.mi-backup.ch\/es\/origen-y-resena-historica-de-la-m-i\/","title":{"rendered":"Origen y rese\u00f1a hist\u00f3rica de la M. I."},"content":{"rendered":"<h1>Tabla de contenido<\/h1>\n<p><a href=\"https:\/\/test4.mi-backup.ch\/wp-content\/uploads\/2022\/02\/origine1-1.jpg\"><img loading=\"lazy\" class=\"alignright wp-image-50966\" src=\"https:\/\/test4.mi-backup.ch\/wp-content\/uploads\/2022\/02\/origine1-1-724x1024.jpg\" alt=\"\" width=\"305\" height=\"431\" srcset=\"https:\/\/test4.mi-backup.ch\/wp-content\/uploads\/2022\/02\/origine1-1-724x1024.jpg 724w, https:\/\/test4.mi-backup.ch\/wp-content\/uploads\/2022\/02\/origine1-1-212x300.jpg 212w, https:\/\/test4.mi-backup.ch\/wp-content\/uploads\/2022\/02\/origine1-1-768x1086.jpg 768w, https:\/\/test4.mi-backup.ch\/wp-content\/uploads\/2022\/02\/origine1-1-1086x1536.jpg 1086w, https:\/\/test4.mi-backup.ch\/wp-content\/uploads\/2022\/02\/origine1-1-389x550.jpg 389w, https:\/\/test4.mi-backup.ch\/wp-content\/uploads\/2022\/02\/origine1-1-600x849.jpg 600w, https:\/\/test4.mi-backup.ch\/wp-content\/uploads\/2022\/02\/origine1-1.jpg 1414w\" sizes=\"(max-width: 305px) 100vw, 305px\" \/><\/a><\/p>\n<ol>\n<li>El a\u00f1o 1917<\/li>\n<li>El desarrollo de la M. I.<\/li>\n<li>La M. I., traicionada tras el Concilio Vaticano II<\/li>\n<\/ol>\n<h4><strong>1. El a\u00f1o 1917<\/strong><\/h4>\n<p>Este es el a\u00f1o de la Revoluci\u00f3n de Octubre en Rusia, \u00a1pero tambi\u00e9n el a\u00f1o de las apariciones de Nuestra Se\u00f1ora en F\u00e1tima!<\/p>\n<p>A su vez, en este a\u00f1o la masoner\u00eda festeja en Roma el segundo centenario de su fundaci\u00f3n. Se ven por doquier banderas y carteles que representan al Arc\u00e1ngel San Miguel vencido y derribado por Lucifer. Los desfiles llenan las calles de la Ciudad Eterna y en la Plaza de San Pedro se escuchan consignas blasfemas como:<\/p>\n<p>\u00ab\u00a1Sat\u00e1n tendr\u00e1 que reinar en el Vaticano, el Papa le servir\u00e1!\u00bb.<\/p>\n<p>El hermano Maximiliano Mar\u00eda Kolbe, franciscano conventual polaco, se encuentra en ese momento estudiando teolog\u00eda en la Gregoriana de Roma, y, a su pesar, es testigo de estas hostiles demostraciones contra la Iglesia. Ante ello, se pregunta:<\/p>\n<p><a href=\"https:\/\/test4.mi-backup.ch\/wp-content\/uploads\/2022\/02\/ORIGINE2-1.jpg\"><img loading=\"lazy\" class=\"alignright wp-image-50983\" src=\"https:\/\/test4.mi-backup.ch\/wp-content\/uploads\/2022\/02\/ORIGINE2-1-724x1024.jpg\" alt=\"\" width=\"297\" height=\"421\" srcset=\"https:\/\/test4.mi-backup.ch\/wp-content\/uploads\/2022\/02\/ORIGINE2-1-724x1024.jpg 724w, https:\/\/test4.mi-backup.ch\/wp-content\/uploads\/2022\/02\/ORIGINE2-1-212x300.jpg 212w, https:\/\/test4.mi-backup.ch\/wp-content\/uploads\/2022\/02\/ORIGINE2-1-768x1086.jpg 768w, https:\/\/test4.mi-backup.ch\/wp-content\/uploads\/2022\/02\/ORIGINE2-1-1086x1536.jpg 1086w, https:\/\/test4.mi-backup.ch\/wp-content\/uploads\/2022\/02\/ORIGINE2-1-389x550.jpg 389w, https:\/\/test4.mi-backup.ch\/wp-content\/uploads\/2022\/02\/ORIGINE2-1-600x849.jpg 600w, https:\/\/test4.mi-backup.ch\/wp-content\/uploads\/2022\/02\/ORIGINE2-1.jpg 1414w\" sizes=\"(max-width: 297px) 100vw, 297px\" \/><\/a><\/p>\n<p><strong>\u00ab\u00bfSer\u00e1 posible que nuestros enemigos desplieguen tantas actividades para dominarnos, mientras que nosotros nos quedamos ociosos, abocados a lo sumo a rezar, sin pasar a la acci\u00f3n? \u00bfAcaso no tenemos armas m\u00e1s poderosas, siendo que podemos contar con el Cielo y, especialmente, con la Inmaculada?\u00bb.<\/strong><\/p>\n<p>Gracias a la meditaci\u00f3n de las Sagradas Escrituras y de los Padres de la Iglesia; inspir\u00e1ndose en la doctrina de los grandes santos marianos como San Luis Mar\u00eda Grignion de Monfort; considerando tambi\u00e9n el dogma de la Inmaculada Concepci\u00f3n y las apariciones de Nuestra Se\u00f1ora en Lourdes, como tambi\u00e9n el alcance pr\u00e1ctico y social de estas grandes verdades, nuestro joven fraile lleg\u00f3 a la siguiente conclusi\u00f3n:<\/p>\n<p><strong>\u00abLa Virgen sin mancha, vencedora de todas las herej\u00edas, no ceder\u00e1 el paso ante su amenazante enemigo; si encontrara siervos fieles y d\u00f3ciles a su mandato, Ella obtendr\u00eda nuevas victorias, m\u00e1s grandes de las que podr\u00edamos imaginar\u00bb.<a href=\"https:\/\/test4.mi-backup.ch\/wp-content\/uploads\/2022\/02\/origine4.jpg\"><img loading=\"lazy\" class=\"alignright wp-image-51013\" src=\"https:\/\/test4.mi-backup.ch\/wp-content\/uploads\/2022\/02\/origine4-724x1024.jpg\" alt=\"\" width=\"298\" height=\"421\" srcset=\"https:\/\/test4.mi-backup.ch\/wp-content\/uploads\/2022\/02\/origine4-724x1024.jpg 724w, https:\/\/test4.mi-backup.ch\/wp-content\/uploads\/2022\/02\/origine4-212x300.jpg 212w, https:\/\/test4.mi-backup.ch\/wp-content\/uploads\/2022\/02\/origine4-768x1086.jpg 768w, https:\/\/test4.mi-backup.ch\/wp-content\/uploads\/2022\/02\/origine4-1086x1536.jpg 1086w, https:\/\/test4.mi-backup.ch\/wp-content\/uploads\/2022\/02\/origine4-389x550.jpg 389w, https:\/\/test4.mi-backup.ch\/wp-content\/uploads\/2022\/02\/origine4-600x849.jpg 600w, https:\/\/test4.mi-backup.ch\/wp-content\/uploads\/2022\/02\/origine4.jpg 1414w\" sizes=\"(max-width: 298px) 100vw, 298px\" \/><\/a><\/strong><\/p>\n<p>&nbsp;<\/p>\n<p>Asimismo, en 1917 se celebra en Roma otro aniversario, una fecha de victoria para la Inmaculada: la fulgurante conversi\u00f3n del jud\u00edo Alfonso Ratisbona en 1842, obtenida por las gracias de la Medalla Milagrosa. A partir de esta feliz coincidencia, el hermano Maximiliano concibe la instituci\u00f3n de una caballer\u00eda de la Inmaculada, que tomar\u00eda como signo de adhesi\u00f3n y protecci\u00f3n de sus \u00abcaballeros\u00bb la Medalla Milagrosa.<\/p>\n<p>De esta manera, el 16 de octubre de 1917, en la fiesta de la aparici\u00f3n de San Miguel en el monte Tombe, tres d\u00edas despu\u00e9s del milagro del sol de F\u00e1tima, <strong>el hermano Maximiliano, junto a seis compa\u00f1eros y con el permiso de sus superiores, funda la Milicia de la Inmaculada (MI)<\/strong>, en una ceremonia que tuvo lugar en la capilla del Colegio Ser\u00e1fico, ante el altar de Nuestra Se\u00f1ora.<\/p>\n<hr \/>\n<h4><strong>2. El desarrollo de la M. I.<\/strong><\/h4>\n<p><a href=\"https:\/\/test4.mi-backup.ch\/wp-content\/uploads\/2022\/02\/ORIGINE3.jpg\"><img loading=\"lazy\" class=\"alignright wp-image-50968\" src=\"https:\/\/test4.mi-backup.ch\/wp-content\/uploads\/2022\/02\/ORIGINE3-212x300.jpg\" alt=\"\" width=\"296\" height=\"419\" srcset=\"https:\/\/test4.mi-backup.ch\/wp-content\/uploads\/2022\/02\/ORIGINE3-212x300.jpg 212w, https:\/\/test4.mi-backup.ch\/wp-content\/uploads\/2022\/02\/ORIGINE3-724x1024.jpg 724w, https:\/\/test4.mi-backup.ch\/wp-content\/uploads\/2022\/02\/ORIGINE3-768x1086.jpg 768w, https:\/\/test4.mi-backup.ch\/wp-content\/uploads\/2022\/02\/ORIGINE3-1086x1536.jpg 1086w, https:\/\/test4.mi-backup.ch\/wp-content\/uploads\/2022\/02\/ORIGINE3-389x550.jpg 389w, https:\/\/test4.mi-backup.ch\/wp-content\/uploads\/2022\/02\/ORIGINE3-600x849.jpg 600w, https:\/\/test4.mi-backup.ch\/wp-content\/uploads\/2022\/02\/ORIGINE3.jpg 1414w\" sizes=\"(max-width: 296px) 100vw, 296px\" \/><\/a><\/p>\n<p>El a\u00f1o siguiente a su fundaci\u00f3n, la Milicia de la Inmaculada recibi\u00f3 la bendici\u00f3n apost\u00f3lica del Papa Benedicto XV, bendici\u00f3n repetidamente renovada por sus sucesores; luego fue aprobada como <em>Pia Unio<\/em> el 2 de enero de 1922 por P\u00edo XI; fue luego elevada al rango de <em>Pia Unio Primaria<\/em> en 1927, lo que la autoriz\u00f3 a fundar filiales. A partir de entonces, la M. I. experiment\u00f3 una magn\u00edfica expansi\u00f3n por todo el mundo, incluso en el Lejano Oriente.<\/p>\n<p><strong>En 1933,<\/strong> solo seis a\u00f1os despu\u00e9s de la fundaci\u00f3n de la Ciudad de la Inmaculada (Niepokalanow), sede central de la organizaci\u00f3n, hab\u00eda all\u00ed 762 religiosos, dedic\u00e1ndose celosamente a todas las formas de apostolado, en particular el de la prensa.<\/p>\n<p><strong>En 1939,<\/strong> su principal revista mensual, <em>Le Chevalier de L&#8217;Immacul\u00e9e<\/em>, public\u00f3 alrededor de 750.000 ejemplares.<\/p>\n<p><strong>En 1942<\/strong>, con motivo del 25\u00ba aniversario de la fundaci\u00f3n de la M. I., recibi\u00f3 una nueva aprobaci\u00f3n del Papa P\u00edo XII, junto con sus felicitaciones y su bendici\u00f3n apost\u00f3lica.<\/p>\n<p>Al iniciar el Concilio Vaticano II, la M. I. ten\u00eda 500 sucursales en los cinco continentes y aproximadamente 3 millones de miembros.<\/p>\n<hr \/>\n<h4><strong>3. La M. I., traicionada tras el Concilio Vaticano II<\/strong><\/h4>\n<figure id=\"attachment_51577\" aria-describedby=\"caption-attachment-51577\" style=\"width: 358px\" class=\"wp-caption alignright\"><img loading=\"lazy\" class=\"wp-image-51577\" src=\"https:\/\/test4.mi-backup.ch\/wp-content\/uploads\/2022\/02\/17_-_Pope_John_Paul_II_and_Franciszek_Gajowniczek_at_the_canonization_of_St._Maximilian_Maria_Kolbe_1982.jpg\" alt=\"\" width=\"358\" height=\"295\" srcset=\"https:\/\/test4.mi-backup.ch\/wp-content\/uploads\/2022\/02\/17_-_Pope_John_Paul_II_and_Franciszek_Gajowniczek_at_the_canonization_of_St._Maximilian_Maria_Kolbe_1982.jpg 581w, https:\/\/test4.mi-backup.ch\/wp-content\/uploads\/2022\/02\/17_-_Pope_John_Paul_II_and_Franciszek_Gajowniczek_at_the_canonization_of_St._Maximilian_Maria_Kolbe_1982-300x247.jpg 300w, https:\/\/test4.mi-backup.ch\/wp-content\/uploads\/2022\/02\/17_-_Pope_John_Paul_II_and_Franciszek_Gajowniczek_at_the_canonization_of_St._Maximilian_Maria_Kolbe_1982-425x350.jpg 425w\" sizes=\"(max-width: 358px) 100vw, 358px\" \/><figcaption id=\"caption-attachment-51577\" class=\"wp-caption-text\">El Papa Juan Pablo II con Franciszek Gajowniczek el d\u00eda de la canonizaci\u00f3n del Padre Maximiliano en 1984. Fue el hombre por el que el padre Kolbe sacrific\u00f3 su vida.<\/figcaption><\/figure>\n<p>La revoluci\u00f3n engendrada por el Concilio Vaticano II no dej\u00f3 indemne a la M. I. e introdujo cambios radicales:<\/p>\n<h4><strong>1. EL NOMBRE<\/strong><\/h4>\n<p>Los cr\u00edticos de la M. I. y todo lo relacionado con la Virgen Inmaculada atacaron primero <strong>el nombre de \u00abMilicia de la Inmaculada\u00bb<\/strong> y lo cambiaron por \u00abMisi\u00f3n de la Inmaculada\u00bb, suprimiendo as\u00ed el car\u00e1cter militante, defensor y victorioso de la Inmaculada, que no correspond\u00eda a los principios de libertad religiosa y pacifismo conciliar.<\/p>\n<p>Poco despu\u00e9s, los estatutos se adaptaron al esp\u00edritu del concilio. Lamentablemente, los nuevos estatutos ya no estaban llenos de citas de los santos, sino del Concilio Vaticano II y de los Papas Pablo VI y Juan Pablo II. <strong>Solo quedaron citas muy peque\u00f1as de los escritos del padre Maximiliano Mar\u00eda Kolbe.<\/strong><\/p>\n<h4><strong>2. EL FIN\u00a0<\/strong><\/h4>\n<p>Estos estatutos modificados establecen un fin completamente nuevo para la M. I.; no se menciona m\u00e1s a los masones, herejes, etc.<\/p>\n<p>La oraci\u00f3n jaculatoria diaria de los Caballeros (<strong>\u00abOh Mar\u00eda, sin pecado concebida, rogad por nosotros\u2026<\/strong>\u00bb) tambi\u00e9n ha sido modificada. El padre Maximiliano hab\u00eda a\u00f1adido por inspiraci\u00f3n divina <strong>\u00aby por todos aquellos que no recurren a Vos, especialmente los masones\u00bb<\/strong>; <strong>esta \u00faltima parte fue suprimida.<\/strong><\/p>\n<p>En estos nuevos estatutos ya no figuran la conversi\u00f3n de las almas, el abandono del error y el retorno al seno de la Iglesia. Ni una sola palabra sobre el demonio como principal enemigo de la Inmaculada y de las almas. Es decir, ya no se alude a la salvaci\u00f3n de las almas, que deben ser arrebatadas del infierno a toda costa.<\/p>\n<h4><strong>3. LA ESENCIA<\/strong><\/h4>\n<p>Aunque a\u00fan se habla de la consagraci\u00f3n total a la Inmaculada, las implicaciones concretas de esta consagraci\u00f3n est\u00e1n modificadas esencialmente. No se menciona la obediencia a la voluntad de la Inmaculada; en lugar del apostolado de propagaci\u00f3n de la verdadera fe, se enfatizan las actividades dise\u00f1adas para promover la dignidad de la persona humana y para la protecci\u00f3n de la vida humana.<\/p>\n<p>La Sant\u00edsima Madre de Dios se presenta meramente como un modelo a seguir, entre tantos otros, y no como<strong> medio seguro de santificaci\u00f3n y nuestra \u00fanica Esperanza para alcanzar la Santidad.<\/strong><\/p>\n<p>Por otro lado, los nuevos estatutos callan sobre lo que el padre Maximiliano llama \u00abla aplicaci\u00f3n pr\u00e1ctica del dogma de la Inmaculada Concepci\u00f3n\u00bb, es decir, Su rol activo de Mediadora de todas las gracias (una verdad que, desde el Concilio Vaticano II, ha sido reducida al rango de opini\u00f3n debatible), en particular las gracias de conversi\u00f3n y de santificaci\u00f3n. As\u00ed, se reneg\u00f3 de aquello que el fundador consideraba como el fundamento de su proyecto:<\/p>\n<blockquote><p><strong>\u00abTodos los trabajos de la M. I. se basan en la verdad de que Mar\u00eda es la Mediadora de todas las gracias. Si no fuera as\u00ed, entonces todos nuestros trabajos y esfuerzos ser\u00edan vanos y perder\u00edan su sentido\u00bb. <\/strong>(Conferencia del 6 de junio de 1933)<\/p><\/blockquote>\n","protected":false},"excerpt":{"rendered":"<p>Tabla de contenido El a\u00f1o 1917 El desarrollo de la M. I. La M. I., traicionada tras el Concilio Vaticano II 1. El a\u00f1o 1917 Este es el a\u00f1o de la Revoluci\u00f3n de Octubre en Rusia, \u00a1pero tambi\u00e9n el a\u00f1o de las apariciones de Nuestra Se\u00f1ora en F\u00e1tima! A su<a class=\"more-link\" href=\"https:\/\/test4.mi-backup.ch\/es\/origen-y-resena-historica-de-la-m-i\/\">Leer m\u00e1s &rarr;<\/a><\/p>\n","protected":false},"author":9,"featured_media":0,"parent":0,"menu_order":0,"comment_status":"closed","ping_status":"closed","template":"","meta":[],"_links":{"self":[{"href":"https:\/\/test4.mi-backup.ch\/es\/wp-json\/wp\/v2\/pages\/314"}],"collection":[{"href":"https:\/\/test4.mi-backup.ch\/es\/wp-json\/wp\/v2\/pages"}],"about":[{"href":"https:\/\/test4.mi-backup.ch\/es\/wp-json\/wp\/v2\/types\/page"}],"author":[{"embeddable":true,"href":"https:\/\/test4.mi-backup.ch\/es\/wp-json\/wp\/v2\/users\/9"}],"replies":[{"embeddable":true,"href":"https:\/\/test4.mi-backup.ch\/es\/wp-json\/wp\/v2\/comments?post=314"}],"version-history":[{"count":10,"href":"https:\/\/test4.mi-backup.ch\/es\/wp-json\/wp\/v2\/pages\/314\/revisions"}],"predecessor-version":[{"id":73694,"href":"https:\/\/test4.mi-backup.ch\/es\/wp-json\/wp\/v2\/pages\/314\/revisions\/73694"}],"wp:attachment":[{"href":"https:\/\/test4.mi-backup.ch\/es\/wp-json\/wp\/v2\/media?parent=314"}],"curies":[{"name":"wp","href":"https:\/\/api.w.org\/{rel}","templated":true}]}}