{"id":315,"date":"2020-04-02T20:20:50","date_gmt":"2020-04-02T18:20:50","guid":{"rendered":"http:\/\/migration.mi-admin.ch\/esmilitia-immaculataenaturaleza\/"},"modified":"2022-08-16T14:31:14","modified_gmt":"2022-08-16T12:31:14","slug":"naturaleza","status":"publish","type":"page","link":"https:\/\/test4.mi-backup.ch\/es\/naturaleza\/","title":{"rendered":"Naturaleza"},"content":{"rendered":"<h2><strong>Tabla de contenido<\/strong><\/h2>\n<ol>\n<li>\u00bfQu\u00e9 es la Milicia de la Inmaculada?<\/li>\n<li>Los tres grados en la Milicia de la Inmaculada.<\/li>\n<li>El padre Kolbe responde interrogantes sobre la necesidad de la M. I. y el acto de Consagraci\u00f3n.<\/li>\n<li>El padre Kolbe responde interrogantes sobre la necesidad de la Milicia de la Inmaculada.<\/li>\n<\/ol>\n<hr \/>\n<p><strong>1. \u00bfQu\u00e9 es la Milicia de la Inmaculada?<\/strong><\/p>\n<p>La Milicia de la Inmaculada no es una asociaci\u00f3n en el sentido cl\u00e1sico del t\u00e9rmino, con actividades concretamente definidas que se dirigen a un grupo particular de personas.<\/p>\n<p><em>\u00abEs un movimiento que debe atraer a las masas y arrebat\u00e1rselas a Satan\u00e1s. Una vez que las almas hayan sido ganadas para la Inmaculada, habr\u00e1 entre ellas algunas que podr\u00e1n ser llevadas m\u00e1s lejos, a las alturas de la devoci\u00f3n, incluso al punto del hero\u00edsmo sirviendo al desarrollo del Reino de Dios a trav\u00e9s de la Inmaculada. <\/em><\/p>\n<p><em>Todas las \u00f3rdenes religiosas, congregaciones y movimientos de la Iglesia pueden tambi\u00e9n pertenecer a la M. I. Ser miembro de la M. I. permitir\u00e1 a cada uno dar lo mejor en su apostolado y alcanzar as\u00ed la perfecci\u00f3n cristiana en su estado de vida, en su vocaci\u00f3n\u00bb.<\/em><\/p>\n<p><a href=\"https:\/\/test4.mi-backup.ch\/wp-content\/uploads\/2022\/08\/Span-Citation-pr-article1.jpg\"><img loading=\"lazy\" class=\"aligncenter wp-image-77128 size-full\" src=\"https:\/\/test4.mi-backup.ch\/wp-content\/uploads\/2022\/08\/Span-Citation-pr-article1.jpg\" alt=\"\" width=\"1800\" height=\"450\" srcset=\"https:\/\/test4.mi-backup.ch\/wp-content\/uploads\/2022\/08\/Span-Citation-pr-article1.jpg 1800w, https:\/\/test4.mi-backup.ch\/wp-content\/uploads\/2022\/08\/Span-Citation-pr-article1-300x75.jpg 300w, https:\/\/test4.mi-backup.ch\/wp-content\/uploads\/2022\/08\/Span-Citation-pr-article1-1024x256.jpg 1024w, https:\/\/test4.mi-backup.ch\/wp-content\/uploads\/2022\/08\/Span-Citation-pr-article1-768x192.jpg 768w, https:\/\/test4.mi-backup.ch\/wp-content\/uploads\/2022\/08\/Span-Citation-pr-article1-1536x384.jpg 1536w, https:\/\/test4.mi-backup.ch\/wp-content\/uploads\/2022\/08\/Span-Citation-pr-article1-425x106.jpg 425w, https:\/\/test4.mi-backup.ch\/wp-content\/uploads\/2022\/08\/Span-Citation-pr-article1-600x150.jpg 600w\" sizes=\"(max-width: 1800px) 100vw, 1800px\" \/><\/a><\/p>\n<hr \/>\n<h4><strong>2. Los tres grados en la Milicia de la Inmaculada.<\/strong><\/h4>\n<p><strong>El Padre Kolbe distingue 3 grados en la M. I.<\/strong>, correspondientes al celo, las capacidades y el estado de vida de los miembros:<\/p>\n<ol>\n<li>\u00abEn el <em>primer grado<\/em> de la M.I. cada uno se consagra a la Inmaculada y se esfuerza por realizar el prop\u00f3sito de la Milicia individualmente, seg\u00fan sus propias circunstancias y las reglas de la prudencia\u00bb.<br \/>\nEste grado es la base, el fundamento de la Milicia: en su vida individual, personal, el Caballero de la Inmaculada reza, se sacrifica y trabaja como un soldado en combate.<\/li>\n<\/ol>\n<p><a href=\"https:\/\/test4.mi-backup.ch\/es\/la-m-i-1\/\"><strong><em>Para saber m\u00e1s sobre la M. I. 1\u2026<\/em><\/strong><strong><em>\u00a0<\/em><\/strong><\/a><\/p>\n<ol start=\"2\">\n<li>\u00abEn el <em>segundo grado<\/em> de la M.I., los estatutos y programas particulares rigen a los Caballeros, quienes, uniendo sus fuerzas, desean alcanzar la meta de manera m\u00e1s r\u00e1pida y efectiva\u00bb.<br \/>\nEs el grado del <strong>grupo de oraci\u00f3n y acci\u00f3n<\/strong>: este grado se caracteriza por el esfuerzo com\u00fan y la coordinaci\u00f3n de los Caballeros para la realizaci\u00f3n de un apostolado p\u00fablico. Los Caballeros pueden cooperar en varios proyectos, ya sea dentro de una parroquia, una comunidad religiosa local o a nivel de una orden o congregaci\u00f3n religiosa. Tambi\u00e9n pueden crear asociaciones los Caballeros que comparten intereses espirituales, agrupados por edad u objetivos apost\u00f3licos, etc. Adem\u00e1s, las organizaciones ya existentes (es decir, movimientos juveniles, grupos de estudio, etc.) pueden adoptar el ideal de la M. I. y, por lo tanto, funcionar como grupos de segundo grado de la M. I.<\/li>\n<\/ol>\n<p><a href=\"https:\/\/test4.mi-backup.ch\/es\/el-apostolado-de-la-m-i-2\/\"><strong><em>Para saber m\u00e1s sobre la M. I. 2\u2026<\/em><\/strong><\/a><\/p>\n<ol start=\"3\">\n<li>\u00abEn el tercer grado del M.I. se realiza la consagraci\u00f3n ilimitada a la Inmaculada. De este modo, Ella podr\u00e1 hacer con nosotros lo que Ella quiera y como Ella quiera. Somos enteramente suyos y Ella nuestra. Todo lo hacemos con Su ayuda, vivimos y trabajamos bajo Su protecci\u00f3n\u00bb.<br \/>\nEste grado es, en cierto modo, el culmen de la M.I.: el estado consagrado. El Caballero se dedica completa y exclusivamente al apostolado de la Inmaculada y sella su consagraci\u00f3n con votos religiosos.<\/li>\n<\/ol>\n<p><a href=\"https:\/\/test4.mi-backup.ch\/es\/el-apostolado-de-la-m-i-3\/\"><strong><em>Para saber m\u00e1s sobre la M. I. 3\u2026<\/em><\/strong><\/a><\/p>\n<hr \/>\n<h4><strong>3. El padre Kolbe responde interrogantes sobre la necesidad del acto de Consagraci\u00f3n.<\/strong><\/h4>\n<div style=\"position: relative; width: 100%; height: 0; padding-top: 100.0000%; padding-bottom: 48px; box-shadow: 0 2px 8px 0 rgba(63,69,81,0.16); margin-top: 1.6em; margin-bottom: 0.9em; overflow: hidden; border-radius: 8px; will-change: transform;\"><iframe style=\"position: absolute; width: 100%; height: 100%; top: 0; left: 0; border: none; padding: 0; margin: 0;\" src=\"https:\/\/www.canva.com\/design\/DAFJekcyLNE\/view?embed\" allowfullscreen=\"allowfullscreen\"><br \/>\n<\/iframe><\/div>\n<p><a href=\"https:\/\/www.canva.com\/design\/DAFJekcyLNE\/view?utm_content=DAFJekcyLNE&amp;utm_campaign=designshare&amp;utm_medium=embeds&amp;utm_source=link\" target=\"_blank\" rel=\"noopener\" class=\"broken_link\">El padre Kolbe responde interrogantes sobre la necesidad del acto de Consagraci\u00f3n.<\/a><\/p>\n<hr \/>\n<h4><strong>4. El padre Kolbe responde interrogantes sobre la necesidad de la Milicia de la Inmaculada.<\/strong><\/h4>\n<div style=\"position: relative; width: 100%; height: 0; padding-top: 100.0000%; padding-bottom: 48px; box-shadow: 0 2px 8px 0 rgba(63,69,81,0.16); margin-top: 1.6em; margin-bottom: 0.9em; overflow: hidden; border-radius: 8px; will-change: transform;\"><iframe style=\"position: absolute; width: 100%; height: 100%; top: 0; left: 0; border: none; padding: 0; margin: 0;\" src=\"https:\/\/www.canva.com\/design\/DAFJe7eNTtU\/view?embed\" allowfullscreen=\"allowfullscreen\"><br \/>\n<\/iframe><\/div>\n<p><a href=\"https:\/\/www.canva.com\/design\/DAFJe7eNTtU\/view?utm_content=DAFJe7eNTtU&amp;utm_campaign=designshare&amp;utm_medium=embeds&amp;utm_source=link\" target=\"_blank\" rel=\"noopener\">El padre Kolbe responde interrogantes sobre la necesidad de la Milicia de la Inmaculada.<\/a><\/p>\n","protected":false},"excerpt":{"rendered":"<p>Tabla de contenido \u00bfQu\u00e9 es la Milicia de la Inmaculada? Los tres grados en la Milicia de la Inmaculada. El padre Kolbe responde interrogantes sobre la necesidad de la M. I. y el acto de Consagraci\u00f3n. El padre Kolbe responde interrogantes sobre la necesidad de la Milicia de la Inmaculada.<a class=\"more-link\" href=\"https:\/\/test4.mi-backup.ch\/es\/naturaleza\/\">Leer m\u00e1s &rarr;<\/a><\/p>\n","protected":false},"author":9,"featured_media":0,"parent":0,"menu_order":0,"comment_status":"closed","ping_status":"closed","template":"","meta":[],"_links":{"self":[{"href":"https:\/\/test4.mi-backup.ch\/es\/wp-json\/wp\/v2\/pages\/315"}],"collection":[{"href":"https:\/\/test4.mi-backup.ch\/es\/wp-json\/wp\/v2\/pages"}],"about":[{"href":"https:\/\/test4.mi-backup.ch\/es\/wp-json\/wp\/v2\/types\/page"}],"author":[{"embeddable":true,"href":"https:\/\/test4.mi-backup.ch\/es\/wp-json\/wp\/v2\/users\/9"}],"replies":[{"embeddable":true,"href":"https:\/\/test4.mi-backup.ch\/es\/wp-json\/wp\/v2\/comments?post=315"}],"version-history":[{"count":11,"href":"https:\/\/test4.mi-backup.ch\/es\/wp-json\/wp\/v2\/pages\/315\/revisions"}],"predecessor-version":[{"id":77140,"href":"https:\/\/test4.mi-backup.ch\/es\/wp-json\/wp\/v2\/pages\/315\/revisions\/77140"}],"wp:attachment":[{"href":"https:\/\/test4.mi-backup.ch\/es\/wp-json\/wp\/v2\/media?parent=315"}],"curies":[{"name":"wp","href":"https:\/\/api.w.org\/{rel}","templated":true}]}}