{"id":316,"date":"2015-07-30T18:48:36","date_gmt":"2015-07-30T18:48:36","guid":{"rendered":"http:\/\/migration.mi-admin.ch\/esmilitia-immaculataedesarrollo-de-la-mi\/"},"modified":"2022-08-19T11:35:43","modified_gmt":"2022-08-19T09:35:43","slug":"la-milicia-immaculatae-de-observancia-tradicional-hoy-en-dia","status":"publish","type":"page","link":"https:\/\/test4.mi-backup.ch\/es\/la-milicia-immaculatae-de-observancia-tradicional-hoy-en-dia\/","title":{"rendered":"La Milicia Immaculat\u00e6 de observancia tradicional hoy en d\u00eda"},"content":{"rendered":"<blockquote><p><em>Has recibido hoy a trav\u00e9s de una persona que puede ser completamente desconocida para ti, una peque\u00f1a medalla y un papel. En este peque\u00f1o papel has encontrado estas palabras \u00abMilitia <\/em><em>Immaculat\u00e6\u00bb: aqu\u00ed est\u00e1 el trabajo que se hace en el centro internacional en Polonia, hoy, porque esta organizaci\u00f3n de la Iglesia Cat\u00f3lica (M. I.) no es solo un trabajo espiritual sino tambi\u00e9n apost\u00f3lico que busca por todos los medios leg\u00edtimos conquistar las almas para Mar\u00eda, por Mar\u00eda y en Mar\u00eda. \u00a1\u00danete a nosotros!<\/em><\/p><\/blockquote>\n<div style=\"position: relative; width: 100%; height: 0; padding-top: 100.0000%; padding-bottom: 48px; box-shadow: 0 2px 8px 0 rgba(63,69,81,0.16); margin-top: 1.6em; margin-bottom: 0.9em; overflow: hidden; border-radius: 8px; will-change: transform;\"><iframe style=\"position: absolute; width: 100%; height: 100%; top: 0; left: 0; border: none; padding: 0; margin: 0;\" src=\"https:\/\/www.canva.com\/design\/DAFJfBibqfQ\/view?embed\" allowfullscreen=\"allowfullscreen\"><br \/>\n<\/iframe><\/div>\n<p><a href=\"https:\/\/www.canva.com\/design\/DAFJfBibqfQ\/view?utm_content=DAFJfBibqfQ&amp;utm_campaign=designshare&amp;utm_medium=embeds&amp;utm_source=link\" target=\"_blank\" rel=\"noopener\" class=\"broken_link\">Organizaci\u00f3n de la Milicia Immaculat\u00e6 Traditionalis Observance<\/a><\/p>\n","protected":false},"excerpt":{"rendered":"<p>Has recibido hoy a trav\u00e9s de una persona que puede ser completamente desconocida para ti, una peque\u00f1a medalla y un papel. En este peque\u00f1o papel has encontrado estas palabras \u00abMilitia Immaculat\u00e6\u00bb: aqu\u00ed est\u00e1 el trabajo que se hace en el centro internacional en Polonia, hoy, porque esta organizaci\u00f3n de la<a class=\"more-link\" href=\"https:\/\/test4.mi-backup.ch\/es\/la-milicia-immaculatae-de-observancia-tradicional-hoy-en-dia\/\">Leer m\u00e1s &rarr;<\/a><\/p>\n","protected":false},"author":9,"featured_media":71070,"parent":0,"menu_order":0,"comment_status":"closed","ping_status":"closed","template":"","meta":[],"_links":{"self":[{"href":"https:\/\/test4.mi-backup.ch\/es\/wp-json\/wp\/v2\/pages\/316"}],"collection":[{"href":"https:\/\/test4.mi-backup.ch\/es\/wp-json\/wp\/v2\/pages"}],"about":[{"href":"https:\/\/test4.mi-backup.ch\/es\/wp-json\/wp\/v2\/types\/page"}],"author":[{"embeddable":true,"href":"https:\/\/test4.mi-backup.ch\/es\/wp-json\/wp\/v2\/users\/9"}],"replies":[{"embeddable":true,"href":"https:\/\/test4.mi-backup.ch\/es\/wp-json\/wp\/v2\/comments?post=316"}],"version-history":[{"count":10,"href":"https:\/\/test4.mi-backup.ch\/es\/wp-json\/wp\/v2\/pages\/316\/revisions"}],"predecessor-version":[{"id":77550,"href":"https:\/\/test4.mi-backup.ch\/es\/wp-json\/wp\/v2\/pages\/316\/revisions\/77550"}],"wp:featuredmedia":[{"embeddable":true,"href":"https:\/\/test4.mi-backup.ch\/es\/wp-json\/wp\/v2\/media\/71070"}],"wp:attachment":[{"href":"https:\/\/test4.mi-backup.ch\/es\/wp-json\/wp\/v2\/media?parent=316"}],"curies":[{"name":"wp","href":"https:\/\/api.w.org\/{rel}","templated":true}]}}