{"id":317,"date":"2015-07-27T20:23:57","date_gmt":"2015-07-27T20:23:57","guid":{"rendered":"http:\/\/migration.mi-admin.ch\/esmilitia-immaculataela-mi-postconciliar\/"},"modified":"2017-03-14T18:19:29","modified_gmt":"2017-03-14T17:19:29","slug":"la-mi-postconciliar","status":"publish","type":"page","link":"https:\/\/test4.mi-backup.ch\/es\/esmilitia-immaculatae\/la-mi-postconciliar\/","title":{"rendered":"La MI postconciliar"},"content":{"rendered":"<h1><strong>La MI postconciliar<br \/>\n<\/strong><\/h1>\n<table style=\"width: 250px;\" border=\"0\" align=\"right\">\n<tbody>\n<tr>\n<td style=\"text-align: center;\"><img loading=\"lazy\" style=\"margin: 5px; border: 1px solid black;\" src=\"https:\/\/test4.mi-backup.ch\/wp-content\/uploads\/media\/17_-_Pope_John_Paul_II_and_Franciszek_Gajowniczek_at_the_canonization_of_St._Maximilian_Maria_Kolbe_(1982).jpg\" alt=\"\" width=\"250\" height=\"206\" \/><br \/>\nEl Papa Juan Pablo re\u00fane Franciszek Gajowniczek en la canonizaci\u00f3n de San Maximiliano. Maximilian sacrific\u00f3<br \/>\nsu vivo para \u00e9l.<\/td>\n<\/tr>\n<\/tbody>\n<\/table>\n<p>La Milicia de la Inmaculada fue rebautizada, transform\u00e1ndose en Misi\u00f3n de la Inmaculada, m\u00e1s pacifista y conforme con los principios de la libertad. El fin fue cambiado radicalmente: ya no se hace menci\u00f3n de los masones, de los herejes, etc&#8230; Asimismo, la oraci\u00f3n Oh Mar\u00eda, sin pecado concebida&#8230; se halla desprovista de su conclusi\u00f3n impuesta por el santo fundador: y por todos los que no recurren a Vos, en especial por los masones. La conversi\u00f3n de las almas, abandonar el error y volver al regazo de la santa madre Iglesia ya no figuran en los estatutos. No hay ni una sola palabra sobre el diablo, como enemigo principal de la Inmaculada y de las almas. En consecuencia, ninguna alusi\u00f3n a la salvaci\u00f3n de las almas, las cuales hay que arrebatarlas del infierno.<\/p>\n<h2><strong>Esencia de la MI<\/strong><\/h2>\n<p>Si bien todav\u00eda se menciona la consagraci\u00f3n total a la Inmaculada, la realizaci\u00f3n concreta de esta consagraci\u00f3n se halla esencialmente modificada pues ya no se habla de obediencia, el apostolado se halla desviado de su fin principal que es la propagaci\u00f3n de la verdad por la Inmaculada, en favor de actividades sociales proclives a la promoci\u00f3n de la dignidad de la persona humana y a la protecci\u00f3n de la vida. Se presenta a la Sant\u00edsima Virgen Mar\u00eda simplemente como un ejemplo y modelo a imitar. Se ha eliminado lo que San Maximiliano Maria llamaba \u201cla aplicaci\u00f3n pr\u00e1ctica del dogma de la Inmaculada Concepci\u00f3n\u201d, es decir, su papel activo de Mediadora de todas las gracias (verdad que se presenta desde el Vaticano II como una opini\u00f3n discutible), en particular las gracias de conversi\u00f3n y de santificaci\u00f3n. Se reniega de esta manera lo que el fundador pon\u00eda como base de su obra: \u201cLa actividad de la Milicia se funda sobre la base de la verdad por la cual Mar\u00eda es la Mediadora de todas las gracias; de no ser as\u00ed, todo nuestro trabajo y todos nuestros esfuerzos ser\u00edan vanos\u201d (Conf 6, VI, 1933).<\/p>\n","protected":false},"excerpt":{"rendered":"<p>La MI postconciliar El Papa Juan Pablo re\u00fane Franciszek Gajowniczek en la canonizaci\u00f3n de San Maximiliano. Maximilian sacrific\u00f3 su vivo para \u00e9l. La Milicia de la Inmaculada fue rebautizada, transform\u00e1ndose en Misi\u00f3n de la Inmaculada, m\u00e1s pacifista y conforme con los principios de la libertad. El fin fue cambiado radicalmente:<a class=\"more-link\" href=\"https:\/\/test4.mi-backup.ch\/es\/esmilitia-immaculatae\/la-mi-postconciliar\/\">Leer m\u00e1s &rarr;<\/a><\/p>\n","protected":false},"author":9,"featured_media":0,"parent":302,"menu_order":0,"comment_status":"closed","ping_status":"closed","template":"","meta":[],"_links":{"self":[{"href":"https:\/\/test4.mi-backup.ch\/es\/wp-json\/wp\/v2\/pages\/317"}],"collection":[{"href":"https:\/\/test4.mi-backup.ch\/es\/wp-json\/wp\/v2\/pages"}],"about":[{"href":"https:\/\/test4.mi-backup.ch\/es\/wp-json\/wp\/v2\/types\/page"}],"author":[{"embeddable":true,"href":"https:\/\/test4.mi-backup.ch\/es\/wp-json\/wp\/v2\/users\/9"}],"replies":[{"embeddable":true,"href":"https:\/\/test4.mi-backup.ch\/es\/wp-json\/wp\/v2\/comments?post=317"}],"version-history":[{"count":5,"href":"https:\/\/test4.mi-backup.ch\/es\/wp-json\/wp\/v2\/pages\/317\/revisions"}],"predecessor-version":[{"id":3962,"href":"https:\/\/test4.mi-backup.ch\/es\/wp-json\/wp\/v2\/pages\/317\/revisions\/3962"}],"up":[{"embeddable":true,"href":"https:\/\/test4.mi-backup.ch\/es\/wp-json\/wp\/v2\/pages\/302"}],"wp:attachment":[{"href":"https:\/\/test4.mi-backup.ch\/es\/wp-json\/wp\/v2\/media?parent=317"}],"curies":[{"name":"wp","href":"https:\/\/api.w.org\/{rel}","templated":true}]}}