{"id":318,"date":"2015-07-27T20:28:22","date_gmt":"2015-07-27T20:28:22","guid":{"rendered":"http:\/\/migration.mi-admin.ch\/esmilitia-immaculataeexplicaciones-de-st-maximilian\/"},"modified":"2017-05-17T18:09:13","modified_gmt":"2017-05-17T16:09:13","slug":"explicaciones-de-st-maximilian","status":"publish","type":"page","link":"https:\/\/test4.mi-backup.ch\/es\/explicaciones-de-st-maximilian\/","title":{"rendered":"Explicaciones de St. Maximilian"},"content":{"rendered":"<h1>El Padre Kolbe da algunas explicaciones sobre la MI<\/h1>\n<h2><img loading=\"lazy\" class=\"alignright\" src=\"https:\/\/test4.mi-backup.ch\/wp-content\/uploads\/media\/kolbe3.jpg_(Copy).JPG\" alt=\"\" width=\"250\" height=\"340\" align=\"left\" border=\"1\" hspace=\"5\" vspace=\"5\" \/><strong>\u00bfPor qu\u00e9 debemos recurrir a la Inmaculada de manera especial?<\/strong><\/h2>\n<p>S\u00f3lo por Mar\u00eda y nada m\u00e1s que por Ella podremos obtener la conversi\u00f3n de las almas. Dios, en su infinita bondad, estableci\u00f3 a Nuestra Sant\u00edsima Madre como tesorera de todas las gracias, las cuales son derramadas sobre la tierra s\u00f3lo a trav\u00e9s de Ella. Es normal que pidamos estas gracias a Dios, pero es preciso hacerlo por mediaci\u00f3n de la Inmaculada (Conf. 30\/5\/1933).<\/p>\n<h2><strong>\u00bfEn qu\u00e9 consiste la &#8220;total consagraci\u00f3n&#8221; a Mar\u00eda?<\/strong><\/h2>\n<p>Quisi\u00e9ramos pertenecer a la Inmaculada de tal manera que no quede nada en nosotros que no le pertenezca, anonadarnos en Ella, ser transformados en Ella, ser &#8220;transubstanciados&#8221; en Ella, que no quede sino Ella&#8230; que seamos suyos como Ella es de Dios (Carta 12\/4\/1933).<\/p>\n<h2><strong>\u00bfEs suficiente este acto de total consagraci\u00f3n?<\/strong><\/h2>\n<p>El amor a la Inmaculada no consiste solamente en un acto de consagraci\u00f3n, incluso si se lo reza con fervor, sino en sufrir muchas privaciones y en trabajar para Ella sin cesar (Carta 10\/2\/1937).<\/p>\n<h2><strong>\u00bfEn qu\u00e9 difiere esta consagraci\u00f3n de la &#8220;santa esclavitud&#8221;?<\/strong><\/h2>\n<p>Todas las consagraciones a Mar\u00eda, incluso la de San Luis Mar\u00eda Grignion de Monfort, participan del esp\u00edritu de la MI. Si quisi\u00e9ramos encontrar alguna diferencia, tendr\u00edamos que ahondar en las expresiones &#8220;como vuestro bien y vuestra propiedad&#8221;. Se puede decir que el esclavo (expresi\u00f3n de San Luis Mar\u00eda) posee alg\u00fan derecho personal, pero no se puede decir lo mismo de &#8220;bien&#8221; o de &#8220;propiedad&#8221;. Las expresiones ser\u00e1n tanto m\u00e1s conformes al esp\u00edritu de la MI cuanto m\u00e1s profundamente expresen el sentido de sacrificio de s\u00ed mismo y de oblaci\u00f3n.<br \/>\nLas expresiones de siervo, hijo, esclavo, bien, propiedad, son bellas; pero nosotros quisi\u00e9ramos algo m\u00e1s, desear\u00edamos ser de la Inmaculada sin l\u00edmite alguno. Una palabra unifica todas estas expresivas denominaciones y de las que tendr\u00edamos mucho para decir: ser de la Inmaculada (Carta 12\/4\/1933).<\/p>\n<h2><strong>\u00bf Es indispensable hacer esta consagraci\u00f3n?<\/strong><\/h2>\n<p>Es importante distinguir en la MI lo esencial de lo accidental. No es esencial tal o cual forma de organizaci\u00f3n, sino la consagraci\u00f3n de s\u00ed mismo a la Inmaculada, consagraci\u00f3n incondicional e ilimitada; que el amor a la Inmaculada arda de tal manera en nosotros que las almas que nos rodean sean abrasadas por este fuego (Carta 13\/12\/1938).<\/p>\n<h2><strong>\u00bfQu\u00e9 influencia tiene en nuestra vida esta consagraci\u00f3n?<\/strong><\/h2>\n<p>Esta consagraci\u00f3n no exige en absoluto que abandonemos el mundo, ni la familia, y que entremos en un monasterio. Podemos continuar con nuestro estado de vida y dedicarnos a nuestras actividades habituales; ahora bien, \u00e9stas ya no ser\u00e1n ofrecidas por nosotros mismos, sino que ser\u00e1 la Inmaculada, de quien somos propiedad, quien las ofrecer\u00e1. Ella las ofrece no como obras nuestras, llenas de imperfecciones, sino como si fueran las suyas propias, pues nosotros somos su propiedad con todo lo que nos es propio, aun nuestras actividades.<br \/>\nAhora bien, la Inmaculada no puede ofrecer a Dios nada que est\u00e9 manchado; en sus manos inmaculadas nuestras obras imperfectas se hacen inmaculadas como Ella, se purifican y por lo tanto cobran un valor sin igual (Primera Carta circular en lengua alemana; junio de 1938).<\/p>\n<h2><strong>\u00bfNuestras obras pertenecen a la Inmaculada s\u00f3lo si pensamos en Ella mientras las ejecutamos?<\/strong><\/h2>\n<p>La naturaleza de la consagraci\u00f3n a la Inmaculada no consiste en pensar constantemente en Ella, sino en la voluntad. El alma, con el fiel cumplimiento de su deber de estado, no deja de ser propiedad de la Inmaculada; sus pensamientos, palabras y obras Le pertenecen aun cuando no piense en ello (Primer carta circular en lengua alemana, 10\/6\/1938).<\/p>\n<h2><strong>\u00bfPor qu\u00e9 llevar consigo y difundir la Medalla Milagrosa?<\/strong><\/h2>\n<p>Es preciso utilizar, seg\u00fan la obra que nos propone la MI, todos los medios leg\u00edtimos, especialmente los que la Inmaculada nos indica. La Medalla Milagrosa es uno de ellos (RN, 1937).<br \/>\nDistribuyamos la Medalla Milagrosa en todos los lugares que nos sea posible, a los buenos como a los malos, a los cat\u00f3licos como a los que no lo son, puesto que si alguno de ellos manifiesta a la Inmaculada el peque\u00f1o homenaje de llevar consigo su Medalla, Ella ya no lo abandonar\u00e1 y lo conducir\u00e1 a la fe y a la penitencia: es preciso pues difundir su Medalla y rezar con fervor a la Inmaculada por nuestra conversi\u00f3n y la de nuestro pr\u00f3jimo (Niep. diciembre de 1925).<\/p>\n<h2><strong>\u00bfQu\u00e9 otros ejemplos de medios de apostolado puede darnos?<\/strong><\/h2>\n<p>No s\u00f3lo es preciso defender la fe y contribuir a la salvaci\u00f3n de las almas, sino que es preciso conquistar las almas para la Inmaculada, una a una, arremetiendo audazmente, olvid\u00e1ndose de s\u00ed mismo, en un puesto de avanzada, desplegando su estandarte en las casas editoriales, en los diarios, en las agencias de prensa, sobre las antenas de radio, en los institutos de arte y de literatura, en los teatros, los cines, en los parlamentos y los senados, en una palabra, en todas partes, en todo el universo-mundo (Carta 21\/12\/1928).<\/p>\n<h2><strong>\u00bfCu\u00e1l es el car\u00e1cter peculiar de la MI?<\/strong><\/h2>\n<p>La MI existe no s\u00f3lo como arma defensiva, sino tambi\u00e9n ofensiva. No nos es suficiente defender la religi\u00f3n. Con fortaleza y confiando en nuestra Reina avanzamos hasta el campo enemigo, para cazar all\u00ed a las almas y ganarlas para la Inmaculada&#8230; Cada coraz\u00f3n que en alguna parte del mundo late y latir\u00e1 hasta el fin del mundo, debe convertirse en propiedad de la Inmaculada: este es nuestro ideal, que deseamos alcanzar lo m\u00e1s r\u00e1pidamente posible.<br \/>\n(Carta 23\/4\/1929).<br \/>\nPensar que tantas almas ni siquiera conocen el nombre de Mar\u00eda no da descanso al Caballero de la Inmaculada. Desea ganar todo el mundo para Ella. Desea que Ella penetre en cada coraz\u00f3n que late y latir\u00e1 bajo el sol, para iluminarle con abundantes gracias y encender en \u00e9l el amor de su Coraz\u00f3n maternal y el fuego del amor de Dios, del Coraz\u00f3n de Jes\u00fas (Primera carta circular en lengua alemana, 10\/6\/1938).<\/p>\n<h2><strong>\u00bfLa MI es pues una &#8220;milicia&#8221; que llama al combate?<\/strong><\/h2>\n<p>\u00bfPodemos permanecer inactivos ante los violentos ataques de los enemigos de la Iglesia de Dios? \u00bfBasta con llorar y lamentarse? \u00a1No! Pensemos que en el Juicio Final seremos juzgados no s\u00f3lo por las obras que hemos realizado, sino tambi\u00e9n por aquellas buenas obras que hubi\u00e9ramos podido realizar y no las hicimos (Caballero 1923) Sufrir, trabajar y morir como caballeros, no de muerte &#8220;ordinaria&#8221; sino, por ejemplo con un disparo en la nuca para sellar nuestro amor a la Inmaculada, derramar como verdadero caballero nuestra sangre hasta la \u00faltima gota y as\u00ed acelerar la conquista del mundo entero para Ella (RN, 1939).<\/p>\n<h2><strong>\u00bfQu\u00e9 principales enemigos hallamos en este combate?<\/strong><\/h2>\n<p>En todo el mundo se combate contra la Iglesia y contra la salvaci\u00f3n de las almas. El enemigo se presenta bajo m\u00faltiples formas y diferentes nombres. No es ninguna novedad que el socialismo aprovecha la miseria de los trabajadores para inocularles el veneno de la incredulidad. Los bolcheviques pisotean a la Religi\u00f3n delante de nosotros. O\u00edmos las ense\u00f1anzas de los materialistas que reducen el universo a aquello que se capta por los sentidos y de este modo se persuaden que Dios y las almas inmortales no existen. La teosof\u00eda difunde la indiferencia religiosa; los Testigos de Jehov\u00e1 y otros protestantes recrutan cada vez m\u00e1s<br \/>\nadeptos a fuerza de buenas sumas de dinero. Todos estos campos de acci\u00f3n se unen en un mismo frente contra la Iglesia (Caballero 1923).<br \/>\nDetr\u00e1s de este frente se encuentra, sin embargo, el principal ej\u00e9rcito del enemigo: el principal, el m\u00e1s fuerte y el peor enemigo de la Iglesia: la masoner\u00eda (Manuscrito: Los enemigos actuales de la Iglesia).<\/p>\n<h2><strong>\u00bfC\u00f3mo entiende la MI al ecumenismo?<\/strong><\/h2>\n<p>\u00a1T\u00fa sola has aniquilado todas las herej\u00edas en todo el mundo! \u00bfC\u00f3mo debemos interpretarlo?<br \/>\nMar\u00eda ha aniquilado las herej\u00edas, no a los herejes, a quienes ama y desea ver convertidos. Es precisamente por amor a ellos que Mar\u00eda los libera de la herej\u00eda y destruye en ellos el error y las falsas concepciones. Ella aniquila las herej\u00edas, es decir no s\u00f3lo las aten\u00faa o las disminuye, sino que las destruye por completo, de manera que no quedan m\u00e1s huellas.<br \/>\n\u00bfTodas las herej\u00edas? \u00a1Todas, sin excepci\u00f3n! \u00bfD\u00f3nde? \u00a1En todo el mundo! \u00a1No solamente en uno u otro pa\u00eds, sino en todos los pa\u00edses del mundo! \u00a1T\u00fa sola las has aniquilado! \u00a1T\u00fa sola has podido hacerlo! (Caballero, 1933).<\/p>\n<h2><strong>El por qu\u00e9 de las invocaciones jaculatorias<\/strong><\/h2>\n<p>Somos almas destinadas a elevar constantemente nuestras manos para rezar; el futuro depende, en gran medida, de estas almas. Adem\u00e1s de la oraci\u00f3n cotidiana en com\u00fan, a\u00f1adimos muchas oraciones privadas. La oraci\u00f3n o la acci\u00f3n, por m\u00e1s peque\u00f1as que sean, tienen efecto. Dios quiere que gobernemos al mundo por la oraci\u00f3n (Conf. 10\/3\/1940).<\/p>\n<h2><strong>\u00bfExisten grupos que celebren reuniones en la MI?<\/strong><\/h2>\n<p>En cada localidad puede surgir un grupo &#8220;MI&#8221;, cuya importancia no depende tanto del n\u00famero como del fervor del mismo; incluso podr\u00e1n surgir distintos grupos , seg\u00fan las diferencias sociales, las condiciones y las circunstancias, [&#8230;] que busquen juntos los medios para obtener el fin, que examinen los resultados y que mejoren los m\u00e9todos de acci\u00f3n a partir de la experiencia realizada (Carta 2\/12\/1931).<\/p>\n<h2><strong>\u00bfEs necesaria esta estructura para el apostolado?<\/strong><\/h2>\n<p>La acci\u00f3n exterior es buena aunque secundaria, y m\u00e1s que secundaria en comparaci\u00f3n con la vida interior, con la vida de recogimiento, de oraci\u00f3n y de amor personal a Dios. A medida que nosotros mismos nos encendamos cada vez m\u00e1s en el amor de Dios, podremos encender en los otros este mismo amor (Carta 10\/9\/1940).<\/p>\n<h2><strong>\u00bfNuestra Se\u00f1ora, pide tambi\u00e9n la penitencia?<\/strong><\/h2>\n<p>Desde el punto de vista sobrenatural, los medios son la oraci\u00f3n y el sufrimiento. El trabajo no tiene ning\u00fan valor sin el sacrificio de nosotros mismos (Conf. 5\/3\/1938).<br \/>\nHay que aceptar de manos de la Inmaculada todo lo que Ella misma tenga a bien enviarnos, cu\u00e1ndo y c\u00f3mo Ella lo quiera, sea agradable o no. Las cruces son necesarias, puesto que incluso la Inmaculada padeci\u00f3 en este mundo muchas cruces; Jes\u00fas mismo no elegi\u00f3 otro camino (Carta 28\/12\/1934).<\/p>\n<h2><strong>\u00bfQu\u00e9 podr\u00eda decirnos a manera de conclusi\u00f3n?<\/strong><\/h2>\n<p>\u00bfAcaso no es bello este ideal de vida? Luchar por conquistar el mundo entero, el coraz\u00f3n de todos y de cada uno de los hombres en particular, comenzando con el de uno mismo. Nuestra fuerza consiste en reconocer nuestra ignorancia, nuestra debilidad y nuestra miseria, y en confiar sin medida en la bondad y en el poder de la Inmaculada (Carta 11\/12\/1930).<br \/>\nUna gran batalla se librar\u00e1 bajo el estandarte de la Inmaculada; enarbolaremos sus banderas contra las huestes del pr\u00edncipe de las tinieblas; entonces, la Inmaculada se convertir\u00e1 en la Reina del mundo entero y de cada alma en particular&#8230; (Carta 3\/5\/1931)<\/p>\n","protected":false},"excerpt":{"rendered":"<p>El Padre Kolbe da algunas explicaciones sobre la MI \u00bfPor qu\u00e9 debemos recurrir a la Inmaculada de manera especial? S\u00f3lo por Mar\u00eda y nada m\u00e1s que por Ella podremos obtener la conversi\u00f3n de las almas. Dios, en su infinita bondad, estableci\u00f3 a Nuestra Sant\u00edsima Madre como tesorera de todas las<a class=\"more-link\" href=\"https:\/\/test4.mi-backup.ch\/es\/explicaciones-de-st-maximilian\/\">Leer m\u00e1s &rarr;<\/a><\/p>\n","protected":false},"author":9,"featured_media":0,"parent":0,"menu_order":0,"comment_status":"closed","ping_status":"closed","template":"","meta":[],"_links":{"self":[{"href":"https:\/\/test4.mi-backup.ch\/es\/wp-json\/wp\/v2\/pages\/318"}],"collection":[{"href":"https:\/\/test4.mi-backup.ch\/es\/wp-json\/wp\/v2\/pages"}],"about":[{"href":"https:\/\/test4.mi-backup.ch\/es\/wp-json\/wp\/v2\/types\/page"}],"author":[{"embeddable":true,"href":"https:\/\/test4.mi-backup.ch\/es\/wp-json\/wp\/v2\/users\/9"}],"replies":[{"embeddable":true,"href":"https:\/\/test4.mi-backup.ch\/es\/wp-json\/wp\/v2\/comments?post=318"}],"version-history":[{"count":3,"href":"https:\/\/test4.mi-backup.ch\/es\/wp-json\/wp\/v2\/pages\/318\/revisions"}],"predecessor-version":[{"id":588,"href":"https:\/\/test4.mi-backup.ch\/es\/wp-json\/wp\/v2\/pages\/318\/revisions\/588"}],"wp:attachment":[{"href":"https:\/\/test4.mi-backup.ch\/es\/wp-json\/wp\/v2\/media?parent=318"}],"curies":[{"name":"wp","href":"https:\/\/api.w.org\/{rel}","templated":true}]}}