{"id":319,"date":"2014-05-27T15:35:51","date_gmt":"2014-05-27T15:35:51","guid":{"rendered":"http:\/\/migration.mi-admin.ch\/esmilitia-immaculataeresurgimiento-de-la-mi-en-la-tradicion\/"},"modified":"2017-03-14T18:20:07","modified_gmt":"2017-03-14T17:20:07","slug":"resurgimiento-de-la-mi-en-la-tradicion","status":"publish","type":"page","link":"https:\/\/test4.mi-backup.ch\/es\/resurgimiento-de-la-mi-en-la-tradicion\/","title":{"rendered":"Resurgimiento de la MI en la tradici\u00f3n"},"content":{"rendered":"<h1>Resurgimiento de la MI en la tradici\u00f3n<\/h1>\n<table border=\"0\" width=\"750\" cellspacing=\"1\" cellpadding=\"1\">\n<tbody>\n<tr>\n<td valign=\"top\" width=\"472\">El 6 de mayo de 2000 el Superior de la Fraternidad San P\u00edo X en Polonia, con la autorizaci\u00f3n del Superior General, Monse\u00f1or Bernardo Fellay, y seg\u00fan los principios de la jurisdicci\u00f3n de suplencia, ha vuelto a erigir la MI seg\u00fan el esp\u00edritu y los textos de sus Estatutos originales. En febrero de 2000 escrib\u00eda el Superior General a los miembros de la Fraternidad:<br \/>\n<strong>&#8220;Los invito a recibir y difundir esta maravillosa y apost\u00f3lica iniciativa. Vemos en ella una perfecta concordancia con F\u00e1tima por un lado, y con la piadosa consagraci\u00f3n a la Sant\u00edsima Virgen Mar\u00eda que nuestros Estatutos exigen de nosotros por el otro&#8221;.<\/strong><br \/>\nLos fieles que deseen ingresar a la MI pueden pedir a un Padre de la Fraternidad que realice la ceremonia de admisi\u00f3n; pero ser\u00e1n aceptados como &#8220;Caballeros de la Inmaculada&#8221; s\u00f3lo cuando el Padre haya firmado el certificado de miembro y est\u00e9 inscrito en el Registro Central de la MI.<\/td>\n<td valign=\"top\" width=\"265\">\n<p style=\"text-align: center;\"><img loading=\"lazy\" src=\"https:\/\/test4.mi-backup.ch\/wp-content\/uploads\/media\/Fatima.PathtoPeace.Stehlin_(Copy).png\" alt=\"\" width=\"250\" height=\"153\" align=\"top\" border=\"1\" hspace=\"5\" vspace=\"5\" \/><span style=\"font-family: Tahoma;\">Padre Karl Stehlin SSPX, el fundador de<br \/>\nla MI original en la tradici\u00f3n cat\u00f3lica<\/span><\/p>\n<p style=\"text-align: center;\"><img loading=\"lazy\" src=\"https:\/\/test4.mi-backup.ch\/wp-content\/uploads\/media\/bishop_fellay_sspx_superior_general460.jpg\" alt=\"\" width=\"250\" height=\"226\" align=\"top\" border=\"1\" hspace=\"5\" vspace=\"5\" \/><br \/>\n<span id=\"result_box\" lang=\"es\" tabindex=\"-1\"><span style=\"font-family: Tahoma;\"><span class=\"hps\">Monse\u00f1or Bernard Fellay, Superior General<br \/>\nde la Fraternidad San P\u00edo X.<\/span><\/span><\/span><\/p>\n<\/td>\n<\/tr>\n<\/tbody>\n<\/table>\n","protected":false},"excerpt":{"rendered":"<p>Resurgimiento de la MI en la tradici\u00f3n El 6 de mayo de 2000 el Superior de la Fraternidad San P\u00edo X en Polonia, con la autorizaci\u00f3n del Superior General, Monse\u00f1or Bernardo Fellay, y seg\u00fan los principios de la jurisdicci\u00f3n de suplencia, ha vuelto a erigir la MI seg\u00fan el esp\u00edritu<a class=\"more-link\" href=\"https:\/\/test4.mi-backup.ch\/es\/resurgimiento-de-la-mi-en-la-tradicion\/\">Leer m\u00e1s &rarr;<\/a><\/p>\n","protected":false},"author":9,"featured_media":0,"parent":0,"menu_order":0,"comment_status":"closed","ping_status":"closed","template":"","meta":[],"_links":{"self":[{"href":"https:\/\/test4.mi-backup.ch\/es\/wp-json\/wp\/v2\/pages\/319"}],"collection":[{"href":"https:\/\/test4.mi-backup.ch\/es\/wp-json\/wp\/v2\/pages"}],"about":[{"href":"https:\/\/test4.mi-backup.ch\/es\/wp-json\/wp\/v2\/types\/page"}],"author":[{"embeddable":true,"href":"https:\/\/test4.mi-backup.ch\/es\/wp-json\/wp\/v2\/users\/9"}],"replies":[{"embeddable":true,"href":"https:\/\/test4.mi-backup.ch\/es\/wp-json\/wp\/v2\/comments?post=319"}],"version-history":[{"count":7,"href":"https:\/\/test4.mi-backup.ch\/es\/wp-json\/wp\/v2\/pages\/319\/revisions"}],"predecessor-version":[{"id":3963,"href":"https:\/\/test4.mi-backup.ch\/es\/wp-json\/wp\/v2\/pages\/319\/revisions\/3963"}],"wp:attachment":[{"href":"https:\/\/test4.mi-backup.ch\/es\/wp-json\/wp\/v2\/media?parent=319"}],"curies":[{"name":"wp","href":"https:\/\/api.w.org\/{rel}","templated":true}]}}