{"id":320,"date":"2014-06-02T12:27:19","date_gmt":"2014-06-02T12:27:19","guid":{"rendered":"http:\/\/migration.mi-admin.ch\/esmilitia-immaculataeindulgencias\/"},"modified":"2017-03-14T18:19:21","modified_gmt":"2017-03-14T17:19:21","slug":"indulgencias","status":"publish","type":"page","link":"https:\/\/test4.mi-backup.ch\/es\/indulgencias\/","title":{"rendered":"Indulgencias"},"content":{"rendered":"<h1>INDULGENCIAS CONCEDIDAS A LA MI<\/h1>\n<p>Conforme al Breve del Papa P\u00edo XI del 18 de diciembre de 1926, los miembros de la MI pueden ganar una indulgencia plenaria los d\u00edas siguientes:<\/p>\n<p>-El d\u00eda del ingreso a la MI<br \/>\n-El d\u00eda del aniversario de la fundaci\u00f3n de la MI (16 de octubre)<br \/>\n-Fiesta de la Inmaculada Concepci\u00f3n (8 de diciembre)<br \/>\n-Fiesta de la Anunciaci\u00f3n (25 de marzo)<br \/>\n-Fiesta de la Asunci\u00f3n (15 de agosto)<br \/>\n-Fiesta de la aparici\u00f3n de Nuestra Se\u00f1ora en Lourdes (11 de febrero)<br \/>\n-Fiesta de la aparici\u00f3n de Nuestra Se\u00f1ora en F\u00e1tima (13 de mayo)<br \/>\n-Fiesta de San Francisco de As\u00eds (4 de octubre)<br \/>\n-Fiesta de la Medalla Milagrosa (27 de noviembre)<\/p>\n<p>Condiciones para recibir una indulgencia plenaria: adem\u00e1s de las disposiciones habituales (confesi\u00f3n sacramental dentro de los 8 d\u00edas, Sgda. Comuni\u00f3n, oraci\u00f3n por las intenciones del Papa, desapego a todo pecado, incluso venial), se debe renovar las promesas de observar los estatutos de la MI y ser fieles a ellos.<\/p>\n","protected":false},"excerpt":{"rendered":"<p>INDULGENCIAS CONCEDIDAS A LA MI Conforme al Breve del Papa P\u00edo XI del 18 de diciembre de 1926, los miembros de la MI pueden ganar una indulgencia plenaria los d\u00edas siguientes: -El d\u00eda del ingreso a la MI -El d\u00eda del aniversario de la fundaci\u00f3n de la MI (16 de<a class=\"more-link\" href=\"https:\/\/test4.mi-backup.ch\/es\/indulgencias\/\">Leer m\u00e1s &rarr;<\/a><\/p>\n","protected":false},"author":9,"featured_media":0,"parent":0,"menu_order":0,"comment_status":"closed","ping_status":"closed","template":"","meta":[],"_links":{"self":[{"href":"https:\/\/test4.mi-backup.ch\/es\/wp-json\/wp\/v2\/pages\/320"}],"collection":[{"href":"https:\/\/test4.mi-backup.ch\/es\/wp-json\/wp\/v2\/pages"}],"about":[{"href":"https:\/\/test4.mi-backup.ch\/es\/wp-json\/wp\/v2\/types\/page"}],"author":[{"embeddable":true,"href":"https:\/\/test4.mi-backup.ch\/es\/wp-json\/wp\/v2\/users\/9"}],"replies":[{"embeddable":true,"href":"https:\/\/test4.mi-backup.ch\/es\/wp-json\/wp\/v2\/comments?post=320"}],"version-history":[{"count":4,"href":"https:\/\/test4.mi-backup.ch\/es\/wp-json\/wp\/v2\/pages\/320\/revisions"}],"predecessor-version":[{"id":3961,"href":"https:\/\/test4.mi-backup.ch\/es\/wp-json\/wp\/v2\/pages\/320\/revisions\/3961"}],"wp:attachment":[{"href":"https:\/\/test4.mi-backup.ch\/es\/wp-json\/wp\/v2\/media?parent=320"}],"curies":[{"name":"wp","href":"https:\/\/api.w.org\/{rel}","templated":true}]}}