{"id":3880,"date":"2017-03-09T17:10:52","date_gmt":"2017-03-09T16:10:52","guid":{"rendered":"https:\/\/test4.mi-backup.ch\/carrito\/"},"modified":"2022-08-19T18:18:37","modified_gmt":"2022-08-19T16:18:37","slug":"carrito","status":"publish","type":"page","link":"https:\/\/test4.mi-backup.ch\/es\/carrito\/","title":{"rendered":"Carrito"},"content":{"rendered":"<p><strong>Aviso general<\/strong><br \/>\nTodos los productos son para uso personal o para regalar. Los objetos de devoci\u00f3n (rosarios, medallas, escapularios, etc.) est\u00e1n bendecidos y no se pueden vender.<\/p>\n<p><strong>Nota sobre el tiempo de env\u00edo y los plazos de entrega<\/strong><br \/>\nNuestros productos se env\u00edan normalmente en el plazo de una semana, as\u00ed que espere de 1 a 3 semanas para la entrega, a veces incluso m\u00e1s para los env\u00edos internacionales.<br \/>\nAntecedentes: Somos una asociaci\u00f3n dirigida por voluntarios y no una empresa de venta por correo. Tambi\u00e9n hemos comprobado que los env\u00edos internacionales suelen tardar varias semanas.<\/p>\n<hr \/>\n<p>&nbsp;<\/p>\n\n","protected":false},"excerpt":{"rendered":"<p>Aviso general Todos los productos son para uso personal o para regalar. Los objetos de devoci\u00f3n (rosarios, medallas, escapularios, etc.) est\u00e1n bendecidos y no se pueden vender. Nota sobre el tiempo de env\u00edo y los plazos de entrega Nuestros productos se env\u00edan normalmente en el plazo de una semana, as\u00ed<a class=\"more-link\" href=\"https:\/\/test4.mi-backup.ch\/es\/carrito\/\">Leer m\u00e1s &rarr;<\/a><\/p>\n","protected":false},"author":9,"featured_media":0,"parent":0,"menu_order":0,"comment_status":"closed","ping_status":"closed","template":"","meta":[],"_links":{"self":[{"href":"https:\/\/test4.mi-backup.ch\/es\/wp-json\/wp\/v2\/pages\/3880"}],"collection":[{"href":"https:\/\/test4.mi-backup.ch\/es\/wp-json\/wp\/v2\/pages"}],"about":[{"href":"https:\/\/test4.mi-backup.ch\/es\/wp-json\/wp\/v2\/types\/page"}],"author":[{"embeddable":true,"href":"https:\/\/test4.mi-backup.ch\/es\/wp-json\/wp\/v2\/users\/9"}],"replies":[{"embeddable":true,"href":"https:\/\/test4.mi-backup.ch\/es\/wp-json\/wp\/v2\/comments?post=3880"}],"version-history":[{"count":3,"href":"https:\/\/test4.mi-backup.ch\/es\/wp-json\/wp\/v2\/pages\/3880\/revisions"}],"predecessor-version":[{"id":77683,"href":"https:\/\/test4.mi-backup.ch\/es\/wp-json\/wp\/v2\/pages\/3880\/revisions\/77683"}],"wp:attachment":[{"href":"https:\/\/test4.mi-backup.ch\/es\/wp-json\/wp\/v2\/media?parent=3880"}],"curies":[{"name":"wp","href":"https:\/\/api.w.org\/{rel}","templated":true}]}}