{"id":5554,"date":"2022-08-05T17:56:59","date_gmt":"2022-08-05T15:56:59","guid":{"rendered":"https:\/\/test4.mi-backup.ch\/?page_id=5554\/"},"modified":"2022-08-06T14:12:23","modified_gmt":"2022-08-06T12:12:23","slug":"apostolado-2","status":"publish","type":"page","link":"https:\/\/test4.mi-backup.ch\/es\/apostolado-2\/","title":{"rendered":"Apostolado"},"content":{"rendered":"<div style=\"position: relative; width: 100%; height: 0; padding-top: 100.0000%; padding-bottom: 48px; box-shadow: 0 2px 8px 0 rgba(63,69,81,0.16); margin-top: 1.6em; margin-bottom: 0.9em; overflow: hidden; border-radius: 8px; will-change: transform;\"><iframe style=\"position: absolute; width: 100%; height: 100%; top: 0; left: 0; border: none; padding: 0; margin: 0;\" src=\"https:\/\/www.canva.com\/design\/DAFF7lpeopQ\/view?embed\" allowfullscreen=\"allowfullscreen\"><br \/>\n<\/iframe><\/div>\n<p><a href=\"https:\/\/www.canva.com\/design\/DAFF7lpeopQ\/view?utm_content=DAFF7lpeopQ&amp;utm_campaign=designshare&amp;utm_medium=embeds&amp;utm_source=link\" target=\"_blank\" rel=\"noopener\">SPAN L&#8217;APOSTOLAT DE LA MI<\/a><\/p>\n<p><a href=\"https:\/\/test4.mi-backup.ch\/wp-content\/uploads\/2022\/08\/Span-Serie-Kolbe3.jpg\"><img loading=\"lazy\" class=\"alignright wp-image-74531\" src=\"https:\/\/test4.mi-backup.ch\/wp-content\/uploads\/2022\/08\/Span-Serie-Kolbe3-212x300.jpg\" alt=\"\" width=\"300\" height=\"424\" srcset=\"https:\/\/test4.mi-backup.ch\/wp-content\/uploads\/2022\/08\/Span-Serie-Kolbe3-212x300.jpg 212w, https:\/\/test4.mi-backup.ch\/wp-content\/uploads\/2022\/08\/Span-Serie-Kolbe3-724x1024.jpg 724w, https:\/\/test4.mi-backup.ch\/wp-content\/uploads\/2022\/08\/Span-Serie-Kolbe3-768x1086.jpg 768w, https:\/\/test4.mi-backup.ch\/wp-content\/uploads\/2022\/08\/Span-Serie-Kolbe3-1086x1536.jpg 1086w, https:\/\/test4.mi-backup.ch\/wp-content\/uploads\/2022\/08\/Span-Serie-Kolbe3-389x550.jpg 389w, https:\/\/test4.mi-backup.ch\/wp-content\/uploads\/2022\/08\/Span-Serie-Kolbe3-600x849.jpg 600w, https:\/\/test4.mi-backup.ch\/wp-content\/uploads\/2022\/08\/Span-Serie-Kolbe3.jpg 1414w\" sizes=\"(max-width: 300px) 100vw, 300px\" \/><\/a>El apostolado de la MI se halla bajo la gu\u00eda espiritual y la protecci\u00f3n de San Maximiliano Kolbe, el cual fue un esclarecido modelo de celo por la salvaci\u00f3n de las almas y por la propagaci\u00f3n del reinado de Cristo por medio de la Inmaculada. <strong>Su celo no conoc\u00eda frontera alguna.<\/strong> Lo que m\u00e1s le hubiera gustado es trabajar para la Inmaculada en todos los pa\u00edses del mundo.<\/p>\n<p>Apenas hab\u00eda fundado la ciudad de la Inmaculada en Polonia, cuando ped\u00eda a sus superiores el permiso para ir a predicar al Jap\u00f3n. Los superiores le preguntaron asombrados si conoc\u00eda el idioma japon\u00e9s, si ten\u00eda all\u00ed alg\u00fan contacto, o si dispon\u00eda de dinero para ese prop\u00f3sito; el santo contest\u00f3 negativamente a todas esas preguntas. Sin embargo, como sus superiores ya lo conoc\u00edan, lo dejaron partir. <strong>Su inconmensurable confianza para con su Se\u00f1ora no qued\u00f3 decepcionada.<\/strong> Su divisa era, entregar todo en manos de la Inmaculada, realmente todo; entonces se dirig\u00eda a ella lleno de confianza, de manera que lo que ped\u00eda lo obten\u00eda.<\/p>\n","protected":false},"excerpt":{"rendered":"<p>SPAN L&#8217;APOSTOLAT DE LA MI El apostolado de la MI se halla bajo la gu\u00eda espiritual y la protecci\u00f3n de San Maximiliano Kolbe, el cual fue un esclarecido modelo de celo por la salvaci\u00f3n de las almas y por la propagaci\u00f3n del reinado de Cristo por medio de la Inmaculada.<a class=\"more-link\" href=\"https:\/\/test4.mi-backup.ch\/es\/apostolado-2\/\">Leer m\u00e1s &rarr;<\/a><\/p>\n","protected":false},"author":9,"featured_media":0,"parent":0,"menu_order":0,"comment_status":"closed","ping_status":"closed","template":"","meta":[],"_links":{"self":[{"href":"https:\/\/test4.mi-backup.ch\/es\/wp-json\/wp\/v2\/pages\/5554"}],"collection":[{"href":"https:\/\/test4.mi-backup.ch\/es\/wp-json\/wp\/v2\/pages"}],"about":[{"href":"https:\/\/test4.mi-backup.ch\/es\/wp-json\/wp\/v2\/types\/page"}],"author":[{"embeddable":true,"href":"https:\/\/test4.mi-backup.ch\/es\/wp-json\/wp\/v2\/users\/9"}],"replies":[{"embeddable":true,"href":"https:\/\/test4.mi-backup.ch\/es\/wp-json\/wp\/v2\/comments?post=5554"}],"version-history":[{"count":7,"href":"https:\/\/test4.mi-backup.ch\/es\/wp-json\/wp\/v2\/pages\/5554\/revisions"}],"predecessor-version":[{"id":74645,"href":"https:\/\/test4.mi-backup.ch\/es\/wp-json\/wp\/v2\/pages\/5554\/revisions\/74645"}],"wp:attachment":[{"href":"https:\/\/test4.mi-backup.ch\/es\/wp-json\/wp\/v2\/media?parent=5554"}],"curies":[{"name":"wp","href":"https:\/\/api.w.org\/{rel}","templated":true}]}}