{"id":57595,"date":"2022-07-13T11:07:19","date_gmt":"2022-07-13T09:07:19","guid":{"rendered":"https:\/\/test4.mi-backup.ch\/all-social-media\/"},"modified":"2022-07-13T15:22:59","modified_gmt":"2022-07-13T13:22:59","slug":"todas-las-redes-sociales","status":"publish","type":"page","link":"https:\/\/test4.mi-backup.ch\/es\/todas-las-redes-sociales\/","title":{"rendered":"Todas las redes sociales"},"content":{"rendered":"<h1><strong>Tabla de contenidos:<\/strong><\/h1>\n<ol>\n<li>Redes sociales que requieren ir a la Web.<\/li>\n<li>Redes independientes de la Web.<\/li>\n<\/ol>\n<h4><strong>1. Redes sociales que requieren ir a la Web<\/strong><\/h4>\n<h4 style=\"padding-left: 40px;\"><strong>A. YOUTUBE<a href=\"https:\/\/test4.mi-backup.ch\/wp-content\/uploads\/2022\/04\/SPAN-YOUTUBE-724x1024.jpg\"><img loading=\"lazy\" class=\"alignright wp-image-58462\" src=\"https:\/\/test4.mi-backup.ch\/wp-content\/uploads\/2022\/04\/SPAN-YOUTUBE-724x1024.jpg\" alt=\"\" width=\"300\" height=\"424\" srcset=\"https:\/\/test4.mi-backup.ch\/wp-content\/uploads\/2022\/04\/SPAN-YOUTUBE-724x1024.jpg 724w, https:\/\/test4.mi-backup.ch\/wp-content\/uploads\/2022\/04\/SPAN-YOUTUBE-212x300.jpg 212w, https:\/\/test4.mi-backup.ch\/wp-content\/uploads\/2022\/04\/SPAN-YOUTUBE-768x1086.jpg 768w, https:\/\/test4.mi-backup.ch\/wp-content\/uploads\/2022\/04\/SPAN-YOUTUBE-1086x1536.jpg 1086w, https:\/\/test4.mi-backup.ch\/wp-content\/uploads\/2022\/04\/SPAN-YOUTUBE-389x550.jpg 389w, https:\/\/test4.mi-backup.ch\/wp-content\/uploads\/2022\/04\/SPAN-YOUTUBE-600x849.jpg 600w, https:\/\/test4.mi-backup.ch\/wp-content\/uploads\/2022\/04\/SPAN-YOUTUBE.jpg 1414w\" sizes=\"(max-width: 300px) 100vw, 300px\" \/><\/a><\/strong><\/h4>\n<p><strong>Introducci\u00f3n<\/strong>: El principio de YouTube es bastante simple: Es una plataforma de contenido audiovisual en la cual publicamos videos de nuestra autor\u00eda, conferencias de temas Marianos y sermones de sacerdotes miembros de la MI.<\/p>\n<p><strong>Objetivo<\/strong>: Estos videos tienen un solo fin: ser compartidos y transmitidos a personas alrededor nuestro, ayudando a las almas en su vida espiritual y que vuelvan a Dios.<\/p>\n<h5><em>Canales en distintos idiomas:<\/em><\/h5>\n<div class=\"gmail_default\">CANAL DE YOUTUBE EN INGL\u00c9S Y ESPA\u00d1OL: <strong><a href=\"https:\/\/www.youtube.com\/c\/MilitiaImmaculataeTraditional\" target=\"_blank\" rel=\"noopener\" data-saferedirecturl=\"https:\/\/www.google.com\/url?q=https:\/\/www.youtube.com\/c\/MilitiaImmaculataeTraditional&amp;source=gmail&amp;ust=1647415938512000&amp;usg=AOvVaw2bGKJagGqbq227WF55iNpV\">Militia Immaculatae<\/a><\/strong><\/div>\n<div><\/div>\n<div class=\"gmail_default\">CANAL DE YOUTUBE EN FRANC\u00c9S: <strong><a href=\"https:\/\/www.youtube.com\/c\/MilitiaImmaculataeFR\" target=\"_blank\" rel=\"noopener\" data-saferedirecturl=\"https:\/\/www.google.com\/url?q=https:\/\/www.youtube.com\/c\/MilitiaImmaculataeFR&amp;source=gmail&amp;ust=1647415938512000&amp;usg=AOvVaw3jkRSPlog5tZgBCSGiEBJ9\">Militia Immaculatae FR<\/a><\/strong><\/div>\n<div><\/div>\n<div class=\"gmail_default\">CANAL DE YOUTUBE EN POLACO: <strong><a href=\"https:\/\/www.youtube.com\/c\/TriumfNiepokalanej\" target=\"_blank\" rel=\"noopener\" data-saferedirecturl=\"https:\/\/www.google.com\/url?q=https:\/\/www.youtube.com\/c\/TriumfNiepokalanej&amp;source=gmail&amp;ust=1647415938512000&amp;usg=AOvVaw0aZk_UTbO7lPdw5E3nwOrI\">Triumf Niepokalanej<\/a><\/strong><\/div>\n<div><\/div>\n<div class=\"gmail_default\">CANAL DE YOUTUBE EN ALEM\u00c1N:<strong><a href=\"https:\/\/www.youtube.com\/c\/MilitiaImmaculatae\" target=\"_blank\" rel=\"noopener\" data-saferedirecturl=\"https:\/\/www.google.com\/url?q=https:\/\/www.youtube.com\/c\/MilitiaImmaculatae&amp;source=gmail&amp;ust=1647415938512000&amp;usg=AOvVaw3yXpuAnCZ37He8O9Ri4ZNs\">Militia Immaculatae<\/a><\/strong><\/div>\n<hr \/>\n<h4 style=\"padding-left: 40px;\"><strong>B. INSTAGRAM<a href=\"https:\/\/test4.mi-backup.ch\/wp-content\/uploads\/2022\/04\/SPAN-INSTA-724x1024.jpg\"><img loading=\"lazy\" class=\"alignright wp-image-58494\" src=\"https:\/\/test4.mi-backup.ch\/wp-content\/uploads\/2022\/04\/SPAN-INSTA-724x1024.jpg\" alt=\"\" width=\"300\" height=\"424\" srcset=\"https:\/\/test4.mi-backup.ch\/wp-content\/uploads\/2022\/04\/SPAN-INSTA-724x1024.jpg 724w, https:\/\/test4.mi-backup.ch\/wp-content\/uploads\/2022\/04\/SPAN-INSTA-212x300.jpg 212w, https:\/\/test4.mi-backup.ch\/wp-content\/uploads\/2022\/04\/SPAN-INSTA-768x1086.jpg 768w, https:\/\/test4.mi-backup.ch\/wp-content\/uploads\/2022\/04\/SPAN-INSTA-1086x1536.jpg 1086w, https:\/\/test4.mi-backup.ch\/wp-content\/uploads\/2022\/04\/SPAN-INSTA-389x550.jpg 389w, https:\/\/test4.mi-backup.ch\/wp-content\/uploads\/2022\/04\/SPAN-INSTA-600x849.jpg 600w, https:\/\/test4.mi-backup.ch\/wp-content\/uploads\/2022\/04\/SPAN-INSTA.jpg 1414w\" sizes=\"(max-width: 300px) 100vw, 300px\" \/><\/a><\/strong><\/h4>\n<p><strong>Introducci\u00f3n<\/strong>: El principio de Instagram es simple: es una red para compartir im\u00e1genes, en la que publicamos nuestras tarjetas virtuales.<\/p>\n<p><strong>Objetivo<\/strong>: Las tarjetas est\u00e1n especialmente hechas en un formato cuadrado para ser publicadas y compartidas de manera sencilla, y as\u00ed ayudar a las almas en su vida espiritual y su retorno a Dios.<\/p>\n<h5><em>Canales en diferentes idiomas:<\/em><\/h5>\n<p>INGLES &#8211;\u00a0<a href=\"https:\/\/www.instagram.com\/invites\/contact\/?i=cnte9lhpdzzg&amp;utm_content=o66hfz8\" target=\"_blank\" rel=\"noopener\"><strong>militiaimmaculataeen<\/strong><\/a><\/p>\n<p>FRENCH &#8211; <strong><a href=\"https:\/\/www.instagram.com\/invites\/contact\/?i=jhpnkmcjzk0h&amp;utm_content=l25aysn\" target=\"_blank\" rel=\"noopener\">miltiaimmaculataefr<\/a><\/strong><\/p>\n<p>ESPA\u00d1OL &#8211; <a href=\"https:\/\/instagram.com\/miliciainmaculadaperu?igshid=YmMyMTA2M2Y=\" target=\"_blank\" rel=\"noopener\"><strong>miliciainmaculataperu<\/strong><\/a><\/p>\n<hr \/>\n<h4 style=\"padding-left: 40px;\"><strong>C. FACEBOOK<a href=\"https:\/\/test4.mi-backup.ch\/wp-content\/uploads\/2022\/04\/SPAN-fb-724x1024.jpg\"><img loading=\"lazy\" class=\"alignright wp-image-58486\" src=\"https:\/\/test4.mi-backup.ch\/wp-content\/uploads\/2022\/04\/SPAN-fb-724x1024.jpg\" alt=\"\" width=\"300\" height=\"424\" srcset=\"https:\/\/test4.mi-backup.ch\/wp-content\/uploads\/2022\/04\/SPAN-fb-724x1024.jpg 724w, https:\/\/test4.mi-backup.ch\/wp-content\/uploads\/2022\/04\/SPAN-fb-212x300.jpg 212w, https:\/\/test4.mi-backup.ch\/wp-content\/uploads\/2022\/04\/SPAN-fb-768x1086.jpg 768w, https:\/\/test4.mi-backup.ch\/wp-content\/uploads\/2022\/04\/SPAN-fb-1086x1536.jpg 1086w, https:\/\/test4.mi-backup.ch\/wp-content\/uploads\/2022\/04\/SPAN-fb-389x550.jpg 389w, https:\/\/test4.mi-backup.ch\/wp-content\/uploads\/2022\/04\/SPAN-fb-600x849.jpg 600w, https:\/\/test4.mi-backup.ch\/wp-content\/uploads\/2022\/04\/SPAN-fb.jpg 1414w\" sizes=\"(max-width: 300px) 100vw, 300px\" \/><\/a><\/strong><\/h4>\n<p><strong>Introducci\u00f3n<\/strong>: Esta plataforma es usada para publicar nuestros art\u00edculos, tarjetas, videos y todo nuevo documento f\u00edsico o virtual.<\/p>\n<p><strong>Objetivo<\/strong>: Sencillamente alimentar a las almas gota a gota, pues Facebook es un motivo de tiempo perdido cuando es usado de manera adictiva. Para los Caballeros, publicamos las noticias y nos alejamos de las rencillas del mundo virtual.<\/p>\n<h5><em>P\u00e1ginas, perfiles y \u00e1lbumes en diferentes idiomas:<\/em><\/h5>\n<p>PERFIL EN FRANC\u00c9S &#8211; <a href=\"https:\/\/www.facebook.com\/militiaimmaculataefr\" class=\"broken_link\" target=\"_blank\" rel=\"noopener\"><strong>MILITIA IMMACULATAE<\/strong><\/a><\/p>\n<p>P\u00c1GINA EN INGL\u00c9S &#8211;<a href=\"https:\/\/www.facebook.com\/militiaimmaculataeen\" class=\"broken_link\" target=\"_blank\" rel=\"noopener\"><strong> Militia Immaculatae &#8211; Traditional Observance<\/strong><\/a><\/p>\n<p>\u00c1LBUM EN POLACO &#8211; <a href=\"https:\/\/www.facebook.com\/media\/set\/?set=a.2957085287877994&amp;type=3\" class=\"broken_link\" target=\"_blank\" rel=\"noopener\"><strong>W NIEPOKALANYM SERCU MARYI<\/strong><\/a><\/p>\n<p>\u00c1LBUM EN TURCO &#8211; <a href=\"https:\/\/www.facebook.com\/media\/set\/?set=a.2957082251211631&amp;type=3\" class=\"broken_link\" target=\"_blank\" rel=\"noopener\"><strong>MERYEM&#8217;IN LEKESIZ KALBI<\/strong><\/a><\/p>\n<p><strong>\u00c1LBUM EN ESPA\u00d1OL<\/strong> &#8211; <a href=\"https:\/\/www.facebook.com\/media\/set\/?set=a.2957075244545665&amp;type=3\" class=\"broken_link\" target=\"_blank\" rel=\"noopener\"><strong>EL CORAZON DE MARIA<\/strong><\/a><\/p>\n<p>\u00c1LBUM EN CHINO &#8211; <a href=\"https:\/\/www.facebook.com\/media\/set\/?set=a.2957077407878782&amp;type=3\" class=\"broken_link\" target=\"_blank\" rel=\"noopener\"><strong>\u5723\u6bcd\u5723\u5fc3\u9601<\/strong><\/a><\/p>\n<p>\u00c1LBUM EN INDONESIO &#8211; <a href=\"https:\/\/www.facebook.com\/media\/set\/?set=a.2957087964544393&amp;type=3\" class=\"broken_link\" target=\"_blank\" rel=\"noopener\"><strong>DI DALAM HATI MARIA INDONESIA<\/strong><\/a><\/p>\n<hr \/>\n<h4><strong>2. Redes independientes de la Web.<a href=\"https:\/\/test4.mi-backup.ch\/wp-content\/uploads\/2022\/04\/SPAN-CELEBRATE-724x1024.jpg\"><img loading=\"lazy\" class=\"alignright wp-image-58478\" src=\"https:\/\/test4.mi-backup.ch\/wp-content\/uploads\/2022\/04\/SPAN-CELEBRATE-724x1024.jpg\" alt=\"\" width=\"300\" height=\"424\" srcset=\"https:\/\/test4.mi-backup.ch\/wp-content\/uploads\/2022\/04\/SPAN-CELEBRATE-724x1024.jpg 724w, https:\/\/test4.mi-backup.ch\/wp-content\/uploads\/2022\/04\/SPAN-CELEBRATE-212x300.jpg 212w, https:\/\/test4.mi-backup.ch\/wp-content\/uploads\/2022\/04\/SPAN-CELEBRATE-768x1086.jpg 768w, https:\/\/test4.mi-backup.ch\/wp-content\/uploads\/2022\/04\/SPAN-CELEBRATE-1086x1536.jpg 1086w, https:\/\/test4.mi-backup.ch\/wp-content\/uploads\/2022\/04\/SPAN-CELEBRATE-389x550.jpg 389w, https:\/\/test4.mi-backup.ch\/wp-content\/uploads\/2022\/04\/SPAN-CELEBRATE-600x849.jpg 600w, https:\/\/test4.mi-backup.ch\/wp-content\/uploads\/2022\/04\/SPAN-CELEBRATE.jpg 1414w\" sizes=\"(max-width: 300px) 100vw, 300px\" \/><\/a><\/strong><\/h4>\n<h4 style=\"padding-left: 40px;\"><strong>A. CELEBRATE<\/strong><\/h4>\n<p><strong>Introducci\u00f3n<\/strong>: El principio de Celebrate es bastante simple: es un lugar de almacenamiento de fotos donde hemos publicado todas las tarjetas virtuales durante varios a\u00f1os. Esta aplicaci\u00f3n no requiere ingresar a sitios web, ni registro previo. Por lo tanto, es de muy f\u00e1cil acceso y es una valiosa fuente de munici\u00f3n para los Caballeros. Esta aplicaci\u00f3n solo se puede utilizar en dispositivos m\u00f3viles&#8230;<\/p>\n<p><strong>Objetivo<\/strong>: Las tarjetas virtuales se publican en esta aplicaci\u00f3n en diferentes \u00e1lbumes. Si todos pueden usarlo, se requiere, sin embargo, no publicar nada personal en los \u00e1lbumes. Las tarjetas simplemente deben descargarse y luego compartirse, y difundirse entre nosotros para ayudar a las almas en su vida espiritual y volverlas a Dios.<\/p>\n<p><strong>Pasos<\/strong>: Descarga la aplicaci\u00f3n Celebrate. Luego, ingresa el nombre del \u00e1lbum y el c\u00f3digo\u2026 \u00a1Ya est\u00e1!<\/p>\n<h5><em>\u00c1lbumes en diferentes idiomas:<\/em><\/h5>\n<table>\n<tbody>\n<tr>\n<td width=\"185\"><strong>IDIOMAS<\/strong><\/td>\n<td width=\"212\"><strong>T\u00cdTULOS DEL \u00c1LBUM<\/strong><\/td>\n<td width=\"212\"><strong>C\u00d3DIGO<\/strong><\/td>\n<\/tr>\n<tr>\n<td width=\"185\"><strong>FRANC\u00c9S<\/strong><\/td>\n<td width=\"212\"><a href=\"https:\/\/join.celebrate.app\/kg9M\/70860c41?af_force_deeplink=true&amp;code=FLIJMV\" target=\"_blank\" rel=\"noopener\"><strong>AU ROYAUME DE MARIE<\/strong><\/a><\/td>\n<td width=\"212\">FLIJMV<\/td>\n<\/tr>\n<tr>\n<td width=\"185\"><\/td>\n<td width=\"212\"><a href=\"https:\/\/join.celebrate.app\/kg9M\/70860c41?af_force_deeplink=true&amp;code=AHLNEH\" target=\"_blank\" rel=\"noopener\"><strong>INSTAGRAM FRAN\u00c7AIS<\/strong><\/a><\/td>\n<td width=\"212\">AHLNEH<\/td>\n<\/tr>\n<tr>\n<td width=\"185\"><strong>INGL\u00c9S AMERICANO<\/strong><\/td>\n<td width=\"212\"><a href=\"https:\/\/join.celebrate.app\/kg9M\/70860c41?af_force_deeplink=true&amp;code=KZSDLQ\" target=\"_blank\" rel=\"noopener\"><strong>IN MARY&#8217;S HEART<\/strong><\/a><\/td>\n<td width=\"212\">KZSDLQ<\/td>\n<\/tr>\n<tr>\n<td width=\"185\"><strong>ESPA\u00d1OL<\/strong><\/td>\n<td width=\"212\"><a href=\"https:\/\/join.celebrate.app\/kg9M\/70860c41?af_force_deeplink=true&amp;code=GFXQHP\" target=\"_blank\" rel=\"noopener\"><strong>EL CORAZON DE MARIA<\/strong><\/a><\/td>\n<td width=\"212\">GFXQHP<\/td>\n<\/tr>\n<tr>\n<td width=\"185\"><strong>POLACO<\/strong><\/td>\n<td width=\"212\"><a href=\"https:\/\/join.celebrate.app\/kg9M\/70860c41?af_force_deeplink=true&amp;code=ABVDKY\" target=\"_blank\" rel=\"noopener\"><strong>W NIEPOKALANYM SERCU MARYI POLAND<\/strong><\/a><\/td>\n<td width=\"212\">ABVDKY<\/td>\n<\/tr>\n<tr>\n<td width=\"185\"><strong>TURCO<\/strong><\/td>\n<td width=\"212\"><a href=\"https:\/\/join.celebrate.app\/kg9M\/70860c41?af_force_deeplink=true&amp;code=AQSJGG\" target=\"_blank\" rel=\"noopener\"><strong>MERYEM&#8217;IN LEKESIZ KALBI TURK<\/strong><\/a><\/td>\n<td width=\"212\">AQSJGG<\/td>\n<\/tr>\n<tr>\n<td width=\"185\"><strong>INDONESIO<\/strong><\/td>\n<td width=\"212\"><strong><a href=\"https:\/\/join.celebrate.app\/kg9M\/70860c41?af_force_deeplink=true&amp;code=RSORQU\" target=\"_blank\" rel=\"noopener\">DI DALAM HATI MARIA INDONESIA<\/a><\/strong><\/td>\n<td width=\"212\">RSORQU<\/td>\n<\/tr>\n<tr>\n<td width=\"185\"><strong>CHINO<\/strong><\/td>\n<td width=\"212\"><a href=\"https:\/\/join.celebrate.app\/kg9M\/70860c41?af_force_deeplink=true&amp;code=LSXPNZ\" target=\"_blank\" rel=\"noopener\"><strong>\u5723\u6bcd\u5723\u5fc3\u9601<\/strong><\/a><\/td>\n<td width=\"212\">LSXPNZ<\/td>\n<\/tr>\n<tr>\n<td width=\"185\"><strong>PORTUGU\u00c9S<\/strong><\/td>\n<td width=\"212\"><a href=\"https:\/\/join.celebrate.app\/kg9M\/70860c41?af_force_deeplink=true&amp;code=JNFXGJ\" target=\"_blank\" rel=\"noopener\"><strong>NO IMACULADO CORA\u00c7\u00c3O DE MARIA PORTUGAL<\/strong><\/a><\/td>\n<td width=\"212\">JNFXGJ<\/td>\n<\/tr>\n<tr>\n<td width=\"185\"><strong>CROATA<\/strong><\/td>\n<td width=\"212\"><a href=\"https:\/\/join.celebrate.app\/kg9M\/70860c41?af_force_deeplink=true&amp;code=RGBVOT\" target=\"_blank\" rel=\"noopener\"><strong>U MARIJINOM SRCU CROATIE<\/strong><\/a><\/td>\n<td width=\"212\">RGBVOT<\/td>\n<\/tr>\n<tr>\n<td width=\"185\"><strong>ALEM\u00c1N<\/strong><\/td>\n<td width=\"212\"><a href=\"https:\/\/join.celebrate.app\/kg9M\/70860c41?af_force_deeplink=true&amp;code=WDSDKV\" target=\"_blank\" rel=\"noopener\"><strong>IN MARIA HERZEN GERMANY<\/strong><\/a><\/td>\n<td width=\"212\">WDSDKV<\/td>\n<\/tr>\n<tr>\n<td width=\"185\"><strong>LENGUAS BISAYAS<\/strong><\/td>\n<td width=\"212\"><a href=\"https:\/\/join.celebrate.app\/kg9M\/70860c41?af_force_deeplink=true&amp;code=YFBVRW\" target=\"_blank\" rel=\"noopener\"><strong>MAHAL NA BIRHENG MARIA, REYNA NG PILIPINAS<\/strong><\/a><\/td>\n<td width=\"212\">YFBVRW<\/td>\n<\/tr>\n<tr>\n<td width=\"185\"><strong>T\u00c1MIL<\/strong><\/td>\n<td width=\"212\"><a href=\"https:\/\/join.celebrate.app\/kg9M\/70860c41?af_force_deeplink=true&amp;code=VPKJVL\" target=\"_blank\" rel=\"noopener\"><strong>\u0bae\u0bb0\u0bbf\u0baf\u0bbe\u0baf\u0bbf\u0ba9\u0bcd \u0b87\u0bb0\u0bc1\u0ba4\u0baf\u0ba4\u0bcd\u0ba4\u0bbf\u0bb2\u0bcd Tamil<\/strong><\/a><\/td>\n<td width=\"212\">VPKJVL<\/td>\n<\/tr>\n<\/tbody>\n<\/table>\n<div class=\"sc-aemoO kAkSPR\">\n<div class=\"sc-higXBA iTdwUQ\">\n<div class=\"sc-gGmIRh dReUCL\">\n<hr \/>\n<\/div>\n<\/div>\n<\/div>\n<h4 style=\"padding-left: 40px;\"><strong>B. TELEGRAM<a href=\"https:\/\/test4.mi-backup.ch\/wp-content\/uploads\/2022\/04\/SPAN-TELEGRAM-724x1024.jpg\"><img loading=\"lazy\" class=\"alignright wp-image-58454\" src=\"https:\/\/test4.mi-backup.ch\/wp-content\/uploads\/2022\/04\/SPAN-TELEGRAM-724x1024.jpg\" alt=\"\" width=\"300\" height=\"424\" srcset=\"https:\/\/test4.mi-backup.ch\/wp-content\/uploads\/2022\/04\/SPAN-TELEGRAM-724x1024.jpg 724w, https:\/\/test4.mi-backup.ch\/wp-content\/uploads\/2022\/04\/SPAN-TELEGRAM-212x300.jpg 212w, https:\/\/test4.mi-backup.ch\/wp-content\/uploads\/2022\/04\/SPAN-TELEGRAM-768x1086.jpg 768w, https:\/\/test4.mi-backup.ch\/wp-content\/uploads\/2022\/04\/SPAN-TELEGRAM-1086x1536.jpg 1086w, https:\/\/test4.mi-backup.ch\/wp-content\/uploads\/2022\/04\/SPAN-TELEGRAM-389x550.jpg 389w, https:\/\/test4.mi-backup.ch\/wp-content\/uploads\/2022\/04\/SPAN-TELEGRAM-600x849.jpg 600w, https:\/\/test4.mi-backup.ch\/wp-content\/uploads\/2022\/04\/SPAN-TELEGRAM.jpg 1414w\" sizes=\"(max-width: 300px) 100vw, 300px\" \/><\/a><\/strong><\/h4>\n<p><strong>Introducci\u00f3n<\/strong>: Telegram es bastante simple: Por un lado, funciona como buz\u00f3n de correo simple; por otro, tenemos la posibilidad de <strong>crear canales en los cuales publicamos nuestras tarjetas<\/strong> virtuales dos veces por semana.<\/p>\n<p><strong>Objetivo<\/strong>: Estas publicaciones tienen un solo objetivo: ser compartidas y distribuidas a las almas a nuestro alrededor para ayudarles en su vida espiritual y su retorno a Dios.<\/p>\n<p><em>Para buscar un canal en un idioma distintos, debes escribir al inicio:<strong> t.me\/<\/strong><\/em><\/p>\n<p><strong><em>Ejemplo: https:\/\/t.me\/militiaimmaculataes<\/em><\/strong><\/p>\n<h5><em>\u00a0<\/em><em>Canales en distintos idiomas:<\/em><\/h5>\n<p><em>CANAL EN ESPA\u00d1OL<\/em> \u2013 <a href=\"https:\/\/t.me\/militiaimmaculataees\" target=\"_blank\" rel=\"noopener\" data-saferedirecturl=\"https:\/\/www.google.com\/url?q=https:\/\/t.me\/militiaimmaculataees&amp;source=gmail&amp;ust=1647415938512000&amp;usg=AOvVaw1P7DZ4aBp0OQfCXIHnZ1-h\"><strong>MILITIA IMMACULATAE ES<\/strong><\/a><\/p>\n<p><em>CANAL EN FRANC\u00c9S<\/em> \u2013 <a href=\"https:\/\/t.me\/militiaimmaculataefr\" target=\"_blank\" rel=\"noopener\" data-saferedirecturl=\"https:\/\/www.google.com\/url?q=https:\/\/t.me\/militiaimmaculataefr&amp;source=gmail&amp;ust=1647415938512000&amp;usg=AOvVaw2N6OP37hw5a448ZW9ooW-q\"><strong>MILITIA IMMACULATAE FR<\/strong><\/a><\/p>\n<p><em>CANAL EN INGL\u00c9S <\/em>\u2013 <a href=\"https:\/\/t.me\/militiaimmaculataeen\" target=\"_blank\" rel=\"noopener\" data-saferedirecturl=\"https:\/\/www.google.com\/url?q=https:\/\/t.me\/militiaimmaculataeengl&amp;source=gmail&amp;ust=1647415938512000&amp;usg=AOvVaw1SFWCf6ILx6689LXdOIDC0\"><strong>MILITIA IMMACULATAE EN<\/strong><\/a><\/p>\n<p><em>CANAL EN POLACO<\/em> \u2013 <a href=\"https:\/\/t.me\/militiaimmaculataepl\" target=\"_blank\" rel=\"noopener\" data-saferedirecturl=\"https:\/\/www.google.com\/url?q=https:\/\/t.me\/militiaimmaculataepl&amp;source=gmail&amp;ust=1647415938512000&amp;usg=AOvVaw2jS9qlXwz0PMobaHXMPPsq\"><strong>MILITIA IMMACULATAE PL<\/strong><\/a><\/p>\n<p><em>CANAL EN TURCO<\/em> \u2013 <a href=\"https:\/\/t.me\/militiaimmaculataetr\" target=\"_blank\" rel=\"noopener\" data-saferedirecturl=\"https:\/\/www.google.com\/url?q=https:\/\/t.me\/militiaimmaculataetr&amp;source=gmail&amp;ust=1647415938512000&amp;usg=AOvVaw1l6i4CO-d2Iwv6l_SYi1Od\"><strong>MILITIA IMMACULATAE TR<\/strong><\/a><\/p>\n<p><em>CANAL EN INDONESIO <\/em>\u2013 <strong><a href=\"https:\/\/t.me\/militiaimmaculataeid\" target=\"_blank\" rel=\"noopener\" data-saferedirecturl=\"https:\/\/www.google.com\/url?q=https:\/\/t.me\/militiaimmaculataeid&amp;source=gmail&amp;ust=1647415938512000&amp;usg=AOvVaw0tBpWX_5aGn1S19HPJP-Ec\">MILITIA IMMACULATAE ID<\/a><\/strong><\/p>\n<hr \/>\n<h4 style=\"padding-left: 40px;\"><strong>C.WHATSAPP<a href=\"https:\/\/test4.mi-backup.ch\/wp-content\/uploads\/2022\/04\/WHATSAPP-724x1024.jpg\"><img loading=\"lazy\" class=\"alignright wp-image-58470\" src=\"https:\/\/test4.mi-backup.ch\/wp-content\/uploads\/2022\/04\/WHATSAPP-724x1024.jpg\" alt=\"\" width=\"300\" height=\"424\" srcset=\"https:\/\/test4.mi-backup.ch\/wp-content\/uploads\/2022\/04\/WHATSAPP-724x1024.jpg 724w, https:\/\/test4.mi-backup.ch\/wp-content\/uploads\/2022\/04\/WHATSAPP-212x300.jpg 212w, https:\/\/test4.mi-backup.ch\/wp-content\/uploads\/2022\/04\/WHATSAPP-768x1086.jpg 768w, https:\/\/test4.mi-backup.ch\/wp-content\/uploads\/2022\/04\/WHATSAPP-1086x1536.jpg 1086w, https:\/\/test4.mi-backup.ch\/wp-content\/uploads\/2022\/04\/WHATSAPP-389x550.jpg 389w, https:\/\/test4.mi-backup.ch\/wp-content\/uploads\/2022\/04\/WHATSAPP-600x849.jpg 600w, https:\/\/test4.mi-backup.ch\/wp-content\/uploads\/2022\/04\/WHATSAPP.jpg 1414w\" sizes=\"(max-width: 300px) 100vw, 300px\" \/><\/a><\/strong><\/h4>\n<p><strong>Introducci\u00f3n<\/strong>: <strong>Whatsapp<\/strong> trabaja tan sencillamente como una plataforma de mensajer\u00eda instant\u00e1nea. Tenemos grupos en distintos idiomas en los cuales enviamos publicaciones dos veces a la semana. Asimismo, esta mensajer\u00eda nos permite tener intercambios con los Caballeros que reciben las tarjetas.<\/p>\n<p><strong>Objetivo: Difundir las tarjetas y publicaciones de la Inmaculada, y tambi\u00e9n mantener contacto con Caballeros aislados por el mundo.<\/strong><\/p>\n<table>\n<tbody>\n<tr>\n<td width=\"185\"><strong>IDIOMAS<\/strong><\/td>\n<td width=\"212\"><strong>NOMBRE DE LOS GRUPOS<\/strong><\/td>\n<\/tr>\n<tr>\n<td width=\"185\"><strong>FRANC\u00c9S<\/strong><\/td>\n<td width=\"212\"><a href=\"https:\/\/chat.whatsapp.com\/IRvB9vyVNwMFLKINBmPidW\" target=\"_blank\" rel=\"noopener\"><strong>AU ROYAUME DE MARIE<\/strong><\/a><\/td>\n<\/tr>\n<tr>\n<td width=\"185\"><strong>INGL\u00c9S<\/strong><\/td>\n<td width=\"212\"><a href=\"https:\/\/chat.whatsapp.com\/I9izuJWfdUj8ls3F7QaWTN\" target=\"_blank\" rel=\"noopener\"><strong>IN MARY&#8217;S HEART<\/strong><\/a><\/td>\n<\/tr>\n<tr>\n<td width=\"185\"><strong>ESPA\u00d1OL<\/strong><\/td>\n<td width=\"212\"><a href=\"https:\/\/chat.whatsapp.com\/FehpneYA014BFQNtwNx5J5\" target=\"_blank\" rel=\"noopener\"><strong>EL CORAZON DE MARIA<\/strong><\/a><\/td>\n<\/tr>\n<tr>\n<td width=\"185\"><strong>TURCO<\/strong><\/td>\n<td width=\"212\"><a href=\"https:\/\/chat.whatsapp.com\/DnVBeM4ab3RGzBHooNynxx\" target=\"_blank\" rel=\"noopener\"><strong>MERYEM&#8217;IN LEKESIZ KALBI TURK<\/strong><\/a><\/td>\n<\/tr>\n<\/tbody>\n<\/table>\n<hr \/>\n<p><a href=\"https:\/\/test4.mi-backup.ch\/wp-content\/uploads\/2022\/04\/enligne-avec-Marie.jpg\"><img loading=\"lazy\" class=\"aligncenter wp-image-58511 size-full\" src=\"https:\/\/test4.mi-backup.ch\/wp-content\/uploads\/2022\/04\/enligne-avec-Marie.jpg\" alt=\"\" width=\"2000\" height=\"1414\" srcset=\"https:\/\/test4.mi-backup.ch\/wp-content\/uploads\/2022\/04\/enligne-avec-Marie.jpg 2000w, https:\/\/test4.mi-backup.ch\/wp-content\/uploads\/2022\/04\/enligne-avec-Marie-300x212.jpg 300w, https:\/\/test4.mi-backup.ch\/wp-content\/uploads\/2022\/04\/enligne-avec-Marie-1024x724.jpg 1024w, https:\/\/test4.mi-backup.ch\/wp-content\/uploads\/2022\/04\/enligne-avec-Marie-768x543.jpg 768w, https:\/\/test4.mi-backup.ch\/wp-content\/uploads\/2022\/04\/enligne-avec-Marie-1536x1086.jpg 1536w, https:\/\/test4.mi-backup.ch\/wp-content\/uploads\/2022\/04\/enligne-avec-Marie-425x300.jpg 425w, https:\/\/test4.mi-backup.ch\/wp-content\/uploads\/2022\/04\/enligne-avec-Marie-600x424.jpg 600w\" sizes=\"(max-width: 2000px) 100vw, 2000px\" \/><\/a><\/p>\n","protected":false},"excerpt":{"rendered":"<p>Tabla de contenidos: Redes sociales que requieren ir a la Web. Redes independientes de la Web. 1. Redes sociales que requieren ir a la Web A. YOUTUBE Introducci\u00f3n: El principio de YouTube es bastante simple: Es una plataforma de contenido audiovisual en la cual publicamos videos de nuestra autor\u00eda, conferencias<a class=\"more-link\" href=\"https:\/\/test4.mi-backup.ch\/es\/todas-las-redes-sociales\/\">Leer m\u00e1s &rarr;<\/a><\/p>\n","protected":false},"author":182,"featured_media":58503,"parent":0,"menu_order":0,"comment_status":"closed","ping_status":"closed","template":"","meta":[],"_links":{"self":[{"href":"https:\/\/test4.mi-backup.ch\/es\/wp-json\/wp\/v2\/pages\/57595"}],"collection":[{"href":"https:\/\/test4.mi-backup.ch\/es\/wp-json\/wp\/v2\/pages"}],"about":[{"href":"https:\/\/test4.mi-backup.ch\/es\/wp-json\/wp\/v2\/types\/page"}],"author":[{"embeddable":true,"href":"https:\/\/test4.mi-backup.ch\/es\/wp-json\/wp\/v2\/users\/182"}],"replies":[{"embeddable":true,"href":"https:\/\/test4.mi-backup.ch\/es\/wp-json\/wp\/v2\/comments?post=57595"}],"version-history":[{"count":7,"href":"https:\/\/test4.mi-backup.ch\/es\/wp-json\/wp\/v2\/pages\/57595\/revisions"}],"predecessor-version":[{"id":69807,"href":"https:\/\/test4.mi-backup.ch\/es\/wp-json\/wp\/v2\/pages\/57595\/revisions\/69807"}],"wp:featuredmedia":[{"embeddable":true,"href":"https:\/\/test4.mi-backup.ch\/es\/wp-json\/wp\/v2\/media\/58503"}],"wp:attachment":[{"href":"https:\/\/test4.mi-backup.ch\/es\/wp-json\/wp\/v2\/media?parent=57595"}],"curies":[{"name":"wp","href":"https:\/\/api.w.org\/{rel}","templated":true}]}}