{"id":74830,"date":"2022-08-05T14:44:01","date_gmt":"2022-08-05T12:44:01","guid":{"rendered":"https:\/\/test4.mi-backup.ch\/materiel-apostolique-virtuel\/"},"modified":"2022-08-09T14:26:44","modified_gmt":"2022-08-09T12:26:44","slug":"material-para-el-apostolado-virtual","status":"publish","type":"page","link":"https:\/\/test4.mi-backup.ch\/es\/material-para-el-apostolado-virtual\/","title":{"rendered":"Material para el apostolado virtual"},"content":{"rendered":"<blockquote><p><strong>p\u00e1gina en construcci\u00f3n, \u00a1gracias por su paciencia!<\/strong><\/p>\n<p><em>En esta p\u00e1gina encontrar\u00e1 todos los mapas virtuales y publicaciones anteriores de M.I. organizados por temas.<\/em><\/p>\n<p>El objetivo general de estas publicaciones es darte herramientas apost\u00f3licas: puedes utilizarlas de dos maneras: difundi\u00e9ndolas en las redes sociales; o comparti\u00e9ndolas con tus amigos, relaciones, personas que encuentres en el camino&#8230; Para nuevas publicaciones, \u00fanete a nosotros en <a href=\"https:\/\/t.me\/militiaimmaculataees\" target=\"_blank\"><strong>Telegram MILITIAIMMACULATAEES<\/strong><\/a><\/p><\/blockquote>\n<div style=\"position: relative; width: 100%; height: 0; padding-top: 100.0000%; padding-bottom: 48px; box-shadow: 0 2px 8px 0 rgba(63,69,81,0.16); margin-top: 1.6em; margin-bottom: 0.9em; overflow: hidden; border-radius: 8px; will-change: transform;\"><iframe style=\"position: absolute; width: 100%; height: 100%; top: 0; left: 0; border: none; padding: 0; margin: 0;\" src=\"https:\/\/www.canva.com\/design\/DAFIjkYJLeA\/view?embed\" allowfullscreen=\"allowfullscreen\"><br \/>\n<\/iframe><\/div>\n<p><a href=\"https:\/\/www.canva.com\/design\/DAFIjkYJLeA\/view?utm_content=DAFIjkYJLeA&amp;utm_campaign=designshare&amp;utm_medium=embeds&amp;utm_source=link\" target=\"_blank\" rel=\"noopener\">Material para el apostolado virtual<\/a><\/p>\n<hr \/>\n<h4><strong>PARA SABER M\u00c1S SOBRE EL APOSTOLADO DE LA M.I.<\/strong><\/h4>\n<div style=\"position: relative; width: 100%; height: 0; padding-top: 33.3333%; padding-bottom: 48px; box-shadow: 0 2px 8px 0 rgba(63,69,81,0.16); margin-top: 1.6em; margin-bottom: 0.9em; overflow: hidden; border-radius: 8px; will-change: transform;\"><iframe style=\"position: absolute; width: 100%; height: 100%; top: 0; left: 0; border: none; padding: 0; margin: 0;\" src=\"https:\/\/www.canva.com\/design\/DAFIjLU7EIg\/view?embed\" allowfullscreen=\"allowfullscreen\"><br \/>\n<\/iframe><\/div>\n<p><a href=\"https:\/\/www.canva.com\/design\/DAFIjLU7EIg\/view?utm_content=DAFIjLU7EIg&amp;utm_campaign=designshare&amp;utm_medium=embeds&amp;utm_source=link\" target=\"_blank\" rel=\"noopener\" class=\"broken_link\">SPAN L&#8217;APOSTOLAT DE LA MI (6\u00a0\u00d7\u00a02\u00a0po)<\/a> par Marie<\/p>\n","protected":false},"excerpt":{"rendered":"<p>p\u00e1gina en construcci\u00f3n, \u00a1gracias por su paciencia! En esta p\u00e1gina encontrar\u00e1 todos los mapas virtuales y publicaciones anteriores de M.I. organizados por temas. El objetivo general de estas publicaciones es darte herramientas apost\u00f3licas: puedes utilizarlas de dos maneras: difundi\u00e9ndolas en las redes sociales; o comparti\u00e9ndolas con tus amigos, relaciones, personas<a class=\"more-link\" href=\"https:\/\/test4.mi-backup.ch\/es\/material-para-el-apostolado-virtual\/\">Leer m\u00e1s &rarr;<\/a><\/p>\n","protected":false},"author":182,"featured_media":74832,"parent":0,"menu_order":0,"comment_status":"closed","ping_status":"closed","template":"","meta":[],"_links":{"self":[{"href":"https:\/\/test4.mi-backup.ch\/es\/wp-json\/wp\/v2\/pages\/74830"}],"collection":[{"href":"https:\/\/test4.mi-backup.ch\/es\/wp-json\/wp\/v2\/pages"}],"about":[{"href":"https:\/\/test4.mi-backup.ch\/es\/wp-json\/wp\/v2\/types\/page"}],"author":[{"embeddable":true,"href":"https:\/\/test4.mi-backup.ch\/es\/wp-json\/wp\/v2\/users\/182"}],"replies":[{"embeddable":true,"href":"https:\/\/test4.mi-backup.ch\/es\/wp-json\/wp\/v2\/comments?post=74830"}],"version-history":[{"count":4,"href":"https:\/\/test4.mi-backup.ch\/es\/wp-json\/wp\/v2\/pages\/74830\/revisions"}],"predecessor-version":[{"id":75860,"href":"https:\/\/test4.mi-backup.ch\/es\/wp-json\/wp\/v2\/pages\/74830\/revisions\/75860"}],"wp:featuredmedia":[{"embeddable":true,"href":"https:\/\/test4.mi-backup.ch\/es\/wp-json\/wp\/v2\/media\/74832"}],"wp:attachment":[{"href":"https:\/\/test4.mi-backup.ch\/es\/wp-json\/wp\/v2\/media?parent=74830"}],"curies":[{"name":"wp","href":"https:\/\/api.w.org\/{rel}","templated":true}]}}