{"id":75945,"date":"2017-02-09T23:16:37","date_gmt":"2017-02-09T22:16:37","guid":{"rendered":"https:\/\/test4.mi-backup.ch\/ceremonial-dadmission-dans-la-m-i\/"},"modified":"2022-08-12T10:14:13","modified_gmt":"2022-08-12T08:14:13","slug":"admision-a-la-mi","status":"publish","type":"page","link":"https:\/\/test4.mi-backup.ch\/es\/admision-a-la-mi\/","title":{"rendered":"Admisi\u00f3n a la MI"},"content":{"rendered":"<h1><strong>CEREMONIAL DE ADMISI\u00d3N A LA MILITIA IMMACULAT\u00c6<\/strong><\/h1>\n<h4><strong>Canto del Veni Creator<\/strong><\/h4>\n<div style=\"position: relative; width: 100%; height: 0; padding-top: 133.3333%; padding-bottom: 48px; box-shadow: 0 2px 8px 0 rgba(63,69,81,0.16); margin-top: 1.6em; margin-bottom: 0.9em; overflow: hidden; border-radius: 8px; will-change: transform;\"><iframe style=\"position: absolute; width: 100%; height: 100%; top: 0; left: 0; border: none; padding: 0; margin: 0;\" src=\"https:\/\/www.canva.com\/design\/DAFJGG7UbtU\/view?embed\" allowfullscreen=\"allowfullscreen\"><br \/>\n<\/iframe><\/div>\n<p><a href=\"https:\/\/www.canva.com\/design\/DAFJGG7UbtU\/view?utm_content=DAFJGG7UbtU&amp;utm_campaign=designshare&amp;utm_medium=embeds&amp;utm_source=link\" target=\"_blank\" rel=\"noopener\" class=\"broken_link\">Span Veni Creator Spiritus<\/a><\/p>\n<hr \/>\n<h4><strong>Canto del Ave Maris Stella u otro c\u00e1ntico mariano<\/strong><\/h4>\n<div style=\"position: relative; width: 100%; height: 0; padding-top: 133.3333%; padding-bottom: 48px; box-shadow: 0 2px 8px 0 rgba(63,69,81,0.16); margin-top: 1.6em; margin-bottom: 0.9em; overflow: hidden; border-radius: 8px; will-change: transform;\"><iframe style=\"position: absolute; width: 100%; height: 100%; top: 0; left: 0; border: none; padding: 0; margin: 0;\" src=\"https:\/\/www.canva.com\/design\/DAFJGG07dsc\/view?embed\" allowfullscreen=\"allowfullscreen\"><br \/>\n<\/iframe><\/div>\n<p><a href=\"https:\/\/www.canva.com\/design\/DAFJGG07dsc\/view?utm_content=DAFJGG07dsc&amp;utm_campaign=designshare&amp;utm_medium=embeds&amp;utm_source=link\" target=\"_blank\" rel=\"noopener\">Span Ave Maris stella<\/a><\/p>\n<hr \/>\n<h4><strong>Alocuci\u00f3n del sacerdote<\/strong><\/h4>\n<h4><strong>Renovaci\u00f3n de las promesas del bautismo (facultativo):<\/strong><\/h4>\n<p>Sacerdote: El d\u00eda de nuestro bautismo renunciamos a Satan\u00e1s, a sus pompas y a sus obras. Asimismo prometimos servir fielmente a Dios en el seno de la Iglesia Cat\u00f3lica. Renonvemos hoy las promesas de nuestro bautismo. Por ello os pregunto:<br \/>\n\u00bfRenunci\u00e1is a Satan\u00e1s? \u2013 \u00a1Renunciamos!<br \/>\n\u00bfY a todas sus pompas? \u2013 \u00a1Renunciamos!<br \/>\n\u00bfY a todas sus obras? \u2013 \u00a1Renunciamos!<br \/>\n\u00bfCre\u00e9is en Dios, Padre todopoderoso, creador del cielo y de la tierra? \u2013 \u00a1Creemos!<br \/>\n\u00bfCre\u00e9is en Jesucristo, su \u00fanico Hijo, nuestro Se\u00f1or, que naci\u00f3 y padeci\u00f3? \u2013 \u00a1Creemos!<br \/>\n\u00bfCre\u00e9is en el Esp\u00edritu Santo, en la Santa Iglesia Cat\u00f3lica, en la Comuni\u00f3n de los Santos, en el perd\u00f3n de los pecados, en la resurrecci\u00f3n de la carne y en la vida perdurable? \u2013 \u00a1Creemos!<br \/>\nAhora oremos como Dios mismo nos ense\u00f1\u00f3: Padre nuestro\u2026<\/p>\n<h4><strong>Bendici\u00f3n e imposici\u00f3n de la Medalla Milagrosa (tomado del Rituale Romanum):<\/strong><\/h4>\n<p>V. Adjutorium nostrum in nomine Domini.<br \/>\nR. Qui fecit c\u0153lum et terram.<br \/>\nV. Dominus vobiscum.<br \/>\nR. Et cum spiritu tuo.<br \/>\nV. Oremus. Omnipotens et misericors Deus, qui per multiplices immaculat\u00e6Mari\u00e6 Virginis apparitiones in terris mirabilia jugi ter pro animarum salute operati dignatus es: super hoc numisma tis signum, tuam benedictionem benignus infunde; ut pie hoc recolentes ac devote gestantes et illius patrocinium sentiant et tuam misericordiam consequantur. Per Christum Dominum nostrum.<br \/>\nR. Amen.<\/p>\n<p>El sacerdote asperja las medallas con agua bendita y procede a la imposici\u00f3n:<\/p>\n<p>V. Accipe sanctum numisma, gesta fideliter, et digna veneratione prosequere: ut piissima et immaculata c\u00e6lorum Domina te protegat atque defendat : et pietatis su\u00e6 prodigia renovans, qu\u00e6 a Deo supplicitir postulaveris, tibi misericorditer impetret, ut vivens et moriens in materno ejus amplexu feliciter requiescas. R. Amen.<\/p>\n<p>Despu\u00e9s de la imposici\u00f3n, el sacerdote dice:<\/p>\n<p>V. Kyrie eleison. R. Christe eleison. Kyrie eleison. V. Pater noster \u2026(en secreto hasta\u2026) Et ne nos inducas in tentationem.<br \/>\nR. Sed libera nos a malo.<br \/>\nV. Regina sine labe originali concepta.<br \/>\nR. Ora pro nobis.<br \/>\nV. Domine exaudi orationem meam.<br \/>\nR. Et clamor meus ad te veniat.<br \/>\nV. Dominus vobiscum.<br \/>\nR. Et cum spiritu tuo.<br \/>\nV. Oremus. Domine Jesu Christe, qui beatissimam Virginem Mariam matrem tuam ab origine immaculatam innumeris miraculis clarescere voluisti: concede: ut ejusdem patrocinium semper implorantes, gaudia consequamur aeterna: Qui vivis et regnas cum Deo Patre in unitate Spiritus Sancti, Deus, per omnia saecula saeculorum.<br \/>\nR. Amen.<\/p>\n<h4><strong>Acto de consagraci\u00f3n de la MI<\/strong><\/h4>\n<div style=\"position: relative; width: 100%; height: 0; padding-top: 133.3333%; padding-bottom: 48px; box-shadow: 0 2px 8px 0 rgba(63,69,81,0.16); margin-top: 1.6em; margin-bottom: 0.9em; overflow: hidden; border-radius: 8px; will-change: transform;\"><iframe style=\"position: absolute; width: 100%; height: 100%; top: 0; left: 0; border: none; padding: 0; margin: 0;\" src=\"https:\/\/www.canva.com\/design\/DAFI64zl41A\/view?embed\" allowfullscreen=\"allowfullscreen\"><br \/>\n<\/iframe><\/div>\n<p><a href=\"https:\/\/www.canva.com\/design\/DAFI64zl41A\/view?utm_content=DAFI64zl41A&amp;utm_campaign=designshare&amp;utm_medium=embeds&amp;utm_source=link\" target=\"_blank\" rel=\"noopener\" class=\"broken_link\">Acto de consagraci\u00f3n a la Inmaculada<\/a><\/p>\n<h4><strong>Bendici\u00f3n del sacerdote<\/strong><\/h4>\n<h4><strong>C\u00e1ntico de la MI u otro c\u00e1ntico mariano<\/strong><\/h4>\n<h4><strong>Firma del certificado de inscripci\u00f3n a la MI.<\/strong><\/h4>\n<blockquote><p><strong>Tenga en cuenta que sin el certificado firmado por el sacerdote responsable y el n\u00famero de registro dado por el secretariado internacional, el compromiso en el M.I. no puede ser efectivo. Los formularios que figuran a continuaci\u00f3n est\u00e1n a su disposici\u00f3n, pero no olvide enviarlos a la secretar\u00eda internacional para obtener su n\u00famero en el ej\u00e9rcito de la Reina.<\/strong><\/p><\/blockquote>\n","protected":false},"excerpt":{"rendered":"<p>CEREMONIAL DE ADMISI\u00d3N A LA MILITIA IMMACULAT\u00c6 Canto del Veni Creator Span Veni Creator Spiritus Canto del Ave Maris Stella u otro c\u00e1ntico mariano Span Ave Maris stella Alocuci\u00f3n del sacerdote Renovaci\u00f3n de las promesas del bautismo (facultativo): Sacerdote: El d\u00eda de nuestro bautismo renunciamos a Satan\u00e1s, a sus pompas<a class=\"more-link\" href=\"https:\/\/test4.mi-backup.ch\/es\/admision-a-la-mi\/\">Leer m\u00e1s &rarr;<\/a><\/p>\n","protected":false},"author":9,"featured_media":0,"parent":0,"menu_order":0,"comment_status":"closed","ping_status":"closed","template":"","meta":[],"_links":{"self":[{"href":"https:\/\/test4.mi-backup.ch\/es\/wp-json\/wp\/v2\/pages\/75945"}],"collection":[{"href":"https:\/\/test4.mi-backup.ch\/es\/wp-json\/wp\/v2\/pages"}],"about":[{"href":"https:\/\/test4.mi-backup.ch\/es\/wp-json\/wp\/v2\/types\/page"}],"author":[{"embeddable":true,"href":"https:\/\/test4.mi-backup.ch\/es\/wp-json\/wp\/v2\/users\/9"}],"replies":[{"embeddable":true,"href":"https:\/\/test4.mi-backup.ch\/es\/wp-json\/wp\/v2\/comments?post=75945"}],"version-history":[{"count":5,"href":"https:\/\/test4.mi-backup.ch\/es\/wp-json\/wp\/v2\/pages\/75945\/revisions"}],"predecessor-version":[{"id":76505,"href":"https:\/\/test4.mi-backup.ch\/es\/wp-json\/wp\/v2\/pages\/75945\/revisions\/76505"}],"wp:attachment":[{"href":"https:\/\/test4.mi-backup.ch\/es\/wp-json\/wp\/v2\/media?parent=75945"}],"curies":[{"name":"wp","href":"https:\/\/api.w.org\/{rel}","templated":true}]}}