{"id":75951,"date":"2021-12-01T10:13:51","date_gmt":"2021-12-01T09:13:51","guid":{"rendered":"https:\/\/test4.mi-backup.ch\/devenir-et-etre-chevalier\/"},"modified":"2022-08-10T13:55:48","modified_gmt":"2022-08-10T11:55:48","slug":"convertirse-y-ser-un-caballero","status":"publish","type":"page","link":"https:\/\/test4.mi-backup.ch\/es\/convertirse-y-ser-un-caballero\/","title":{"rendered":"Convertirse y ser un caballero"},"content":{"rendered":"<header>\n<h4><strong>Admisi\u00f3n a la Militia Immaculatae<\/strong><\/h4>\n<p>En esta ceremonia hay que tener en cuenta dos cosas: la parte pr\u00e1ctica, cuyos elementos se presentan en la pesta\u00f1a &#8220;<strong><a href=\"https:\/\/test4.mi-backup.ch\/es\/admision-a-la-mi\/\">Ceremonia de admisi\u00f3n<\/a><\/strong>&#8220;, y la parte espiritual, que s\u00f3lo comienza con el acto de consagraci\u00f3n a la Inmaculada.<br \/>\nPor tanto, es necesario volver larga y frecuentemente a este segundo punto, ya que es la piedra de toque de toda alma verdaderamente mariana. Un alma que se conformara con hacer su acto de Consagraci\u00f3n y, despu\u00e9s, no hiciera m\u00e1s uso de \u00e9l, perder\u00eda todos sus beneficios.<\/p>\n<\/header>\n<h4><strong>Vivir su Consagraci\u00f3n<\/strong><\/h4>\n<p>Vivir la Consagraci\u00f3n significa sencillamente instaurar el Reino de la Inmaculada en cada lugar, en cada sociedad, en mi casa, a mi alrededor&#8230;<br \/>\nEsto se hace, en primer lugar, mediante la oraci\u00f3n y la acci\u00f3n concreta que consiste en vivir bajo la mirada de Mar\u00eda.<br \/>\nAs\u00ed, all\u00ed donde reina la Inmaculada, &#8220;aplasta la cabeza de Satan\u00e1s&#8221;, &#8220;triunfa sobre los errores y las herej\u00edas&#8221;, aleja las tentaciones, concede &#8220;todas las gracias de conversi\u00f3n, de renovaci\u00f3n interior y de santificaci\u00f3n&#8221;. Adem\u00e1s, todo nuestro peque\u00f1o apostolado, por humilde que sea, adquiere una dimensi\u00f3n nueva y extraordinaria, porque el m\u00e1s m\u00ednimo detalle de nuestra vida se convierte en propiedad de Mar\u00eda, dondequiera que vaya y haga lo que haga (acci\u00f3n, oraci\u00f3n, sufrimiento, sacrificio, trabajo), es Mar\u00eda la que reza, se sacrifica, act\u00faa y hace que el &#8220;\u00e9xito&#8221; sea no s\u00f3lo seguro, sino puro y santo.<\/p>\n<blockquote><p><strong>En esta p\u00e1gina titulada &#8220;Vivir la consagraci\u00f3n en la vida cotidiana&#8221; se presentan documentos e informaciones muy pr\u00e1cticas: Las indulgencias de la M.I., el Calendario Mariano, las tarjetas virtuales&#8230;<\/strong><\/p><\/blockquote>\n<hr \/>\n<h4>PARA SABER M\u00c1S SOBRE EL CABALLERO<\/h4>\n<div style=\"position: relative; width: 100%; height: 0; padding-top: 33.3333%; padding-bottom: 48px; box-shadow: 0 2px 8px 0 rgba(63,69,81,0.16); margin-top: 1.6em; margin-bottom: 0.9em; overflow: hidden; border-radius: 8px; will-change: transform;\"><iframe style=\"position: absolute; width: 100%; height: 100%; top: 0; left: 0; border: none; padding: 0; margin: 0;\" src=\"https:\/\/www.canva.com\/design\/DAFI1GMvUDA\/view?embed\" allowfullscreen=\"allowfullscreen\"><br \/>\n<\/iframe><\/div>\n<p><a href=\"https:\/\/www.canva.com\/design\/DAFI1GMvUDA\/view?utm_content=DAFI1GMvUDA&amp;utm_campaign=designshare&amp;utm_medium=embeds&amp;utm_source=link\" target=\"_blank\" rel=\"noopener\">Le chevalier<\/a><\/p>\n","protected":false},"excerpt":{"rendered":"<p>Admisi\u00f3n a la Militia Immaculatae En esta ceremonia hay que tener en cuenta dos cosas: la parte pr\u00e1ctica, cuyos elementos se presentan en la pesta\u00f1a &#8220;Ceremonia de admisi\u00f3n&#8220;, y la parte espiritual, que s\u00f3lo comienza con el acto de consagraci\u00f3n a la Inmaculada. Por tanto, es necesario volver larga y<a class=\"more-link\" href=\"https:\/\/test4.mi-backup.ch\/es\/convertirse-y-ser-un-caballero\/\">Leer m\u00e1s &rarr;<\/a><\/p>\n","protected":false},"author":9,"featured_media":75889,"parent":0,"menu_order":0,"comment_status":"closed","ping_status":"closed","template":"","meta":[],"_links":{"self":[{"href":"https:\/\/test4.mi-backup.ch\/es\/wp-json\/wp\/v2\/pages\/75951"}],"collection":[{"href":"https:\/\/test4.mi-backup.ch\/es\/wp-json\/wp\/v2\/pages"}],"about":[{"href":"https:\/\/test4.mi-backup.ch\/es\/wp-json\/wp\/v2\/types\/page"}],"author":[{"embeddable":true,"href":"https:\/\/test4.mi-backup.ch\/es\/wp-json\/wp\/v2\/users\/9"}],"replies":[{"embeddable":true,"href":"https:\/\/test4.mi-backup.ch\/es\/wp-json\/wp\/v2\/comments?post=75951"}],"version-history":[{"count":2,"href":"https:\/\/test4.mi-backup.ch\/es\/wp-json\/wp\/v2\/pages\/75951\/revisions"}],"predecessor-version":[{"id":75955,"href":"https:\/\/test4.mi-backup.ch\/es\/wp-json\/wp\/v2\/pages\/75951\/revisions\/75955"}],"wp:featuredmedia":[{"embeddable":true,"href":"https:\/\/test4.mi-backup.ch\/es\/wp-json\/wp\/v2\/media\/75889"}],"wp:attachment":[{"href":"https:\/\/test4.mi-backup.ch\/es\/wp-json\/wp\/v2\/media?parent=75951"}],"curies":[{"name":"wp","href":"https:\/\/api.w.org\/{rel}","templated":true}]}}