{"id":79289,"date":"2022-09-12T15:05:06","date_gmt":"2022-09-12T13:05:06","guid":{"rendered":"https:\/\/test4.mi-backup.ch\/les-apparitions-mariales-reconnues\/"},"modified":"2022-09-13T11:04:22","modified_gmt":"2022-09-13T09:04:22","slug":"apariciones-marianas-reconocidas-por-la-iglesia-catolica","status":"publish","type":"page","link":"https:\/\/test4.mi-backup.ch\/es\/apariciones-marianas-reconocidas-por-la-iglesia-catolica\/","title":{"rendered":"Apariciones marianas reconocidas por la Iglesia Cat\u00f3lica"},"content":{"rendered":"<blockquote><p><em><strong>En construcci\u00f3n, muchas gracias por su paciencia<\/strong><\/em><\/p><\/blockquote>\n<div style=\"position: relative; width: 100%; height: 0; padding-top: 100.0000%; padding-bottom: 48px; box-shadow: 0 2px 8px 0 rgba(63,69,81,0.16); margin-top: 1.6em; margin-bottom: 0.9em; overflow: hidden; border-radius: 8px; will-change: transform;\"><iframe style=\"position: absolute; width: 100%; height: 100%; top: 0; left: 0; border: none; padding: 0; margin: 0;\" src=\"https:\/\/www.canva.com\/design\/DAFMBSnQ8uM\/view?embed\" allowfullscreen=\"allowfullscreen\"><br \/>\n<\/iframe><\/div>\n<p><a href=\"https:\/\/www.canva.com\/design\/DAFMBSnQ8uM\/view?utm_content=DAFMBSnQ8uM&amp;utm_campaign=designshare&amp;utm_medium=embeds&amp;utm_source=link\" target=\"_blank\" rel=\"noopener\">Apariciones marianas reconocidas por la Iglesia Cat\u00f3lica<\/a> par Militia Immaculat\u00e6<\/p>\n","protected":false},"excerpt":{"rendered":"<p>En construcci\u00f3n, muchas gracias por su paciencia Apariciones marianas reconocidas por la Iglesia Cat\u00f3lica par Militia Immaculat\u00e6<a class=\"more-link\" href=\"https:\/\/test4.mi-backup.ch\/es\/apariciones-marianas-reconocidas-por-la-iglesia-catolica\/\">Leer m\u00e1s &rarr;<\/a><\/p>\n","protected":false},"author":9,"featured_media":50815,"parent":0,"menu_order":0,"comment_status":"closed","ping_status":"closed","template":"","meta":[],"_links":{"self":[{"href":"https:\/\/test4.mi-backup.ch\/es\/wp-json\/wp\/v2\/pages\/79289"}],"collection":[{"href":"https:\/\/test4.mi-backup.ch\/es\/wp-json\/wp\/v2\/pages"}],"about":[{"href":"https:\/\/test4.mi-backup.ch\/es\/wp-json\/wp\/v2\/types\/page"}],"author":[{"embeddable":true,"href":"https:\/\/test4.mi-backup.ch\/es\/wp-json\/wp\/v2\/users\/9"}],"replies":[{"embeddable":true,"href":"https:\/\/test4.mi-backup.ch\/es\/wp-json\/wp\/v2\/comments?post=79289"}],"version-history":[{"count":2,"href":"https:\/\/test4.mi-backup.ch\/es\/wp-json\/wp\/v2\/pages\/79289\/revisions"}],"predecessor-version":[{"id":79292,"href":"https:\/\/test4.mi-backup.ch\/es\/wp-json\/wp\/v2\/pages\/79289\/revisions\/79292"}],"wp:featuredmedia":[{"embeddable":true,"href":"https:\/\/test4.mi-backup.ch\/es\/wp-json\/wp\/v2\/media\/50815"}],"wp:attachment":[{"href":"https:\/\/test4.mi-backup.ch\/es\/wp-json\/wp\/v2\/media?parent=79289"}],"curies":[{"name":"wp","href":"https:\/\/api.w.org\/{rel}","templated":true}]}}