{"id":22344,"date":"2019-11-09T18:22:10","date_gmt":"2019-11-09T17:22:10","guid":{"rendered":"https:\/\/test4.mi-backup.ch\/?post_type=product&#038;p=22344"},"modified":"2023-03-01T22:10:09","modified_gmt":"2023-03-01T21:10:09","slug":"folletos-sobre-la-medalla-milagrosa","status":"publish","type":"product","link":"https:\/\/test4.mi-backup.ch\/es\/shop\/folleto-es\/folletos-sobre-la-medalla-milagrosa\/","title":{"rendered":"Folleto sobre la Medalla Milagrosa"},"content":{"rendered":"<p>Este folleto (tama\u00f1o DIN A7) es adecuado como folleto complementario de la Medalla Milagrosa. Explica en pocas palabras el origen y el significado de este medio de gracia. Tambi\u00e9n tenemos este folleto en los siguientes idiomas:<\/p>\n<p><a href=\"https:\/\/test4.mi-backup.ch\/wp-content\/uploads\/media\/Apostolat\/Flyer-01-span-web.pdf\">espa\u00f1ol<\/a>, <a href=\"https:\/\/test4.mi-backup.ch\/wp-content\/uploads\/2017\/03\/Ein-Zeichen-der-Liebe_AFR.pdf\" target=\"_blank\" rel=\"noopener noreferrer\">afrikaans<\/a>, <a href=\"https:\/\/test4.mi-backup.ch\/wp-content\/uploads\/media\/Apostolat\/Flyer-01-de-web.pdf\">alem\u00e1n<\/a>, <a href=\"https:\/\/test4.mi-backup.ch\/wp-content\/uploads\/media\/Apostolat\/Flyer-01-arab.pdf\">\u00e1rabe<\/a>, <a href=\"https:\/\/test4.mi-backup.ch\/wp-content\/uploads\/media\/Apostolat\/Flyer-01-chines-web_new.pdf\" class=\"broken_link\">chino<\/a>, <a href=\"https:\/\/test4.mi-backup.ch\/wp-content\/uploads\/media\/Apostolat\/Flyer-01-kroat--web.pdf\">croata<\/a>, <a href=\"https:\/\/test4.mi-backup.ch\/wp-content\/uploads\/media\/Apostolat\/Flyer-01-fr-web.pdf\">franc\u00e9s<\/a>, <a href=\"https:\/\/test4.mi-backup.ch\/wp-content\/uploads\/2017\/03\/Ein-Zeichen-der-Liebe_GRC.pdf\">griego<\/a>, <a href=\"https:\/\/test4.mi-backup.ch\/wp-content\/uploads\/2017\/03\/Ein-Zeichen-der-Liebe_NED.pdf\">holand\u00e9s<\/a>, <a href=\"https:\/\/test4.mi-backup.ch\/wp-content\/uploads\/media\/Apostolat\/Flyer-01-ung-web.pdf\">h\u00fangaro<\/a>, <a href=\"https:\/\/test4.mi-backup.ch\/wp-content\/uploads\/2017\/03\/Ein-Zeichen-der-Liebe_IND.pdf\">indonesio<\/a>, <a href=\"https:\/\/test4.mi-backup.ch\/wp-content\/uploads\/media\/Apostolat\/Ein-Zeichen-der-Liebe_engl.pdf\">ingl\u00e9s<\/a>, <a href=\"https:\/\/test4.mi-backup.ch\/wp-content\/uploads\/media\/Apostolat\/Flyer-01-ital-web.pdf\">italiano<\/a>, <a href=\"https:\/\/test4.mi-backup.ch\/wp-content\/uploads\/media\/Apostolat\/Flyer-01-jap--web.pdf\">japon\u00e9s<\/a>, <a href=\"https:\/\/test4.mi-backup.ch\/wp-content\/uploads\/2017\/03\/Ein-Zeichen-der-Liebe_NOR.pdf\">noruego<\/a>, <a href=\"https:\/\/test4.mi-backup.ch\/wp-content\/uploads\/media\/Apostolat\/Ein-Zeichen-der-Liebe_pl.pdf\">polaco<\/a>, <a href=\"https:\/\/test4.mi-backup.ch\/wp-content\/uploads\/media\/Apostolat\/Flyer-01-port.pdf\" class=\"broken_link\">portugu\u00e9s<\/a>, <a href=\"https:\/\/test4.mi-backup.ch\/wp-content\/uploads\/2017\/03\/Ein-Zeichen-der-Liebe_RUM.pdf\">rumano<\/a>, <a href=\"https:\/\/test4.mi-backup.ch\/wp-content\/uploads\/media\/Apostolat\/Flyer-01-rus.pdf\" class=\"broken_link\">ruso<\/a>, <a href=\"https:\/\/test4.mi-backup.ch\/wp-content\/uploads\/2017\/03\/Ein-Zeichen-der-Liebe_swahili.pdf\">swahili<\/a>, <a href=\"https:\/\/test4.mi-backup.ch\/wp-content\/uploads\/2017\/03\/Ein-Zeichen-der-Liebe_thai.pdf\" class=\"broken_link\">tailand\u00e9s<\/a>, <a href=\"https:\/\/test4.mi-backup.ch\/wp-content\/uploads\/2017\/03\/Ein-Zeichen-der-Liebe_TUR.pdf\" target=\"_blank\" rel=\"noopener noreferrer\">turco<\/a>, <span class=\"Y2IQFc\" lang=\"es\"><a href=\"https:\/\/test4.mi-backup.ch\/wp-content\/uploads\/2023\/03\/MI_EinZeichenDerLiebe_2022_UK_DRUCK.pdf\" target=\"_blank\" rel=\"noopener\">ucranio<\/a>, <\/span><a href=\"https:\/\/test4.mi-backup.ch\/wp-content\/uploads\/2017\/03\/Ein-Zeichen-der-Liebe_VIE.pdf\">vietnamita<\/a><\/p>\n<p>\u00bfLo desea en otro idioma? Por favor cont\u00e1ctenos.<\/p>\n","protected":false},"excerpt":{"rendered":"<p>Este folleto (tama\u00f1o DIN A7) es adecuado como folleto complementario de la Medalla Milagrosa. Explica en pocas palabras el origen y el significado de este medio de gracia. Tambi\u00e9n tenemos este folleto en los siguientes idiomas: espa\u00f1ol, afrikaans, alem\u00e1n, \u00e1rabe, chino, croata, franc\u00e9s, griego, holand\u00e9s, h\u00fangaro, indonesio, ingl\u00e9s, italiano, japon\u00e9s,<a class=\"more-link\" href=\"https:\/\/test4.mi-backup.ch\/es\/shop\/folleto-es\/folletos-sobre-la-medalla-milagrosa\/\">Leer m\u00e1s &rarr;<\/a><\/p>\n","protected":false},"featured_media":21658,"template":"","meta":[],"product_cat":[332,296],"product_tag":[],"_links":{"self":[{"href":"https:\/\/test4.mi-backup.ch\/es\/wp-json\/wp\/v2\/product\/22344"}],"collection":[{"href":"https:\/\/test4.mi-backup.ch\/es\/wp-json\/wp\/v2\/product"}],"about":[{"href":"https:\/\/test4.mi-backup.ch\/es\/wp-json\/wp\/v2\/types\/product"}],"wp:featuredmedia":[{"embeddable":true,"href":"https:\/\/test4.mi-backup.ch\/es\/wp-json\/wp\/v2\/media\/21658"}],"wp:attachment":[{"href":"https:\/\/test4.mi-backup.ch\/es\/wp-json\/wp\/v2\/media?parent=22344"}],"wp:term":[{"taxonomy":"product_cat","embeddable":true,"href":"https:\/\/test4.mi-backup.ch\/es\/wp-json\/wp\/v2\/product_cat?post=22344"},{"taxonomy":"product_tag","embeddable":true,"href":"https:\/\/test4.mi-backup.ch\/es\/wp-json\/wp\/v2\/product_tag?post=22344"}],"curies":[{"name":"wp","href":"https:\/\/api.w.org\/{rel}","templated":true}]}}