{"id":22387,"date":"2019-11-09T18:55:26","date_gmt":"2019-11-09T17:55:26","guid":{"rendered":"https:\/\/test4.mi-backup.ch\/?post_type=product&#038;p=22387"},"modified":"2020-01-27T23:59:25","modified_gmt":"2020-01-27T22:59:25","slug":"folleto-rosario","status":"publish","type":"product","link":"https:\/\/test4.mi-backup.ch\/es\/shop\/folleto-es\/folleto-rosario\/","title":{"rendered":"Folleto sobre el Santo Rosario"},"content":{"rendered":"<p>Nuestra Se\u00f1ora de F\u00e1tima ha confiado al mundo el santo Rosario como \u00faltimo medio de salvaci\u00f3n. Ella se apareci\u00f3 en F\u00e1tima como Reina del Sant\u00edsimo Rosario y seg\u00fan Sor Luc\u00eda &#8220;la Sant\u00edsima Virgen dio en estos \u00faltimos tiempos en que vivimos una nueva eficacia al Rosario&#8221;.<\/p>\n<p>Folleto de 48 p\u00e1ginas en tama\u00f1o Din A7. El prop\u00f3sito de este folleto es recordar a los lectores que no conocen el Rosario, el valor de esta oraci\u00f3n e iniciarlos en ella. Adem\u00e1s, contiene los 15 misterios tradicionales del Rosario, cada uno con una imagen y un texto apropiado tomado\u00a0 de la Sagrada Escritura.<\/p>\n<p>El folleto tambi\u00e9n se puede pedir en conjunto con un rosario.<\/p>\n","protected":false},"excerpt":{"rendered":"<p>Nuestra Se\u00f1ora de F\u00e1tima ha confiado al mundo el santo Rosario como \u00faltimo medio de salvaci\u00f3n. Ella se apareci\u00f3 en F\u00e1tima como Reina del Sant\u00edsimo Rosario y seg\u00fan Sor Luc\u00eda &#8220;la Sant\u00edsima Virgen dio en estos \u00faltimos tiempos en que vivimos una nueva eficacia al Rosario&#8221;. Folleto de 48 p\u00e1ginas<a class=\"more-link\" href=\"https:\/\/test4.mi-backup.ch\/es\/shop\/folleto-es\/folleto-rosario\/\">Leer m\u00e1s &rarr;<\/a><\/p>\n","protected":false},"featured_media":21266,"template":"","meta":[],"product_cat":[480,296],"product_tag":[],"_links":{"self":[{"href":"https:\/\/test4.mi-backup.ch\/es\/wp-json\/wp\/v2\/product\/22387"}],"collection":[{"href":"https:\/\/test4.mi-backup.ch\/es\/wp-json\/wp\/v2\/product"}],"about":[{"href":"https:\/\/test4.mi-backup.ch\/es\/wp-json\/wp\/v2\/types\/product"}],"wp:featuredmedia":[{"embeddable":true,"href":"https:\/\/test4.mi-backup.ch\/es\/wp-json\/wp\/v2\/media\/21266"}],"wp:attachment":[{"href":"https:\/\/test4.mi-backup.ch\/es\/wp-json\/wp\/v2\/media?parent=22387"}],"wp:term":[{"taxonomy":"product_cat","embeddable":true,"href":"https:\/\/test4.mi-backup.ch\/es\/wp-json\/wp\/v2\/product_cat?post=22387"},{"taxonomy":"product_tag","embeddable":true,"href":"https:\/\/test4.mi-backup.ch\/es\/wp-json\/wp\/v2\/product_tag?post=22387"}],"curies":[{"name":"wp","href":"https:\/\/api.w.org\/{rel}","templated":true}]}}