{"id":27934,"date":"2020-05-02T14:59:16","date_gmt":"2020-05-02T12:59:16","guid":{"rendered":"https:\/\/test4.mi-backup.ch\/?post_type=product&#038;p=27934"},"modified":"2020-07-06T14:20:35","modified_gmt":"2020-07-06T12:20:35","slug":"folleto-escapular","status":"publish","type":"product","link":"https:\/\/test4.mi-backup.ch\/es\/shop\/folleto-es\/folleto-escapular\/","title":{"rendered":"Folleto escapular"},"content":{"rendered":"<p>Este folleto presenta el escapulario: su origen, las promesas celestiales y las condiciones asociadas a ellas. Tambi\u00e9n responde otras preguntas:<\/p>\n<p>\u00bfEs la medalla escapular un sustituto igual para el escapulario?<br \/>\n\u00bfQu\u00e9 tienen que ver las apariciones de Mar\u00eda en F\u00e1tima con el escapulario?<\/p>\n","protected":false},"excerpt":{"rendered":"<p>Este folleto presenta el escapulario: su origen, las promesas celestiales y las condiciones asociadas a ellas. Tambi\u00e9n responde otras preguntas: \u00bfEs la medalla escapular un sustituto igual para el escapulario? \u00bfQu\u00e9 tienen que ver las apariciones de Mar\u00eda en F\u00e1tima con el escapulario?<a class=\"more-link\" href=\"https:\/\/test4.mi-backup.ch\/es\/shop\/folleto-es\/folleto-escapular\/\">Leer m\u00e1s &rarr;<\/a><\/p>\n","protected":false},"featured_media":27915,"template":"","meta":[],"product_cat":[296],"product_tag":[],"_links":{"self":[{"href":"https:\/\/test4.mi-backup.ch\/es\/wp-json\/wp\/v2\/product\/27934"}],"collection":[{"href":"https:\/\/test4.mi-backup.ch\/es\/wp-json\/wp\/v2\/product"}],"about":[{"href":"https:\/\/test4.mi-backup.ch\/es\/wp-json\/wp\/v2\/types\/product"}],"wp:featuredmedia":[{"embeddable":true,"href":"https:\/\/test4.mi-backup.ch\/es\/wp-json\/wp\/v2\/media\/27915"}],"wp:attachment":[{"href":"https:\/\/test4.mi-backup.ch\/es\/wp-json\/wp\/v2\/media?parent=27934"}],"wp:term":[{"taxonomy":"product_cat","embeddable":true,"href":"https:\/\/test4.mi-backup.ch\/es\/wp-json\/wp\/v2\/product_cat?post=27934"},{"taxonomy":"product_tag","embeddable":true,"href":"https:\/\/test4.mi-backup.ch\/es\/wp-json\/wp\/v2\/product_tag?post=27934"}],"curies":[{"name":"wp","href":"https:\/\/api.w.org\/{rel}","templated":true}]}}