{"id":29441,"date":"2020-07-06T13:47:22","date_gmt":"2020-07-06T11:47:22","guid":{"rendered":"https:\/\/test4.mi-backup.ch\/?post_type=product&#038;p=29441"},"modified":"2020-07-06T14:19:24","modified_gmt":"2020-07-06T12:19:24","slug":"set-para-escapulario","status":"publish","type":"product","link":"https:\/\/test4.mi-backup.ch\/es\/shop\/folleto-es\/set-para-escapulario\/","title":{"rendered":"Set para escapulario"},"content":{"rendered":"<h3>El escapulario: el manto protector de Mar\u00eda<\/h3>\n<p>\u201cLa virgen m\u00e1s bendecida promete a los portadores del Escapulario alcanzar la vida eterna. Esa es la gracia m\u00e1s importante jam\u00e1s vista (Papa P\u00edo XII.). El escapulario se remonta a una promesa de la Sant\u00edsima Virgen Mar\u00eda, que le confi\u00f3 a San Sim\u00f3n Stock cuando se le apareci\u00f3 el 16 de julio de 1251 con un escapulario. Eso es Prom\u00e9tanos si llevamos fielmente el escapulario: Mar\u00eda nos protege en peligro, Mar\u00eda nos promete salvaci\u00f3n, Mar\u00eda viene en nuestra ayuda en el purgatorio La Iglesia Cat\u00f3lica ha reconocido este regalo de Mar\u00eda y lo ha convertido en un sacramental para todos los creyentes, el cielo lo tiene repetidamente confirmado por milagros de conversi\u00f3n y protecci\u00f3n en gran necesidad de cuerpo y alma.<\/p>\n<p>Descripci\u00f3n del art\u00edculo: Escapulario robusto, realizado por las hermanas Carmel del monasterio de Mar\u00eda Reina de los \u00c1ngeles en el oeste de Suiza, en un conjunto con un folleto que contiene todas las explicaciones necesarias para el escapulario.<\/p>\n<p>El folleto est\u00e1 disponible en tres idiomas: alem\u00e1n, franc\u00e9s y espa\u00f1ol.<\/p>\n","protected":false},"excerpt":{"rendered":"<p>El escapulario: el manto protector de Mar\u00eda \u201cLa virgen m\u00e1s bendecida promete a los portadores del Escapulario alcanzar la vida eterna. Esa es la gracia m\u00e1s importante jam\u00e1s vista (Papa P\u00edo XII.). El escapulario se remonta a una promesa de la Sant\u00edsima Virgen Mar\u00eda, que le confi\u00f3 a San Sim\u00f3n<a class=\"more-link\" href=\"https:\/\/test4.mi-backup.ch\/es\/shop\/folleto-es\/set-para-escapulario\/\">Leer m\u00e1s &rarr;<\/a><\/p>\n","protected":false},"featured_media":4708,"template":"","meta":[],"product_cat":[296],"product_tag":[],"_links":{"self":[{"href":"https:\/\/test4.mi-backup.ch\/es\/wp-json\/wp\/v2\/product\/29441"}],"collection":[{"href":"https:\/\/test4.mi-backup.ch\/es\/wp-json\/wp\/v2\/product"}],"about":[{"href":"https:\/\/test4.mi-backup.ch\/es\/wp-json\/wp\/v2\/types\/product"}],"wp:featuredmedia":[{"embeddable":true,"href":"https:\/\/test4.mi-backup.ch\/es\/wp-json\/wp\/v2\/media\/4708"}],"wp:attachment":[{"href":"https:\/\/test4.mi-backup.ch\/es\/wp-json\/wp\/v2\/media?parent=29441"}],"wp:term":[{"taxonomy":"product_cat","embeddable":true,"href":"https:\/\/test4.mi-backup.ch\/es\/wp-json\/wp\/v2\/product_cat?post=29441"},{"taxonomy":"product_tag","embeddable":true,"href":"https:\/\/test4.mi-backup.ch\/es\/wp-json\/wp\/v2\/product_tag?post=29441"}],"curies":[{"name":"wp","href":"https:\/\/api.w.org\/{rel}","templated":true}]}}