{"id":87542,"date":"2023-01-05T10:49:15","date_gmt":"2023-03-01T22:23:05","guid":{"rendered":"https:\/\/test4.mi-backup.ch\/?post_type=product&#038;p=87542"},"modified":"2023-03-01T23:25:07","modified_gmt":"2023-03-01T22:25:07","slug":"distintivo-mi-pin-redondo","status":"publish","type":"product","link":"https:\/\/test4.mi-backup.ch\/es\/shop\/wundertaetige-medaille-es\/distintivo-mi-pin-redondo\/","title":{"rendered":"Distintivo MI &#8211; pin redondo"},"content":{"rendered":"<p>El distintivo redondo MI muestra el logotipo MI en color plateado sobre un fondo acr\u00edlico azul. El logo son los corazones unidos de Jes\u00fas y Mar\u00eda. Encima hay una corona con una cruz, que expresa la voluntad del MI de construir el Reino de Cristo a trav\u00e9s del reinado de Mar\u00eda en este mundo.<\/p>\n<p>El alfiler redondo tiene un di\u00e1metro de 19 mm.<\/p>\n<p>La insignia de la MI es s\u00f3lo para los miembros o caballeros de la MI y sirve como signo externo de reconocimiento. Se obtiene del sacerdote que realiza la iniciaci\u00f3n o del coordinador de la IM responsable.<\/p>\n","protected":false},"excerpt":{"rendered":"<p>El distintivo redondo MI muestra el logotipo MI en color plateado sobre un fondo acr\u00edlico azul. El logo son los corazones unidos de Jes\u00fas y Mar\u00eda. Encima hay una corona con una cruz, que expresa la voluntad del MI de construir el Reino de Cristo a trav\u00e9s del reinado de<a class=\"more-link\" href=\"https:\/\/test4.mi-backup.ch\/es\/shop\/wundertaetige-medaille-es\/distintivo-mi-pin-redondo\/\">Leer m\u00e1s &rarr;<\/a><\/p>\n","protected":false},"featured_media":84894,"template":"","meta":[],"product_cat":[296],"product_tag":[],"_links":{"self":[{"href":"https:\/\/test4.mi-backup.ch\/es\/wp-json\/wp\/v2\/product\/87542"}],"collection":[{"href":"https:\/\/test4.mi-backup.ch\/es\/wp-json\/wp\/v2\/product"}],"about":[{"href":"https:\/\/test4.mi-backup.ch\/es\/wp-json\/wp\/v2\/types\/product"}],"wp:featuredmedia":[{"embeddable":true,"href":"https:\/\/test4.mi-backup.ch\/es\/wp-json\/wp\/v2\/media\/84894"}],"wp:attachment":[{"href":"https:\/\/test4.mi-backup.ch\/es\/wp-json\/wp\/v2\/media?parent=87542"}],"wp:term":[{"taxonomy":"product_cat","embeddable":true,"href":"https:\/\/test4.mi-backup.ch\/es\/wp-json\/wp\/v2\/product_cat?post=87542"},{"taxonomy":"product_tag","embeddable":true,"href":"https:\/\/test4.mi-backup.ch\/es\/wp-json\/wp\/v2\/product_tag?post=87542"}],"curies":[{"name":"wp","href":"https:\/\/api.w.org\/{rel}","templated":true}]}}