{"id":1836,"date":"2022-01-09T18:07:58","date_gmt":"2022-01-09T17:07:58","guid":{"rendered":"https:\/\/m-i.info.smaragd.ch-meta.net\/?page_id=1836\/"},"modified":"2022-01-31T14:16:51","modified_gmt":"2022-01-31T13:16:51","slug":"limmaculee","status":"publish","type":"page","link":"https:\/\/test4.mi-backup.ch\/fr\/limmaculee\/","title":{"rendered":"L&#8217;Immacul\u00e9e"},"content":{"rendered":"<blockquote><p>\u00ab Elle t\u2019\u00e9crasera la t\u00eate. \u00bb <em>(Gen 3,15)<img loading=\"lazy\" class=\"alignright wp-image-42815 \" src=\"https:\/\/test4.mi-backup.ch\/wp-content\/uploads\/2021\/11\/promesse-divine-immaculee-conception-767x1024.jpg\" alt=\"\" width=\"378\" height=\"505\" srcset=\"https:\/\/test4.mi-backup.ch\/wp-content\/uploads\/2021\/11\/promesse-divine-immaculee-conception-767x1024.jpg 767w, https:\/\/test4.mi-backup.ch\/wp-content\/uploads\/2021\/11\/promesse-divine-immaculee-conception-225x300.jpg 225w, https:\/\/test4.mi-backup.ch\/wp-content\/uploads\/2021\/11\/promesse-divine-immaculee-conception-768x1026.jpg 768w, https:\/\/test4.mi-backup.ch\/wp-content\/uploads\/2021\/11\/promesse-divine-immaculee-conception-412x550.jpg 412w, https:\/\/test4.mi-backup.ch\/wp-content\/uploads\/2021\/11\/promesse-divine-immaculee-conception-600x801.jpg 600w, https:\/\/test4.mi-backup.ch\/wp-content\/uploads\/2021\/11\/promesse-divine-immaculee-conception.jpg 1106w\" sizes=\"(max-width: 378px) 100vw, 378px\" \/><\/em><\/p>\n<p>\u00ab\u00a0Par vous toutes les h\u00e9r\u00e9sies du monde ont \u00e9t\u00e9 vaincues.\u00a0\u00bb <em><span lang=\"fr\">(Du Br\u00e9viaire romain)<\/span><\/em><\/p><\/blockquote>\n<p>On entend sans arr\u00eat ce cri \u00e9tonnant dans la bouche des saints : <em><strong>\u00ab Qui \u00eates- vous, \u00f4 Immacul\u00e9e ? \u00bb<\/strong><\/em><\/p>\n<h4><strong>Le Nom<\/strong><\/h4>\n<p>Le nom Immacul\u00e9e &#8211; sans tache &#8211; de Marie se r\u00e9pandit apr\u00e8s la proclamation du dogme de l\u2019Immacul\u00e9e Conception de Marie (1854) et apr\u00e8s les apparitions de Lourdes (1858) o\u00f9 Marie se pr\u00e9senta \u00e0 Sainte Bernadette par ces paroles : <em><strong>\u00ab Je suis l\u2019Immacul\u00e9e Conception. \u00bb<\/strong><\/em> Le P\u00e8re Maximilien appela presque toujours la Sainte Vierge par ce titre &#8220;d\u2019Immacul\u00e9e&#8221;. L\u2019homme se trouve stup\u00e9fait face aux nombreux miracles et myst\u00e8res qui se manifestent\u00a0 en Elle. Elle se tient seule comme chef-d\u2019\u0153uvre de Dieu par sa perfection et sa puissance. L\u2019\u00c9glise loue ses m\u00e9rites et veut que nous la v\u00e9n\u00e9rions plus que tous les anges et tous les saints. (Hyperdulia)<\/p>\n<h4><strong>Le R\u00f4le<\/strong><\/h4>\n<p>Son r\u00f4le dans l\u2019\u0153uvre r\u00e9demptrice du Christ est sans pareil. Elle y participe par sa maternit\u00e9 divine en tant que nouvelle \u00c8ve et <a href=\"https:\/\/youtu.be\/kD2aK5Sne6k\" target=\"_blank\" rel=\"noopener\">Cor\u00e9demptrice.<\/a> (voir la vid\u00e9o \u00e7i-dessous) En tant que M\u00e9diatrice de toute gr\u00e2ce, elle accorde les fruits de la R\u00e9demption \u00e0 tous ses enfants. Ainsi elle nous est donn\u00e9e par Dieu tout d\u2019abord, comme la puissance par laquelle l\u2019homme se convertit et puis comme chemin qui m\u00e8ne vers le Christ. C\u2019est \u00e0 elle que nous devons toutes nos gr\u00e2ces personnelles.<\/p>\n<h4><strong>Le Signe<\/strong><\/h4>\n<p>Elle est aussi le grand signe dans le Ciel qui m\u00e8ne l\u2019arm\u00e9e chr\u00e9tienne dans le combat contre Satan. Elle est le vainqueur dans toutes les batailles divines. Mais plus sp\u00e9cialement \u00e0 la fin des temps elle se tiendra l\u00e0 comme le dernier rem\u00e8de que Dieu donne au monde ainsi qu&#8217;il a \u00e9t\u00e9 proph\u00e9tis\u00e9 dans l\u2019Apocalypse : <em>\u00ab Un grand signe parut dans le ciel : une femme rev\u00eatue du soleil, la lune sous ses pieds et une couronne de douze \u00e9toiles sur sa t\u00eate. \u00bb<\/em> (Ap.12,1) <em>\u00ab Par elle le salut du monde a commenc\u00e9, par elle aussi il s\u2019accomplira aussi. \u00bb<\/em> (Saint Louis-Marie Grignion de Montfort)<\/p>\n<h4><strong>La Manifestation<\/strong><\/h4>\n<p>Elle se r\u00e9v\u00e8le elle-m\u00eame directement lors de ses apparitions et indirectement par ses instruments sp\u00e9cialement choisis afin de prouver sa puissance extraordinaire contre les attaques du terrible ennemi des \u00e2mes. Son c\u0153ur devient le dernier refuge des enfants de Dieu pers\u00e9cut\u00e9s et tourment\u00e9s, refuge pour ceux qui voudraient pers\u00e9v\u00e9rer fid\u00e8lement sous la croix du Seigneur. Ses enfants et ses chevaliers se mettent sous sa banni\u00e8re. Ainsi ils forment une petite arm\u00e9e qui survivra \u00e0 l&#8217;\u00e9preuve finale et qui vaincra par Elle. Ainsi Marie l\u2019a dit \u00e0 Fatima : <em><strong>\u00ab A la fin mon C\u0153ur Immacul\u00e9 triomphera ! \u00bb<\/strong><\/em><\/p>\n<h4><strong>La pri\u00e8re<\/strong><\/h4>\n<p>Ainsi, dans toutes les d\u00e9tresses de la vie dans le monde actuel, nous voulons regarder l\u2019Immacul\u00e9e avec une totale confiance, selon l\u2019exemple du P\u00e8re Maximilien, Saint Louis et de tous les saints et selon les paroles de Saint Bernard de Clairvaux :<\/p>\n<blockquote><p><em>\u00ab \u00d4 toi qui te vois ballott\u00e9 dans le courant de ce si\u00e8cle, au milieu des orages et des temp\u00eates de mani\u00e8re plus p\u00e9rilleuse que si tu marchais sur terre, ne d\u00e9tourne pas les yeux de l&#8217;\u00e9clat de cet astre si tu ne veux pas sombrer dans les temp\u00eates.\u00a0<\/em><em>Si les vents de la tentation s&#8217;\u00e9l\u00e8vent, si tu rencontres les r\u00e9cifs des tribulations, regarde l&#8217;\u00e9toile, invoque Marie. Si tu es submerg\u00e9 par l&#8217;orgueil, l&#8217;ambition, le d\u00e9nigrement et la jalousie, regarde l&#8217;\u00e9toile, crie vers Marie.\u00a0<\/em><em>Si la col\u00e8re, l&#8217;avarice ou les fantasmes de la chair secouent le navire de ton esprit, regarde Marie.\u00a0<\/em><em>Si, accabl\u00e9 par l&#8217;\u00e9normit\u00e9 de tes crimes, confus de la laideur de ta conscience, effray\u00e9 par l&#8217;horreur du jugement, tu commences \u00e0 t&#8217;enfoncer dans le gouffre de la tristesse, dans l&#8217;ab\u00eeme du d\u00e9sespoir, pense \u00e0 Marie.\u00a0<\/em><\/p>\n<p><em>Que son nom ne quitte pas tes l\u00e8vres, qu&#8217;il ne quitte pas ton c\u0153ur et, pour obtenir la faveur de ses pri\u00e8res, n&#8217;oublies pas les exemples de sa vie.\u00a0<\/em><\/p>\n<p><em>En suivant Marie, on ne d\u00e9vie pas, en la priant on ne d\u00e9sesp\u00e8re pas, en pensant \u00e0 elle, on ne se trompe pas.\u00a0<\/em><em>Si elle te tient par la main, tu ne tomberas pas ; si elle te prot\u00e8ge, tu ne craindras pas ; si elle te guide, tu ne conna\u00eetras pas la fatigue ; si elle est avec toi, tu es s\u00fbr d&#8217;arriver au but : ainsi tu comprendras, par ta propre exp\u00e9rience, combien cette parole est juste : \u00ab Le nom de la Vierge \u00e9tait MARIE \u00bb\u00a0 Amen. \u00bb<\/em><\/p><\/blockquote>\n<p>&nbsp;<\/p>\n<p><iframe loading=\"lazy\" title=\"La meilleure Amie de J\u00e9sus Christ - Marie Cor\u00e9demptrice\" width=\"1260\" height=\"709\" src=\"https:\/\/www.youtube.com\/embed\/kD2aK5Sne6k?feature=oembed\" frameborder=\"0\" allow=\"accelerometer; autoplay; clipboard-write; encrypted-media; gyroscope; picture-in-picture\" allowfullscreen><\/iframe><\/p>\n","protected":false},"excerpt":{"rendered":"<p>\u00ab Elle t\u2019\u00e9crasera la t\u00eate. \u00bb (Gen 3,15) \u00ab\u00a0Par vous toutes les h\u00e9r\u00e9sies du monde ont \u00e9t\u00e9 vaincues.\u00a0\u00bb (Du Br\u00e9viaire romain) On entend sans arr\u00eat ce cri \u00e9tonnant dans la bouche des saints : \u00ab Qui \u00eates- vous, \u00f4 Immacul\u00e9e ? \u00bb Le Nom Le nom Immacul\u00e9e &#8211; sans tache<a class=\"more-link\" href=\"https:\/\/test4.mi-backup.ch\/fr\/limmaculee\/\">Lire la suite &rarr;<\/a><\/p>\n","protected":false},"author":9,"featured_media":0,"parent":0,"menu_order":0,"comment_status":"closed","ping_status":"closed","template":"","meta":[],"_links":{"self":[{"href":"https:\/\/test4.mi-backup.ch\/fr\/wp-json\/wp\/v2\/pages\/1836"}],"collection":[{"href":"https:\/\/test4.mi-backup.ch\/fr\/wp-json\/wp\/v2\/pages"}],"about":[{"href":"https:\/\/test4.mi-backup.ch\/fr\/wp-json\/wp\/v2\/types\/page"}],"author":[{"embeddable":true,"href":"https:\/\/test4.mi-backup.ch\/fr\/wp-json\/wp\/v2\/users\/9"}],"replies":[{"embeddable":true,"href":"https:\/\/test4.mi-backup.ch\/fr\/wp-json\/wp\/v2\/comments?post=1836"}],"version-history":[{"count":10,"href":"https:\/\/test4.mi-backup.ch\/fr\/wp-json\/wp\/v2\/pages\/1836\/revisions"}],"predecessor-version":[{"id":50228,"href":"https:\/\/test4.mi-backup.ch\/fr\/wp-json\/wp\/v2\/pages\/1836\/revisions\/50228"}],"wp:attachment":[{"href":"https:\/\/test4.mi-backup.ch\/fr\/wp-json\/wp\/v2\/media?parent=1836"}],"curies":[{"name":"wp","href":"https:\/\/api.w.org\/{rel}","templated":true}]}}