{"id":1882,"date":"2017-02-09T18:56:11","date_gmt":"2017-02-09T17:56:11","guid":{"rendered":"https:\/\/m-i.info.smaragd.ch-meta.net\/?page_id=1882\/"},"modified":"2022-03-15T10:04:22","modified_gmt":"2022-03-15T09:04:22","slug":"la-militia-immaculatae","status":"publish","type":"page","link":"https:\/\/test4.mi-backup.ch\/fr\/la-militia-immaculatae\/","title":{"rendered":"La Militia Immaculat\u00e6"},"content":{"rendered":"<p style=\"text-align: right;\"><img loading=\"lazy\" class=\"alignright\" src=\"\/\/test4.mi-backup.ch\/wp-content\/uploads\/media\/kolbe4.jpg.jpg\" alt=\"\" width=\"250\" height=\"373\" align=\"top\" border=\"1\" hspace=\"5\" vspace=\"5\" \/><\/p>\n<p>La Milice de l&#8217;Immacul\u00e9e (du latin: <em>Militia Immaculat\u00e6<\/em>: Chevalerie de l&#8217;Immacul\u00e9e) nous vient du z\u00e9l\u00e9 P\u00e8re Maximilien Marie Kolbe. En 1917, <a href=\"https:\/\/test4.mi-backup.ch\/fr\/rebatir-le-royaume-de-marie-le-fondateur\/\"><strong>le P\u00e8re Kolbe fonda \u00e0 Rome, avec d&#8217;autres Franciscains,<\/strong><\/a> l&#8217;organisation catholique de la Milice de l&#8217;Immacul\u00e9e (MI). A la fin de la Premi\u00e8re Guerre mondiale, il re\u00e7ut de ses sup\u00e9rieurs la permission de fonder une premi\u00e8re Cit\u00e9 de l&#8217;Immacul\u00e9e ou &#8220;Niepokalan\u00f3w&#8221; pr\u00e8s de Varsovie.<\/p>\n<p>La Milice de l&#8217;Immacul\u00e9e est une arm\u00e9e spirituelle au service de l&#8217;Immacul\u00e9e dont le but est premi\u00e8rement la sanctification personnelle par la M\u00e9diation universelle de Marie, par le biais de l&#8217;action apostolique envers le prochain. (Lire l&#8217;article <a href=\"https:\/\/test4.mi-backup.ch\/fr\/origine-et-chronologie-de-la-m-i\/\"><strong>Origine et chronologie de la MI<\/strong><\/a>)<\/p>\n<h4><strong>Les statuts originaux de la M.I.<\/strong><\/h4>\n<p><em>(Nous nous en tenons aux statuts originaux, qui furent \u00e9crits par St. Maximilien lui-m\u00eame.)<\/em><\/p>\n<blockquote><p>\u00ab Elle t&#8217;\u00e9crasera la t\u00eate. \u00bb (Gen 3, 15)<\/p>\n<p>\u00ab Par vous, toutes les h\u00e9r\u00e9sies du monde ont \u00e9t\u00e9 vaincues. \u00bb (Extrait du br\u00e9viaire romain)<\/p><\/blockquote>\n<h4><strong>I. But :<\/strong><\/h4>\n<p>Chercher la conversion des p\u00e9cheurs, h\u00e9r\u00e9tiques, schismatiques, juifs, etc&#8230;, et sp\u00e9cialement des francs-ma\u00e7ons ; et obtenir la sanctification de tous sous la protection et par la m\u00e9diation de la Vierge Immacul\u00e9e.<\/p>\n<p style=\"text-align: right;\"><a href=\"\/\/test4.mi-backup.ch\/wp-content\/uploads\/media\/Statuten.jpg\"><img loading=\"lazy\" class=\"alignright\" src=\"\/\/test4.mi-backup.ch\/wp-content\/uploads\/media\/Statuten.jpg\" alt=\"\" width=\"250\" height=\"389\" align=\"top\" border=\"1\" hspace=\"5\" vspace=\"5\" \/><\/a><\/p>\n<h4><strong>II. Conditions :<\/strong><\/h4>\n<ol>\n<li>Cons\u00e9cration totale de soi-m\u00eame \u00e0 la bienheureuse Vierge Marie Immacul\u00e9e, comme instrument entre ses mains immacul\u00e9es.<\/li>\n<li>Porter la <a href=\"https:\/\/test4.mi-backup.ch\/fr\/la-medaille-miraculeuse\/\"><strong>M\u00e9daille Miraculeuse<\/strong><\/a><\/li>\n<\/ol>\n<h4><strong>III. Moyens :<\/strong><\/h4>\n<ol>\n<li>Si possible, au moins une fois par jour, r\u00e9citer l&#8217;oraison jaculatoire: <em><strong>&#8220;O Marie con\u00e7ue sans p\u00e9ch\u00e9, priez pour nous qui avons recours \u00e0 vous et pour tous ceux qui n&#8217;ont pas recours \u00e0 vous, sp\u00e9cialement pour les francs-ma\u00e7ons et pour tous ceux qui vous sont recommand\u00e9s.&#8221;<\/strong><\/em><\/li>\n<li>Utiliser tous les moyens l\u00e9gitimes pour la conversion et la sanctification des \u00e2mes, selon la diversit\u00e9 des \u00e9tats de vie, conditions et circonstances de chacun, et cela avec z\u00e8le et prudence. Cependant, nous recommandons particuli\u00e8rement la diffusion de la <a href=\"https:\/\/test4.mi-backup.ch\/fr\/la-medaille-miraculeuse\/\"><strong>M\u00e9daille Miraculeuse.<\/strong><\/a><br \/>\nN.B. Ces moyens ne sont indiqu\u00e9s qu&#8217;\u00e0 titre de conseil, et non d&#8217;obligation. Aucun d&#8217;entre eux n&#8217;oblige donc sous peine de p\u00e9ch\u00e9 m\u00eame v\u00e9niel. Notre objectif principal consiste en ceci: Que le plus grand nombre d&#8217;\u00e2mes s&#8217;unissent au Sacr\u00e9-C\u0153ur de J\u00e9sus, par la m\u00e9diation de l&#8217;Immacul\u00e9e.<\/li>\n<\/ol>\n<h4 style=\"text-align: center;\">Ci-dessous, nous vous proposons de regarder notre petite vid\u00e9o sur<br \/>\nle bon P\u00e8re de Monfort et le P\u00e8re Maximilien Marie Kolbe.<\/h4>\n<p><a href=\"https:\/\/youtu.be\/C8fH95pIyvY\" target=\"_blank\" rel=\"noopener\"><img loading=\"lazy\" class=\" wp-image-31817 aligncenter\" src=\"https:\/\/test4.mi-backup.ch\/wp-content\/uploads\/2020\/10\/videomonfort-et-kolbe.jpg\" alt=\"\" width=\"402\" height=\"258\" \/><\/a><\/p>\n","protected":false},"excerpt":{"rendered":"<p>La Milice de l&#8217;Immacul\u00e9e (du latin: Militia Immaculat\u00e6: Chevalerie de l&#8217;Immacul\u00e9e) nous vient du z\u00e9l\u00e9 P\u00e8re Maximilien Marie Kolbe. En 1917, le P\u00e8re Kolbe fonda \u00e0 Rome, avec d&#8217;autres Franciscains, l&#8217;organisation catholique de la Milice de l&#8217;Immacul\u00e9e (MI). A la fin de la Premi\u00e8re Guerre mondiale, il re\u00e7ut de ses<a class=\"more-link\" href=\"https:\/\/test4.mi-backup.ch\/fr\/la-militia-immaculatae\/\">Lire la suite &rarr;<\/a><\/p>\n","protected":false},"author":9,"featured_media":0,"parent":0,"menu_order":0,"comment_status":"closed","ping_status":"closed","template":"","meta":[],"_links":{"self":[{"href":"https:\/\/test4.mi-backup.ch\/fr\/wp-json\/wp\/v2\/pages\/1882"}],"collection":[{"href":"https:\/\/test4.mi-backup.ch\/fr\/wp-json\/wp\/v2\/pages"}],"about":[{"href":"https:\/\/test4.mi-backup.ch\/fr\/wp-json\/wp\/v2\/types\/page"}],"author":[{"embeddable":true,"href":"https:\/\/test4.mi-backup.ch\/fr\/wp-json\/wp\/v2\/users\/9"}],"replies":[{"embeddable":true,"href":"https:\/\/test4.mi-backup.ch\/fr\/wp-json\/wp\/v2\/comments?post=1882"}],"version-history":[{"count":12,"href":"https:\/\/test4.mi-backup.ch\/fr\/wp-json\/wp\/v2\/pages\/1882\/revisions"}],"predecessor-version":[{"id":55381,"href":"https:\/\/test4.mi-backup.ch\/fr\/wp-json\/wp\/v2\/pages\/1882\/revisions\/55381"}],"wp:attachment":[{"href":"https:\/\/test4.mi-backup.ch\/fr\/wp-json\/wp\/v2\/media?parent=1882"}],"curies":[{"name":"wp","href":"https:\/\/api.w.org\/{rel}","templated":true}]}}