{"id":1886,"date":"2022-08-01T18:59:03","date_gmt":"2022-08-01T16:59:03","guid":{"rendered":"https:\/\/m-i.info.smaragd.ch-meta.net\/?page_id=1886\/"},"modified":"2022-08-18T16:38:18","modified_gmt":"2022-08-18T14:38:18","slug":"le-chevalier","status":"publish","type":"page","link":"https:\/\/test4.mi-backup.ch\/fr\/le-chevalier\/","title":{"rendered":"Le Chevalier"},"content":{"rendered":"<h4><strong>Le portrait du chevalier<\/strong><\/h4>\n<h4><strong><img loading=\"lazy\" class=\"alignright\" src=\"https:\/\/militiaimmaculataefr.files.wordpress.com\/2020\/11\/knight17-e1605345334870.png\" width=\"266\" height=\"305\" \/><\/strong><\/h4>\n<p>La Militia Immaculat\u00e6 r\u00e9uni en son sein ceux que le P\u00e8re Maximilien Kolbe a nomm\u00e9 &#8220;Chevaliers&#8221;. Ce mot fait r\u00e9f\u00e9rence au Moyen-\u00e2ge. Il est caract\u00e9ris\u00e9 par la noblesse de c\u0153ur, la g\u00e9n\u00e9rosit\u00e9, le service, le courage, la bravoure, le sens de l&#8217;honneur, l&#8217;oubli de soi, la pi\u00e9t\u00e9 et la totale d\u00e9pendance envers le seigneur. Dans la M.I., c&#8217;est envers la Reine du Ciel et de la terre que les chevaliers promettent fid\u00e9lit\u00e9 et service.<br \/>\nCependant, cette chevalerie n&#8217;est pas un simple apparat mais une tr\u00e8s profonde spiritualit\u00e9 dont l&#8217;Immacul\u00e9e est la source. Aussi, sur cette page, vous trouverez des articles pour approfondir vos connaissances sur la vie quotidienne et mariale du vrai Chevalier de l&#8217;Immacul\u00e9e.<\/p>\n<p>Le P\u00e8re Maximilien Kolbe esquissa ainsi cet id\u00e9al :<\/p>\n<p>\u00ab\u00a0<em>Pro amore usque ad victimam<\/em> \u00bb, tout pour l\u2019amour, jusqu\u2019au don de sa vie. Comme il s\u2019agit d\u2019un combat spirituel, hommes et femmes sont convi\u00e9s de la m\u00eame mani\u00e8re \u00e0 cette chevalerie.<\/p>\n<h4><strong>Le programme du Chevalier :<\/strong><\/h4>\n<ul>\n<li>\u00ab\u00a0<em>Le chevalier est anim\u00e9 d\u2019un id\u00e9al \u00e9lev\u00e9. <strong>Il ne se contente pas de faire les choses \u00e0 moiti\u00e9, il veut tout ! Le monde est pour lui trop petit<\/strong><\/em><strong>.\u00a0\u00bb<\/strong> (Saint Maximilien Kolbe)<\/li>\n<li><strong>Une fois qu\u2019il a appris \u00e0 conna\u00eetre et \u00e0 aimer l\u2019Immacul\u00e9e, il d\u00e9sire s\u2019investir pour Elle, devenir son instrument,<\/strong> et se laisser guider par Elle. Il r\u00e9alise cela par la cons\u00e9cration \u00e0 l\u2019Immacul\u00e9e ! Il ne se contente pas d\u2019une b\u00e9n\u00e9diction, <strong>\u00ab\u00a0<\/strong><em><strong>mais s\u2019efforce, autant que possible, de Lui attirer d\u2019autres c\u0153urs<\/strong> pour qu\u2019ils se consacrent \u00e0 Elle<\/em>\u00a0\u00bb (Saint Maximilien Kolbe). Avec Saint Maximilien Kolbe, il peut donc affirmer : \u00ab\u00a0<em>Je ne vis que pour les \u00e2mes, c\u2019est ma mission !<\/em>\u00a0\u00bb<\/li>\n<li>Marie conduit le Chevalier au Christ, c\u2019est pourquoi sa devise est : \u00ab<strong>\u00a0<em>Conqu\u00e9rir le monde entier au Christ par l\u2019Immacul\u00e9e<\/em>\u00a0\u00bb<\/strong> Il aspire \u00e0 ce que le Christ soit reconnu dans la soci\u00e9t\u00e9, ayant bien conscience que rien ne saurait \u00eatre plus efficace (contre les maux de notre temps) que \u00ab\u00a0<em>la restauration de la souverainet\u00e9 de Notre-Seigneur.<\/em>\u00a0\u00bb (Saint Pie X)<\/li>\n<li><strong>Le Chevalier ne se laisse pas d\u00e9courager par sa propre faiblesse ni par la sup\u00e9riorit\u00e9 de l\u2019ennemi.<\/strong> \u00ab\u00a0<em>Il y a deux chemins : sa propre force ou celle de Dieu. Tout d\u00e9pend du chemin que l\u2019on utilise. Si la cause est nulle lorsqu\u2019on appuie ses actions sur ses propres forces, alors l\u2019effet sera nul. Allons-nous donc b\u00e2tir donc sur nous-m\u00eame ou sur Dieu\u00a0?<\/em>\u00a0\u00bb (Saint Maximilien Kolbe). Le Chevalier comme un autre David, s\u2019adresse aux Goliaths de ce monde qui ont d\u00e9couronn\u00e9 le Christ en ces termes\u00a0: \u00ab\u00a0<em>Tu viens vers moi avec une \u00e9p\u00e9e, une lance et un bouclier ; moi, au contraire, je viens vers toi au nom du Seigneur des arm\u00e9es, au nom du Dieu de l\u2019arm\u00e9e d\u2019Isra\u00ebl, que tu tournes en d\u00e9rision<\/em>\u00a0\u00bb(1 Samuel 17, 45).<\/li>\n<li>Il ne met pas sa confiance dans les moyens ou la sagesse de ce monde, <strong>mais en Dieu seul.<\/strong> Comme David, il se sert de ces moyens qui sont aux yeux du monde une folie. Il met sa confiance dans \u00ab ces armes \u00bb que sa Ma\u00eetresse lui a procur\u00e9es, \u00e0 savoir sp\u00e9cialement la M\u00e9daille Miraculeuse et le rosaire \u2013 \u00ab le lance-pierres de David \u00bb (Pie XII) &#8211; et \u00ab <strong>le dernier moyen de salut<\/strong> \u00bb (Notre-Dame de Fatima).<\/li>\n<\/ul>\n<p>Le P\u00e8re Maximilien r\u00e9sume cet id\u00e9al ainsi :<\/p>\n<blockquote><p><strong>\u00ab\u00a0<em>Consid\u00e9rons aujourd\u2019hui le portrait d\u2019un authentique Chevalier de l\u2019Immacul\u00e9e. Il n\u2019enferme pas son c\u0153ur en lui-m\u00eame, ni en sa famille, ni en ses proches, ni en ses amis, ni en ses compatriotes, mais il embrasse tout le monde, tous et chacun individuellement, car tous, sans exception, sont rachet\u00e9s par le sang du Christ, &#8211; tous sont nos fr\u00e8res.<\/em>\u00a0\u00bb <\/strong><\/p><\/blockquote>\n<p>Il d\u00e9sire pour tous le vrai bonheur, l\u2019illumination par la Foi, la purification des p\u00e9ch\u00e9s ainsi qu\u2019un c\u0153ur enflamm\u00e9 par l\u2019amour de Dieu, un amour sans limites\u2026 Voici son r\u00eave : le bonheur de toute l\u2019humanit\u00e9 en Dieu par l\u2019Immacul\u00e9e. Le Chevalier de l\u2019Immacul\u00e9e est un combattant qui cherche \u00e0 conqu\u00e9rir pour tous les c\u0153urs \u00e0 sa Souveraine.<\/p>\n<blockquote><p><strong>\u00ab\u00a0<em>Il tend sa main \u00e0 tous, prie pour tous, souffre pour tous.<\/em> \u00bb\u00a0<\/strong>(P\u00e8re Maximilien Kolbe)<\/p><\/blockquote>\n<hr \/>\n<div style=\"position: relative; width: 100%; height: 0; padding-top: 100.0000%; padding-bottom: 48px; box-shadow: 0 2px 8px 0 rgba(63,69,81,0.16); margin-top: 1.6em; margin-bottom: 0.9em; overflow: hidden; border-radius: 8px; will-change: transform;\"><iframe style=\"position: absolute; width: 100%; height: 100%; top: 0; left: 0; border: none; padding: 0; margin: 0;\" src=\"https:\/\/www.canva.com\/design\/DAFI1XdjbcI\/view?embed\" allowfullscreen=\"allowfullscreen\"><br \/>\n<\/iframe><\/div>\n<p><a href=\"https:\/\/www.canva.com\/design\/DAFI1XdjbcI\/view?utm_content=DAFI1XdjbcI&amp;utm_campaign=designshare&amp;utm_medium=embeds&amp;utm_source=link\" target=\"_blank\" rel=\"noopener\">Le chevalier pr\u00e9sentation<\/a><\/p>\n","protected":false},"excerpt":{"rendered":"<p>Le portrait du chevalier La Militia Immaculat\u00e6 r\u00e9uni en son sein ceux que le P\u00e8re Maximilien Kolbe a nomm\u00e9 &#8220;Chevaliers&#8221;. Ce mot fait r\u00e9f\u00e9rence au Moyen-\u00e2ge. Il est caract\u00e9ris\u00e9 par la noblesse de c\u0153ur, la g\u00e9n\u00e9rosit\u00e9, le service, le courage, la bravoure, le sens de l&#8217;honneur, l&#8217;oubli de soi, la<a class=\"more-link\" href=\"https:\/\/test4.mi-backup.ch\/fr\/le-chevalier\/\">Lire la suite &rarr;<\/a><\/p>\n","protected":false},"author":9,"featured_media":0,"parent":0,"menu_order":0,"comment_status":"closed","ping_status":"closed","template":"","meta":[],"_links":{"self":[{"href":"https:\/\/test4.mi-backup.ch\/fr\/wp-json\/wp\/v2\/pages\/1886"}],"collection":[{"href":"https:\/\/test4.mi-backup.ch\/fr\/wp-json\/wp\/v2\/pages"}],"about":[{"href":"https:\/\/test4.mi-backup.ch\/fr\/wp-json\/wp\/v2\/types\/page"}],"author":[{"embeddable":true,"href":"https:\/\/test4.mi-backup.ch\/fr\/wp-json\/wp\/v2\/users\/9"}],"replies":[{"embeddable":true,"href":"https:\/\/test4.mi-backup.ch\/fr\/wp-json\/wp\/v2\/comments?post=1886"}],"version-history":[{"count":11,"href":"https:\/\/test4.mi-backup.ch\/fr\/wp-json\/wp\/v2\/pages\/1886\/revisions"}],"predecessor-version":[{"id":77496,"href":"https:\/\/test4.mi-backup.ch\/fr\/wp-json\/wp\/v2\/pages\/1886\/revisions\/77496"}],"wp:attachment":[{"href":"https:\/\/test4.mi-backup.ch\/fr\/wp-json\/wp\/v2\/media?parent=1886"}],"curies":[{"name":"wp","href":"https:\/\/api.w.org\/{rel}","templated":true}]}}