{"id":2116,"date":"2022-01-09T22:47:38","date_gmt":"2022-01-09T21:47:38","guid":{"rendered":"https:\/\/m-i.info.smaragd.ch-meta.net\/?page_id=2116\/"},"modified":"2022-07-09T16:47:30","modified_gmt":"2022-07-09T14:47:30","slug":"origine-et-chronologie-de-la-m-i","status":"publish","type":"page","link":"https:\/\/test4.mi-backup.ch\/fr\/origine-et-chronologie-de-la-m-i\/","title":{"rendered":"Origine et chronologie de la M.I."},"content":{"rendered":"<h1><a href=\"https:\/\/test4.mi-backup.ch\/wp-content\/uploads\/media\/kolbe12.jpg\"><img loading=\"lazy\" class=\"alignright\" src=\"https:\/\/test4.mi-backup.ch\/wp-content\/uploads\/media\/kolbe12.jpg\" alt=\"\" width=\"308\" height=\"408\" align=\"top\" border=\"1\" hspace=\"5\" vspace=\"5\" \/><\/a><\/h1>\n<h1>Table des mati\u00e8res<\/h1>\n<ol>\n<li>Ann\u00e9e 1917<\/li>\n<li>Le d\u00e9veloppement de la M.I.<\/li>\n<li>La M.I. trahie apr\u00e8s le Concile Vatican II<\/li>\n<\/ol>\n<h4><strong>1. L&#8217;ann\u00e9e 1917<\/strong><\/h4>\n<p>Ann\u00e9e de la R\u00e9volution d&#8217;Octobre en Russie, mais aussi ann\u00e9e des apparitions de Notre-Dame \u00e0 Fatima !<br \/>\nDe plus, \u00e0 Rome, la Franc-ma\u00e7onnerie f\u00eate le deuxi\u00e8me centenaire de sa fondation. Partout apparaissent des drapeaux et des affiches repr\u00e9sentant l\u2019archange saint Michel vaincu et terrass\u00e9 par Lucifer. Des d\u00e9fil\u00e9s remplissent les rues de la Ville \u00e9ternelle et sur la place Saint-Pierre, on entend des slogans blasph\u00e9matoires tels que:<\/p>\n<p>\u00ab Satan r\u00e8gnera sur le Vatican, le pape sera son serviteur. \u00bb<\/p>\n<figure id=\"attachment_51033\" aria-describedby=\"caption-attachment-51033\" style=\"width: 300px\" class=\"wp-caption alignright\"><a href=\"https:\/\/test4.mi-backup.ch\/wp-content\/uploads\/2022\/02\/origine5.jpg\"><img loading=\"lazy\" class=\"wp-image-51033\" src=\"https:\/\/test4.mi-backup.ch\/wp-content\/uploads\/2022\/02\/origine5-212x300.jpg\" alt=\"\" width=\"300\" height=\"424\" srcset=\"https:\/\/test4.mi-backup.ch\/wp-content\/uploads\/2022\/02\/origine5-212x300.jpg 212w, https:\/\/test4.mi-backup.ch\/wp-content\/uploads\/2022\/02\/origine5-724x1024.jpg 724w, https:\/\/test4.mi-backup.ch\/wp-content\/uploads\/2022\/02\/origine5-768x1086.jpg 768w, https:\/\/test4.mi-backup.ch\/wp-content\/uploads\/2022\/02\/origine5-1086x1536.jpg 1086w, https:\/\/test4.mi-backup.ch\/wp-content\/uploads\/2022\/02\/origine5-389x550.jpg 389w, https:\/\/test4.mi-backup.ch\/wp-content\/uploads\/2022\/02\/origine5-600x849.jpg 600w, https:\/\/test4.mi-backup.ch\/wp-content\/uploads\/2022\/02\/origine5.jpg 1414w\" sizes=\"(max-width: 300px) 100vw, 300px\" \/><\/a><figcaption id=\"caption-attachment-51033\" class=\"wp-caption-text\"><strong>La Gr\u00e9gorienne \u00e0 Rome<\/strong><\/figcaption><\/figure>\n<p>Le fr\u00e8re Maximilien Marie Kolbe, franciscain conventuel polonais, est alors \u00e9tudiant en th\u00e9ologie \u00e0 la Gr\u00e9gorienne de Rome et devient ainsi bon-gr\u00e9 mal-gr\u00e9 t\u00e9moin de ces manifestations inqui\u00e9tantes. Il se pose alors cette question:<\/p>\n<p><strong>\u00ab Est-il possible que nos ennemis d\u00e9ploient tant d\u2019activit\u00e9 pour nous dominer, tandis que nous restons oisifs, tout au plus appliqu\u00e9s \u00e0 prier, sans passer \u00e0 l\u2019action ? Ne poss\u00e9dons-nous pas des armes encore plus puissantes, ne pouvons-nous pas compter sur le Ciel et tout sp\u00e9cialement sur l\u2019Immacul\u00e9e ? \u00bb<\/strong><\/p>\n<p>M\u00e9ditant les Saintes Ecritures et les \u00e9crits des P\u00e8res de l\u2019Eglise, s\u2019inspirant de la doctrine des grands saints mariaux, comme saint Louis-Marie Grignion de Montfort, consid\u00e9rant aussi le dogme de l\u2019Immacul\u00e9e Conception et les apparitions de Notre-Dame \u00e0 Lourdes, sans oublier l&#8217;application pratique et sociale de ces grandes v\u00e9rit\u00e9s, le jeune fr\u00e8re aboutit \u00e0 la conclusion suivante:<\/p>\n<p><strong>\u00ab La Vierge sans tache, victorieuse de toutes les h\u00e9r\u00e9sies, ne c\u00e9dera pas le pas \u00e0 son ennemi qui se tourne contre elle; Lorsqu&#8217;Elle trouvera des serviteurs fid\u00e8les et dociles \u00e0 son commandement, Elle remportera de nouvelles victoires, plus grandes que celles que nous ne pourrions imaginer. \u00bb<\/strong><\/p>\n<p><a href=\"https:\/\/test4.mi-backup.ch\/wp-content\/uploads\/2022\/02\/origine4.jpg\"><img loading=\"lazy\" class=\"alignright wp-image-51008\" src=\"https:\/\/test4.mi-backup.ch\/wp-content\/uploads\/2022\/02\/origine4-724x1024.jpg\" alt=\"\" width=\"300\" height=\"424\" srcset=\"https:\/\/test4.mi-backup.ch\/wp-content\/uploads\/2022\/02\/origine4-724x1024.jpg 724w, https:\/\/test4.mi-backup.ch\/wp-content\/uploads\/2022\/02\/origine4-212x300.jpg 212w, https:\/\/test4.mi-backup.ch\/wp-content\/uploads\/2022\/02\/origine4-768x1086.jpg 768w, https:\/\/test4.mi-backup.ch\/wp-content\/uploads\/2022\/02\/origine4-1086x1536.jpg 1086w, https:\/\/test4.mi-backup.ch\/wp-content\/uploads\/2022\/02\/origine4-389x550.jpg 389w, https:\/\/test4.mi-backup.ch\/wp-content\/uploads\/2022\/02\/origine4-600x849.jpg 600w, https:\/\/test4.mi-backup.ch\/wp-content\/uploads\/2022\/02\/origine4.jpg 1414w\" sizes=\"(max-width: 300px) 100vw, 300px\" \/><\/a><\/p>\n<p>En 1917, Rome c\u00e9l\u00e9brait \u00e9galement un autre anniversaire, celui d\u2019une victoire pour l\u2019Immacul\u00e9e : la conversion instantan\u00e9e d\u2019Alphonse Ratisbonne, un juif, qui eut lieu en 1842. Cette conversion fut obtenue par les gr\u00e2ces de la M\u00e9daille Miraculeuse.<\/p>\n<p>Cette heureuse co\u00efncidence donna \u00e0 fr\u00e8re Maximilien l\u2019id\u00e9e d\u2019une chevalerie de l\u2019Immacul\u00e9e. Son embl\u00e8me serait la <strong>M\u00e9daille Miraculeuse.<\/strong><\/p>\n<p>Ainsi, trois jours apr\u00e8s le miracle du soleil \u00e0 Fatima,<strong> le 16 octobre 1917<\/strong>, fr\u00e8re Maximilien, avec la permission de son sup\u00e9rieur et \u00e0 genoux devant l\u2019autel de Notre Dame dans la chapelle du Coll\u00e8ge S\u00e9raphique de Rome, <strong>fonda avec six confr\u00e8res la Militia Immaculat\u00e6.<\/strong><\/p>\n<hr \/>\n<div style=\"width: 250; float: right;\">\n<p>&nbsp;<\/p>\n<p>&nbsp;<\/p>\n<p>&nbsp;<\/p>\n<p>&nbsp;<\/p>\n<\/div>\n<h4><strong>2. Le d\u00e9veloppement de la M.I. <a href=\"https:\/\/test4.mi-backup.ch\/wp-content\/uploads\/2022\/02\/origine6.jpg\"><img loading=\"lazy\" class=\"alignright wp-image-51056\" src=\"https:\/\/test4.mi-backup.ch\/wp-content\/uploads\/2022\/02\/origine6-724x1024.jpg\" alt=\"\" width=\"461\" height=\"652\" srcset=\"https:\/\/test4.mi-backup.ch\/wp-content\/uploads\/2022\/02\/origine6-724x1024.jpg 724w, https:\/\/test4.mi-backup.ch\/wp-content\/uploads\/2022\/02\/origine6-212x300.jpg 212w, https:\/\/test4.mi-backup.ch\/wp-content\/uploads\/2022\/02\/origine6-768x1086.jpg 768w, https:\/\/test4.mi-backup.ch\/wp-content\/uploads\/2022\/02\/origine6-1086x1536.jpg 1086w, https:\/\/test4.mi-backup.ch\/wp-content\/uploads\/2022\/02\/origine6-389x550.jpg 389w, https:\/\/test4.mi-backup.ch\/wp-content\/uploads\/2022\/02\/origine6-600x849.jpg 600w, https:\/\/test4.mi-backup.ch\/wp-content\/uploads\/2022\/02\/origine6.jpg 1414w\" sizes=\"(max-width: 461px) 100vw, 461px\" \/><\/a><\/strong><\/h4>\n<p>D\u00e8s l\u2019ann\u00e9e suivante de sa fondation, la Milice de l\u2019Immacul\u00e9e re\u00e7ut la b\u00e9n\u00e9diction apostolique<br \/>\ndu pape Beno\u00eet XV, b\u00e9n\u00e9diction maintes fois renouvel\u00e9e par ses successeurs ; <strong>elle fut ensuite approuv\u00e9e comme \u00ab Pieuse Union \u00bb sous Pie XI, le 2 janvier 1922,<\/strong> puis \u00e9lev\u00e9e au rang de <em>Pia Unio Primaria<\/em> en 1927, ce qui l\u2019autorisait \u00e0 fonder des filiales. D\u00e8s lors, la M.I. connut une magnifique expansion dans le monde entier, jusqu\u2019en Extr\u00eame-Orient.<\/p>\n<p><strong>En 1933,<\/strong> six ans seulement apr\u00e8s la fondation de la Cit\u00e9 de l\u2019Immacul\u00e9e (Niepokalanow), si\u00e8ge central de l\u2019organisation, on y recensait <strong>762 religieux<\/strong> s\u2019adonnant avec z\u00e8le \u00e0 toutes formes d\u2019apostolat, en particulier celui de la presse en 1939, sa principale revue mensuelle, Le Chevalier de L\u2019Immacul\u00e9e, \u00e9tait tir\u00e9e \u00e0 750 000 exemplaires.<\/p>\n<p><strong>En 1942,<\/strong> pour le 25\u00e8me anniversaire de la fondation de la Milice de l\u2019Immacul\u00e9e, celle-ci re\u00e7ut une nouvelle approbation du pape Pie XII, avec ses f\u00e9licitations et sa b\u00e9n\u00e9diction apostolique.<\/p>\n<p>A l\u2019\u00e9poque du concile Vatican II, la M.I. comptait <strong>500 succursales sur les cinq continents, et environ 3 millions de membres.<\/strong><\/p>\n<hr \/>\n<h4><strong>3. La M.I. trahie apr\u00e8s le Concile Vatican II<\/strong><\/h4>\n<figure style=\"width: 250px\" class=\"wp-caption alignright\"><img loading=\"lazy\" src=\"https:\/\/test4.mi-backup.ch\/wp-content\/uploads\/media\/17_-_Pope_John_Paul_II_and_Franciszek_Gajowniczek_at_the_canonization_of_St._Maximilian_Maria_Kolbe_(1982).jpg\" alt=\"Papst Johannes Paul II.\" width=\"250\" height=\"206\" align=\"top\" border=\"1\" hspace=\"5\" vspace=\"5\" \/><figcaption class=\"wp-caption-text\">Le pape Jean-Paul II avec Franciszek Gajowniczek; le jour de la canonisation en 1984. C&#8217;est pour lui que\u00a0 le P\u00e8re Maximilien a donn\u00e9 sa vie.<\/figcaption><\/figure>\n<p>La r\u00e9volution engendr\u00e9e par le second Concile de Vatican n\u2019\u00e9pargna pas la M.I. et y introduisit des changements radicaux :<\/p>\n<h3><strong>\u00a0 \u00a0 \u00a0 \u00a0 \u00a01. LE NOM<\/strong><\/h3>\n<p>Les d\u00e9tracteurs de la Militia Immaculat\u00e6 et de tout ce qui touche \u00e0 la Vierge Immacul\u00e9e s&#8217;en prirent tout d&#8217;abord <strong>au nom<\/strong> \u00ab Milice de l\u2019Immacul\u00e9e \u00bb<\/p>\n<p>et le chang\u00e8rent en \u00ab Mission de l\u2019Immacul\u00e9e \u00bb enlevant ainsi le caract\u00e8re militant, d\u00e9fenseur et victorieux de l&#8217;Immacul\u00e9e qui ne correspondait pas aux principes de libert\u00e9 religieuse et de pacifisme conciliaire.<\/p>\n<p>Rapidement apr\u00e8s les statuts furent adapt\u00e9s \u00e0 l\u2019esprit du concile.<strong> Les nouveaux statuts<\/strong> ne sont h\u00e9las plus remplis des citations des saints mais du Concile Vatican II, des papes Paul VI et Jean-Paul II. Il ne reste que de tr\u00e8s petites citations des \u00e9crits du P\u00e8re Maximilien-Marie Kolbe.<\/p>\n<h3><strong>\u00a0 \u00a0 \u00a0 \u00a0 \u00a0 2. LE BUT<\/strong><\/h3>\n<p><strong>Ces statuts modifi\u00e9s font \u00e9tat d\u2019un objectif compl\u00e8tement nouveau pour la M.I. <\/strong>On ne fait plus mention des francs-ma\u00e7ons, des h\u00e9r\u00e9tiques etc&#8230;<\/p>\n<p>La pri\u00e8re quotidienne des chevaliers \u00ab O Marie, con\u00e7ue sans p\u00e9ch\u00e9 \u00bb a aussi \u00e9t\u00e9 modifi\u00e9e. En effet, le P\u00e8re Maximilien avait ajout\u00e9 sous inspiration divine \u00ab et pour tous ceux qui n\u2019ont pas recours \u00e0 vous, sp\u00e9cialement pour les francs-ma\u00e7ons \u00bb, cette derni\u00e8re partie de la pri\u00e8re a \u00e9t\u00e9 supprim\u00e9e.<\/p>\n<p>La conversion des \u00e2mes, l\u2019abandon de l\u2019erreur et le retour au giron de l\u2019Eglise ne figurent plus dans ces statuts. Pas un seul mot sur le d\u00e9mon, comme ennemi principal de l\u2019Immacul\u00e9e et des \u00e2mes. En cons\u00e9quence, aucune allusion au salut des \u00e2mes, qu\u2019il faut \u00e0 tout prix arracher \u00e0 l\u2019enfer.<\/p>\n<h3><strong>\u00a0 \u00a0 \u00a0 \u00a0 \u00a0 3. L&#8217;ESSENCE<\/strong><\/h3>\n<p>Si l\u2019on parle encore de la cons\u00e9cration totale \u00e0 l\u2019Immacul\u00e9e, les implications concr\u00e8te de cette cons\u00e9cration sont essentiellement modifi\u00e9es. Pas un mot sur l\u2019ob\u00e9issance \u00e0 la volont\u00e9 de l\u2019Immacul\u00e9e ; au lieu de l\u2019apostolat de propagation de la vraie foi, on insiste maintenant sur des activit\u00e9s cr\u00e9\u00e9es pour promouvoir la dignit\u00e9 de la personne humaine et pour prot\u00e9ger la vie humaine.<\/p>\n<p>La Tr\u00e8s Sainte M\u00e8re de Dieu n\u2019est plus pr\u00e9sent\u00e9e que comme un exemple parmi d&#8217;autres \u00e0 imiter et non comme <strong>le moyen assur\u00e9 de sanctification et notre unique Esp\u00e9rance pour parvenir \u00e0 la Saintet\u00e9.\u00a0<\/strong><\/p>\n<p>D\u2019un autre c\u00f4t\u00e9, les nouveaux statuts restent silencieux sur ce que le P\u00e8re Maximilien appelle \u00ab l\u2019application pratique du dogme de l\u2019Immacul\u00e9e Conception \u00bb, c&#8217;est-\u00e0-dire, Son r\u00f4le actif de M\u00e9diatrice de toutes les gr\u00e2ces (une v\u00e9rit\u00e9 qui, depuis Vatican II, a \u00e9t\u00e9 r\u00e9duit \u00e0 une opinion dont on peut d\u00e9battre), en particulier des gr\u00e2ces de conversion et de sanctification. Ainsi, ce que le fondateur consid\u00e9rait comme le socle fondateur de son projet est reni\u00e9 :<\/p>\n<blockquote><p><strong><em>\u00ab Tous les travaux de la M.I. sont bas\u00e9s sur la v\u00e9rit\u00e9 que Marie est la M\u00e9diatrice de toutes les gr\u00e2ces. S\u2019il n\u2019en \u00e9tait pas ainsi,<\/em> alors nos travaux et nos efforts seraient d\u00e9nu\u00e9s de sens. \u00bb<\/strong> (Conf\u00e9rence du 6 juin 1933.)<\/p><\/blockquote>\n","protected":false},"excerpt":{"rendered":"<p>Table des mati\u00e8res Ann\u00e9e 1917 Le d\u00e9veloppement de la M.I. La M.I. trahie apr\u00e8s le Concile Vatican II 1. L&#8217;ann\u00e9e 1917 Ann\u00e9e de la R\u00e9volution d&#8217;Octobre en Russie, mais aussi ann\u00e9e des apparitions de Notre-Dame \u00e0 Fatima ! De plus, \u00e0 Rome, la Franc-ma\u00e7onnerie f\u00eate le deuxi\u00e8me centenaire de sa<a class=\"more-link\" href=\"https:\/\/test4.mi-backup.ch\/fr\/origine-et-chronologie-de-la-m-i\/\">Lire la suite &rarr;<\/a><\/p>\n","protected":false},"author":9,"featured_media":0,"parent":0,"menu_order":0,"comment_status":"closed","ping_status":"closed","template":"","meta":[],"_links":{"self":[{"href":"https:\/\/test4.mi-backup.ch\/fr\/wp-json\/wp\/v2\/pages\/2116"}],"collection":[{"href":"https:\/\/test4.mi-backup.ch\/fr\/wp-json\/wp\/v2\/pages"}],"about":[{"href":"https:\/\/test4.mi-backup.ch\/fr\/wp-json\/wp\/v2\/types\/page"}],"author":[{"embeddable":true,"href":"https:\/\/test4.mi-backup.ch\/fr\/wp-json\/wp\/v2\/users\/9"}],"replies":[{"embeddable":true,"href":"https:\/\/test4.mi-backup.ch\/fr\/wp-json\/wp\/v2\/comments?post=2116"}],"version-history":[{"count":12,"href":"https:\/\/test4.mi-backup.ch\/fr\/wp-json\/wp\/v2\/pages\/2116\/revisions"}],"predecessor-version":[{"id":69616,"href":"https:\/\/test4.mi-backup.ch\/fr\/wp-json\/wp\/v2\/pages\/2116\/revisions\/69616"}],"wp:attachment":[{"href":"https:\/\/test4.mi-backup.ch\/fr\/wp-json\/wp\/v2\/media?parent=2116"}],"curies":[{"name":"wp","href":"https:\/\/api.w.org\/{rel}","templated":true}]}}