{"id":2119,"date":"2022-07-27T17:49:13","date_gmt":"2022-07-27T15:49:13","guid":{"rendered":"https:\/\/m-i.info.smaragd.ch-meta.net\/?page_id=2119\/"},"modified":"2022-08-02T17:30:34","modified_gmt":"2022-08-02T15:30:34","slug":"nature-de-la-m-i","status":"publish","type":"page","link":"https:\/\/test4.mi-backup.ch\/fr\/nature-de-la-m-i\/","title":{"rendered":"Nature de la M.I."},"content":{"rendered":"<div style=\"width: 300px; float: right;\">\n<p>&nbsp;<\/p>\n<p>&nbsp;<\/p>\n<p>&nbsp;<\/p>\n<p>&nbsp;<\/p>\n<\/div>\n<h1>Table des mati\u00e8res<\/h1>\n<ol>\n<li>Ce qu&#8217;est la Militia Immaculat\u00e6<\/li>\n<li>Les trois degr\u00e9s de la M.I<\/li>\n<li>Le P\u00e8re Kolbe r\u00e9pond aux 14 questions sur la n\u00e9cessit\u00e9 de la Militia Immaculat\u00e6 et de l&#8217;acte de Cons\u00e9cration (diaporama interactif)<\/li>\n<\/ol>\n<h4><strong>1. Ce qu&#8217;est la Militia Immaculat\u00e6<\/strong><\/h4>\n<p>La Milice de l\u2019Immacul\u00e9e n\u2019est pas une association au sens classique du terme, avec des activit\u00e9s concr\u00e8tement d\u00e9finies, cr\u00e9\u00e9es pour un groupe de personnes en particulier.<\/p>\n<p><em>\u00ab C\u2019est un mouvement qui se doit d\u2019attirer les masses et les arracher \u00e0 Satan. Une fois que les \u00e2mes ont \u00e9t\u00e9 gagn\u00e9es \u00e0 l\u2019Immacul\u00e9e il y aura parmi elles quelques-unes qui pourront \u00eatre port\u00e9es plus loin, jusqu\u2019aux hauteurs de la d\u00e9votion, jusqu\u2019au point m\u00eame de l\u2019h\u00e9ro\u00efsme au service du d\u00e9veloppement du Royaume de Dieu \u00e0 travers l\u2019Immacul\u00e9e. Tous les ordres religieux et toutes les congr\u00e9gations, tous les mouvements de l\u2019\u00c9glise peuvent aussi appartenir \u00e0 la M.I. Etre membre de la M.I. permettra \u00e0 chacun de donner le meilleur de son apostolat et d\u2019atteindre de cette mani\u00e8re la perfection chr\u00e9tienne dans son \u00e9tat terrestre, dans sa vocation. \u00bb<\/em><\/p>\n<p><a href=\"https:\/\/test4.mi-backup.ch\/wp-content\/uploads\/2022\/08\/1Citation-pr-article.jpg\"><img loading=\"lazy\" class=\"aligncenter wp-image-74018 size-full\" src=\"https:\/\/test4.mi-backup.ch\/wp-content\/uploads\/2022\/08\/1Citation-pr-article.jpg\" alt=\"\" width=\"1800\" height=\"450\" srcset=\"https:\/\/test4.mi-backup.ch\/wp-content\/uploads\/2022\/08\/1Citation-pr-article.jpg 1800w, https:\/\/test4.mi-backup.ch\/wp-content\/uploads\/2022\/08\/1Citation-pr-article-300x75.jpg 300w, https:\/\/test4.mi-backup.ch\/wp-content\/uploads\/2022\/08\/1Citation-pr-article-1024x256.jpg 1024w, https:\/\/test4.mi-backup.ch\/wp-content\/uploads\/2022\/08\/1Citation-pr-article-768x192.jpg 768w, https:\/\/test4.mi-backup.ch\/wp-content\/uploads\/2022\/08\/1Citation-pr-article-1536x384.jpg 1536w, https:\/\/test4.mi-backup.ch\/wp-content\/uploads\/2022\/08\/1Citation-pr-article-425x106.jpg 425w, https:\/\/test4.mi-backup.ch\/wp-content\/uploads\/2022\/08\/1Citation-pr-article-600x150.jpg 600w\" sizes=\"(max-width: 1800px) 100vw, 1800px\" \/><\/a><\/p>\n<hr \/>\n<h4><strong>2. Les trois degr\u00e9s de la M.I.<\/strong><\/h4>\n<p><strong>Le P\u00e8re Kolbe distingue 3 degr\u00e9s dans la M.I.<\/strong>, correspondant au z\u00e8le, aux capacit\u00e9s, et \u00e0 la vocation des membres :<\/p>\n<ol>\n<li>Dans le premier degr\u00e9 de la M.I., chacun se consacre soi-m\u00eame \u00e0 l\u2019Immacul\u00e9e et cherche \u00e0 poursuivre le but de la Milice individuellement, selon ses possibilit\u00e9s personnelles et les r\u00e8gles de la prudence. \u00bb<br \/>\nCe degr\u00e9 est le socle, la fondation de la Milice : dans sa vie individuelle, personnelle, le chevalier de l\u2019immacul\u00e9e prie, sacrifie et travaille comme un soldat au combat.<br \/>\n<em><strong><a href=\"https:\/\/test4.mi-backup.ch\/fr\/la-m-i-1\/\">Pour en savoir plus sur la M.I 1<\/a><\/strong><\/em><\/li>\n<li>\u00ab Dans le <em>deuxi\u00e8me degr\u00e9<\/em> de la M.I., des statuts particuliers et des programmes lient ensemble les membres qui, en unissant leurs forces, veulent plus rapidement en poursuivre le but. \u00bb<br \/>\nC\u2019est le degr\u00e9 du <strong>groupe de pri\u00e8re et d\u2019action:<\/strong> Ce degr\u00e9 se caract\u00e9rise par un effort commun et la coordination des chevaliers pour la conduite d\u2019un apostolat public. Les chevaliers peuvent coop\u00e9rer pour divers projets, que ce soit \u00e0 l\u2019int\u00e9rieur d\u2019une paroisse, d\u2019une communaut\u00e9 religieuse d\u2019\u00e9chelle locale ou au niveau d\u2019un ordre religieux ou d\u2019une congr\u00e9gation. Des associations peuvent aussi \u00eatre cr\u00e9\u00e9es par des chevaliers qui partagent des centres d\u2019int\u00e9r\u00eats spirituels, regroup\u00e9s par \u00e2ge ou objectifs apostoliques, etc. De plus, les organisations d\u00e9j\u00e0 existantes (i.e. mouvements de jeunesse, groupes d\u2019\u00e9tudes, etc.) peuvent embrasser l\u2019id\u00e9al de la M.I. et fonctionner ainsi comme des groupes de second degr\u00e9 de la M.I.<br \/>\n<a href=\"https:\/\/test4.mi-backup.ch\/fr\/lapostolat-de-la-mi-2\/\"><em><strong>Pour en savoir plus sur la M.I 2<\/strong><\/em><\/a><\/li>\n<li>\u00ab Dans le <em>troisi\u00e8me degr\u00e9<\/em> de la M.I. se r\u00e9alise <strong>la cons\u00e9cration sans limite \u00e0 l\u2019Immacul\u00e9e<\/strong>. Ainsi Elle pourra faire de nous ce qu\u2019Elle veut comme Elle le veut. Nous sommes enti\u00e8rement \u00e0 Elle et Elle \u00e0 nous. Nous faisons tout avec Son aide, nous vivons et travaillons sous Sa protection.\u00bb Ce degr\u00e9 est, d\u2019une certaine mani\u00e8re, le sommet de la M.I. : l\u2019\u00e9tat consacr\u00e9. Le chevalier se d\u00e9die compl\u00e8tement et exclusivement \u00e0 l\u2019apostolat de l\u2019Immacul\u00e9e et scelle sa cons\u00e9cration par des v\u0153ux religieux.<br \/>\n<a href=\"https:\/\/test4.mi-backup.ch\/fr\/lapostolat-de-la-mi-3\/\"><em><strong>Pour en savoir plus sur la M.I 3<\/strong><\/em><\/a><\/li>\n<\/ol>\n<p><a href=\"https:\/\/test4.mi-backup.ch\/wp-content\/uploads\/2022\/08\/2Citation-pr-article.jpg\"><img loading=\"lazy\" class=\"aligncenter wp-image-74010 size-full\" src=\"https:\/\/test4.mi-backup.ch\/wp-content\/uploads\/2022\/08\/2Citation-pr-article.jpg\" alt=\"\" width=\"1800\" height=\"450\" srcset=\"https:\/\/test4.mi-backup.ch\/wp-content\/uploads\/2022\/08\/2Citation-pr-article.jpg 1800w, https:\/\/test4.mi-backup.ch\/wp-content\/uploads\/2022\/08\/2Citation-pr-article-300x75.jpg 300w, https:\/\/test4.mi-backup.ch\/wp-content\/uploads\/2022\/08\/2Citation-pr-article-1024x256.jpg 1024w, https:\/\/test4.mi-backup.ch\/wp-content\/uploads\/2022\/08\/2Citation-pr-article-768x192.jpg 768w, https:\/\/test4.mi-backup.ch\/wp-content\/uploads\/2022\/08\/2Citation-pr-article-1536x384.jpg 1536w, https:\/\/test4.mi-backup.ch\/wp-content\/uploads\/2022\/08\/2Citation-pr-article-425x106.jpg 425w, https:\/\/test4.mi-backup.ch\/wp-content\/uploads\/2022\/08\/2Citation-pr-article-600x150.jpg 600w\" sizes=\"(max-width: 1800px) 100vw, 1800px\" \/><\/a><\/p>\n<hr \/>\n<h4><strong>3. Le P\u00e8re Kolbe r\u00e9pond aux questions de la n\u00e9cessit\u00e9 de l&#8217;acte de Cons\u00e9cration<\/strong><\/h4>\n<div style=\"position: relative; width: 100%; height: 0; padding-top: 100.0000%; padding-bottom: 48px; box-shadow: 0 2px 8px 0 rgba(63,69,81,0.16); margin-top: 1.6em; margin-bottom: 0.9em; overflow: hidden; border-radius: 8px; will-change: transform;\"><iframe style=\"position: absolute; width: 100%; height: 100%; top: 0; left: 0; border: none; padding: 0; margin: 0;\" src=\"https:\/\/www.canva.com\/design\/DAFHnrc09wg\/view?embed\" allowfullscreen=\"allowfullscreen\"><br \/>\n<\/iframe><\/div>\n<p><a href=\"https:\/\/www.canva.com\/design\/DAFHnrc09wg\/view?utm_content=DAFHnrc09wg&amp;utm_campaign=designshare&amp;utm_medium=embeds&amp;utm_source=link\" target=\"_blank\" rel=\"noopener\" class=\"broken_link\">Le P\u00e8re Kolbe r\u00e9pond aux 5 questions sur la n\u00e9cessit\u00e9 de la Cons\u00e9cration<\/a><\/p>\n<hr \/>\n<h4><strong>4. Le P\u00e8re Kolbe r\u00e9pond aux questions de la n\u00e9cessit\u00e9 de la Militia Immaculat\u00e6<\/strong><\/h4>\n<div style=\"position: relative; width: 100%; height: 0; padding-top: 100.0000%; padding-bottom: 48px; box-shadow: 0 2px 8px 0 rgba(63,69,81,0.16); margin-top: 1.6em; margin-bottom: 0.9em; overflow: hidden; border-radius: 8px; will-change: transform;\"><iframe style=\"position: absolute; width: 100%; height: 100%; top: 0; left: 0; border: none; padding: 0; margin: 0;\" src=\"https:\/\/www.canva.com\/design\/DAFHnw_oAo8\/view?embed\" allowfullscreen=\"allowfullscreen\"><br \/>\n<\/iframe><\/div>\n<p><a href=\"https:\/\/www.canva.com\/design\/DAFHnw_oAo8\/view?utm_content=DAFHnw_oAo8&amp;utm_campaign=designshare&amp;utm_medium=embeds&amp;utm_source=link\" target=\"_blank\" rel=\"noopener\">4. Le P\u00e8re Kolbe r\u00e9pond aux 7 questions sur la n\u00e9cessit\u00e9 de la Militia Immaculat\u00e6<\/a><\/p>\n","protected":false},"excerpt":{"rendered":"<p>&nbsp; &nbsp; &nbsp; &nbsp; Table des mati\u00e8res Ce qu&#8217;est la Militia Immaculat\u00e6 Les trois degr\u00e9s de la M.I Le P\u00e8re Kolbe r\u00e9pond aux 14 questions sur la n\u00e9cessit\u00e9 de la Militia Immaculat\u00e6 et de l&#8217;acte de Cons\u00e9cration (diaporama interactif) 1. Ce qu&#8217;est la Militia Immaculat\u00e6 La Milice de l\u2019Immacul\u00e9e n\u2019est<a class=\"more-link\" href=\"https:\/\/test4.mi-backup.ch\/fr\/nature-de-la-m-i\/\">Lire la suite &rarr;<\/a><\/p>\n","protected":false},"author":9,"featured_media":0,"parent":0,"menu_order":0,"comment_status":"closed","ping_status":"closed","template":"","meta":[],"_links":{"self":[{"href":"https:\/\/test4.mi-backup.ch\/fr\/wp-json\/wp\/v2\/pages\/2119"}],"collection":[{"href":"https:\/\/test4.mi-backup.ch\/fr\/wp-json\/wp\/v2\/pages"}],"about":[{"href":"https:\/\/test4.mi-backup.ch\/fr\/wp-json\/wp\/v2\/types\/page"}],"author":[{"embeddable":true,"href":"https:\/\/test4.mi-backup.ch\/fr\/wp-json\/wp\/v2\/users\/9"}],"replies":[{"embeddable":true,"href":"https:\/\/test4.mi-backup.ch\/fr\/wp-json\/wp\/v2\/comments?post=2119"}],"version-history":[{"count":11,"href":"https:\/\/test4.mi-backup.ch\/fr\/wp-json\/wp\/v2\/pages\/2119\/revisions"}],"predecessor-version":[{"id":74026,"href":"https:\/\/test4.mi-backup.ch\/fr\/wp-json\/wp\/v2\/pages\/2119\/revisions\/74026"}],"wp:attachment":[{"href":"https:\/\/test4.mi-backup.ch\/fr\/wp-json\/wp\/v2\/media?parent=2119"}],"curies":[{"name":"wp","href":"https:\/\/api.w.org\/{rel}","templated":true}]}}