{"id":2125,"date":"2022-07-21T12:50:35","date_gmt":"2022-07-21T10:50:35","guid":{"rendered":"https:\/\/m-i.info.smaragd.ch-meta.net\/?page_id=2125\/"},"modified":"2022-08-16T15:06:24","modified_gmt":"2022-08-16T13:06:24","slug":"le-developpement-de-la-m-i","status":"publish","type":"page","link":"https:\/\/test4.mi-backup.ch\/fr\/le-developpement-de-la-m-i\/","title":{"rendered":"La Militia Immaculat\u00e6 d&#8217;observance traditionnelle aujourd&#8217;hui"},"content":{"rendered":"<blockquote><p><em>Vous avez re\u00e7u aujourd\u2019hui par l\u2019interm\u00e9diaire d\u2019une personne qui vous est peut-\u00eatre totalement inconnue, une petite m\u00e9daille et un papier.<br \/>\nSur ce petit papier vous avez trouv\u00e9 ces mots <strong>\u00ab Militia Immaculat\u00e6 \u00bb<\/strong>:<br \/>\nVoici <strong>le travail qui se fait au Centre International en Pologne, aujourd&#8217;hui, car cette \u0152uvre de l&#8217;Eglise Catholique est non seulement une \u0153uvre spirituelle mais aussi apostolique<\/strong> qui cherche par tous les moyens l\u00e9gitimes \u00e0 conqu\u00e9rir les \u00e2mes pour Marie, par Marie et en Marie. Rejoignez-nous !<\/em><\/p><\/blockquote>\n<div style=\"position: relative; width: 100%; height: 0; padding-top: 100.0000%; padding-bottom: 48px; box-shadow: 0 2px 8px 0 rgba(63,69,81,0.16); margin-top: 1.6em; margin-bottom: 0.9em; overflow: hidden; border-radius: 8px; will-change: transform;\"><iframe style=\"position: absolute; width: 100%; height: 100%; top: 0; left: 0; border: none; padding: 0; margin: 0;\" src=\"https:\/\/www.canva.com\/design\/DAFHCfyd7yA\/view?embed\" allowfullscreen=\"allowfullscreen\"><br \/>\n<\/iframe><\/div>\n<p><a href=\"https:\/\/www.canva.com\/design\/DAFHCfyd7yA\/view?utm_content=DAFHCfyd7yA&amp;utm_campaign=designshare&amp;utm_medium=embeds&amp;utm_source=link\" target=\"_blank\" rel=\"noopener\">Organisation de la Militia Immaculat\u00e6 d\u2019observance traditionnelle<\/a><\/p>\n<p>&nbsp;<\/p>\n","protected":false},"excerpt":{"rendered":"<p>Vous avez re\u00e7u aujourd\u2019hui par l\u2019interm\u00e9diaire d\u2019une personne qui vous est peut-\u00eatre totalement inconnue, une petite m\u00e9daille et un papier. Sur ce petit papier vous avez trouv\u00e9 ces mots \u00ab Militia Immaculat\u00e6 \u00bb: Voici le travail qui se fait au Centre International en Pologne, aujourd&#8217;hui, car cette \u0152uvre de l&#8217;Eglise<a class=\"more-link\" href=\"https:\/\/test4.mi-backup.ch\/fr\/le-developpement-de-la-m-i\/\">Lire la suite &rarr;<\/a><\/p>\n","protected":false},"author":9,"featured_media":43285,"parent":0,"menu_order":0,"comment_status":"closed","ping_status":"closed","template":"","meta":[],"_links":{"self":[{"href":"https:\/\/test4.mi-backup.ch\/fr\/wp-json\/wp\/v2\/pages\/2125"}],"collection":[{"href":"https:\/\/test4.mi-backup.ch\/fr\/wp-json\/wp\/v2\/pages"}],"about":[{"href":"https:\/\/test4.mi-backup.ch\/fr\/wp-json\/wp\/v2\/types\/page"}],"author":[{"embeddable":true,"href":"https:\/\/test4.mi-backup.ch\/fr\/wp-json\/wp\/v2\/users\/9"}],"replies":[{"embeddable":true,"href":"https:\/\/test4.mi-backup.ch\/fr\/wp-json\/wp\/v2\/comments?post=2125"}],"version-history":[{"count":11,"href":"https:\/\/test4.mi-backup.ch\/fr\/wp-json\/wp\/v2\/pages\/2125\/revisions"}],"predecessor-version":[{"id":77142,"href":"https:\/\/test4.mi-backup.ch\/fr\/wp-json\/wp\/v2\/pages\/2125\/revisions\/77142"}],"wp:featuredmedia":[{"embeddable":true,"href":"https:\/\/test4.mi-backup.ch\/fr\/wp-json\/wp\/v2\/media\/43285"}],"wp:attachment":[{"href":"https:\/\/test4.mi-backup.ch\/fr\/wp-json\/wp\/v2\/media?parent=2125"}],"curies":[{"name":"wp","href":"https:\/\/api.w.org\/{rel}","templated":true}]}}