{"id":2132,"date":"2022-07-13T09:52:49","date_gmt":"2022-07-13T07:52:49","guid":{"rendered":"https:\/\/m-i.info.smaragd.ch-meta.net\/?page_id=2132\/"},"modified":"2022-08-27T15:58:12","modified_gmt":"2022-08-27T13:58:12","slug":"le-courrier-de-la-mi","status":"publish","type":"page","link":"https:\/\/test4.mi-backup.ch\/fr\/la-militia-immaculatae\/le-courrier-de-la-mi\/","title":{"rendered":"Le courrier de la M.I."},"content":{"rendered":"<h1>I &#8211; Toutes les lettres du Directeur International<\/h1>\n<div style=\"position: relative; width: 100%; height: 0; padding-top: 100.0000%; padding-bottom: 48px; box-shadow: 0 2px 8px 0 rgba(63,69,81,0.16); margin-top: 1.6em; margin-bottom: 0.9em; overflow: hidden; border-radius: 8px; will-change: transform;\"><iframe style=\"position: absolute; width: 100%; height: 100%; top: 0; left: 0; border: none; padding: 0; margin: 0;\" src=\"https:\/\/www.canva.com\/design\/DAE8uz-yVHs\/view?embed\" allowfullscreen=\"allowfullscreen\"><br \/>\n<\/iframe><\/div>\n<p><a href=\"https:\/\/www.canva.com\/design\/DAE8uz-yVHs\/view?utm_content=DAE8uz-yVHs&amp;utm_campaign=designshare&amp;utm_medium=embeds&amp;utm_source=link\" target=\"_blank\" rel=\"noopener\">lettre directeur international<\/a> par Militia Immaculat\u00e6<\/p>\n<hr \/>\n<h1>II &#8211; Toutes les lettres du Mod\u00e9rateur National de France<\/h1>\n<div style=\"position: relative; width: 100%; height: 0; padding-top: 100.0000%; padding-bottom: 48px; box-shadow: 0 2px 8px 0 rgba(63,69,81,0.16); margin-top: 1.6em; margin-bottom: 0.9em; overflow: hidden; border-radius: 8px; will-change: transform;\"><iframe style=\"position: absolute; width: 100%; height: 100%; top: 0; left: 0; border: none; padding: 0; margin: 0;\" src=\"https:\/\/www.canva.com\/design\/DAE8vB-KD2A\/view?embed\" allowfullscreen=\"allowfullscreen\"><br \/>\n<\/iframe><\/div>\n<p><a href=\"https:\/\/www.canva.com\/design\/DAE8vB-KD2A\/view?utm_content=DAE8vB-KD2A&amp;utm_campaign=designshare&amp;utm_medium=embeds&amp;utm_source=link\" target=\"_blank\" rel=\"noopener\" class=\"broken_link\">Lettre Mod\u00e9rateur national &#8211; France<\/a> par Militia Immaculat\u00e6<\/p>\n","protected":false},"excerpt":{"rendered":"<p>I &#8211; Toutes les lettres du Directeur International lettre directeur international par Militia Immaculat\u00e6 II &#8211; Toutes les lettres du Mod\u00e9rateur National de France Lettre Mod\u00e9rateur national &#8211; France par Militia Immaculat\u00e6<a class=\"more-link\" href=\"https:\/\/test4.mi-backup.ch\/fr\/la-militia-immaculatae\/le-courrier-de-la-mi\/\">Lire la suite &rarr;<\/a><\/p>\n","protected":false},"author":9,"featured_media":52042,"parent":1882,"menu_order":0,"comment_status":"closed","ping_status":"closed","template":"","meta":[],"_links":{"self":[{"href":"https:\/\/test4.mi-backup.ch\/fr\/wp-json\/wp\/v2\/pages\/2132"}],"collection":[{"href":"https:\/\/test4.mi-backup.ch\/fr\/wp-json\/wp\/v2\/pages"}],"about":[{"href":"https:\/\/test4.mi-backup.ch\/fr\/wp-json\/wp\/v2\/types\/page"}],"author":[{"embeddable":true,"href":"https:\/\/test4.mi-backup.ch\/fr\/wp-json\/wp\/v2\/users\/9"}],"replies":[{"embeddable":true,"href":"https:\/\/test4.mi-backup.ch\/fr\/wp-json\/wp\/v2\/comments?post=2132"}],"version-history":[{"count":11,"href":"https:\/\/test4.mi-backup.ch\/fr\/wp-json\/wp\/v2\/pages\/2132\/revisions"}],"predecessor-version":[{"id":58324,"href":"https:\/\/test4.mi-backup.ch\/fr\/wp-json\/wp\/v2\/pages\/2132\/revisions\/58324"}],"up":[{"embeddable":true,"href":"https:\/\/test4.mi-backup.ch\/fr\/wp-json\/wp\/v2\/pages\/1882"}],"wp:featuredmedia":[{"embeddable":true,"href":"https:\/\/test4.mi-backup.ch\/fr\/wp-json\/wp\/v2\/media\/52042"}],"wp:attachment":[{"href":"https:\/\/test4.mi-backup.ch\/fr\/wp-json\/wp\/v2\/media?parent=2132"}],"curies":[{"name":"wp","href":"https:\/\/api.w.org\/{rel}","templated":true}]}}