{"id":2135,"date":"2023-03-29T09:53:47","date_gmt":"2023-03-29T07:53:47","guid":{"rendered":"https:\/\/m-i.info.smaragd.ch-meta.net\/?page_id=2135\/"},"modified":"2023-03-29T10:10:42","modified_gmt":"2023-03-29T08:10:42","slug":"les-coins-m-i","status":"publish","type":"page","link":"https:\/\/test4.mi-backup.ch\/fr\/les-coins-m-i\/","title":{"rendered":"Les Coins M.I."},"content":{"rendered":"<h1>Table des mati\u00e8res<\/h1>\n<ol>\n<li>Qu\u2019est-ce que c\u2019est ?<\/li>\n<li>Comment compose-t-on un coin M.I. ?<\/li>\n<li>Comment ravitailler son coin M.I. ?<\/li>\n<li>Quelles sont les d\u00e9marches \u00e0 accomplir ?<\/li>\n<li>Mais o\u00f9 le responsable du coin M.I. doit-il prendre l&#8217;argent pour fournir son coin M.I. ?<\/li>\n<li>Responsable pour le coin M.I.<\/li>\n<li>Actuellement, o\u00f9 trouve-t-on des Coins M.I en France ?<\/li>\n<\/ol>\n<h4><strong><em>1. Qu\u2019est-ce que c\u2019est ?<img loading=\"lazy\" class=\"size-medium wp-image-43239 alignright\" src=\"https:\/\/test4.mi-backup.ch\/wp-content\/uploads\/2021\/11\/MULHOUSE-6-225x300.jpg\" alt=\"\" width=\"225\" height=\"300\" srcset=\"https:\/\/test4.mi-backup.ch\/wp-content\/uploads\/2021\/11\/MULHOUSE-6-225x300.jpg 225w, https:\/\/test4.mi-backup.ch\/wp-content\/uploads\/2021\/11\/MULHOUSE-6-768x1024.jpg 768w, https:\/\/test4.mi-backup.ch\/wp-content\/uploads\/2021\/11\/MULHOUSE-6-1152x1536.jpg 1152w, https:\/\/test4.mi-backup.ch\/wp-content\/uploads\/2021\/11\/MULHOUSE-6-1536x2048.jpg 1536w, https:\/\/test4.mi-backup.ch\/wp-content\/uploads\/2021\/11\/MULHOUSE-6-413x550.jpg 413w, https:\/\/test4.mi-backup.ch\/wp-content\/uploads\/2021\/11\/MULHOUSE-6-600x800.jpg 600w, https:\/\/test4.mi-backup.ch\/wp-content\/uploads\/2021\/11\/MULHOUSE-6-scaled.jpg 1920w\" sizes=\"(max-width: 225px) 100vw, 225px\" \/><\/em><\/strong><\/h4>\n<p>Le Coin M.I. est comme une table de presse sp\u00e9ciale, qui pr\u00e9sente les outils d\u2019apostolat de la M.I. Ici, le chevalier peut s\u2019alimenter en mat\u00e9riel apostolique et en M\u00e9dailles Miraculeuses. Il a acc\u00e8s au bulletin M.I., \u00e0 la lettre du directeur et aux diff\u00e9rents contacts pour rejoindre l\u2019apostolat en ligne.<\/p>\n<p>Le Coin M.I. sert aussi de t\u00e9moin de l\u2019existence de la M.I. dans une chapelle. Agr\u00e9ablement pr\u00e9sent\u00e9, il attire les yeux des fid\u00e8les et surtout des personnes nouvelles : c\u2019est en quelque sorte l\u2019Immacul\u00e9e Elle-m\u00eame qui accueille ses enfants \u00e0 l\u2019entr\u00e9e de l\u2019\u00e9glise pour les instruire et ensuite les conduire \u00e0 son Fils.<\/p>\n<p>Il faudrait avoir un Coin M.I. dans chaque chapelle o\u00f9 est \u00e9tablie la M.I., et pas seulement dans des lieux principaux. Si la M.I. est \u00e9tablie dans une \u00e9cole, le Coin M.I. se trouvera dans un endroit visible et accessible \u00e0 tous les \u00e9l\u00e8ves.<\/p>\n<h4><strong><em>2. Comment compose-t-on un coin M.I. ?<\/em><\/strong><\/h4>\n<figure id=\"attachment_43215\" aria-describedby=\"caption-attachment-43215\" style=\"width: 300px\" class=\"wp-caption alignright\"><img loading=\"lazy\" class=\"wp-image-43215 size-medium\" src=\"https:\/\/test4.mi-backup.ch\/wp-content\/uploads\/2021\/11\/coin-M.I.-Bergerac-dec.-2018-300x225.jpg\" alt=\"\" width=\"300\" height=\"225\" srcset=\"https:\/\/test4.mi-backup.ch\/wp-content\/uploads\/2021\/11\/coin-M.I.-Bergerac-dec.-2018-300x225.jpg 300w, https:\/\/test4.mi-backup.ch\/wp-content\/uploads\/2021\/11\/coin-M.I.-Bergerac-dec.-2018-1024x768.jpg 1024w, https:\/\/test4.mi-backup.ch\/wp-content\/uploads\/2021\/11\/coin-M.I.-Bergerac-dec.-2018-768x576.jpg 768w, https:\/\/test4.mi-backup.ch\/wp-content\/uploads\/2021\/11\/coin-M.I.-Bergerac-dec.-2018-1536x1152.jpg 1536w, https:\/\/test4.mi-backup.ch\/wp-content\/uploads\/2021\/11\/coin-M.I.-Bergerac-dec.-2018-2048x1536.jpg 2048w, https:\/\/test4.mi-backup.ch\/wp-content\/uploads\/2021\/11\/coin-M.I.-Bergerac-dec.-2018-425x319.jpg 425w, https:\/\/test4.mi-backup.ch\/wp-content\/uploads\/2021\/11\/coin-M.I.-Bergerac-dec.-2018-600x450.jpg 600w\" sizes=\"(max-width: 300px) 100vw, 300px\" \/><figcaption id=\"caption-attachment-43215\" class=\"wp-caption-text\">COIN M.I. A BERGERAC<\/figcaption><\/figure>\n<p>Le Coin M.I. doit se situer dans un endroit d\u2019acc\u00e8s facile, bien visible, au fond de la chapelle, avec l\u2019inscription \u00abMILITIA IMMACULAT\u00c6 \u00bb et une image (statue) de la Sainte Vierge, si possible orn\u00e9e de fleurs. Le Coin M.I. doit \u00eatre s\u00e9par\u00e9 de la table de presse de l\u2019\u00e9glise.<\/p>\n<ul>\n<li>Le Coin M.I. se divise en 2 parties : une partie pour la litt\u00e9rature \u00ab gratuite \u00bb (avec demande d\u2019un petit don volontaire) : les M\u00e9dailles miraculeuses, images, cartes, d\u00e9pliants, bulletins, lettres du directeur, petites brochures.<\/li>\n<li>Et l\u2019autre partie, pour la litt\u00e9rature \u00ab payante \u00bb : les livrets, les brochures plus \u00e9paisses, et surtout les livres. Au milieu, le tronc de la M.I. (donc, les fid\u00e8les peuvent donner sans n\u00e9cessairement prendre quelque chose).<\/li>\n<\/ul>\n<p>Le Coin M.I. n\u2019offre que de la litt\u00e9rature mariale, avant tout la litt\u00e9rature publi\u00e9e par la M.I. m\u00eame. Mais on peut aussi ajouter de la litt\u00e9rature mariale d\u00e9j\u00e0 publi\u00e9e dans des maisons d\u2019\u00e9ditions vraiment catholiques. Il est pr\u00e9f\u00e9rable que la table de presse ou la procure se d\u00e9laisse de la litt\u00e9rature mariale au profit du Coin M.I.<\/p>\n<h4><strong><em>3. Comment ravitailler son coin M.I. ?<\/em><\/strong><\/h4>\n<p>Il existe essentiellement trois lieux de ravitaillement dans le monde pour toute la Militia Immaculat\u00e6 : un en Pologne, un en Suisse et un \u00e0 Singapour.<\/p>\n<ol>\n<li><span style=\"color: #33cccc;\"><strong>Le secr\u00e9tariat international :<\/strong><\/span> Du c\u0153ur de l\u2019Europe comme du C\u0153ur de Marie, le secr\u00e9tariat international situ\u00e9 en Pologne pr\u00e9pare (conception, design, impression et envoi) tout le mat\u00e9riel \u00ab papier \u00bb, livres, brochures, magazines, d\u00e9pliants, images pieuses, cartes, autocollants (en plusieurs langues) pour faire connaitre l\u2019Immacul\u00e9e. C\u2019est sur ce site que nous vous retrouvons pour faire vos <strong>commandes gratuites<\/strong>\u00a0: <a href=\"https:\/\/militia-immaculatae.org\/francais\" target=\"_blank\" rel=\"noopener\">https:\/\/militia-immaculatae.org\/francais<\/a><\/li>\n<li><span style=\"color: #33cccc;\"><strong>La Suisse :<\/strong> <\/span>Depuis le 8 d\u00e9cembre 2014, la M.I. en Suisse a distribu\u00e9 plus d\u2019un million de M\u00e9dailles Miraculeuses dans le monde. Ces M\u00e9dailles Miraculeuses viennent se pr\u00eater admirablement \u00e0 l\u2019apostolat de la Bonne presse mentionn\u00e9 ci-dessus puisque ce sont les armes dont usait d\u00e9j\u00e0 le P\u00e8re Maximilien Kolbe.<\/li>\n<li><span style=\"color: #33cccc;\"><strong>Singapour :<\/strong><\/span> Du c\u00f4t\u00e9 de l\u2019Asie, l\u2019enseigne <em>\u00ab Kolbe Publication \u00bb<\/em> publie les pr\u00e9parations du Secr\u00e9tariat International en langue anglaise.<\/li>\n<li>France : Depuis le 13 octobre 2023, la France \u00e0 son propre syst\u00e8me de ravitaillement au Centre de Distribution de la MI France qui se nomme l&#8217;Atelier de Marie. Vous y trouverez les chapelets, des m\u00e9dailles miraculeuses, des images pieuses, des livres, des d\u00e9pliants sans nombre, des cartes de voeux, des cartes de d\u00e9couverte, et des ouvrages fait-main<\/li>\n<\/ol>\n<h4><strong><em>4. Quelles sont les d\u00e9marches \u00e0 accomplir ?<\/em><\/strong><\/h4>\n<h4><strong><em><img loading=\"lazy\" class=\" wp-image-43311 alignright\" src=\"https:\/\/test4.mi-backup.ch\/wp-content\/uploads\/2021\/11\/RENNES-2-113x300.jpg\" alt=\"\" width=\"189\" height=\"502\" \/><\/em><\/strong><\/h4>\n<p>Ces directives valent pour les Coins M.I. (dans les paroisses ou chapelles), ou pour les <strong>Chevaliers isol\u00e9s<\/strong> qui veulent s\u2019approvisionner individuellement \u00e0 leur gr\u00e9 (donc <strong>cela vaut pour tous<\/strong>).<\/p>\n<ol>\n<li>Le responsable du Coin M.I. (ou un Chevalier particulier) d\u00e9sire se procurer du mat\u00e9riel (tracts, livrets etc.). <strong>Ce mat\u00e9riel est disponible au Centre de Distribution 7 impasse des noisettes 44240 La Chapelle sur Erdre ou en contactant le 07 52 03 51 24<\/strong><\/li>\n<li>Ce responsable du Coin M.I. (ou ce Chevalier) va sur le site M.I. France et y trouve le mat\u00e9riel dont il a besoin pour l&#8217;apostolat. <strong>Il fait sa commande en utilisant le bon de commande sur le site.<\/strong><\/li>\n<li><strong>Tout le mat\u00e9riel pr\u00e9sent\u00e9 sur ce site sera envoy\u00e9 gratuitement, sans facture<\/strong>. La commande consiste \u00e0 indiquer le titre (code) et le nombre des exemplaires souhait\u00e9s.<\/li>\n<li>Le Secr\u00e9tariat envoie le colis, le responsable du coin M.I. (ou le Chevalier particulier) re\u00e7oit le colis. Strictement, il n&#8217;a pas d&#8217;obligation de paiement, car le secr\u00e9tariat lui fait don de tout ce mat\u00e9riel. Donc, Il n&#8217;y a pas de facture.<\/li>\n<li>En revanche, le Secr\u00e9tariat demande au Coin M.I. (ou bien au Chevalier particulier) de se montrer aussi g\u00e9n\u00e9reux et de faire un don, dans cet esprit : <em>\u00ab Je vous ai fait un don de livres, d\u00e9pliants, etc., je vous demande en retour de me faire un don aussi. Combien ? Si possible (plus ou moins) le montant afin que je puisse couvrir les frais d\u2019impression et les d\u00e9penses postales. Mais si vos moyens sont limit\u00e9s, vous envoyez ce que vous pouvez. Si vous n&#8217;avez rien, vous me faites le don de prier pour la M.I. ! \u00bb<\/em><\/li>\n<\/ol>\n<h4><em><strong>5. Mais o\u00f9 le responsable du coin M.I. doit-il prendre l&#8217;argent pour fournir son coin M.I ? <\/strong><\/em><\/h4>\n<p>Selon le \u00ab Manuel pour la MI \u00bb chaque Coin MI a un tronc, dans lequel les chevaliers mettent leur DON pour participer aux frais du mat\u00e9riel gratuit, qu&#8217;ils prennent dans le Coin.<\/p>\n<p>Pour parler clairement : \u00ab <em>Si Tu prends 10 tracts et 5 livres, sois gentil de donner quelque chose en \u00e9change. Et le chevalier met 10 euros, 5 euros dans le tronc\u2026\u00bb<\/em><\/p>\n<p>Le responsable du Coin MI collecte l\u2019argent de ce tronc et envoie l&#8217;argent \u00e0 la Centre International en Pologne, comme un DON.<\/p>\n<h4><em><strong>A qui envoyer cet argent ? <\/strong><\/em><\/h4>\n<ol>\n<li><strong>Par virement bancaire ou carte de cr\u00e9dit :<\/strong><br \/>\nSur notre compte bancaire en France en mentionnant IMP\u00c9RATIVEMENT M.I. dans l\u2019intitul\u00e9 du virement.<br \/>\nTitulaire du compte : Association d\u2019aide aux familles \u2013 Le Moulin du pin \u2013 53290 Beaumont en Pied de B\u0153uf<br \/>\nIBAN : FR 24 2004 1000 0100 8950 2R02 079<br \/>\nBIC : PSSTFRPPPAR<\/li>\n<li><strong>Par ch\u00e8que<\/strong><br \/>\nEtablir le ch\u00e8que \u00e0 l\u2019ordre \u201d AAF MI \u201c ou Association d\u2019Aide aux Familles \u2013 MI<br \/>\nL\u2019envoyer \u00e0 l\u2019adresse suivante: Centre de distribution de la Militia Immaculat\u00e6 \u2013 7 impasse des noisettes \u2013 44240 La Chapelle-sur-Erdre \u2013 France<\/li>\n<\/ol>\n<p>Donc pas de\u00a0comptabilit\u00e9,\u00a0ni de facture, ni de note de frais puisque tout est envoy\u00e9 gratuitement.<\/p>\n<h4><em><strong>6. Responsable pour le coin M.I.<\/strong><\/em><\/h4>\n<figure id=\"attachment_43231\" aria-describedby=\"caption-attachment-43231\" style=\"width: 451px\" class=\"wp-caption alignright\"><img loading=\"lazy\" class=\"wp-image-43231 \" src=\"https:\/\/test4.mi-backup.ch\/wp-content\/uploads\/2021\/11\/MULHOUSE-5-768x1024.jpg\" alt=\"\" width=\"451\" height=\"601\" srcset=\"https:\/\/test4.mi-backup.ch\/wp-content\/uploads\/2021\/11\/MULHOUSE-5-768x1024.jpg 768w, https:\/\/test4.mi-backup.ch\/wp-content\/uploads\/2021\/11\/MULHOUSE-5-225x300.jpg 225w, https:\/\/test4.mi-backup.ch\/wp-content\/uploads\/2021\/11\/MULHOUSE-5-1152x1536.jpg 1152w, https:\/\/test4.mi-backup.ch\/wp-content\/uploads\/2021\/11\/MULHOUSE-5-1536x2048.jpg 1536w, https:\/\/test4.mi-backup.ch\/wp-content\/uploads\/2021\/11\/MULHOUSE-5-413x550.jpg 413w, https:\/\/test4.mi-backup.ch\/wp-content\/uploads\/2021\/11\/MULHOUSE-5-600x800.jpg 600w, https:\/\/test4.mi-backup.ch\/wp-content\/uploads\/2021\/11\/MULHOUSE-5-scaled.jpg 1920w\" sizes=\"(max-width: 451px) 100vw, 451px\" \/><figcaption id=\"caption-attachment-43231\" class=\"wp-caption-text\">COIN M.I A MULHOUSE<\/figcaption><\/figure>\n<p>La personne qui s\u2019occupe du Coin M.I., est une personne cl\u00e9 pour le fonctionnement de la M.I. Elle est un chevalier fervent, comp\u00e9tent, r\u00e9gulier, poss\u00e9dant toute la confiance du mod\u00e9rateur local. Il est possible de diviser la t\u00e2che entre plusieurs.<\/p>\n<ul>\n<li>Tous les mois \u00e9crire un petit mot pour annoncer les nouveaut\u00e9s du coin M.I., \u00e0 donner au pr\u00eatre pour les annonces de la semaine ;<\/li>\n<li>Lorsque des c\u00e9r\u00e9monies d\u2019engagements sont pr\u00e9vues, contacter le Centre de Distribution en France pour l\u2019envoi du mat\u00e9riel (certificat, bulletin d\u2019engagement, M\u00e9daille Miraculeuse avec cordon\u2026) <a href=\"mailto:france@m-i.info\">france@m-i.info<\/a><\/li>\n<li>Pour l\u2019approvisionnement des M\u00e9dailles Miraculeuses en libre-service dans le coin M.I., contacter-nous sur ce site m-i.info ou s\u2019organiser avec la L\u00e9gion de Marie ;<\/li>\n<li>Tous les d\u00e9pliants et les m\u00e9dailles sont gratuits mais les personnes sont invit\u00e9es \u00e0 faire un don pour participer aux frais de publications et de distributions ;<\/li>\n<li>A titre d\u2019information, afficher la liste des ouvrages publi\u00e9s avec l\u2019estimation du co\u00fbt ;<\/li>\n<li>R\u00e9colter r\u00e9guli\u00e8rement les dons mis dans le tronc ;<\/li>\n<li>Changer les d\u00e9pliants sur les pr\u00e9sentoirs pour augmenter l\u2019int\u00e9r\u00eat ;<\/li>\n<li>Pour les f\u00eates sp\u00e9ciales de l\u2019Immacul\u00e9e, ajouter quelques agr\u00e9ments : fleurs, tissus drapes, rosaire \u00e0 vendre, scapulaire\u2026 il veille sur le tronc M.I., informe le mod\u00e9rateur, et se charge des virements (comme indiqu\u00e9 ci-dessus) ;<\/li>\n<\/ul>\n<p><a href=\"https:\/\/test4.mi-backup.ch\/wp-content\/uploads\/2021\/11\/MEMO.pdf\">TELECHARGER LE MEMO DU RESPONSABLE COIN MI &#8211; PDF<\/a><\/p>\n<h4><strong><em>Comment faire vivre son Coin M.I. ?<\/em><\/strong><\/h4>\n<p>Il faut toujours mettre seulement 3-4 d\u00e9pliants diff\u00e9rents, ainsi que 3-4 cartes et images. Apr\u00e8s 2 semaines, on met d\u2019autres tracts \/ d\u00e9pliants et cartes. Cela rend le Coin M.I. vivant.<\/p>\n<hr \/>\n<h4><strong><em>7. Actuellement, o\u00f9 trouve-t-on des Coins M.I en France ?<\/em><\/strong><\/h4>\n<p><img loading=\"lazy\" class=\"wp-image-43267 aligncenter\" src=\"https:\/\/test4.mi-backup.ch\/wp-content\/uploads\/2021\/11\/pour-la-revue-chevalier-FRANCE-MI-CARTE-1024x576.jpg\" alt=\"\" width=\"555\" height=\"312\" srcset=\"https:\/\/test4.mi-backup.ch\/wp-content\/uploads\/2021\/11\/pour-la-revue-chevalier-FRANCE-MI-CARTE-1024x576.jpg 1024w, https:\/\/test4.mi-backup.ch\/wp-content\/uploads\/2021\/11\/pour-la-revue-chevalier-FRANCE-MI-CARTE-300x169.jpg 300w, https:\/\/test4.mi-backup.ch\/wp-content\/uploads\/2021\/11\/pour-la-revue-chevalier-FRANCE-MI-CARTE-768x432.jpg 768w, https:\/\/test4.mi-backup.ch\/wp-content\/uploads\/2021\/11\/pour-la-revue-chevalier-FRANCE-MI-CARTE-425x239.jpg 425w, https:\/\/test4.mi-backup.ch\/wp-content\/uploads\/2021\/11\/pour-la-revue-chevalier-FRANCE-MI-CARTE-600x338.jpg 600w, https:\/\/test4.mi-backup.ch\/wp-content\/uploads\/2021\/11\/pour-la-revue-chevalier-FRANCE-MI-CARTE.jpg 1280w\" sizes=\"(max-width: 555px) 100vw, 555px\" \/><\/p>\n<ol>\n<li><em><strong>NORD \/ NORD-EST\u00a0:<\/strong><\/em><\/li>\n<\/ol>\n<ul>\n<li>\u00c9glise Notre-Dame de France 8-10, RUE EDM\u00c9 MOREAU 51100 REIMS<\/li>\n<li>Chapelle Saint-Walfroy, 20 rue de Cl\u00e8ves 08000 Charleville-M\u00e9zi\u00e8res<\/li>\n<li>Chapelle Saint-Bernard 28, RUE DES PR\u00c9S-L&#8217;EV\u00caQUE 10000 TROYES<\/li>\n<li>Prieur\u00e9 Sainte-Th\u00e9r\u00e8se 310-312, BOULEVARD JEAN JAUR\u00c8S 76000 ROUEN<\/li>\n<li>PRIEURE Marie-Reine 195, RUE DE B\u00c2LE 68100 MULHOUSE<\/li>\n<li>Oratoire Saint-Joseph 22, RUE AMP\u00c8RE 68000 COLMAR<\/li>\n<li>Chapelle Notre-Dame de l\u2019Esp\u00e9rance 37, rue Pasteur 90300 Cravanche<\/li>\n<\/ul>\n<ol start=\"2\">\n<li><em><strong>BRETAGNE \/ MAYENNE<\/strong><\/em><\/li>\n<\/ol>\n<ul>\n<li>Cours Sainte-Anne \u00e0 KERNABAT-EN-PLOUISY 22200 Guingamp<\/li>\n<li>Chapelle Saint Pierre et Saint Paul 44, RUE DU MANOIR DE SERVIGN\u00c9 35000 RENNES<\/li>\n<li>Chapelle Sainte Anne 20, rue Aristide Briand 56000 VANNES<\/li>\n<li>Chapelle de Guer 17, rue Rencontre Manoir du Grand Ch\u00eane 56380 Guer-Co\u00ebtquidan<\/li>\n<li>Prieur\u00e9 Moulin du Pin 53290 Beaumont-Pied-de-B\u0153uf<br \/>\nChapelle Saint-Joseph 107, QUAI PAUL BOUDET 53000 LAVAL<\/li>\n<li>Chapelle Notre-Dame du Sacr\u00e9-C\u0153ur 15, AVENUE RHIN ET DANUBE 61000 ALEN\u00c7ON<\/li>\n<li>Chapelle Saint-Rapha\u00ebl 2 BIS RUE MAUPERTUIS 72000 LE MANS<\/li>\n<li>Eglise Saint Emilien, 25 rue Fran\u00e7ois Bruneau 44100 NANTES<\/li>\n<\/ul>\n<ol start=\"3\">\n<li><em><strong>SUD-EST<\/strong><\/em><em><strong><img loading=\"lazy\" class=\"alignright wp-image-43303 \" style=\"font-style: normal; font-weight: 400;\" src=\"https:\/\/test4.mi-backup.ch\/wp-content\/uploads\/2021\/11\/MULHOUSE-2-768x1024.jpg\" alt=\"\" width=\"234\" height=\"312\" srcset=\"https:\/\/test4.mi-backup.ch\/wp-content\/uploads\/2021\/11\/MULHOUSE-2-768x1024.jpg 768w, https:\/\/test4.mi-backup.ch\/wp-content\/uploads\/2021\/11\/MULHOUSE-2-225x300.jpg 225w, https:\/\/test4.mi-backup.ch\/wp-content\/uploads\/2021\/11\/MULHOUSE-2-1152x1536.jpg 1152w, https:\/\/test4.mi-backup.ch\/wp-content\/uploads\/2021\/11\/MULHOUSE-2-1536x2048.jpg 1536w, https:\/\/test4.mi-backup.ch\/wp-content\/uploads\/2021\/11\/MULHOUSE-2-413x550.jpg 413w, https:\/\/test4.mi-backup.ch\/wp-content\/uploads\/2021\/11\/MULHOUSE-2-600x800.jpg 600w, https:\/\/test4.mi-backup.ch\/wp-content\/uploads\/2021\/11\/MULHOUSE-2-scaled.jpg 1920w\" sizes=\"(max-width: 234px) 100vw, 234px\" \/><\/strong><\/em><\/li>\n<\/ol>\n<ul>\n<li>Prieur\u00e9 Saint-B\u00e9nezet 484, ALL\u00c9E DE BRANTES 84700 SORGUES<\/li>\n<li>Chapelle Saint-Gilles 1353 ANCIEN CHEMIN DE MONS, 30100 AL\u00c8S<\/li>\n<li>Chapelle Sainte-Philom\u00e8ne 125, BOULEVARD GRIGNAN 83000 TOULON<\/li>\n<\/ul>\n<ol start=\"4\">\n<li><em><strong>SUD-OUEST<\/strong><\/em><\/li>\n<\/ol>\n<ul>\n<li>Prieur\u00e9 Sainte Jeanne d\u2019Arc 2 rue de Clairat 24100, Bergerac<\/li>\n<\/ul>\n<ol start=\"5\">\n<li><em><strong>SUD<\/strong><\/em><\/li>\n<\/ol>\n<ul>\n<li>Prieure saint Fran\u00e7ois de Sales 1, RUE NEUVE DES HORTS 34690 FABR\u00c8GUES<\/li>\n<li>Prieur\u00e9 du Christ-Roi 113, avenue Mar\u00e9chal Joffre 66000 Perpignan<\/li>\n<li>\u00c9glise Notre-Dame de Gr\u00e2ces RUE DE BELFORT 11100 NARBONNE<\/li>\n<\/ul>\n<ol start=\"6\">\n<li><em><strong>EST<\/strong><\/em><\/li>\n<\/ol>\n<ul>\n<li>PRIEURE Marie-Reine 195, RUE DE B\u00c2LE 68100 MULHOUSE<\/li>\n<li>Oratoire Saint-Joseph 22, RUE AMP\u00c8RE 68000 COLMAR<\/li>\n<li>Chapelle Notre-Dame de l\u2019Esp\u00e9rance 37, rue Pasteur 90300 Cravanche<\/li>\n<\/ul>\n<ol start=\"7\">\n<li><em><strong>DANS DES COMMUNAUTES RELIGIEUSES<\/strong><\/em><\/li>\n<\/ol>\n<ul>\n<li>Saint-Antoine HAMEAU D&#8217;AURENQUE 32500 CASTELNAU-D&#8217;ARBIEU<\/li>\n<li>Saint-Bonaventure \u00e0 Pontchardon 41700 COUR-CHEVERNY<\/li>\n<li>Saint-Antoine 78, passage de la Morcille, Morgon 69910 Villi\u00e9-Morgon<\/li>\n<\/ul>\n<hr \/>\n<h4><em><strong>Vous souhaitez d\u00e9couvrir et construire un Coin M.I dans votre paroisse ? <\/strong><\/em><\/h4>\n<p>Visionnez la video, nous vous indiquons toutes les \u00e9tapes<\/p>\n<p><iframe loading=\"lazy\" title=\"BIBLIOTHEQUE GRATUITE DE LA MI\" width=\"1260\" height=\"709\" src=\"https:\/\/www.youtube.com\/embed\/o4KTJfIQHiw?feature=oembed\" frameborder=\"0\" allow=\"accelerometer; autoplay; clipboard-write; encrypted-media; gyroscope; picture-in-picture; web-share\" allowfullscreen><\/iframe><\/p>\n","protected":false},"excerpt":{"rendered":"<p>Table des mati\u00e8res Qu\u2019est-ce que c\u2019est ? Comment compose-t-on un coin M.I. ? Comment ravitailler son coin M.I. ? Quelles sont les d\u00e9marches \u00e0 accomplir ? Mais o\u00f9 le responsable du coin M.I. doit-il prendre l&#8217;argent pour fournir son coin M.I. ? Responsable pour le coin M.I. Actuellement, o\u00f9 trouve-t-on<a class=\"more-link\" href=\"https:\/\/test4.mi-backup.ch\/fr\/les-coins-m-i\/\">Lire la suite &rarr;<\/a><\/p>\n","protected":false},"author":9,"featured_media":0,"parent":0,"menu_order":0,"comment_status":"closed","ping_status":"closed","template":"","meta":[],"_links":{"self":[{"href":"https:\/\/test4.mi-backup.ch\/fr\/wp-json\/wp\/v2\/pages\/2135"}],"collection":[{"href":"https:\/\/test4.mi-backup.ch\/fr\/wp-json\/wp\/v2\/pages"}],"about":[{"href":"https:\/\/test4.mi-backup.ch\/fr\/wp-json\/wp\/v2\/types\/page"}],"author":[{"embeddable":true,"href":"https:\/\/test4.mi-backup.ch\/fr\/wp-json\/wp\/v2\/users\/9"}],"replies":[{"embeddable":true,"href":"https:\/\/test4.mi-backup.ch\/fr\/wp-json\/wp\/v2\/comments?post=2135"}],"version-history":[{"count":12,"href":"https:\/\/test4.mi-backup.ch\/fr\/wp-json\/wp\/v2\/pages\/2135\/revisions"}],"predecessor-version":[{"id":88396,"href":"https:\/\/test4.mi-backup.ch\/fr\/wp-json\/wp\/v2\/pages\/2135\/revisions\/88396"}],"wp:attachment":[{"href":"https:\/\/test4.mi-backup.ch\/fr\/wp-json\/wp\/v2\/media?parent=2135"}],"curies":[{"name":"wp","href":"https:\/\/api.w.org\/{rel}","templated":true}]}}