{"id":2142,"date":"2022-02-12T10:00:03","date_gmt":"2022-02-12T09:00:03","guid":{"rendered":"https:\/\/m-i.info.smaragd.ch-meta.net\/?page_id=2142\/"},"modified":"2022-02-12T11:20:45","modified_gmt":"2022-02-12T10:20:45","slug":"repertoire-des-articles-publies-sur-ce-site","status":"publish","type":"page","link":"https:\/\/test4.mi-backup.ch\/fr\/repertoire-des-articles-publies-sur-ce-site\/","title":{"rendered":"R\u00e9pertoire des articles publi\u00e9s sur ce site"},"content":{"rendered":"<blockquote><p><em>Vous trouverez sur cette page tous les articles que nous publions sur ce site, class\u00e9s par th\u00e8me. Un article peut donc se retrouver dans deux th\u00e8mes diff\u00e9rents.<\/em><\/p><\/blockquote>\n<table width=\"50%\">\n<tbody>\n<tr>\n<td width=\"20%\">\n<p><figure id=\"attachment_51770\" aria-describedby=\"caption-attachment-51770\" style=\"width: 300px\" class=\"wp-caption alignnone\"><a href=\"https:\/\/test4.mi-backup.ch\/fr\/le-calvaire-la-croix-la-souffrance\/\"><img loading=\"lazy\" class=\"wp-image-51770 size-medium\" src=\"https:\/\/test4.mi-backup.ch\/wp-content\/uploads\/2022\/02\/them-tableau-1-300x212.jpg\" alt=\"\" width=\"300\" height=\"212\" srcset=\"https:\/\/test4.mi-backup.ch\/wp-content\/uploads\/2022\/02\/them-tableau-1-300x212.jpg 300w, https:\/\/test4.mi-backup.ch\/wp-content\/uploads\/2022\/02\/them-tableau-1-1024x724.jpg 1024w, https:\/\/test4.mi-backup.ch\/wp-content\/uploads\/2022\/02\/them-tableau-1-768x543.jpg 768w, https:\/\/test4.mi-backup.ch\/wp-content\/uploads\/2022\/02\/them-tableau-1-1536x1086.jpg 1536w, https:\/\/test4.mi-backup.ch\/wp-content\/uploads\/2022\/02\/them-tableau-1-425x300.jpg 425w, https:\/\/test4.mi-backup.ch\/wp-content\/uploads\/2022\/02\/them-tableau-1-600x424.jpg 600w, https:\/\/test4.mi-backup.ch\/wp-content\/uploads\/2022\/02\/them-tableau-1.jpg 2000w\" sizes=\"(max-width: 300px) 100vw, 300px\" \/><\/a><figcaption id=\"caption-attachment-51770\" class=\"wp-caption-text\"><a href=\"https:\/\/test4.mi-backup.ch\/fr\/le-calvaire-la-croix-la-souffrance\/\"><strong>THEME : CROIX &#8211; EPREUVE &#8211; SOUFFRANCE &#8211;\u00a0 CALVAIRE &#8211; MERE DES DOULEURS<\/strong><\/a><\/figcaption><\/figure><\/td>\n<td width=\"20%\">\n<p><figure id=\"attachment_51762\" aria-describedby=\"caption-attachment-51762\" style=\"width: 300px\" class=\"wp-caption alignnone\"><a href=\"https:\/\/test4.mi-backup.ch\/fr\/vie-spirituelle-du-chevalier-avec-marie\/\"><img loading=\"lazy\" class=\"wp-image-51762 size-medium\" src=\"https:\/\/test4.mi-backup.ch\/wp-content\/uploads\/2022\/02\/theme-tableau-2-300x212.jpg\" alt=\"\" width=\"300\" height=\"212\" srcset=\"https:\/\/test4.mi-backup.ch\/wp-content\/uploads\/2022\/02\/theme-tableau-2-300x212.jpg 300w, https:\/\/test4.mi-backup.ch\/wp-content\/uploads\/2022\/02\/theme-tableau-2-1024x724.jpg 1024w, https:\/\/test4.mi-backup.ch\/wp-content\/uploads\/2022\/02\/theme-tableau-2-768x543.jpg 768w, https:\/\/test4.mi-backup.ch\/wp-content\/uploads\/2022\/02\/theme-tableau-2-1536x1086.jpg 1536w, https:\/\/test4.mi-backup.ch\/wp-content\/uploads\/2022\/02\/theme-tableau-2-425x300.jpg 425w, https:\/\/test4.mi-backup.ch\/wp-content\/uploads\/2022\/02\/theme-tableau-2-600x424.jpg 600w, https:\/\/test4.mi-backup.ch\/wp-content\/uploads\/2022\/02\/theme-tableau-2.jpg 2000w\" sizes=\"(max-width: 300px) 100vw, 300px\" \/><\/a><figcaption id=\"caption-attachment-51762\" class=\"wp-caption-text\"><strong><a href=\"https:\/\/test4.mi-backup.ch\/fr\/vie-spirituelle-du-chevalier-avec-marie\/\">THEME : VIE SPIRITUELLE DU CHEVALIER<\/a><\/strong><\/figcaption><\/figure><\/td>\n<\/tr>\n<tr>\n<td width=\"20%\">\n<p><figure id=\"attachment_51823\" aria-describedby=\"caption-attachment-51823\" style=\"width: 300px\" class=\"wp-caption alignnone\"><a href=\"https:\/\/test4.mi-backup.ch\/fr\/le-peche-heresies-protestantisme-oecumenisme-communisme-franc-maconnerie\/\"><img loading=\"lazy\" class=\"wp-image-51823 size-medium\" src=\"https:\/\/test4.mi-backup.ch\/wp-content\/uploads\/2022\/02\/them-tableau-3-300x212.jpg\" alt=\"\" width=\"300\" height=\"212\" srcset=\"https:\/\/test4.mi-backup.ch\/wp-content\/uploads\/2022\/02\/them-tableau-3-300x212.jpg 300w, https:\/\/test4.mi-backup.ch\/wp-content\/uploads\/2022\/02\/them-tableau-3-1024x724.jpg 1024w, https:\/\/test4.mi-backup.ch\/wp-content\/uploads\/2022\/02\/them-tableau-3-768x543.jpg 768w, https:\/\/test4.mi-backup.ch\/wp-content\/uploads\/2022\/02\/them-tableau-3-1536x1086.jpg 1536w, https:\/\/test4.mi-backup.ch\/wp-content\/uploads\/2022\/02\/them-tableau-3-425x300.jpg 425w, https:\/\/test4.mi-backup.ch\/wp-content\/uploads\/2022\/02\/them-tableau-3-600x424.jpg 600w, https:\/\/test4.mi-backup.ch\/wp-content\/uploads\/2022\/02\/them-tableau-3.jpg 2000w\" sizes=\"(max-width: 300px) 100vw, 300px\" \/><\/a><figcaption id=\"caption-attachment-51823\" class=\"wp-caption-text\"><a href=\"https:\/\/test4.mi-backup.ch\/fr\/le-peche-heresies-protestantisme-oecumenisme-communisme-franc-maconnerie\/\"><strong>THEME : LE PECHE &#8211; HERESIES &#8211; PROTESTANTISME &#8211; \u0152CUMENISME &#8211; COMMUNISME &#8211; FRANC-MACONNERIE&#8230;<\/strong><\/a><\/figcaption><\/figure><\/td>\n<td width=\"20%\">\n<p><figure id=\"attachment_51799\" aria-describedby=\"caption-attachment-51799\" style=\"width: 300px\" class=\"wp-caption alignnone\"><a href=\"https:\/\/test4.mi-backup.ch\/fr\/le-coeur-immacule-de-marie\/\"><img loading=\"lazy\" class=\"wp-image-51799 size-medium\" src=\"https:\/\/test4.mi-backup.ch\/wp-content\/uploads\/2022\/02\/them-tableau-4-300x212.jpg\" alt=\"\" width=\"300\" height=\"212\" srcset=\"https:\/\/test4.mi-backup.ch\/wp-content\/uploads\/2022\/02\/them-tableau-4-300x212.jpg 300w, https:\/\/test4.mi-backup.ch\/wp-content\/uploads\/2022\/02\/them-tableau-4-1024x724.jpg 1024w, https:\/\/test4.mi-backup.ch\/wp-content\/uploads\/2022\/02\/them-tableau-4-768x543.jpg 768w, https:\/\/test4.mi-backup.ch\/wp-content\/uploads\/2022\/02\/them-tableau-4-1536x1086.jpg 1536w, https:\/\/test4.mi-backup.ch\/wp-content\/uploads\/2022\/02\/them-tableau-4-425x300.jpg 425w, https:\/\/test4.mi-backup.ch\/wp-content\/uploads\/2022\/02\/them-tableau-4-600x424.jpg 600w, https:\/\/test4.mi-backup.ch\/wp-content\/uploads\/2022\/02\/them-tableau-4.jpg 2000w\" sizes=\"(max-width: 300px) 100vw, 300px\" \/><\/a><figcaption id=\"caption-attachment-51799\" class=\"wp-caption-text\"><a href=\"https:\/\/test4.mi-backup.ch\/fr\/le-coeur-immacule-de-marie\/\"><strong>THEME : LE C\u0152UR IMMACULE DE MARIE<\/strong><\/a><\/figcaption><\/figure><\/td>\n<\/tr>\n<\/tbody>\n<\/table>\n<table width=\"50%\">\n<tbody>\n<tr>\n<td width=\"20%\">\n<p><figure id=\"attachment_51846\" aria-describedby=\"caption-attachment-51846\" style=\"width: 300px\" class=\"wp-caption alignnone\"><a href=\"https:\/\/test4.mi-backup.ch\/fr\/theme-sacrements-messe-conversion\/\"><img loading=\"lazy\" class=\"wp-image-51846 size-medium\" src=\"https:\/\/test4.mi-backup.ch\/wp-content\/uploads\/2022\/02\/them-tableau-6-300x212.jpg\" alt=\"\" width=\"300\" height=\"212\" srcset=\"https:\/\/test4.mi-backup.ch\/wp-content\/uploads\/2022\/02\/them-tableau-6-300x212.jpg 300w, https:\/\/test4.mi-backup.ch\/wp-content\/uploads\/2022\/02\/them-tableau-6-1024x724.jpg 1024w, https:\/\/test4.mi-backup.ch\/wp-content\/uploads\/2022\/02\/them-tableau-6-768x543.jpg 768w, https:\/\/test4.mi-backup.ch\/wp-content\/uploads\/2022\/02\/them-tableau-6-1536x1086.jpg 1536w, https:\/\/test4.mi-backup.ch\/wp-content\/uploads\/2022\/02\/them-tableau-6-425x300.jpg 425w, https:\/\/test4.mi-backup.ch\/wp-content\/uploads\/2022\/02\/them-tableau-6-600x424.jpg 600w, https:\/\/test4.mi-backup.ch\/wp-content\/uploads\/2022\/02\/them-tableau-6.jpg 2000w\" sizes=\"(max-width: 300px) 100vw, 300px\" \/><\/a><figcaption id=\"caption-attachment-51846\" class=\"wp-caption-text\"><a href=\"https:\/\/test4.mi-backup.ch\/fr\/theme-sacrements-messe-conversion\/\"><strong>THEME\u00a0: SACREMENTS &#8211; MESSE &#8211; CONVERSION<\/strong><\/a><\/figcaption><\/figure><\/td>\n<td width=\"20%\">\n<p><figure id=\"attachment_51854\" aria-describedby=\"caption-attachment-51854\" style=\"width: 300px\" class=\"wp-caption alignnone\"><a href=\"https:\/\/test4.mi-backup.ch\/fr\/theme-assomption-annonciation-immaculee-conception-dormition-maternite-mediation-royaute-de-marie\/\"><img loading=\"lazy\" class=\"wp-image-51854 size-medium\" src=\"https:\/\/test4.mi-backup.ch\/wp-content\/uploads\/2022\/02\/them-tableau-5-300x212.jpg\" alt=\"\" width=\"300\" height=\"212\" srcset=\"https:\/\/test4.mi-backup.ch\/wp-content\/uploads\/2022\/02\/them-tableau-5-300x212.jpg 300w, https:\/\/test4.mi-backup.ch\/wp-content\/uploads\/2022\/02\/them-tableau-5-1024x724.jpg 1024w, https:\/\/test4.mi-backup.ch\/wp-content\/uploads\/2022\/02\/them-tableau-5-768x543.jpg 768w, https:\/\/test4.mi-backup.ch\/wp-content\/uploads\/2022\/02\/them-tableau-5-1536x1086.jpg 1536w, https:\/\/test4.mi-backup.ch\/wp-content\/uploads\/2022\/02\/them-tableau-5-425x300.jpg 425w, https:\/\/test4.mi-backup.ch\/wp-content\/uploads\/2022\/02\/them-tableau-5-600x424.jpg 600w, https:\/\/test4.mi-backup.ch\/wp-content\/uploads\/2022\/02\/them-tableau-5.jpg 2000w\" sizes=\"(max-width: 300px) 100vw, 300px\" \/><\/a><figcaption id=\"caption-attachment-51854\" class=\"wp-caption-text\"><a href=\"https:\/\/test4.mi-backup.ch\/fr\/theme-assomption-annonciation-immaculee-conception-dormition-maternite-mediation-royaute-de-marie\/\"><strong>THEME : ASSOMPTION &#8211; ANNONCIATION &#8211; IMMACULEE CONCEPTION &#8211; DORMITION &#8211; MATERNITE\u00a0 &#8211; \u00a0MEDIATION &#8211; \u00a0ROYAUTE DE MARIE<\/strong><\/a><\/figcaption><\/figure><\/td>\n<\/tr>\n<tr>\n<td width=\"20%\">\n<p><figure id=\"attachment_51883\" aria-describedby=\"caption-attachment-51883\" style=\"width: 300px\" class=\"wp-caption alignnone\"><a href=\"https:\/\/test4.mi-backup.ch\/fr\/theme-jesus-et-marie\/\"><img loading=\"lazy\" class=\"wp-image-51883 size-medium\" src=\"https:\/\/test4.mi-backup.ch\/wp-content\/uploads\/2022\/02\/them-tableau-7-300x212.jpg\" alt=\"\" width=\"300\" height=\"212\" srcset=\"https:\/\/test4.mi-backup.ch\/wp-content\/uploads\/2022\/02\/them-tableau-7-300x212.jpg 300w, https:\/\/test4.mi-backup.ch\/wp-content\/uploads\/2022\/02\/them-tableau-7-1024x724.jpg 1024w, https:\/\/test4.mi-backup.ch\/wp-content\/uploads\/2022\/02\/them-tableau-7-768x543.jpg 768w, https:\/\/test4.mi-backup.ch\/wp-content\/uploads\/2022\/02\/them-tableau-7-1536x1086.jpg 1536w, https:\/\/test4.mi-backup.ch\/wp-content\/uploads\/2022\/02\/them-tableau-7-425x300.jpg 425w, https:\/\/test4.mi-backup.ch\/wp-content\/uploads\/2022\/02\/them-tableau-7-600x424.jpg 600w, https:\/\/test4.mi-backup.ch\/wp-content\/uploads\/2022\/02\/them-tableau-7.jpg 2000w\" sizes=\"(max-width: 300px) 100vw, 300px\" \/><\/a><figcaption id=\"caption-attachment-51883\" class=\"wp-caption-text\"><a href=\"https:\/\/test4.mi-backup.ch\/fr\/theme-jesus-et-marie\/\"><strong>THEME : JESUS ET MARIE<\/strong><\/a><\/figcaption><\/figure><\/td>\n<td width=\"20%\">\n<p><figure id=\"attachment_51899\" aria-describedby=\"caption-attachment-51899\" style=\"width: 300px\" class=\"wp-caption alignnone\"><a href=\"https:\/\/test4.mi-backup.ch\/fr\/theme-marie-et-les-saints\/\"><img loading=\"lazy\" class=\"wp-image-51899 size-medium\" src=\"https:\/\/test4.mi-backup.ch\/wp-content\/uploads\/2022\/02\/them-tableau-8-300x212.jpg\" alt=\"\" width=\"300\" height=\"212\" srcset=\"https:\/\/test4.mi-backup.ch\/wp-content\/uploads\/2022\/02\/them-tableau-8-300x212.jpg 300w, https:\/\/test4.mi-backup.ch\/wp-content\/uploads\/2022\/02\/them-tableau-8-1024x724.jpg 1024w, https:\/\/test4.mi-backup.ch\/wp-content\/uploads\/2022\/02\/them-tableau-8-768x543.jpg 768w, https:\/\/test4.mi-backup.ch\/wp-content\/uploads\/2022\/02\/them-tableau-8-1536x1086.jpg 1536w, https:\/\/test4.mi-backup.ch\/wp-content\/uploads\/2022\/02\/them-tableau-8-425x300.jpg 425w, https:\/\/test4.mi-backup.ch\/wp-content\/uploads\/2022\/02\/them-tableau-8-600x424.jpg 600w, https:\/\/test4.mi-backup.ch\/wp-content\/uploads\/2022\/02\/them-tableau-8.jpg 2000w\" sizes=\"(max-width: 300px) 100vw, 300px\" \/><\/a><figcaption id=\"caption-attachment-51899\" class=\"wp-caption-text\"><a href=\"https:\/\/test4.mi-backup.ch\/fr\/theme-marie-et-les-saints\/\"><strong>THEME : MARIE ET LES SAINTS<\/strong><\/a><\/figcaption><\/figure><\/td>\n<\/tr>\n<\/tbody>\n<\/table>\n<table width=\"50%\">\n<tbody>\n<tr>\n<td width=\"20%\">\n<p><figure id=\"attachment_51927\" aria-describedby=\"caption-attachment-51927\" style=\"width: 300px\" class=\"wp-caption alignnone\"><a href=\"https:\/\/test4.mi-backup.ch\/fr\/theme-marie-dans-la-bible\/\"><img loading=\"lazy\" class=\"wp-image-51927 size-medium\" src=\"https:\/\/test4.mi-backup.ch\/wp-content\/uploads\/2022\/02\/them-tableau-9-300x212.jpg\" alt=\"\" width=\"300\" height=\"212\" srcset=\"https:\/\/test4.mi-backup.ch\/wp-content\/uploads\/2022\/02\/them-tableau-9-300x212.jpg 300w, https:\/\/test4.mi-backup.ch\/wp-content\/uploads\/2022\/02\/them-tableau-9-1024x724.jpg 1024w, https:\/\/test4.mi-backup.ch\/wp-content\/uploads\/2022\/02\/them-tableau-9-768x543.jpg 768w, https:\/\/test4.mi-backup.ch\/wp-content\/uploads\/2022\/02\/them-tableau-9-1536x1086.jpg 1536w, https:\/\/test4.mi-backup.ch\/wp-content\/uploads\/2022\/02\/them-tableau-9-425x300.jpg 425w, https:\/\/test4.mi-backup.ch\/wp-content\/uploads\/2022\/02\/them-tableau-9-600x424.jpg 600w, https:\/\/test4.mi-backup.ch\/wp-content\/uploads\/2022\/02\/them-tableau-9.jpg 2000w\" sizes=\"(max-width: 300px) 100vw, 300px\" \/><\/a><figcaption id=\"caption-attachment-51927\" class=\"wp-caption-text\"><a href=\"https:\/\/test4.mi-backup.ch\/fr\/theme-marie-dans-la-bible\/\"><strong>THEME : MARIE DANS LA BIBLE<\/strong><\/a><\/figcaption><\/figure><\/td>\n<td width=\"20%\">\n<p><figure id=\"attachment_51954\" aria-describedby=\"caption-attachment-51954\" style=\"width: 297px\" class=\"wp-caption alignnone\"><a href=\"https:\/\/test4.mi-backup.ch\/fr\/theme-liturgie-fete-des-saints-fete-de-la-vierge-marie-fete-du-sacre-coeur-marie-dans-leglise\/\"><img loading=\"lazy\" class=\"wp-image-51954 \" src=\"https:\/\/test4.mi-backup.ch\/wp-content\/uploads\/2022\/02\/them-tableau-10-300x212.jpg\" alt=\"\" width=\"297\" height=\"210\" srcset=\"https:\/\/test4.mi-backup.ch\/wp-content\/uploads\/2022\/02\/them-tableau-10-300x212.jpg 300w, https:\/\/test4.mi-backup.ch\/wp-content\/uploads\/2022\/02\/them-tableau-10-1024x724.jpg 1024w, https:\/\/test4.mi-backup.ch\/wp-content\/uploads\/2022\/02\/them-tableau-10-768x543.jpg 768w, https:\/\/test4.mi-backup.ch\/wp-content\/uploads\/2022\/02\/them-tableau-10-1536x1086.jpg 1536w, https:\/\/test4.mi-backup.ch\/wp-content\/uploads\/2022\/02\/them-tableau-10-425x300.jpg 425w, https:\/\/test4.mi-backup.ch\/wp-content\/uploads\/2022\/02\/them-tableau-10-600x424.jpg 600w, https:\/\/test4.mi-backup.ch\/wp-content\/uploads\/2022\/02\/them-tableau-10.jpg 2000w\" sizes=\"(max-width: 297px) 100vw, 297px\" \/><\/a><figcaption id=\"caption-attachment-51954\" class=\"wp-caption-text\"><a href=\"https:\/\/test4.mi-backup.ch\/fr\/theme-liturgie-fete-des-saints-fete-de-la-vierge-marie-fete-du-sacre-coeur-marie-dans-leglise\/\"><strong>THEME : LITURGIE &#8211; FETE DES SAINTS &#8211; DE LA VIERGE MARIE &#8211; DU SACRE-C\u0152UR &#8211; MARIE DANS L\u2019EGLISE<\/strong><\/a><\/figcaption><\/figure><\/td>\n<\/tr>\n<tr>\n<td width=\"20%\">\n<p><figure id=\"attachment_51938\" aria-describedby=\"caption-attachment-51938\" style=\"width: 300px\" class=\"wp-caption alignnone\"><a href=\"https:\/\/test4.mi-backup.ch\/fr\/theme-la-priere\/\"><img loading=\"lazy\" class=\"wp-image-51938 size-medium\" src=\"https:\/\/test4.mi-backup.ch\/wp-content\/uploads\/2022\/02\/them-tableau-11-300x212.jpg\" alt=\"\" width=\"300\" height=\"212\" srcset=\"https:\/\/test4.mi-backup.ch\/wp-content\/uploads\/2022\/02\/them-tableau-11-300x212.jpg 300w, https:\/\/test4.mi-backup.ch\/wp-content\/uploads\/2022\/02\/them-tableau-11-1024x724.jpg 1024w, https:\/\/test4.mi-backup.ch\/wp-content\/uploads\/2022\/02\/them-tableau-11-768x543.jpg 768w, https:\/\/test4.mi-backup.ch\/wp-content\/uploads\/2022\/02\/them-tableau-11-1536x1086.jpg 1536w, https:\/\/test4.mi-backup.ch\/wp-content\/uploads\/2022\/02\/them-tableau-11-425x300.jpg 425w, https:\/\/test4.mi-backup.ch\/wp-content\/uploads\/2022\/02\/them-tableau-11-600x424.jpg 600w, https:\/\/test4.mi-backup.ch\/wp-content\/uploads\/2022\/02\/them-tableau-11.jpg 2000w\" sizes=\"(max-width: 300px) 100vw, 300px\" \/><\/a><figcaption id=\"caption-attachment-51938\" class=\"wp-caption-text\"><strong><a href=\"https:\/\/test4.mi-backup.ch\/fr\/theme-la-priere\/\">THEME : LA PRIERE<\/a><\/strong><\/figcaption><\/figure><\/td>\n<td width=\"20%\">\n<p><figure id=\"attachment_51979\" aria-describedby=\"caption-attachment-51979\" style=\"width: 300px\" class=\"wp-caption alignnone\"><a href=\"https:\/\/test4.mi-backup.ch\/fr\/theme-sacramentaux-rosaire-chapelet-medaille-miraculeuse-scapulaire-eau-benite\/\"><img loading=\"lazy\" class=\"wp-image-51979 size-medium\" src=\"https:\/\/test4.mi-backup.ch\/wp-content\/uploads\/2022\/02\/them-tableau-14-300x212.jpg\" alt=\"\" width=\"300\" height=\"212\" srcset=\"https:\/\/test4.mi-backup.ch\/wp-content\/uploads\/2022\/02\/them-tableau-14-300x212.jpg 300w, https:\/\/test4.mi-backup.ch\/wp-content\/uploads\/2022\/02\/them-tableau-14-1024x724.jpg 1024w, https:\/\/test4.mi-backup.ch\/wp-content\/uploads\/2022\/02\/them-tableau-14-768x543.jpg 768w, https:\/\/test4.mi-backup.ch\/wp-content\/uploads\/2022\/02\/them-tableau-14-1536x1086.jpg 1536w, https:\/\/test4.mi-backup.ch\/wp-content\/uploads\/2022\/02\/them-tableau-14-425x300.jpg 425w, https:\/\/test4.mi-backup.ch\/wp-content\/uploads\/2022\/02\/them-tableau-14-600x424.jpg 600w, https:\/\/test4.mi-backup.ch\/wp-content\/uploads\/2022\/02\/them-tableau-14.jpg 2000w\" sizes=\"(max-width: 300px) 100vw, 300px\" \/><\/a><figcaption id=\"caption-attachment-51979\" class=\"wp-caption-text\"><strong><a href=\"https:\/\/test4.mi-backup.ch\/fr\/theme-sacramentaux-rosaire-chapelet-medaille-miraculeuse-scapulaire-eau-benite\/\">THEME\u00a0: SACRAMENTAUX &#8211; ROSAIRE &#8211; CHAPELET &#8211; MEDAILLE MIRACULEUSE &#8211; SCAPULAIRE &#8211; EAU BENITE<\/a><\/strong><\/figcaption><\/figure><\/td>\n<\/tr>\n<\/tbody>\n<\/table>\n<table width=\"50%\">\n<tbody>\n<tr>\n<td width=\"20%\">\n<p><figure id=\"attachment_52011\" aria-describedby=\"caption-attachment-52011\" style=\"width: 300px\" class=\"wp-caption alignnone\"><a href=\"https:\/\/test4.mi-backup.ch\/fr\/theme-les-apparitions-de-fatima-francois-jacinthe-lucie-enquete-verite-miracle-du-soleil-le-secret-de-fatima\/\"><img loading=\"lazy\" class=\"wp-image-52011 size-medium\" src=\"https:\/\/test4.mi-backup.ch\/wp-content\/uploads\/2022\/02\/them-tableau-12-300x212.jpg\" alt=\"\" width=\"300\" height=\"212\" srcset=\"https:\/\/test4.mi-backup.ch\/wp-content\/uploads\/2022\/02\/them-tableau-12-300x212.jpg 300w, https:\/\/test4.mi-backup.ch\/wp-content\/uploads\/2022\/02\/them-tableau-12-1024x724.jpg 1024w, https:\/\/test4.mi-backup.ch\/wp-content\/uploads\/2022\/02\/them-tableau-12-768x543.jpg 768w, https:\/\/test4.mi-backup.ch\/wp-content\/uploads\/2022\/02\/them-tableau-12-1536x1086.jpg 1536w, https:\/\/test4.mi-backup.ch\/wp-content\/uploads\/2022\/02\/them-tableau-12-425x300.jpg 425w, https:\/\/test4.mi-backup.ch\/wp-content\/uploads\/2022\/02\/them-tableau-12-600x424.jpg 600w, https:\/\/test4.mi-backup.ch\/wp-content\/uploads\/2022\/02\/them-tableau-12.jpg 2000w\" sizes=\"(max-width: 300px) 100vw, 300px\" \/><\/a><figcaption id=\"caption-attachment-52011\" class=\"wp-caption-text\"><a href=\"https:\/\/test4.mi-backup.ch\/fr\/theme-les-apparitions-de-fatima-francois-jacinthe-lucie-enquete-verite-miracle-du-soleil-le-secret-de-fatima\/\"><strong>THEME : LES APPARITIONS DE FATIMA &#8211; FRANCOIS &#8211; JACINTHE &#8211; LUCIE &#8211; ENQUETE &#8211; MIRACLE &#8211; VERITE<\/strong><\/a><\/figcaption><\/figure><\/td>\n<td width=\"20%\">\n<p><figure id=\"attachment_51995\" aria-describedby=\"caption-attachment-51995\" style=\"width: 300px\" class=\"wp-caption alignnone\"><a href=\"https:\/\/test4.mi-backup.ch\/fr\/theme-les-autres-apparitions-la-salette-lourdes-pontmain-le-laus-akita-quito-rue-du-bac\/\"><img loading=\"lazy\" class=\"wp-image-51995 size-medium\" src=\"https:\/\/test4.mi-backup.ch\/wp-content\/uploads\/2022\/02\/them-tableau-13-300x212.jpg\" alt=\"\" width=\"300\" height=\"212\" srcset=\"https:\/\/test4.mi-backup.ch\/wp-content\/uploads\/2022\/02\/them-tableau-13-300x212.jpg 300w, https:\/\/test4.mi-backup.ch\/wp-content\/uploads\/2022\/02\/them-tableau-13-1024x724.jpg 1024w, https:\/\/test4.mi-backup.ch\/wp-content\/uploads\/2022\/02\/them-tableau-13-768x543.jpg 768w, https:\/\/test4.mi-backup.ch\/wp-content\/uploads\/2022\/02\/them-tableau-13-1536x1086.jpg 1536w, https:\/\/test4.mi-backup.ch\/wp-content\/uploads\/2022\/02\/them-tableau-13-425x300.jpg 425w, https:\/\/test4.mi-backup.ch\/wp-content\/uploads\/2022\/02\/them-tableau-13-600x424.jpg 600w, https:\/\/test4.mi-backup.ch\/wp-content\/uploads\/2022\/02\/them-tableau-13.jpg 2000w\" sizes=\"(max-width: 300px) 100vw, 300px\" \/><\/a><figcaption id=\"caption-attachment-51995\" class=\"wp-caption-text\"><a href=\"https:\/\/test4.mi-backup.ch\/fr\/theme-les-autres-apparitions-la-salette-lourdes-pontmain-le-laus-akita-quito-rue-du-bac\/\"><strong>THEME : LES AUTRES APPARITIONS &#8211; LOURDES &#8211; LA SALETTE &#8211; LE LAUS &#8211; QUITO &#8211; PONTMAIN<\/strong><\/a><\/figcaption><\/figure><\/td>\n<\/tr>\n<tr>\n<td width=\"20%\">\n<p><figure id=\"attachment_52034\" aria-describedby=\"caption-attachment-52034\" style=\"width: 300px\" class=\"wp-caption alignnone\"><a href=\"https:\/\/test4.mi-backup.ch\/fr\/theme-militia-immaculatae-nouvelles-publications-vie-de-la-mi-depliants-livres-brochures-chevaliers-dans-le-monde\/\"><img loading=\"lazy\" class=\"wp-image-52034 size-medium\" src=\"https:\/\/test4.mi-backup.ch\/wp-content\/uploads\/2022\/02\/them-tableau-15-300x212.jpg\" alt=\"\" width=\"300\" height=\"212\" srcset=\"https:\/\/test4.mi-backup.ch\/wp-content\/uploads\/2022\/02\/them-tableau-15-300x212.jpg 300w, https:\/\/test4.mi-backup.ch\/wp-content\/uploads\/2022\/02\/them-tableau-15-1024x724.jpg 1024w, https:\/\/test4.mi-backup.ch\/wp-content\/uploads\/2022\/02\/them-tableau-15-768x543.jpg 768w, https:\/\/test4.mi-backup.ch\/wp-content\/uploads\/2022\/02\/them-tableau-15-1536x1086.jpg 1536w, https:\/\/test4.mi-backup.ch\/wp-content\/uploads\/2022\/02\/them-tableau-15-425x300.jpg 425w, https:\/\/test4.mi-backup.ch\/wp-content\/uploads\/2022\/02\/them-tableau-15-600x424.jpg 600w, https:\/\/test4.mi-backup.ch\/wp-content\/uploads\/2022\/02\/them-tableau-15.jpg 2000w\" sizes=\"(max-width: 300px) 100vw, 300px\" \/><\/a><figcaption id=\"caption-attachment-52034\" class=\"wp-caption-text\"><a href=\"https:\/\/test4.mi-backup.ch\/fr\/theme-militia-immaculatae-nouvelles-publications-vie-de-la-mi-depliants-livres-brochures-chevaliers-dans-le-monde\/\"><strong>THEME : MILITIA IMMACULATAE &#8211; NOUVELLES PUBLICATIONS &#8211; VIE DE LA MI &#8211; DEPLIANTS &#8211; LIVRES \u2013 BROCHURES &#8211; CHEVALIERS DANS LE MONDE<\/strong><\/a><\/figcaption><\/figure><\/td>\n<td width=\"20%\"><\/td>\n<\/tr>\n<\/tbody>\n<\/table>\n<h4><\/h4>\n<p>&nbsp;<\/p>\n","protected":false},"excerpt":{"rendered":"<p>Vous trouverez sur cette page tous les articles que nous publions sur ce site, class\u00e9s par th\u00e8me. Un article peut donc se retrouver dans deux th\u00e8mes diff\u00e9rents. &nbsp;<a class=\"more-link\" href=\"https:\/\/test4.mi-backup.ch\/fr\/repertoire-des-articles-publies-sur-ce-site\/\">Lire la suite &rarr;<\/a><\/p>\n","protected":false},"author":9,"featured_media":52042,"parent":0,"menu_order":0,"comment_status":"closed","ping_status":"closed","template":"","meta":[],"_links":{"self":[{"href":"https:\/\/test4.mi-backup.ch\/fr\/wp-json\/wp\/v2\/pages\/2142"}],"collection":[{"href":"https:\/\/test4.mi-backup.ch\/fr\/wp-json\/wp\/v2\/pages"}],"about":[{"href":"https:\/\/test4.mi-backup.ch\/fr\/wp-json\/wp\/v2\/types\/page"}],"author":[{"embeddable":true,"href":"https:\/\/test4.mi-backup.ch\/fr\/wp-json\/wp\/v2\/users\/9"}],"replies":[{"embeddable":true,"href":"https:\/\/test4.mi-backup.ch\/fr\/wp-json\/wp\/v2\/comments?post=2142"}],"version-history":[{"count":10,"href":"https:\/\/test4.mi-backup.ch\/fr\/wp-json\/wp\/v2\/pages\/2142\/revisions"}],"predecessor-version":[{"id":52052,"href":"https:\/\/test4.mi-backup.ch\/fr\/wp-json\/wp\/v2\/pages\/2142\/revisions\/52052"}],"wp:featuredmedia":[{"embeddable":true,"href":"https:\/\/test4.mi-backup.ch\/fr\/wp-json\/wp\/v2\/media\/52042"}],"wp:attachment":[{"href":"https:\/\/test4.mi-backup.ch\/fr\/wp-json\/wp\/v2\/media?parent=2142"}],"curies":[{"name":"wp","href":"https:\/\/api.w.org\/{rel}","templated":true}]}}