{"id":2146,"date":"2022-01-09T23:04:20","date_gmt":"2022-01-09T22:04:20","guid":{"rendered":"https:\/\/m-i.info.smaragd.ch-meta.net\/?page_id=2146\/"},"modified":"2022-01-31T14:11:15","modified_gmt":"2022-01-31T13:11:15","slug":"la-militia-immaculatae-en-action-m-i-2","status":"publish","type":"page","link":"https:\/\/test4.mi-backup.ch\/fr\/la-militia-immaculatae-en-action-m-i-2\/","title":{"rendered":"La Militia Immaculat\u00e6 en action &#8211; M.I. 2"},"content":{"rendered":"<h1>Table des mati\u00e8res<\/h1>\n<ol>\n<li>Quelles actions propose la M.I ?<\/li>\n<li>Organiser une journ\u00e9e sp\u00e9ciale M.I.<\/li>\n<li>La M.I 2 Russie<\/li>\n<\/ol>\n<h4><em><strong>1. Quelles actions propose la M.I ?<\/strong><\/em><\/h4>\n<p>Habituellement, l\u2019apostolat de la M.I. est individuel : chaque chevalier fait pour l\u2019Immacul\u00e9e ce qu\u2019il veut et peut.<\/p>\n<p>Mais exceptionnellement, la M.I. peut organiser une action lors d\u2019\u00e9v\u00e8nements li\u00e9s en quelque sorte \u00e0 la religion chr\u00e9tienne (march\u00e9 de No\u00ebl, p\u00e8lerinage, grandes manifestations de caract\u00e8re moral et religieux, c\u00e9l\u00e9bration pendant l\u2019Ann\u00e9e Sainte, etc.)<\/p>\n<ul>\n<li><b>Cr\u00e9er un stand M.I.<\/b>, un groupe important de chevaliers distribuant des tracts dans un lieu public ou \u00e0 la sortie des messes ;<\/li>\n<li>Organiser une pri\u00e8re publique de r\u00e9paration ;<\/li>\n<li>Organiser une conf\u00e9rence ouverte \u00e0 tous ;<\/li>\n<li><strong>Pr\u00e9senter les publications de la M.I.<\/strong> dans les \u00e9coles, maison de retraites, h\u00f4pitaux, <strong>dans les autres oeuvres paroissiales<\/strong>&#8230;<\/li>\n<li><strong>La journ\u00e9e M.I.<\/strong> (voir explication ci-dessous) ;<\/li>\n<li>Organiser un groupe de chevaliers z\u00e9l\u00e9s et d\u00e9sireux de faire une action plus consistante pour l&#8217;Immacul\u00e9e :<strong> la M.I. 2.<\/strong><\/li>\n<\/ul>\n<p>Ce genre d\u2019apostolat fortifie g\u00e9n\u00e9ralement le chevalier, lui donne envie de continuer l\u2019apostolat \u00e0 titre personnel. En groupe, on se sent plus fort que tout seul. C\u2019est en quelque sorte la manifestation de l\u2019\u00c9glise militante, de la petite arm\u00e9e de l\u2019Immacul\u00e9e.<\/p>\n<p>Il faut que ces actions soient bien pr\u00e9par\u00e9es et organis\u00e9es, non pas par le pr\u00eatre, mais par un groupe de chevaliers. Si les chevaliers ne sont pas volontaires et capables de se former en groupe et de pr\u00e9parer eux-m\u00eames un tel \u00e9v\u00e8nement, il ne faudrait pas le faire. Le r\u00f4le du pr\u00eatre est de pr\u00e9parer spirituellement la troupe \u00e0 cet \u00e9v\u00e8nement, leur rappelant les principes surnaturels de l\u2019apostolat.<\/p>\n<p><em>Attention : <\/em>ce genre d\u2019apostolat est volontaire et aucun chevalier n\u2019est oblig\u00e9 d\u2019y participer. De plus, on ne devrait pas y inviter globalement tout le monde, mais bien ceux qui veulent faire quelque chose d\u2019exceptionnel pour l\u2019Immacul\u00e9e.<\/p>\n<figure id=\"attachment_43175\" aria-describedby=\"caption-attachment-43175\" style=\"width: 200px\" class=\"wp-caption alignright\"><img loading=\"lazy\" class=\"wp-image-43175 size-medium\" src=\"https:\/\/test4.mi-backup.ch\/wp-content\/uploads\/2021\/11\/DSC_8929-200x300.jpg\" alt=\"\" width=\"200\" height=\"300\" srcset=\"https:\/\/test4.mi-backup.ch\/wp-content\/uploads\/2021\/11\/DSC_8929-200x300.jpg 200w, https:\/\/test4.mi-backup.ch\/wp-content\/uploads\/2021\/11\/DSC_8929-683x1024.jpg 683w, https:\/\/test4.mi-backup.ch\/wp-content\/uploads\/2021\/11\/DSC_8929-768x1151.jpg 768w, https:\/\/test4.mi-backup.ch\/wp-content\/uploads\/2021\/11\/DSC_8929-1025x1536.jpg 1025w, https:\/\/test4.mi-backup.ch\/wp-content\/uploads\/2021\/11\/DSC_8929-1367x2048.jpg 1367w, https:\/\/test4.mi-backup.ch\/wp-content\/uploads\/2021\/11\/DSC_8929-367x550.jpg 367w, https:\/\/test4.mi-backup.ch\/wp-content\/uploads\/2021\/11\/DSC_8929-600x899.jpg 600w, https:\/\/test4.mi-backup.ch\/wp-content\/uploads\/2021\/11\/DSC_8929-scaled.jpg 1708w\" sizes=\"(max-width: 200px) 100vw, 200px\" \/><figcaption id=\"caption-attachment-43175\" class=\"wp-caption-text\">SOIREE M.I. A NANTES AVEC PETITE CONFERENCE SUR LE THEME PEUT-ON ENCORE FAIRE DE L&#8217;APOSTOLAT AUJOURD&#8217;HUI<\/figcaption><\/figure>\n<h4><strong><em>2. Organiser une journ\u00e9e sp\u00e9ciale M.I.<\/em><\/strong><\/h4>\n<h4><strong><em>Pourquoi faire\u00a0?<\/em><\/strong><\/h4>\n<p>C\u2019est un moyen tr\u00e8s efficace pour garantir la pers\u00e9v\u00e9rance des chevaliers et de recruter des nouveaux pour la M.I.<\/p>\n<h4><strong><em>Quand\u00a0?<\/em><\/strong><\/h4>\n<p>Elle peut avoir lieu le dimanche ou un jour f\u00e9ri\u00e9, ou lors d\u2019une grande f\u00eate mariale. On peut faire une journ\u00e9e de r\u00e9collection, mais puisque l\u2019on invitera tous les chevaliers, on se rendra compte des limites des plus faibles, pour ne pas les d\u00e9courager d\u2019y assister.<\/p>\n<h4><strong><em>Quel programme peut-on proposer\u00a0?<\/em><\/strong><\/h4>\n<p>La grand-messe avec sermon sur la M.I., ensuite pause-caf\u00e9, conf\u00e9rence, repas de midi avec un petit temps libre, autre conf\u00e9rence, c\u00e9r\u00e9monie de r\u00e9ception dans la M.I. avec renouvellement de l\u2019acte de cons\u00e9cration pour tous, suivi du Salut du Saint-Sacrement.<\/p>\n<p>Lors de la journ\u00e9e M.I., on pourrait aussi faire une distribution sp\u00e9ciale de tracts tant aupr\u00e8s de tous les fid\u00e8les, qu\u2019aupr\u00e8s de gens invit\u00e9s.<\/p>\n<h4><strong><em>Comment faire\u00a0?<\/em><\/strong><\/h4>\n<p>On peut nommer un chevalier ou une \u00e9quipe de chevaliers responsables pour la pr\u00e9paration et l\u2019organisation de la journ\u00e9e M.I. On peut inviter des pr\u00e9dicateurs particuliers pour les conf\u00e9rences (mod\u00e9rateur national, professeur de mariologie, directeur de la M.I., sup\u00e9rieur majeur de la FSSPX, etc.).<\/p>\n<p><em>Attention : <\/em>l\u2019assistance aux journ\u00e9es de la M.I. est volontaire, les chevaliers ne sont pas oblig\u00e9s d\u2019y assister.<\/p>\n<figure id=\"attachment_43159\" aria-describedby=\"caption-attachment-43159\" style=\"width: 288px\" class=\"wp-caption alignleft\"><img loading=\"lazy\" class=\"wp-image-43159\" src=\"https:\/\/test4.mi-backup.ch\/wp-content\/uploads\/2021\/11\/DSC_8931-300x200.jpg\" alt=\"\" width=\"288\" height=\"192\" srcset=\"https:\/\/test4.mi-backup.ch\/wp-content\/uploads\/2021\/11\/DSC_8931-300x200.jpg 300w, https:\/\/test4.mi-backup.ch\/wp-content\/uploads\/2021\/11\/DSC_8931-1024x683.jpg 1024w, https:\/\/test4.mi-backup.ch\/wp-content\/uploads\/2021\/11\/DSC_8931-768x512.jpg 768w, https:\/\/test4.mi-backup.ch\/wp-content\/uploads\/2021\/11\/DSC_8931-1536x1025.jpg 1536w, https:\/\/test4.mi-backup.ch\/wp-content\/uploads\/2021\/11\/DSC_8931-2048x1367.jpg 2048w, https:\/\/test4.mi-backup.ch\/wp-content\/uploads\/2021\/11\/DSC_8931-425x284.jpg 425w, https:\/\/test4.mi-backup.ch\/wp-content\/uploads\/2021\/11\/DSC_8931-600x400.jpg 600w\" sizes=\"(max-width: 288px) 100vw, 288px\" \/><figcaption id=\"caption-attachment-43159\" class=\"wp-caption-text\">PRESENTATION DU MATERIEL APOSTOLIQUE DISPONIBLE A LA M.I., A NANTES<\/figcaption><\/figure>\n<figure id=\"attachment_43167\" aria-describedby=\"caption-attachment-43167\" style=\"width: 285px\" class=\"wp-caption alignleft\"><img loading=\"lazy\" class=\"wp-image-43167\" src=\"https:\/\/test4.mi-backup.ch\/wp-content\/uploads\/2021\/11\/DSC_8945-300x200.jpg\" alt=\"\" width=\"285\" height=\"190\" srcset=\"https:\/\/test4.mi-backup.ch\/wp-content\/uploads\/2021\/11\/DSC_8945-300x200.jpg 300w, https:\/\/test4.mi-backup.ch\/wp-content\/uploads\/2021\/11\/DSC_8945-1024x683.jpg 1024w, https:\/\/test4.mi-backup.ch\/wp-content\/uploads\/2021\/11\/DSC_8945-768x512.jpg 768w, https:\/\/test4.mi-backup.ch\/wp-content\/uploads\/2021\/11\/DSC_8945-1536x1025.jpg 1536w, https:\/\/test4.mi-backup.ch\/wp-content\/uploads\/2021\/11\/DSC_8945-2048x1367.jpg 2048w, https:\/\/test4.mi-backup.ch\/wp-content\/uploads\/2021\/11\/DSC_8945-425x284.jpg 425w, https:\/\/test4.mi-backup.ch\/wp-content\/uploads\/2021\/11\/DSC_8945-600x400.jpg 600w\" sizes=\"(max-width: 285px) 100vw, 285px\" \/><figcaption id=\"caption-attachment-43167\" class=\"wp-caption-text\">LE SECRETARIAT INTERNATIONAL VOUS ENVOIE TOUT LE MATERIEL GRATUITEMENT&#8230;DEMANDEZ LE<\/figcaption><\/figure>\n<p>&nbsp;<\/p>\n<p>&nbsp;<\/p>\n<p>&nbsp;<\/p>\n<p>&nbsp;<\/p>\n<p>&nbsp;<\/p>\n<hr \/>\n<h4><strong>3. La M.I 2 Russie<\/strong><\/h4>\n<p>Le directeur de la Militia Immaculat\u00e6, l\u2019abb\u00e9 Karl Stehlin, a constitu\u00e9 un cercle M.I. 2 \u2014 Mission pour la Russie (un second niveau dans la Militia Immaculat\u00e6), qui rassemble tous les Chevaliers, afin de prier pour la cons\u00e9cration de la Russie au C\u0153ur Immacul\u00e9 de Marie, selon les demandes formul\u00e9es par Notre-Dame \u00e0 Fatima et \u00e0 Tuy.<\/p>\n<p>Chaque jour, ces Chevaliers offrent une pri\u00e8re pour obtenir la cons\u00e9cration de la Russie :<\/p>\n<blockquote><p><strong><em>\u00ab \u00d4 Immacul\u00e9e, je Vous demande, en union avec tous les \u00e9v\u00eaques du monde, que le Saint-P\u00e8re consacre la Russie \u00e0 votre C\u0153ur Immacul\u00e9 \u00bb.<\/em><\/strong><\/p><\/blockquote>\n<p>Le but de la M.I. 2 \u2014 Mission pour la Russie est de fournir une aide surnaturelle et naturelle aux travaux d\u00e9j\u00e0 entrepris pour satisfaire la demande de Notre-Dame de Fatima, de consacrer la Russie \u00e0 son C\u0153ur Immacul\u00e9.<\/p>\n<p>Si vous voulez rejoindre la MI 2 \u2013 Mission pour la Russie \u2013 veuillez \u00e9crire votre intention de nous rejoindre (nom, pr\u00e9nom, adresse, e-mail, et la promesse de prier tous les jours pour la cons\u00e9cration de la Russie au C\u0153ur Immacul\u00e9 de Marie) \u00e0 l\u2019adresse suivante :\u00a0<a href=\"mailto:info@militia-immaculatae.org\">info@militia-immaculatae.org<\/a><\/p>\n<p>Toutes les informations sur la MI 2 \u2013 Mission Russie \u2013 sont accessibles sur le site : <a href=\"https:\/\/consecrationrussia.org\/a-propos\/\" target=\"_blank\" rel=\"noopener\">A Propos \u2013 Consecration of Russia to the Immaculate Heart of Mary (consecrationrussia.org)<\/a><\/p>\n<p>A Tuy, le 13 juin 1929, Notre Dame dit \u00e0 S\u0153ur Lucie\u00a0:<\/p>\n<blockquote><p><strong><em>\u00ab Le moment viendra o\u00f9 Dieu demandera au Saint P\u00e8re de consacrer la Russie en union avec les \u00e9v\u00eaques du monde entier, \u00e0 mon C\u0153ur Immacul\u00e9, promettant de les sauver par ce moyen. \u00bb <\/em><\/strong><\/p><\/blockquote>\n","protected":false},"excerpt":{"rendered":"<p>Table des mati\u00e8res Quelles actions propose la M.I ? Organiser une journ\u00e9e sp\u00e9ciale M.I. La M.I 2 Russie 1. Quelles actions propose la M.I ? Habituellement, l\u2019apostolat de la M.I. est individuel : chaque chevalier fait pour l\u2019Immacul\u00e9e ce qu\u2019il veut et peut. Mais exceptionnellement, la M.I. peut organiser une<a class=\"more-link\" href=\"https:\/\/test4.mi-backup.ch\/fr\/la-militia-immaculatae-en-action-m-i-2\/\">Lire la suite &rarr;<\/a><\/p>\n","protected":false},"author":9,"featured_media":0,"parent":0,"menu_order":0,"comment_status":"closed","ping_status":"closed","template":"","meta":[],"_links":{"self":[{"href":"https:\/\/test4.mi-backup.ch\/fr\/wp-json\/wp\/v2\/pages\/2146"}],"collection":[{"href":"https:\/\/test4.mi-backup.ch\/fr\/wp-json\/wp\/v2\/pages"}],"about":[{"href":"https:\/\/test4.mi-backup.ch\/fr\/wp-json\/wp\/v2\/types\/page"}],"author":[{"embeddable":true,"href":"https:\/\/test4.mi-backup.ch\/fr\/wp-json\/wp\/v2\/users\/9"}],"replies":[{"embeddable":true,"href":"https:\/\/test4.mi-backup.ch\/fr\/wp-json\/wp\/v2\/comments?post=2146"}],"version-history":[{"count":11,"href":"https:\/\/test4.mi-backup.ch\/fr\/wp-json\/wp\/v2\/pages\/2146\/revisions"}],"predecessor-version":[{"id":50226,"href":"https:\/\/test4.mi-backup.ch\/fr\/wp-json\/wp\/v2\/pages\/2146\/revisions\/50226"}],"wp:attachment":[{"href":"https:\/\/test4.mi-backup.ch\/fr\/wp-json\/wp\/v2\/media?parent=2146"}],"curies":[{"name":"wp","href":"https:\/\/api.w.org\/{rel}","templated":true}]}}