{"id":2151,"date":"2017-02-09T23:16:37","date_gmt":"2017-02-09T22:16:37","guid":{"rendered":"https:\/\/m-i.info.smaragd.ch-meta.net\/?page_id=2151\/"},"modified":"2022-08-10T16:12:13","modified_gmt":"2022-08-10T14:12:13","slug":"ceremonial-dadmission-dans-la-m-i","status":"publish","type":"page","link":"https:\/\/test4.mi-backup.ch\/fr\/ceremonial-dadmission-dans-la-m-i\/","title":{"rendered":"C\u00e9r\u00e9monial d&#8217;admission dans la M.I."},"content":{"rendered":"<h4><strong>I. Chants d\u2019ouverture<\/strong><\/h4>\n<ol>\n<li>\u00ab Veni Creator \u00bb qui veut dire \u00ab Venez, Esprit Cr\u00e9ateur \u00bb.<\/li>\n<li>\u00ab Ave Maris Stella \u00bb qui veut dire \u00ab Salut, Etoile de la Mer \u00bb &#8211; <a href=\"https:\/\/test4.mi-backup.ch\/fr\/ave-maris-stella\/\">\u00e0 d\u00e9couvrir aussi sur cette page avec le chant<\/a><\/li>\n<\/ol>\n<h5><strong>Veni Creator Spiritus<\/strong><\/h5>\n<div style=\"position: relative; width: 100%; height: 0; padding-top: 133.3333%; padding-bottom: 48px; box-shadow: 0 2px 8px 0 rgba(63,69,81,0.16); margin-top: 1.6em; margin-bottom: 0.9em; overflow: hidden; border-radius: 8px; will-change: transform;\"><iframe style=\"position: absolute; width: 100%; height: 100%; top: 0; left: 0; border: none; padding: 0; margin: 0;\" src=\"https:\/\/www.canva.com\/design\/DAFI1m1T53U\/view?embed\" allowfullscreen=\"allowfullscreen\"><br \/>\n<\/iframe><\/div>\n<p><a href=\"https:\/\/www.canva.com\/design\/DAFI1m1T53U\/view?utm_content=DAFI1m1T53U&amp;utm_campaign=designshare&amp;utm_medium=embeds&amp;utm_source=link\" target=\"_blank\" rel=\"noopener\">Veni Creator Spiritus<\/a><\/p>\n<hr \/>\n<h5><strong>Ave Maris Stella<\/strong><\/h5>\n<div style=\"position: relative; width: 100%; height: 0; padding-top: 133.3333%; padding-bottom: 48px; box-shadow: 0 2px 8px 0 rgba(63,69,81,0.16); margin-top: 1.6em; margin-bottom: 0.9em; overflow: hidden; border-radius: 8px; will-change: transform;\"><iframe style=\"position: absolute; width: 100%; height: 100%; top: 0; left: 0; border: none; padding: 0; margin: 0;\" src=\"https:\/\/www.canva.com\/design\/DAFI1iIIx1M\/view?embed\" allowfullscreen=\"allowfullscreen\"><br \/>\n<\/iframe><\/div>\n<p><a href=\"https:\/\/www.canva.com\/design\/DAFI1iIIx1M\/view?utm_content=DAFI1iIIx1M&amp;utm_campaign=designshare&amp;utm_medium=embeds&amp;utm_source=link\" target=\"_blank\" rel=\"noopener\">Ave Maris stella<\/a><\/p>\n<hr \/>\n<h5><strong>II. Allocution du pr\u00eatre<\/strong><\/h5>\n<p>Il s\u2019agit d\u2019un court sermon sur le sens de la cons\u00e9cration mariale, avec un encouragement \u00e0 la vivre fid\u00e8lement au jour le jour.<\/p>\n<h5><strong>III. Renouvellement des promesses de bapt\u00eame<\/strong><\/h5>\n<p><strong>Pr\u00eatre<\/strong>: Au jour de notre bapt\u00eame nous avons renonc\u00e9 \u00e0 Satan, \u00e0 ses oeuvres et au monde. Nous avons promis de servir Dieu fid\u00e8lement au sein de Sa Sainte \u00c9glise Catholique. Renouvelons ces voeux sacr\u00e9s du bapt\u00eame. Ainsi je vous demande : Renoncez-vous \u00e0 Satan? \u2014 <strong>R<\/strong>: Nous y renon\u00e7ons.<br \/>\n<strong>Pr\u00eatre<\/strong>: Et \u00e0 ses oeuvres ? \u2014 <strong>R<\/strong>: Nous y renon\u00e7ons.<br \/>\n<strong>Pr\u00eatre<\/strong>: Et \u00e0 ses pompes ? \u2014 <strong>R<\/strong>: Nous y renon\u00e7ons.<br \/>\n<strong>Pr\u00eatre<\/strong>: Croyez-vous en Dieu, le P\u00e8re tout-puissant, Cr\u00e9ateur du ciel et de la terre ? \u2014 <strong>R<\/strong>: Nous croyons.<br \/>\n<strong>Pr\u00eatre<\/strong>: Croyez-vous en J\u00e9sus-Christ, Son Fils unique, Notre-Seigneur, qui est n\u00e9 de la Vierge Marie, a souffert, est mort et a \u00e9t\u00e9 enseveli ? \u2014 <strong>R<\/strong>: Nous croyons.<br \/>\n<strong>Pr\u00eatre<\/strong>: Croyez-vous en l\u2019Esprit-Saint, la Sainte \u00c9glise Catholique, la communion des saints, la r\u00e9mission des p\u00e9ch\u00e9s, la r\u00e9surrection de la chair et la vie \u00e9ternelle ? \u2014 <strong>R<\/strong>: Nous croyons.<br \/>\n<strong>Pr\u00eatre<\/strong>: Ainsi, prions Dieu le P\u00e8re par les mots que Notre Seigneur J\u00e9sus-Christ nous a enseign\u00e9s: Notre P\u00e8re\u2026<\/p>\n<h5><strong>IV. B\u00e9n\u00e9diction et imposition de la M\u00e9daille Miraculeuse<\/strong><\/h5>\n<p><em>(du Rituale Romanum)<\/em><\/p>\n<p><strong>V.<\/strong> Adjutorium nostrum in nomine Domini.<br \/>\n<strong>R.<\/strong> Qui fecit coelum et terram.<br \/>\n<strong>V.<\/strong> Dominus vobiscum.<br \/>\n<strong>R.<\/strong> Et cum spiritu tuo.<br \/>\n<strong>V.<\/strong> Oremus. Omnipotens et misericors Deus, qui per multiplices Immaculat\u00e6 Mariae Virginis apparitiones in terris mirabilia jugiter pro animarum salute operari dignatus es: super hoc numismatis signum (haec numismatis signa), tuam bene + dictionem benignus infunde; ut pie hoc recolentes ac devote gestantes et illius patrocinium sentiant et tuam misericordiam consequantur. Per Christum Dominum nostrum. <strong>R.<\/strong> Amen.<\/p>\n<p>Le pr\u00eatre asperge les m\u00e9dailles d\u2019eau b\u00e9nite et les distribue en priant de la mani\u00e8re suivante :<\/p>\n<p>\u2014 Pour un seul :<br \/>\nAccipe sanctum Numisma, gesta fideliter, et digna veneration prosequere: ut piissima et immaculata caelorum Domina te protegat atque defendat: et pietatis suae prodigia renovans, quae a Deo suppliciter postulaveris, tibi misericorditer impetret, ut vivens et moriens in materno ejus amplexu feliciter requiescas.<\/p>\n<p>\u2014 Pour plusieurs :<br \/>\nAccipite sanctum Numisma, gestate fideliter, et digna veneratione prosequimini: ut piissima et immaculata caelorum Domina vos protegat atque defendat: et pietatis suae prodigia renovans, quae a Deo suppliciter postulaveritis, vobis misericorditer impetret, ut vivens et moriens in materno ejus amplexu feliciter requiescatis.<br \/>\n<strong>R.<\/strong> Amen.<\/p>\n<p>Apr\u00e8s avoir impos\u00e9 \u00e0 tous la m\u00e9daille, le pr\u00eatre dit :<\/p>\n<p><strong>V.<\/strong> Kyrie, eleison.<br \/>\n<strong>R.<\/strong> Christe, eleison. Kyrie, eleison.<br \/>\n<strong>V.<\/strong> Pater noster\u2026 (en silence jusqu\u2019aux mots\u2026) Et ne nos inducas in tentationem.<br \/>\n<strong>R.<\/strong> Sed libera nos a malo.<br \/>\n<strong>V.<\/strong> Regina sine labe originale concepta.<br \/>\n<strong>R.<\/strong> Ora pro nobis.<br \/>\n<strong>V.<\/strong> Domine, exaudi orationem meam.<br \/>\n<strong>R.<\/strong> Et clamor meus ad te veniat.<br \/>\n<strong>V.<\/strong> Dominus vobiscum.<br \/>\n<strong>R.<\/strong> Et cum spiritu tuo.<br \/>\n<strong>V.<\/strong> Oremus. Domine Jesu Christe, qui beatissimam Virginem Mariam matrem tuam ab origine immaculatam innumeris miraculis clarescere voluisti, concede: ut ejusdem patrocinium semper implorantes, gaudia consequamur aeterna: Qui vivis et regnas cum Deo Patre in unitate Spiritus Sancti, Deus, per omnia saecula saeculorum.<br \/>\n<strong>R.<\/strong> Amen.<\/p>\n<h5><strong>V. Acte de cons\u00e9cration \u00e0 l\u2019Immacul\u00e9e<\/strong><\/h5>\n<div style=\"position: relative; width: 100%; height: 0; padding-top: 133.3333%; padding-bottom: 48px; box-shadow: 0 2px 8px 0 rgba(63,69,81,0.16); margin-top: 1.6em; margin-bottom: 0.9em; overflow: hidden; border-radius: 8px; will-change: transform;\"><iframe style=\"position: absolute; width: 100%; height: 100%; top: 0; left: 0; border: none; padding: 0; margin: 0;\" src=\"https:\/\/www.canva.com\/design\/DAFI1lHtgEQ\/view?embed\" allowfullscreen=\"allowfullscreen\"><br \/>\n<\/iframe><\/div>\n<p><a href=\"https:\/\/www.canva.com\/design\/DAFI1lHtgEQ\/view?utm_content=DAFI1lHtgEQ&amp;utm_campaign=designshare&amp;utm_medium=embeds&amp;utm_source=link\" target=\"_blank\" rel=\"noopener\">Acte de cons\u00e9cration \u00e0 l\u2019Immacul\u00e9e<\/a><\/p>\n<h5><strong>VII. B\u00e9n\u00e9diction du pr\u00eatre ; chant de la M.I. ou autre chant marial.<\/strong><\/h5>\n<h5><strong>VIII. Signature du certificat d\u2019enr\u00f4lement dans la M.I.<\/strong><\/h5>\n<blockquote><p><strong>Attention sans le certificat sign\u00e9 par le pr\u00eatre responsable et le num\u00e9ro d&#8217;enregistrement donn\u00e9 par le secretariat international, l&#8217;engagement dans la M.I. ne peut \u00eatre effectif. Les formulaires ci-dessous sont \u00e0 votre disposition mais n&#8217;oubliez pas de les renvoyer au secretariat international pour obtenir votre num\u00e9ro dans l&#8217;arm\u00e9e de la Reine.<\/strong><\/p><\/blockquote>\n<hr \/>\n<h4><strong><span class=\"tag_trans\">Formulaires<\/span><\/strong><\/h4>\n<p><a href=\"https:\/\/test4.mi-backup.ch\/wp-content\/uploads\/2017\/02\/M.I.Demande.Corrig\u00e9.pdf\" target=\"_blank\" rel=\"noopener\">Demande d\u2019inscription<\/a> &#8211;\u00a0<a href=\"https:\/\/test4.mi-backup.ch\/wp-content\/uploads\/2017\/02\/M.I.Certificat.Corrig\u00e9.pdf\" target=\"_blank\" rel=\"noopener\">Certificat d\u2019inscription dans la Militia Immaculat\u00e6 et Acte de cons\u00e9cration<\/a><\/p>\n<hr \/>\n<h4><strong>POUR EN SAVOIR PLUS SUR LE CHEVALIER<\/strong><\/h4>\n<div style=\"position: relative; width: 100%; height: 0; padding-top: 33.3333%; padding-bottom: 48px; box-shadow: 0 2px 8px 0 rgba(63,69,81,0.16); margin-top: 1.6em; margin-bottom: 0.9em; overflow: hidden; border-radius: 8px; will-change: transform;\"><iframe style=\"position: absolute; width: 100%; height: 100%; top: 0; left: 0; border: none; padding: 0; margin: 0;\" src=\"https:\/\/www.canva.com\/design\/DAFI1GMvUDA\/view?embed\" allowfullscreen=\"allowfullscreen\"><br \/>\n<\/iframe><\/div>\n<p><a href=\"https:\/\/www.canva.com\/design\/DAFI1GMvUDA\/view?utm_content=DAFI1GMvUDA&amp;utm_campaign=designshare&amp;utm_medium=embeds&amp;utm_source=link\" target=\"_blank\" rel=\"noopener\">Le chevalier<\/a><\/p>\n","protected":false},"excerpt":{"rendered":"<p>I. Chants d\u2019ouverture \u00ab Veni Creator \u00bb qui veut dire \u00ab Venez, Esprit Cr\u00e9ateur \u00bb. \u00ab Ave Maris Stella \u00bb qui veut dire \u00ab Salut, Etoile de la Mer \u00bb &#8211; \u00e0 d\u00e9couvrir aussi sur cette page avec le chant Veni Creator Spiritus Veni Creator Spiritus Ave Maris Stella Ave<a class=\"more-link\" href=\"https:\/\/test4.mi-backup.ch\/fr\/ceremonial-dadmission-dans-la-m-i\/\">Lire la suite &rarr;<\/a><\/p>\n","protected":false},"author":9,"featured_media":0,"parent":0,"menu_order":0,"comment_status":"closed","ping_status":"closed","template":"","meta":[],"_links":{"self":[{"href":"https:\/\/test4.mi-backup.ch\/fr\/wp-json\/wp\/v2\/pages\/2151"}],"collection":[{"href":"https:\/\/test4.mi-backup.ch\/fr\/wp-json\/wp\/v2\/pages"}],"about":[{"href":"https:\/\/test4.mi-backup.ch\/fr\/wp-json\/wp\/v2\/types\/page"}],"author":[{"embeddable":true,"href":"https:\/\/test4.mi-backup.ch\/fr\/wp-json\/wp\/v2\/users\/9"}],"replies":[{"embeddable":true,"href":"https:\/\/test4.mi-backup.ch\/fr\/wp-json\/wp\/v2\/comments?post=2151"}],"version-history":[{"count":11,"href":"https:\/\/test4.mi-backup.ch\/fr\/wp-json\/wp\/v2\/pages\/2151\/revisions"}],"predecessor-version":[{"id":76125,"href":"https:\/\/test4.mi-backup.ch\/fr\/wp-json\/wp\/v2\/pages\/2151\/revisions\/76125"}],"wp:attachment":[{"href":"https:\/\/test4.mi-backup.ch\/fr\/wp-json\/wp\/v2\/media?parent=2151"}],"curies":[{"name":"wp","href":"https:\/\/api.w.org\/{rel}","templated":true}]}}