{"id":2200,"date":"2022-03-07T10:26:54","date_gmt":"2022-03-07T09:26:54","guid":{"rendered":"https:\/\/m-i.info.smaragd.ch-meta.net\/?page_id=2200\/"},"modified":"2022-03-09T11:46:20","modified_gmt":"2022-03-09T10:46:20","slug":"contemporains-du-pere-kolbe","status":"publish","type":"page","link":"https:\/\/test4.mi-backup.ch\/fr\/contemporains-du-pere-kolbe\/","title":{"rendered":"Contemporains du P\u00e8re Kolbe"},"content":{"rendered":"<blockquote><p><em>Nous vous invitons \u00e0 cliquer sur les photos pour visionner clairement. Ave Maria !<\/em><\/p><\/blockquote>\n<figure id=\"attachment_54776\" aria-describedby=\"caption-attachment-54776\" style=\"width: 1024px\" class=\"wp-caption alignnone\"><a href=\"https:\/\/test4.mi-backup.ch\/wp-content\/uploads\/2022\/03\/Chronologie-Pere-Kolbe-0-LEG.jpg\"><img loading=\"lazy\" class=\"wp-image-54776 size-large\" src=\"https:\/\/test4.mi-backup.ch\/wp-content\/uploads\/2022\/03\/Chronologie-Pere-Kolbe-0-LEG-1024x410.jpg\" alt=\"\" width=\"1024\" height=\"410\" srcset=\"https:\/\/test4.mi-backup.ch\/wp-content\/uploads\/2022\/03\/Chronologie-Pere-Kolbe-0-LEG-1024x410.jpg 1024w, https:\/\/test4.mi-backup.ch\/wp-content\/uploads\/2022\/03\/Chronologie-Pere-Kolbe-0-LEG-300x120.jpg 300w, https:\/\/test4.mi-backup.ch\/wp-content\/uploads\/2022\/03\/Chronologie-Pere-Kolbe-0-LEG-768x307.jpg 768w, https:\/\/test4.mi-backup.ch\/wp-content\/uploads\/2022\/03\/Chronologie-Pere-Kolbe-0-LEG-1536x614.jpg 1536w, https:\/\/test4.mi-backup.ch\/wp-content\/uploads\/2022\/03\/Chronologie-Pere-Kolbe-0-LEG-425x170.jpg 425w, https:\/\/test4.mi-backup.ch\/wp-content\/uploads\/2022\/03\/Chronologie-Pere-Kolbe-0-LEG-600x240.jpg 600w, https:\/\/test4.mi-backup.ch\/wp-content\/uploads\/2022\/03\/Chronologie-Pere-Kolbe-0-LEG.jpg 2000w\" sizes=\"(max-width: 1024px) 100vw, 1024px\" \/><\/a><figcaption id=\"caption-attachment-54776\" class=\"wp-caption-text\"><strong>LEGENDE DE LA CHRONOLOGIE<\/strong><\/figcaption><\/figure>\n<hr \/>\n<h4><strong>De 1894 \u00e0 1906<\/strong><\/h4>\n<figure id=\"attachment_54820\" aria-describedby=\"caption-attachment-54820\" style=\"width: 571px\" class=\"wp-caption alignleft\"><a href=\"https:\/\/test4.mi-backup.ch\/wp-content\/uploads\/2022\/03\/Chronologie-Pere-Kolbe-1-5.jpg\"><img loading=\"lazy\" class=\"wp-image-54820\" src=\"https:\/\/test4.mi-backup.ch\/wp-content\/uploads\/2022\/03\/Chronologie-Pere-Kolbe-1-5-1024x410.jpg\" alt=\"\" width=\"571\" height=\"228\" srcset=\"https:\/\/test4.mi-backup.ch\/wp-content\/uploads\/2022\/03\/Chronologie-Pere-Kolbe-1-5-1024x410.jpg 1024w, https:\/\/test4.mi-backup.ch\/wp-content\/uploads\/2022\/03\/Chronologie-Pere-Kolbe-1-5-300x120.jpg 300w, https:\/\/test4.mi-backup.ch\/wp-content\/uploads\/2022\/03\/Chronologie-Pere-Kolbe-1-5-768x307.jpg 768w, https:\/\/test4.mi-backup.ch\/wp-content\/uploads\/2022\/03\/Chronologie-Pere-Kolbe-1-5-1536x614.jpg 1536w, https:\/\/test4.mi-backup.ch\/wp-content\/uploads\/2022\/03\/Chronologie-Pere-Kolbe-1-5-425x170.jpg 425w, https:\/\/test4.mi-backup.ch\/wp-content\/uploads\/2022\/03\/Chronologie-Pere-Kolbe-1-5-600x240.jpg 600w, https:\/\/test4.mi-backup.ch\/wp-content\/uploads\/2022\/03\/Chronologie-Pere-Kolbe-1-5.jpg 2000w\" sizes=\"(max-width: 571px) 100vw, 571px\" \/><\/a><figcaption id=\"caption-attachment-54820\" class=\"wp-caption-text\"><strong>LES 12 PREMIERES ANNEES DE RAYMOND KOLBE<\/strong><\/figcaption><\/figure>\n<figure id=\"attachment_54753\" aria-describedby=\"caption-attachment-54753\" style=\"width: 159px\" class=\"wp-caption alignleft\"><a href=\"https:\/\/test4.mi-backup.ch\/wp-content\/uploads\/2022\/03\/contemporain-de-kolbe.jpg\"><img loading=\"lazy\" class=\"wp-image-54753\" src=\"https:\/\/test4.mi-backup.ch\/wp-content\/uploads\/2022\/03\/contemporain-de-kolbe-724x1024.jpg\" alt=\"\" width=\"159\" height=\"225\" srcset=\"https:\/\/test4.mi-backup.ch\/wp-content\/uploads\/2022\/03\/contemporain-de-kolbe-724x1024.jpg 724w, https:\/\/test4.mi-backup.ch\/wp-content\/uploads\/2022\/03\/contemporain-de-kolbe-212x300.jpg 212w, https:\/\/test4.mi-backup.ch\/wp-content\/uploads\/2022\/03\/contemporain-de-kolbe-768x1086.jpg 768w, https:\/\/test4.mi-backup.ch\/wp-content\/uploads\/2022\/03\/contemporain-de-kolbe-1086x1536.jpg 1086w, https:\/\/test4.mi-backup.ch\/wp-content\/uploads\/2022\/03\/contemporain-de-kolbe-389x550.jpg 389w, https:\/\/test4.mi-backup.ch\/wp-content\/uploads\/2022\/03\/contemporain-de-kolbe-600x849.jpg 600w, https:\/\/test4.mi-backup.ch\/wp-content\/uploads\/2022\/03\/contemporain-de-kolbe.jpg 1414w\" sizes=\"(max-width: 159px) 100vw, 159px\" \/><\/a><figcaption id=\"caption-attachment-54753\" class=\"wp-caption-text\"><strong>LES 4 SAINTES CONTEMPORAINES DE RAYMOND KOLBE<\/strong><\/figcaption><\/figure>\n<p>&nbsp;<\/p>\n<hr \/>\n<h4><strong>De 1907 \u00e0 1919<\/strong><\/h4>\n<figure id=\"attachment_54830\" aria-describedby=\"caption-attachment-54830\" style=\"width: 571px\" class=\"wp-caption alignleft\"><a href=\"https:\/\/test4.mi-backup.ch\/wp-content\/uploads\/2022\/03\/Chronologie-Pere-Kolbe-2-2.jpg\"><img loading=\"lazy\" class=\"wp-image-54830\" src=\"https:\/\/test4.mi-backup.ch\/wp-content\/uploads\/2022\/03\/Chronologie-Pere-Kolbe-2-2-1024x410.jpg\" alt=\"\" width=\"571\" height=\"228\" srcset=\"https:\/\/test4.mi-backup.ch\/wp-content\/uploads\/2022\/03\/Chronologie-Pere-Kolbe-2-2-1024x410.jpg 1024w, https:\/\/test4.mi-backup.ch\/wp-content\/uploads\/2022\/03\/Chronologie-Pere-Kolbe-2-2-300x120.jpg 300w, https:\/\/test4.mi-backup.ch\/wp-content\/uploads\/2022\/03\/Chronologie-Pere-Kolbe-2-2-768x307.jpg 768w, https:\/\/test4.mi-backup.ch\/wp-content\/uploads\/2022\/03\/Chronologie-Pere-Kolbe-2-2-1536x614.jpg 1536w, https:\/\/test4.mi-backup.ch\/wp-content\/uploads\/2022\/03\/Chronologie-Pere-Kolbe-2-2-425x170.jpg 425w, https:\/\/test4.mi-backup.ch\/wp-content\/uploads\/2022\/03\/Chronologie-Pere-Kolbe-2-2-600x240.jpg 600w, https:\/\/test4.mi-backup.ch\/wp-content\/uploads\/2022\/03\/Chronologie-Pere-Kolbe-2-2.jpg 2000w\" sizes=\"(max-width: 571px) 100vw, 571px\" \/><\/a><figcaption id=\"caption-attachment-54830\" class=\"wp-caption-text\"><strong>12 ANNEES D&#8217;ETUDES ET DE FORMATION DE RAYMOND KOLBE<\/strong><\/figcaption><\/figure>\n<figure id=\"attachment_54838\" aria-describedby=\"caption-attachment-54838\" style=\"width: 159px\" class=\"wp-caption alignleft\"><a href=\"https:\/\/test4.mi-backup.ch\/wp-content\/uploads\/2022\/03\/contemporain-de-kolbe2-1.jpg\"><img loading=\"lazy\" class=\"wp-image-54838\" src=\"https:\/\/test4.mi-backup.ch\/wp-content\/uploads\/2022\/03\/contemporain-de-kolbe2-1-724x1024.jpg\" alt=\"\" width=\"159\" height=\"225\" srcset=\"https:\/\/test4.mi-backup.ch\/wp-content\/uploads\/2022\/03\/contemporain-de-kolbe2-1-724x1024.jpg 724w, https:\/\/test4.mi-backup.ch\/wp-content\/uploads\/2022\/03\/contemporain-de-kolbe2-1-212x300.jpg 212w, https:\/\/test4.mi-backup.ch\/wp-content\/uploads\/2022\/03\/contemporain-de-kolbe2-1-768x1086.jpg 768w, https:\/\/test4.mi-backup.ch\/wp-content\/uploads\/2022\/03\/contemporain-de-kolbe2-1-1086x1536.jpg 1086w, https:\/\/test4.mi-backup.ch\/wp-content\/uploads\/2022\/03\/contemporain-de-kolbe2-1-389x550.jpg 389w, https:\/\/test4.mi-backup.ch\/wp-content\/uploads\/2022\/03\/contemporain-de-kolbe2-1-600x849.jpg 600w, https:\/\/test4.mi-backup.ch\/wp-content\/uploads\/2022\/03\/contemporain-de-kolbe2-1.jpg 1414w\" sizes=\"(max-width: 159px) 100vw, 159px\" \/><\/a><figcaption id=\"caption-attachment-54838\" class=\"wp-caption-text\"><strong>5 AUTRES SAINTS ACCOMPAGNENT LE PERE KOLBE<\/strong><\/figcaption><\/figure>\n<hr \/>\n<h4><strong>De 1919 \u00e0 1932<\/strong><\/h4>\n<figure id=\"attachment_54942\" aria-describedby=\"caption-attachment-54942\" style=\"width: 571px\" class=\"wp-caption alignleft\"><a href=\"https:\/\/test4.mi-backup.ch\/wp-content\/uploads\/2022\/03\/Chronologie-Pere-Kolbe-3-1.jpg\"><img loading=\"lazy\" class=\"wp-image-54942\" src=\"https:\/\/test4.mi-backup.ch\/wp-content\/uploads\/2022\/03\/Chronologie-Pere-Kolbe-3-1-1024x410.jpg\" alt=\"\" width=\"571\" height=\"228\" srcset=\"https:\/\/test4.mi-backup.ch\/wp-content\/uploads\/2022\/03\/Chronologie-Pere-Kolbe-3-1-1024x410.jpg 1024w, https:\/\/test4.mi-backup.ch\/wp-content\/uploads\/2022\/03\/Chronologie-Pere-Kolbe-3-1-300x120.jpg 300w, https:\/\/test4.mi-backup.ch\/wp-content\/uploads\/2022\/03\/Chronologie-Pere-Kolbe-3-1-768x307.jpg 768w, https:\/\/test4.mi-backup.ch\/wp-content\/uploads\/2022\/03\/Chronologie-Pere-Kolbe-3-1-1536x614.jpg 1536w, https:\/\/test4.mi-backup.ch\/wp-content\/uploads\/2022\/03\/Chronologie-Pere-Kolbe-3-1-425x170.jpg 425w, https:\/\/test4.mi-backup.ch\/wp-content\/uploads\/2022\/03\/Chronologie-Pere-Kolbe-3-1-600x240.jpg 600w, https:\/\/test4.mi-backup.ch\/wp-content\/uploads\/2022\/03\/Chronologie-Pere-Kolbe-3-1.jpg 2000w\" sizes=\"(max-width: 571px) 100vw, 571px\" \/><\/a><figcaption id=\"caption-attachment-54942\" class=\"wp-caption-text\"><strong>12 ANNEES DE TRAVAUX APOSTOLIQUES<\/strong><\/figcaption><\/figure>\n<figure id=\"attachment_54848\" aria-describedby=\"caption-attachment-54848\" style=\"width: 158px\" class=\"wp-caption alignleft\"><a href=\"https:\/\/test4.mi-backup.ch\/wp-content\/uploads\/2022\/03\/contemporain-de-kolbe3.jpg\"><img loading=\"lazy\" class=\"wp-image-54848\" src=\"https:\/\/test4.mi-backup.ch\/wp-content\/uploads\/2022\/03\/contemporain-de-kolbe3-724x1024.jpg\" alt=\"\" width=\"158\" height=\"223\" srcset=\"https:\/\/test4.mi-backup.ch\/wp-content\/uploads\/2022\/03\/contemporain-de-kolbe3-724x1024.jpg 724w, https:\/\/test4.mi-backup.ch\/wp-content\/uploads\/2022\/03\/contemporain-de-kolbe3-212x300.jpg 212w, https:\/\/test4.mi-backup.ch\/wp-content\/uploads\/2022\/03\/contemporain-de-kolbe3-768x1086.jpg 768w, https:\/\/test4.mi-backup.ch\/wp-content\/uploads\/2022\/03\/contemporain-de-kolbe3-1086x1536.jpg 1086w, https:\/\/test4.mi-backup.ch\/wp-content\/uploads\/2022\/03\/contemporain-de-kolbe3-389x550.jpg 389w, https:\/\/test4.mi-backup.ch\/wp-content\/uploads\/2022\/03\/contemporain-de-kolbe3-600x849.jpg 600w, https:\/\/test4.mi-backup.ch\/wp-content\/uploads\/2022\/03\/contemporain-de-kolbe3.jpg 1414w\" sizes=\"(max-width: 158px) 100vw, 158px\" \/><\/a><figcaption id=\"caption-attachment-54848\" class=\"wp-caption-text\"><strong>3 AUTRES SAINTS SANS PARLER DES INNOMBRABLES MARTYRS MEXICAINS, LES CRISTERO.<\/strong><\/figcaption><\/figure>\n<hr \/>\n<h4><strong>De 1933 \u00e0 1941<\/strong><\/h4>\n<figure id=\"attachment_54934\" aria-describedby=\"caption-attachment-54934\" style=\"width: 1024px\" class=\"wp-caption alignnone\"><a href=\"https:\/\/test4.mi-backup.ch\/wp-content\/uploads\/2022\/03\/Chronologie-Pere-Kolbe-4.jpg\"><img loading=\"lazy\" class=\"wp-image-54934 size-large\" src=\"https:\/\/test4.mi-backup.ch\/wp-content\/uploads\/2022\/03\/Chronologie-Pere-Kolbe-4-1024x410.jpg\" alt=\"\" width=\"1024\" height=\"410\" srcset=\"https:\/\/test4.mi-backup.ch\/wp-content\/uploads\/2022\/03\/Chronologie-Pere-Kolbe-4-1024x410.jpg 1024w, https:\/\/test4.mi-backup.ch\/wp-content\/uploads\/2022\/03\/Chronologie-Pere-Kolbe-4-300x120.jpg 300w, https:\/\/test4.mi-backup.ch\/wp-content\/uploads\/2022\/03\/Chronologie-Pere-Kolbe-4-768x307.jpg 768w, https:\/\/test4.mi-backup.ch\/wp-content\/uploads\/2022\/03\/Chronologie-Pere-Kolbe-4-1536x614.jpg 1536w, https:\/\/test4.mi-backup.ch\/wp-content\/uploads\/2022\/03\/Chronologie-Pere-Kolbe-4-425x170.jpg 425w, https:\/\/test4.mi-backup.ch\/wp-content\/uploads\/2022\/03\/Chronologie-Pere-Kolbe-4-600x240.jpg 600w, https:\/\/test4.mi-backup.ch\/wp-content\/uploads\/2022\/03\/Chronologie-Pere-Kolbe-4.jpg 2000w\" sizes=\"(max-width: 1024px) 100vw, 1024px\" \/><\/a><figcaption id=\"caption-attachment-54934\" class=\"wp-caption-text\"><strong>LES 9 DERNIERES ANNEES<\/strong><\/figcaption><\/figure>\n","protected":false},"excerpt":{"rendered":"<p>Nous vous invitons \u00e0 cliquer sur les photos pour visionner clairement. Ave Maria ! De 1894 \u00e0 1906 &nbsp; De 1907 \u00e0 1919 De 1919 \u00e0 1932 De 1933 \u00e0 1941<a class=\"more-link\" href=\"https:\/\/test4.mi-backup.ch\/fr\/contemporains-du-pere-kolbe\/\">Lire la suite &rarr;<\/a><\/p>\n","protected":false},"author":9,"featured_media":54652,"parent":0,"menu_order":0,"comment_status":"closed","ping_status":"closed","template":"","meta":[],"_links":{"self":[{"href":"https:\/\/test4.mi-backup.ch\/fr\/wp-json\/wp\/v2\/pages\/2200"}],"collection":[{"href":"https:\/\/test4.mi-backup.ch\/fr\/wp-json\/wp\/v2\/pages"}],"about":[{"href":"https:\/\/test4.mi-backup.ch\/fr\/wp-json\/wp\/v2\/types\/page"}],"author":[{"embeddable":true,"href":"https:\/\/test4.mi-backup.ch\/fr\/wp-json\/wp\/v2\/users\/9"}],"replies":[{"embeddable":true,"href":"https:\/\/test4.mi-backup.ch\/fr\/wp-json\/wp\/v2\/comments?post=2200"}],"version-history":[{"count":12,"href":"https:\/\/test4.mi-backup.ch\/fr\/wp-json\/wp\/v2\/pages\/2200\/revisions"}],"predecessor-version":[{"id":54951,"href":"https:\/\/test4.mi-backup.ch\/fr\/wp-json\/wp\/v2\/pages\/2200\/revisions\/54951"}],"wp:featuredmedia":[{"embeddable":true,"href":"https:\/\/test4.mi-backup.ch\/fr\/wp-json\/wp\/v2\/media\/54652"}],"wp:attachment":[{"href":"https:\/\/test4.mi-backup.ch\/fr\/wp-json\/wp\/v2\/media?parent=2200"}],"curies":[{"name":"wp","href":"https:\/\/api.w.org\/{rel}","templated":true}]}}