{"id":2322,"date":"2017-02-10T21:43:05","date_gmt":"2017-02-10T20:43:05","guid":{"rendered":"https:\/\/m-i.info.smaragd.ch-meta.net\/?page_id=2322\/"},"modified":"2023-04-13T17:16:18","modified_gmt":"2023-04-13T15:16:18","slug":"donation","status":"publish","type":"page","link":"https:\/\/test4.mi-backup.ch\/fr\/donation\/","title":{"rendered":"Don"},"content":{"rendered":"<p>Nous vous remercions grandement de votre g\u00e9n\u00e9rosit\u00e9.<\/p>\n<h2><span style=\"color: #008080;\"><strong>MI-FRANCE CENTRE DE DISTRIBUTION<\/strong><\/span><\/h2>\n<form action=\"https:\/\/www.paypal.com\/cgi-bin\/webscr\" method=\"post\" target=\"_top\">\n<h4><strong><em>Par virement Paypal sur le compte de Militia Immaculat\u00e6, en cliquant sur l&#8217;image ci-dessous :<\/em><\/strong><\/h4>\n<\/form>\n<form action=\"https:\/\/www.paypal.com\/donate\" method=\"post\" target=\"_top\"><input name=\"hosted_button_id\" type=\"hidden\" value=\"A2C86DNQ9NGUL\" \/><br \/>\n<input title=\"PayPal - The safer, easier way to pay online!\" alt=\"Bouton Faites un don avec PayPal\" name=\"submit\" src=\"https:\/\/pics.paypal.com\/00\/s\/YTFkM2MyYTItMTU0MS00ZjA4LWFhZTctNjEyZjBmNGNkMDcx\/file.PNG\" type=\"image\" \/><br \/>\n<img loading=\"lazy\" src=\"https:\/\/www.paypal.com\/fr_FR\/i\/scr\/pixel.gif\" alt=\"\" width=\"1\" height=\"1\" border=\"0\" \/><\/form>\n<form action=\"https:\/\/www.paypal.com\/cgi-bin\/webscr\" method=\"post\" target=\"_top\">\n<hr \/>\n<h4><strong><em>Par virement bancaire ou carte de cr\u00e9dit :<\/em><\/strong><\/h4>\n<ul>\n<li><em><strong>Sur notre compte bancaire en France<\/strong><\/em>\u00a0en mentionnant <strong>IMP\u00c9RATIVEMENT M.I. <\/strong>dans l\u2019intitul\u00e9 du virement.<\/li>\n<\/ul>\n<\/form>\n<p>Titulaire du compte : Association d&#8217;aide aux familles &#8211; Le Moulin du pin &#8211; 53290 Beaumont en Pied de B\u0153uf<br \/>\n<strong>IBAN :\u00a0 \u00a0 \u00a0 FR 24 2004 1000 0100 8950 2R02 079<br \/>\n<\/strong><strong>BIC :\u00a0 \u00a0 \u00a0 \u00a0 \u00a0PSSTFRPPPAR<\/strong><\/p>\n<hr \/>\n<h4><strong><em>Par ch\u00e8que <\/em><\/strong><\/h4>\n<ol>\n<li><em>Etablir le ch\u00e8que \u00e0 l\u2019ordre <strong>&#8221; AAF MI &#8220;<\/strong>\u00a0 ou <strong>Association d&#8217;Aide aux Familles &#8211; MI<\/strong><\/em><\/li>\n<li>L&#8217;envoyer \u00e0 l\u2019adresse suivante: <strong>Centre de distribution de la Militia Immaculat\u00e6 &#8211; 7 impasse des noisettes &#8211; 44240 La Chapelle-sur-Erdre &#8211; France<\/strong><\/li>\n<\/ol>\n<hr \/>\n<h2><strong><span style=\"color: #008080;\">MI-INTERNATIONAL CENTRE DE POLOGNE<\/span><\/strong><\/h2>\n<h4><strong><em>Par virement bancaire ou carte de cr\u00e9dit :<\/em><\/strong><\/h4>\n<ul>\n<li><em><strong>Sur notre compte bancaire en Pologne avec la mention \u201cDarowizna na cele statutowe\u201d :<\/strong><\/em><\/li>\n<\/ul>\n<p><img loading=\"lazy\" src=\"https:\/\/www.paypalobjects.com\/de_DE\/i\/scr\/pixel.gif\" alt=\"\" width=\"1\" height=\"1\" border=\"0\" \/><img loading=\"lazy\" src=\"https:\/\/www.paypalobjects.com\/de_DE\/i\/scr\/pixel.gif\" alt=\"\" width=\"1\" height=\"1\" border=\"0\" \/>Compte de fondation : <strong>Bank BNP Paribas S.A. <\/strong>ul. Kasprzaka 10\/16, 01-211 Warszawa, PolskaNum\u00e9ro de compte EUR\u00a0: \u00a0<strong> PL 46 1750 0012 0000 0000 4104 5019 <\/strong>Code\u00a0<strong>SWIFT<\/strong>\u00a0<strong>:<\/strong><strong> PPABPLPK\u00a0<\/strong><\/p>\n<hr \/>\n<h2><span style=\"color: #008080;\"><strong>MI-SUISSE<\/strong><\/span><\/h2>\n<h4><strong><em>Par virement bancaire<\/em><\/strong><\/h4>\n<p>IBAN pour CHF: CH40 0078 4294 7153 7200 1<br \/>\nIBAN pour EUR: CH13 0078 4294 7153 7200 2<br \/>\nBIC-\/Swift: KBTGCH22, Banque: Thurgauer Kantonalbank<\/p>\n<p>Adresse:<br \/>\nMilitia Immaculatae (MI-Suisse)<br \/>\nSt. Gallerstr. 65<br \/>\nCH-9500 Wil SG<br \/>\nSuisse<\/p>\n<h4><strong><em>Par Carte de cr\u00e9dit, Paypal, SEPA, Sofort:<br \/>\n<\/em><\/strong><\/h4>\n<p><a href=\"https:\/\/test4.mi-backup.ch\/fr\/don-immediat-eur\/\">Formulaire de don imm\u00e9diat (EUR)<\/a><\/p>\n<p>&nbsp;<\/p>\n<h4><strong><em>Par PayPal<\/em><\/strong><\/h4>\n<p id=\"tw-target-text\" dir=\"ltr\" data-placeholder=\"\u00dcbersetzung\"><span lang=\"fr\">Dons en<\/span> <strong>CHF<\/strong> (Swiss Francs):<\/p>\n<form action=\"https:\/\/www.paypal.com\/cgi-bin\/webscr\" method=\"post\" target=\"_top\"><input name=\"cmd\" type=\"hidden\" value=\"_donations\" \/> <input name=\"business\" type=\"hidden\" value=\"finance@militia-immaculatae.info\" \/> <input name=\"lc\" type=\"hidden\" value=\"DE\" \/> <input name=\"item_name\" type=\"hidden\" value=\"Militia Immaculatae\" \/> <input name=\"no_note\" type=\"hidden\" value=\"0\" \/> <input name=\"currency_code\" type=\"hidden\" value=\"CHF\" \/> <input name=\"bn\" type=\"hidden\" value=\"PP-DonationsBF:btn_donateCC_LG.gif:NonHostedGuest\" \/> <input alt=\"Jetzt einfach, schnell und sicher online bezahlen \u00e2\u20ac\u201c mit PayPal.\" name=\"submit\" src=\"https:\/\/www.paypalobjects.com\/de_DE\/DE\/i\/btn\/btn_donateCC_LG.gif\" type=\"image\" \/><br \/>\n<img loading=\"lazy\" src=\"https:\/\/www.paypalobjects.com\/de_DE\/i\/scr\/pixel.gif\" alt=\"\" width=\"1\" height=\"1\" border=\"0\" \/><\/form>\n<form action=\"https:\/\/www.paypal.com\/cgi-bin\/webscr\" method=\"post\" target=\"_top\">&nbsp;<\/p>\n<\/form>\n","protected":false},"excerpt":{"rendered":"<p>Nous vous remercions grandement de votre g\u00e9n\u00e9rosit\u00e9. MI-FRANCE CENTRE DE DISTRIBUTION Par virement Paypal sur le compte de Militia Immaculat\u00e6, en cliquant sur l&#8217;image ci-dessous : Par virement bancaire ou carte de cr\u00e9dit : Sur notre compte bancaire en France\u00a0en mentionnant IMP\u00c9RATIVEMENT M.I. dans l\u2019intitul\u00e9 du virement. Titulaire du compte<a class=\"more-link\" href=\"https:\/\/test4.mi-backup.ch\/fr\/donation\/\">Lire la suite &rarr;<\/a><\/p>\n","protected":false},"author":9,"featured_media":0,"parent":0,"menu_order":0,"comment_status":"closed","ping_status":"closed","template":"","meta":[],"_links":{"self":[{"href":"https:\/\/test4.mi-backup.ch\/fr\/wp-json\/wp\/v2\/pages\/2322"}],"collection":[{"href":"https:\/\/test4.mi-backup.ch\/fr\/wp-json\/wp\/v2\/pages"}],"about":[{"href":"https:\/\/test4.mi-backup.ch\/fr\/wp-json\/wp\/v2\/types\/page"}],"author":[{"embeddable":true,"href":"https:\/\/test4.mi-backup.ch\/fr\/wp-json\/wp\/v2\/users\/9"}],"replies":[{"embeddable":true,"href":"https:\/\/test4.mi-backup.ch\/fr\/wp-json\/wp\/v2\/comments?post=2322"}],"version-history":[{"count":12,"href":"https:\/\/test4.mi-backup.ch\/fr\/wp-json\/wp\/v2\/pages\/2322\/revisions"}],"predecessor-version":[{"id":89013,"href":"https:\/\/test4.mi-backup.ch\/fr\/wp-json\/wp\/v2\/pages\/2322\/revisions\/89013"}],"wp:attachment":[{"href":"https:\/\/test4.mi-backup.ch\/fr\/wp-json\/wp\/v2\/media?parent=2322"}],"curies":[{"name":"wp","href":"https:\/\/api.w.org\/{rel}","templated":true}]}}