{"id":2344,"date":"2017-02-10T21:52:02","date_gmt":"2017-02-10T20:52:02","guid":{"rendered":"https:\/\/m-i.info.smaragd.ch-meta.net\/?page_id=2344\/"},"modified":"2022-03-01T09:52:03","modified_gmt":"2022-03-01T08:52:03","slug":"contact","status":"publish","type":"page","link":"https:\/\/test4.mi-backup.ch\/fr\/contact\/","title":{"rendered":"Contact"},"content":{"rendered":"<p><span id=\"result_box\" class=\"short_text\" lang=\"en\" tabindex=\"-1\"><span class=\"hps\">Veuillez nous contacter pour des questions ou commandes<\/span><span class=\"hps\">.<\/span><\/span><\/p>\n<h4><strong>MI- CENTRE INTERNATIONAL POLOGNE<\/strong><\/h4>\n<p>Pour des questions concernant les <strong>publications virtuelles<\/strong> ou les publications de notre <a href=\"https:\/\/militia-immaculatae.org\/francais\/depliants\/\" target=\"_blank\" rel=\"noopener\"><strong>Biblioth\u00e8que<\/strong><\/a>, merci de nous contacter par email : <strong><a href=\"mailto:france@militia-immaculatae.org\">france@militia-immaculatae.org<\/a><\/strong><\/p>\n<h3><span class=\"short_text\" lang=\"en\" tabindex=\"-1\"><span class=\"hps\"> <img loading=\"lazy\" src=\"https:\/\/test4.mi-backup.ch\/wp-content\/uploads\/media\/kolbe4.jpg.jpg\" alt=\"\" width=\"200\" height=\"299\" align=\"right\" border=\"1\" hspace=\"5\" vspace=\"5\" \/><\/span><\/span><\/h3>\n<h4><strong>MI-France<\/strong><\/h4>\n<p><span id=\"result_box\" class=\"short_text\" lang=\"en\" tabindex=\"-1\"><span class=\"hps\">Pour services g\u00e9n\u00e9raux en France:<br \/>\n<\/span><\/span><\/p>\n<p>Militia Immaculatae (MI-France)<br \/>\nAbb\u00e9 Guy Castelain<br \/>\nPrieur\u00e9 Notre-Dame-du-Sacr\u00e9-Coeur<br \/>\nLe Moulin du Pin<br \/>\n53290 BEAUMONT-PIED-DE-BOEUF<br \/>\nFrance<\/p>\n\n\n<!-- Fast Secure Contact Form plugin 4.0.52 - begin - FastSecureContactForm.com -->\r\n<div style=\"clear:both;\"><\/div>\n\r\n<div id=\"FSContact9\" style=\"width:99%; max-width:555px;\">\r\n<form action=\"https:\/\/test4.mi-backup.ch\/fr\/wp-json\/wp\/v2\/pages\/2344#FSContact9\" id=\"fscf_form9\" method=\"post\">\r\n\n<div id=\"fscf_required9\">\n  <span style=\"text-align:left;\">*<\/span> <span style=\"text-align:left;\">indique un champ requis<\/span>\n<\/div>\n\n\n<div id=\"fscf_div_clear9_0\" style=\"clear:both;\">\n  <div id=\"fscf_div_field9_0\" style=\"clear:left; float:left; width:99%; max-width:550px; margin-right:10px;\">\r\n    <div style=\"text-align:left; padding-top:5px;\">\n      <label style=\"text-align:left;\" for=\"fscf_name9\">Nom&nbsp;:<span style=\"text-align:left;\">*<\/span><\/label>\n    <\/div>\r\n    <div style=\"text-align:left;\">\r\n      <input style=\"text-align:left; margin:0; width:99%; max-width:250px;\" type=\"text\" id=\"fscf_name9\" name=\"full_name\" value=\"\"  readonly=\"readonly\" \/>\r\n    <\/div>\r\n  <\/div>\n<\/div>\n\n<div id=\"fscf_div_clear9_1\" style=\"clear:both;\">\n  <div id=\"fscf_div_field9_1\" style=\"clear:left; float:left; width:99%; max-width:550px; margin-right:10px;\">\n    <div style=\"text-align:left; padding-top:5px;\">\n      <label style=\"text-align:left;\" for=\"fscf_email9\">E-mail&nbsp;:<span style=\"text-align:left;\">*<\/span><\/label>\n    <\/div>\n    <div style=\"text-align:left;\">\n      <input style=\"text-align:left; margin:0; width:99%; max-width:250px;\" type=\"text\" id=\"fscf_email9\" name=\"email\" value=\"\"  readonly=\"readonly\" \/>\n    <\/div>\n  <\/div>\n<\/div>\n\n<div id=\"fscf_div_clear9_2\" style=\"clear:both;\">\n  <div id=\"fscf_div_field9_2\" style=\"clear:left; float:left; width:99%; max-width:550px; margin-right:10px;\">\n    <div style=\"text-align:left; padding-top:5px;\">\n      <label style=\"text-align:left;\" for=\"fscf_field9_2\">Sujet<span style=\"text-align:left;\">*<\/span><\/label>\n    <\/div>\n    <div style=\"text-align:left;\">\n      <input style=\"text-align:left; margin:0; width:99%; max-width:250px;\" type=\"text\" id=\"fscf_field9_2\" name=\"subject\" value=\"\"  \/>\n    <\/div>\n  <\/div>\n<\/div>\n\n<div id=\"fscf_div_clear9_3\" style=\"clear:both;\">\n  <div id=\"fscf_div_field9_3\" style=\"clear:left; float:left; width:99%; max-width:550px; margin-right:10px;\">\n    <div style=\"text-align:left; padding-top:5px;\">\n      <label style=\"text-align:left;\" for=\"fscf_field9_3\">Message<span style=\"text-align:left;\">*<\/span><\/label>\n    <\/div>\n    <div style=\"text-align:left;\">\n      <textarea style=\"text-align:left; margin:0; width:99%; max-width:250px; height:120px;\" id=\"fscf_field9_3\" name=\"message\" cols=\"30\" rows=\"10\" ><\/textarea>\n    <\/div>\n  <\/div>\n<\/div>\r\n<div style=\"clear:both;\"><\/div>\n\n<div id=\"fscf_submit_div9\" style=\"text-align:left; clear:both; padding-top:15px;\">\r\n\t\t<input type=\"submit\" id=\"fscf_submit9\" style=\"cursor:pointer; margin:0;\" value=\"Soumettre\"  onclick=\"this.disabled=true; this.value='Soumis...'; this.form.submit();\" \/> \n<\/div>\n\n<input type=\"hidden\" name=\"fscf_submitted\" value=\"0\" \/>\n<input type=\"hidden\" name=\"fs_postonce_9\" value=\"f75b3389056c95412312ea64de20b744,1776869003\" \/>\n<input type=\"hidden\" name=\"si_contact_action\" value=\"send\" \/>\n<input type=\"hidden\" name=\"form_id\" value=\"9\" \/>\n<input type=\"hidden\" name=\"mailto_id\" value=\"1\" \/>\n\n<\/form>\n<\/div>\r\n<div style=\"clear:both;\"><\/div>\n\n<!-- Fast Secure Contact Form plugin 4.0.52 - end - FastSecureContactForm.com -->\n\n<h4><strong>MI-Suisse<\/strong><\/h4>\n<p><span id=\"result_box\" class=\"short_text\" lang=\"en\" tabindex=\"-1\"><span class=\"hps\">Pour <strong>les commandes de M\u00e9daille, de chapelet et de Set pour l&#8217;apostolat<\/strong> en Suisse :<br \/>\n<\/span><\/span><\/p>\n<p>Militia Immaculatae (MI-Suisse)<br \/>\nPriorat der Heiligen Familie<br \/>\nSt. Gallerstr. 65<br \/>\nCH-9500 Wil<br \/>\nSuisse<\/p>\n\n\n<!-- Fast Secure Contact Form plugin 4.0.52 - begin - FastSecureContactForm.com -->\r\n<div style=\"clear:both;\"><\/div>\n\r\n<div id=\"FSContact11\" style=\"width:99%; max-width:555px;\">\r\n<form action=\"https:\/\/test4.mi-backup.ch\/fr\/wp-json\/wp\/v2\/pages\/2344#FSContact11\" id=\"fscf_form11\" method=\"post\">\r\n\n<div id=\"fscf_required11\">\n  <span style=\"text-align:left;\">*<\/span> <span style=\"text-align:left;\">indique un champ requis<\/span>\n<\/div>\n\n\n<div id=\"fscf_div_clear11_0\" style=\"clear:both;\">\n  <div id=\"fscf_div_field11_0\" style=\"clear:left; float:left; width:99%; max-width:550px; margin-right:10px;\">\r\n    <div style=\"text-align:left; padding-top:5px;\">\n      <label style=\"text-align:left;\" for=\"fscf_name11\">Nom&nbsp;:<span style=\"text-align:left;\">*<\/span><\/label>\n    <\/div>\r\n    <div style=\"text-align:left;\">\r\n      <input style=\"text-align:left; margin:0; width:99%; max-width:250px;\" type=\"text\" id=\"fscf_name11\" name=\"full_name\" value=\"\"  readonly=\"readonly\" \/>\r\n    <\/div>\r\n  <\/div>\n<\/div>\n\n<div id=\"fscf_div_clear11_1\" style=\"clear:both;\">\n  <div id=\"fscf_div_field11_1\" style=\"clear:left; float:left; width:99%; max-width:550px; margin-right:10px;\">\n    <div style=\"text-align:left; padding-top:5px;\">\n      <label style=\"text-align:left;\" for=\"fscf_email11\">E-mail&nbsp;:<span style=\"text-align:left;\">*<\/span><\/label>\n    <\/div>\n    <div style=\"text-align:left;\">\n      <input style=\"text-align:left; margin:0; width:99%; max-width:250px;\" type=\"text\" id=\"fscf_email11\" name=\"email\" value=\"\"  readonly=\"readonly\" \/>\n    <\/div>\n  <\/div>\n<\/div>\n\n<div id=\"fscf_div_clear11_2\" style=\"clear:both;\">\n  <div id=\"fscf_div_field11_2\" style=\"clear:left; float:left; width:99%; max-width:550px; margin-right:10px;\">\n    <div style=\"text-align:left; padding-top:5px;\">\n      <label style=\"text-align:left;\" for=\"fscf_field11_2\">Sujet<span style=\"text-align:left;\">*<\/span><\/label>\n    <\/div>\n    <div style=\"text-align:left;\">\n      <input style=\"text-align:left; margin:0; width:99%; max-width:250px;\" type=\"text\" id=\"fscf_field11_2\" name=\"subject\" value=\"\"  \/>\n    <\/div>\n  <\/div>\n<\/div>\n\n<div id=\"fscf_div_clear11_3\" style=\"clear:both;\">\n  <div id=\"fscf_div_field11_3\" style=\"clear:left; float:left; width:99%; max-width:550px; margin-right:10px;\">\n    <div style=\"text-align:left; padding-top:5px;\">\n      <label style=\"text-align:left;\" for=\"fscf_field11_3\">Message<span style=\"text-align:left;\">*<\/span><\/label>\n    <\/div>\n    <div style=\"text-align:left;\">\n      <textarea style=\"text-align:left; margin:0; width:99%; max-width:250px; height:120px;\" id=\"fscf_field11_3\" name=\"message\" cols=\"30\" rows=\"10\" ><\/textarea>\n    <\/div>\n  <\/div>\n<\/div>\r\n<div style=\"clear:both;\"><\/div>\n        \r\n<div style=\"display:none;\">\r\n     <label for=\"city11\"><small>Laisser ce champ vide<\/small><\/label>\r\n     <input type=\"text\" name=\"city\" id=\"city11\" value=\"\" \/>\r\n<\/div>\r\n\n<div id=\"fscf_submit_div11\" style=\"text-align:left; clear:both; padding-top:15px;\">\r\n\t\t<input type=\"submit\" id=\"fscf_submit11\" style=\"cursor:pointer; margin:0;\" value=\"Soumettre\"  onclick=\"this.disabled=true; this.value='Soumis...'; this.form.submit();\" \/> \n<\/div>\n\n<input type=\"hidden\" name=\"fscf_submitted\" value=\"0\" \/>\n<input type=\"hidden\" name=\"fs_postonce_11\" value=\"f75b3389056c95412312ea64de20b744,1776869003\" \/>\n<input type=\"hidden\" name=\"si_contact_action\" value=\"send\" \/>\n<input type=\"hidden\" name=\"form_id\" value=\"11\" \/>\n<input type=\"hidden\" name=\"mailto_id\" value=\"1\" \/>\n\n<\/form>\n<\/div>\r\n<div style=\"clear:both;\"><\/div>\n\n<!-- Fast Secure Contact Form plugin 4.0.52 - end - FastSecureContactForm.com -->\n\n<h3>MI-Asia<\/h3>\n<p><span id=\"result_box\" class=\"short_text\" lang=\"en\" tabindex=\"-1\"><span class=\"hps\">Pour services g\u00e9n\u00e9raux en Asie:<br \/>\n<\/span><\/span><\/p>\n\n\n<!-- Fast Secure Contact Form plugin 4.0.52 - begin - FastSecureContactForm.com -->\r\n<div style=\"clear:both;\"><\/div>\n\r\n<div id=\"FSContact10\" style=\"width:99%; max-width:555px;\">\r\n<form action=\"https:\/\/test4.mi-backup.ch\/fr\/wp-json\/wp\/v2\/pages\/2344#FSContact10\" id=\"fscf_form10\" method=\"post\">\r\n\n<div id=\"fscf_required10\">\n  <span style=\"text-align:left;\">*<\/span> <span style=\"text-align:left;\">indique un champ requis<\/span>\n<\/div>\n\n\n<div id=\"fscf_div_clear10_0\" style=\"clear:both;\">\n  <div id=\"fscf_div_field10_0\" style=\"clear:left; float:left; width:99%; max-width:550px; margin-right:10px;\">\r\n    <div style=\"text-align:left; padding-top:5px;\">\n      <label style=\"text-align:left;\" for=\"fscf_name10\">Nom&nbsp;:<span style=\"text-align:left;\">*<\/span><\/label>\n    <\/div>\r\n    <div style=\"text-align:left;\">\r\n      <input style=\"text-align:left; margin:0; width:99%; max-width:250px;\" type=\"text\" id=\"fscf_name10\" name=\"full_name\" value=\"\"  readonly=\"readonly\" \/>\r\n    <\/div>\r\n  <\/div>\n<\/div>\n\n<div id=\"fscf_div_clear10_1\" style=\"clear:both;\">\n  <div id=\"fscf_div_field10_1\" style=\"clear:left; float:left; width:99%; max-width:550px; margin-right:10px;\">\n    <div style=\"text-align:left; padding-top:5px;\">\n      <label style=\"text-align:left;\" for=\"fscf_email10\">E-mail&nbsp;:<span style=\"text-align:left;\">*<\/span><\/label>\n    <\/div>\n    <div style=\"text-align:left;\">\n      <input style=\"text-align:left; margin:0; width:99%; max-width:250px;\" type=\"text\" id=\"fscf_email10\" name=\"email\" value=\"\"  readonly=\"readonly\" \/>\n    <\/div>\n  <\/div>\n<\/div>\n\n<div id=\"fscf_div_clear10_2\" style=\"clear:both;\">\n  <div id=\"fscf_div_field10_2\" style=\"clear:left; float:left; width:99%; max-width:550px; margin-right:10px;\">\n    <div style=\"text-align:left; padding-top:5px;\">\n      <label style=\"text-align:left;\" for=\"fscf_field10_2\">Sujet<span style=\"text-align:left;\">*<\/span><\/label>\n    <\/div>\n    <div style=\"text-align:left;\">\n      <input style=\"text-align:left; margin:0; width:99%; max-width:250px;\" type=\"text\" id=\"fscf_field10_2\" name=\"subject\" value=\"\"  \/>\n    <\/div>\n  <\/div>\n<\/div>\n\n<div id=\"fscf_div_clear10_3\" style=\"clear:both;\">\n  <div id=\"fscf_div_field10_3\" style=\"clear:left; float:left; width:99%; max-width:550px; margin-right:10px;\">\n    <div style=\"text-align:left; padding-top:5px;\">\n      <label style=\"text-align:left;\" for=\"fscf_field10_3\">Message<span style=\"text-align:left;\">*<\/span><\/label>\n    <\/div>\n    <div style=\"text-align:left;\">\n      <textarea style=\"text-align:left; margin:0; width:99%; max-width:250px; height:120px;\" id=\"fscf_field10_3\" name=\"message\" cols=\"30\" rows=\"10\" ><\/textarea>\n    <\/div>\n  <\/div>\n<\/div>\r\n<div style=\"clear:both;\"><\/div>\n        \r\n<div style=\"display:none;\">\r\n     <label for=\"city10\"><small>Laisser ce champ vide<\/small><\/label>\r\n     <input type=\"text\" name=\"city\" id=\"city10\" value=\"\" \/>\r\n<\/div>\r\n\n<div id=\"fscf_submit_div10\" style=\"text-align:left; clear:both; padding-top:15px;\">\r\n\t\t<input type=\"submit\" id=\"fscf_submit10\" style=\"cursor:pointer; margin:0;\" value=\"Soumettre\"  onclick=\"this.disabled=true; this.value='Soumis...'; this.form.submit();\" \/> \n<\/div>\n\n<input type=\"hidden\" name=\"fscf_submitted\" value=\"0\" \/>\n<input type=\"hidden\" name=\"fs_postonce_10\" value=\"f75b3389056c95412312ea64de20b744,1776869003\" \/>\n<input type=\"hidden\" name=\"si_contact_action\" value=\"send\" \/>\n<input type=\"hidden\" name=\"form_id\" value=\"10\" \/>\n<input type=\"hidden\" name=\"mailto_id\" value=\"1\" \/>\n\n<\/form>\n<\/div>\r\n<div style=\"clear:both;\"><\/div>\n\n<!-- Fast Secure Contact Form plugin 4.0.52 - end - FastSecureContactForm.com -->\n\n","protected":false},"excerpt":{"rendered":"<p>Veuillez nous contacter pour des questions ou commandes. MI- CENTRE INTERNATIONAL POLOGNE Pour des questions concernant les publications virtuelles ou les publications de notre Biblioth\u00e8que, merci de nous contacter par email : france@militia-immaculatae.org MI-France Pour services g\u00e9n\u00e9raux en France: Militia Immaculatae (MI-France) Abb\u00e9 Guy Castelain Prieur\u00e9 Notre-Dame-du-Sacr\u00e9-Coeur Le Moulin du<a class=\"more-link\" href=\"https:\/\/test4.mi-backup.ch\/fr\/contact\/\">Lire la suite &rarr;<\/a><\/p>\n","protected":false},"author":9,"featured_media":0,"parent":0,"menu_order":0,"comment_status":"closed","ping_status":"closed","template":"","meta":[],"_links":{"self":[{"href":"https:\/\/test4.mi-backup.ch\/fr\/wp-json\/wp\/v2\/pages\/2344"}],"collection":[{"href":"https:\/\/test4.mi-backup.ch\/fr\/wp-json\/wp\/v2\/pages"}],"about":[{"href":"https:\/\/test4.mi-backup.ch\/fr\/wp-json\/wp\/v2\/types\/page"}],"author":[{"embeddable":true,"href":"https:\/\/test4.mi-backup.ch\/fr\/wp-json\/wp\/v2\/users\/9"}],"replies":[{"embeddable":true,"href":"https:\/\/test4.mi-backup.ch\/fr\/wp-json\/wp\/v2\/comments?post=2344"}],"version-history":[{"count":11,"href":"https:\/\/test4.mi-backup.ch\/fr\/wp-json\/wp\/v2\/pages\/2344\/revisions"}],"predecessor-version":[{"id":53687,"href":"https:\/\/test4.mi-backup.ch\/fr\/wp-json\/wp\/v2\/pages\/2344\/revisions\/53687"}],"wp:attachment":[{"href":"https:\/\/test4.mi-backup.ch\/fr\/wp-json\/wp\/v2\/media?parent=2344"}],"curies":[{"name":"wp","href":"https:\/\/api.w.org\/{rel}","templated":true}]}}