{"id":5494,"date":"2021-12-01T10:13:51","date_gmt":"2021-12-01T09:13:51","guid":{"rendered":"https:\/\/test4.mi-backup.ch\/leitfaden-zur-mi-aufnahme\/"},"modified":"2022-08-10T16:10:14","modified_gmt":"2022-08-10T14:10:14","slug":"devenir-et-etre-chevalier","status":"publish","type":"page","link":"https:\/\/test4.mi-backup.ch\/fr\/devenir-et-etre-chevalier\/","title":{"rendered":"Devenir et \u00eatre chevalier"},"content":{"rendered":"<header><strong>L&#8217;admission dans la Militia Immaculat\u00e6<\/strong><\/p>\n<\/header>\n<figure id=\"attachment_50294\" aria-describedby=\"caption-attachment-50294\" style=\"width: 310px\" class=\"wp-caption alignright\"><img loading=\"lazy\" src=\"https:\/\/test4.mi-backup.ch\/wp-content\/uploads\/2022\/02\/0000038-724x1024.jpg\" alt=\"\" width=\"310\" height=\"439\" \/><figcaption id=\"caption-attachment-50294\" class=\"wp-caption-text\"><strong>Br\u00e8ve cons\u00e9cration <br \/>de St. Louis-Marie de Montfort<\/strong><\/figcaption><\/figure>\n<p>Deux choses sont \u00e0 consid\u00e9rer dans cette c\u00e9r\u00e9monie: Le c\u00f4t\u00e9 pratique dont tous les \u00e9l\u00e9ments sont pr\u00e9sent\u00e9s dans l&#8217;onglet <strong>\u00ab <\/strong><a href=\"https:\/\/test4.mi-backup.ch\/fr\/ceremonial-dadmission-dans-la-m-i\/\"><strong>C\u00e9r\u00e9monie d&#8217;admission<\/strong><\/a><strong> \u00bb<\/strong>, et le c\u00f4t\u00e9 spirituel qui lui ne fait que d\u00e9buter par l&#8217;acte de cons\u00e9cration \u00e0 l&#8217;Immacul\u00e9e.<br \/>\nIl est donc n\u00e9cessaire de revenir longuement et fr\u00e9quemment sur ce second point \u00e9tant donn\u00e9 que c&#8217;est l\u00e0, la pierre de touche de toute \u00e2me vraiment mariale. Une \u00e2me qui se contenterait de faire son acte de Cons\u00e9cration et, par la suite, n&#8217;en ferait plus aucun cas en perdrait tous les bienfaits.<\/p>\n<h4><strong>Vivre sa Cons\u00e9cration<\/strong><\/h4>\n<p>Vivre sa Cons\u00e9cration cela veut dire simplement<strong> instaurer le Royaume de l&#8217;Immacul\u00e9e<\/strong> en tout lieu, dans toutes les soci\u00e9t\u00e9s, dans mon foyer, autour de moi&#8230;<br \/>\nCela se fait d&#8217;abord <strong>par la pri\u00e8re et par l&#8217;action concr\u00e8te qui consiste \u00e0 vivre sous le regard de Marie. <\/strong><br \/>\nAinsi, partout o\u00f9 l&#8217;Immacul\u00e9e r\u00e8gne, \u00ab elle \u00e9crase la t\u00eate de Satan \u00bb, \u00ab elle triomphe des erreurs et des h\u00e9r\u00e9sies \u00bb, \u00e9loigne les tentations, accorde \u00ab toutes les gr\u00e2ces de conversion, de renouvellement int\u00e9rieur et de sanctification \u00bb. De plus, tout notre petit apostolat si humble soit-il acquiert une dimension nouvelle et extraordinaire, parce que le moindre d\u00e9tail de notre vie devenant propri\u00e9t\u00e9 de Marie, partout o\u00f9 je passe et quoique je fasse (action, pri\u00e8re, souffrance, sacrifice, travail), c\u2019est Marie qui prie, se sacrifie, agit, et rend le \u00ab succ\u00e8s \u00bb non seulement certain, mais pur et saint.<\/p>\n<blockquote><p><em><strong>Des documents et informations tr\u00e8s pratiques sont pr\u00e9sent\u00e9s sur <a href=\"https:\/\/test4.mi-backup.ch\/fr\/vivre-sa-consecration-au-quotidien\/\">cette page intitul\u00e9e &#8220;Vivre sa cons\u00e9cration au quotidien&#8221;<\/a> : Les indulgences de la M.I., le Calendrier marial, des cartes virtuelles&#8230;<\/strong><\/em><\/p><\/blockquote>\n<hr \/>\n<h4><strong>POUR EN SAVOIR PLUS SUR LE CHEVALIER<\/strong><\/h4>\n<div style=\"position: relative; width: 100%; height: 0; padding-top: 33.3333%; padding-bottom: 48px; box-shadow: 0 2px 8px 0 rgba(63,69,81,0.16); margin-top: 1.6em; margin-bottom: 0.9em; overflow: hidden; border-radius: 8px; will-change: transform;\"><iframe style=\"position: absolute; width: 100%; height: 100%; top: 0; left: 0; border: none; padding: 0; margin: 0;\" src=\"https:\/\/www.canva.com\/design\/DAFI1GMvUDA\/view?embed\" allowfullscreen=\"allowfullscreen\"><br \/>\n<\/iframe><\/div>\n<p><a href=\"https:\/\/www.canva.com\/design\/DAFI1GMvUDA\/view?utm_content=DAFI1GMvUDA&amp;utm_campaign=designshare&amp;utm_medium=embeds&amp;utm_source=link\" target=\"_blank\" rel=\"noopener\">Le chevalier<\/a><\/p>\n","protected":false},"excerpt":{"rendered":"<p>L&#8217;admission dans la Militia Immaculat\u00e6 Deux choses sont \u00e0 consid\u00e9rer dans cette c\u00e9r\u00e9monie: Le c\u00f4t\u00e9 pratique dont tous les \u00e9l\u00e9ments sont pr\u00e9sent\u00e9s dans l&#8217;onglet \u00ab C\u00e9r\u00e9monie d&#8217;admission \u00bb, et le c\u00f4t\u00e9 spirituel qui lui ne fait que d\u00e9buter par l&#8217;acte de cons\u00e9cration \u00e0 l&#8217;Immacul\u00e9e. Il est donc n\u00e9cessaire de revenir<a class=\"more-link\" href=\"https:\/\/test4.mi-backup.ch\/fr\/devenir-et-etre-chevalier\/\">Lire la suite &rarr;<\/a><\/p>\n","protected":false},"author":9,"featured_media":75882,"parent":0,"menu_order":0,"comment_status":"closed","ping_status":"closed","template":"","meta":[],"_links":{"self":[{"href":"https:\/\/test4.mi-backup.ch\/fr\/wp-json\/wp\/v2\/pages\/5494"}],"collection":[{"href":"https:\/\/test4.mi-backup.ch\/fr\/wp-json\/wp\/v2\/pages"}],"about":[{"href":"https:\/\/test4.mi-backup.ch\/fr\/wp-json\/wp\/v2\/types\/page"}],"author":[{"embeddable":true,"href":"https:\/\/test4.mi-backup.ch\/fr\/wp-json\/wp\/v2\/users\/9"}],"replies":[{"embeddable":true,"href":"https:\/\/test4.mi-backup.ch\/fr\/wp-json\/wp\/v2\/comments?post=5494"}],"version-history":[{"count":11,"href":"https:\/\/test4.mi-backup.ch\/fr\/wp-json\/wp\/v2\/pages\/5494\/revisions"}],"predecessor-version":[{"id":76124,"href":"https:\/\/test4.mi-backup.ch\/fr\/wp-json\/wp\/v2\/pages\/5494\/revisions\/76124"}],"wp:featuredmedia":[{"embeddable":true,"href":"https:\/\/test4.mi-backup.ch\/fr\/wp-json\/wp\/v2\/media\/75882"}],"wp:attachment":[{"href":"https:\/\/test4.mi-backup.ch\/fr\/wp-json\/wp\/v2\/media?parent=5494"}],"curies":[{"name":"wp","href":"https:\/\/api.w.org\/{rel}","templated":true}]}}