{"id":55772,"date":"2022-11-11T15:28:47","date_gmt":"2022-11-11T14:28:47","guid":{"rendered":"https:\/\/test4.mi-backup.ch\/?page_id=55772"},"modified":"2022-11-11T15:33:03","modified_gmt":"2022-11-11T14:33:03","slug":"plan-du-site","status":"publish","type":"page","link":"https:\/\/test4.mi-backup.ch\/fr\/plan-du-site\/","title":{"rendered":"PLAN DU SITE"},"content":{"rendered":"<div>\n<blockquote><p><em>Tous les liens sont actifs. Cela veut dire que les textes sont li\u00e9s aux articles correspondants. Pour plus de confort de lecture, nous vous invitons \u00e0 afficher le plan en plein \u00e9cran en cliquant simplement sur le bouton en bas du plan \u00e0 droite. Pour tourner les pages, les fl\u00e8ches se trouvent sur le plan lui-m\u00eame. Bonne d\u00e9couverte ! Ave Maria !<\/em><\/p><\/blockquote>\n<\/div>\n<div style=\"position: relative; width: 100%; height: 0; padding-top: 56.2500%; padding-bottom: 48px; box-shadow: 0 2px 8px 0 rgba(63,69,81,0.16); margin-top: 1.6em; margin-bottom: 0.9em; overflow: hidden; border-radius: 8px; will-change: transform;\">Tous les liens sont actifs. Cela veut dire que les textes sont li\u00e9s aux articles correspondants. Pour plus de confort de lecture, nous vous invitons \u00e0 afficher le journal en plein \u00e9cran en cliquant simplement sur le bouton en bas du journal \u00e0 droite. Pour tourner les pages, les fl\u00e8ches se trouvent sur le journal lui-m\u00eame. Bonne d\u00e9couverte! Ave Maria !<iframe style=\"position: absolute; width: 100%; height: 100%; top: 0; left: 0; border: none; padding: 0; margin: 0;\" src=\"https:\/\/www.canva.com\/design\/DAE7PiVMH6w\/view?embed\" allowfullscreen=\"allowfullscreen\"><br \/>\n<\/iframe><\/div>\n<p><a href=\"https:\/\/www.canva.com\/design\/DAE7PiVMH6w\/view?utm_content=DAE7PiVMH6w&amp;utm_campaign=designshare&amp;utm_medium=embeds&amp;utm_source=link\" target=\"_blank\" rel=\"noopener\">PLAN DU SITE<\/a> par Militia Immaculat\u00e6<\/p>\n","protected":false},"excerpt":{"rendered":"<p>Tous les liens sont actifs. Cela veut dire que les textes sont li\u00e9s aux articles correspondants. Pour plus de confort de lecture, nous vous invitons \u00e0 afficher le plan en plein \u00e9cran en cliquant simplement sur le bouton en bas du plan \u00e0 droite. Pour tourner les pages, les fl\u00e8ches<a class=\"more-link\" href=\"https:\/\/test4.mi-backup.ch\/fr\/plan-du-site\/\">Lire la suite &rarr;<\/a><\/p>\n","protected":false},"author":182,"featured_media":0,"parent":0,"menu_order":0,"comment_status":"closed","ping_status":"closed","template":"","meta":[],"_links":{"self":[{"href":"https:\/\/test4.mi-backup.ch\/fr\/wp-json\/wp\/v2\/pages\/55772"}],"collection":[{"href":"https:\/\/test4.mi-backup.ch\/fr\/wp-json\/wp\/v2\/pages"}],"about":[{"href":"https:\/\/test4.mi-backup.ch\/fr\/wp-json\/wp\/v2\/types\/page"}],"author":[{"embeddable":true,"href":"https:\/\/test4.mi-backup.ch\/fr\/wp-json\/wp\/v2\/users\/182"}],"replies":[{"embeddable":true,"href":"https:\/\/test4.mi-backup.ch\/fr\/wp-json\/wp\/v2\/comments?post=55772"}],"version-history":[{"count":5,"href":"https:\/\/test4.mi-backup.ch\/fr\/wp-json\/wp\/v2\/pages\/55772\/revisions"}],"predecessor-version":[{"id":56640,"href":"https:\/\/test4.mi-backup.ch\/fr\/wp-json\/wp\/v2\/pages\/55772\/revisions\/56640"}],"wp:attachment":[{"href":"https:\/\/test4.mi-backup.ch\/fr\/wp-json\/wp\/v2\/media?parent=55772"}],"curies":[{"name":"wp","href":"https:\/\/api.w.org\/{rel}","templated":true}]}}