{"id":59146,"date":"2023-05-09T12:44:16","date_gmt":"2023-05-09T10:44:16","guid":{"rendered":"https:\/\/test4.mi-backup.ch\/?page_id=59146"},"modified":"2023-05-10T10:17:42","modified_gmt":"2023-05-10T08:17:42","slug":"les-chevaliers-du-monde-entier","status":"publish","type":"page","link":"https:\/\/test4.mi-backup.ch\/fr\/les-chevaliers-du-monde-entier\/","title":{"rendered":"Les Chevaliers du monde entier"},"content":{"rendered":"<blockquote>\n<div><strong><em>Chaque chevalier retrouvera ici une petite chronologie de la M.I. dans son pays.<br \/>\nSi vous voyez des informations manquantes, merci de nous contacter par email (<a href=\"mailto:france@m-i.info\">france@m-i.info<\/a>)<br \/>\nLes pays sont organis\u00e9s par ordre alphab\u00e9tique (en cours de construction. Merci de votre patience)<\/em><\/strong><\/div>\n<\/blockquote>\n<div style=\"position: relative; width: 100%; height: 0; padding-top: 100.0000%; padding-bottom: 48px; box-shadow: 0 2px 8px 0 rgba(63,69,81,0.16); margin-top: 1.6em; margin-bottom: 0.9em; overflow: hidden; border-radius: 8px; will-change: transform;\">Cha<iframe style=\"position: absolute; width: 100%; height: 100%; top: 0; left: 0; border: none; padding: 0; margin: 0;\" src=\"https:\/\/www.canva.com\/design\/DAE9ToJdrPs\/view?embed\" allowfullscreen=\"allowfullscreen\"><br \/>\n<\/iframe><\/div>\n<p><a href=\"https:\/\/www.canva.com\/design\/DAE9ToJdrPs\/view?utm_content=DAE9ToJdrPs&amp;utm_campaign=designshare&amp;utm_medium=embeds&amp;utm_source=link\" target=\"_blank\" rel=\"noopener\">Les chevaliers du monde entier<\/a><\/p>\n<hr \/>\n<h4><strong> Pr\u00e9sence de la M.I dans le monde<\/strong><\/h4>\n<p>Les chevaliers de l&#8217;Immacul\u00e9e sont plus de 122 000 dans le monde et sont diss\u00e9min\u00e9s dans 66 pays.<\/p>\n<dl id=\"attachment_42545\" class=\"wp-caption aligncenter\" style=\"width: 624px;\">\n<dt><\/dt>\n<dt class=\"wp-caption-dt\">\n<div class=\"mceTemp\">\n<div class=\"mceTemp\">\n<div class=\"mceTemp\">\n<div class=\"mceTemp\">\n<div class=\"mceTemp\">\n<div class=\"mceTemp\">\n<div class=\"mceTemp\">\n<div class=\"mceTemp\">\n<div class=\"mceTemp\">\n<div class=\"mceTemp\">\n<div class=\"mceTemp\">\n<div class=\"mceTemp\">\n<div class=\"mceTemp\">\n<div class=\"mceTemp\">\n<div class=\"mceTemp\">\n<div class=\"mceTemp\">\n<div class=\"mceTemp\">\n<div class=\"mceTemp\">\n<div class=\"mceTemp\">\n<div class=\"mceTemp\">\n<div class=\"mceTemp\">\n<div class=\"mceTemp\">\n<div class=\"mceTemp\">\n<div class=\"mceTemp\">\n<div class=\"mceTemp\">\n<div class=\"mceTemp\">\n<div class=\"mceTemp\">\n<div class=\"mceTemp\">\n<div class=\"mceTemp\">\n<div class=\"mceTemp\">\n<div class=\"mceTemp\">\n<figure id=\"attachment_42545\" aria-describedby=\"caption-attachment-42545\" style=\"width: 691px\" class=\"wp-caption aligncenter\"><a href=\"https:\/\/test4.mi-backup.ch\/wp-content\/uploads\/2021\/11\/9-e1637147493843.jpg\"><img loading=\"lazy\" class=\"wp-image-42545 size-full\" src=\"https:\/\/test4.mi-backup.ch\/wp-content\/uploads\/2021\/11\/9-e1637147493843.jpg\" alt=\"\" width=\"691\" height=\"356\" srcset=\"https:\/\/test4.mi-backup.ch\/wp-content\/uploads\/2021\/11\/9-e1637147493843.jpg 691w, https:\/\/test4.mi-backup.ch\/wp-content\/uploads\/2021\/11\/9-e1637147493843-300x155.jpg 300w, https:\/\/test4.mi-backup.ch\/wp-content\/uploads\/2021\/11\/9-e1637147493843-425x219.jpg 425w, https:\/\/test4.mi-backup.ch\/wp-content\/uploads\/2021\/11\/9-e1637147493843-600x309.jpg 600w\" sizes=\"(max-width: 691px) 100vw, 691px\" \/><\/a><figcaption id=\"caption-attachment-42545\" class=\"wp-caption-text\"><strong>PRESENCE DE LA M.I. DANS 65 PAYS<\/strong><\/figcaption><\/figure>\n<hr \/>\n<\/div>\n<\/div>\n<\/div>\n<\/div>\n<\/div>\n<\/div>\n<\/div>\n<\/div>\n<\/div>\n<\/div>\n<\/div>\n<\/div>\n<\/div>\n<\/div>\n<\/div>\n<\/div>\n<\/div>\n<\/div>\n<\/div>\n<\/div>\n<\/div>\n<\/div>\n<\/div>\n<\/div>\n<\/div>\n<\/div>\n<\/div>\n<\/div>\n<\/div>\n<\/div>\n<\/dt>\n<\/dl>\n<table>\n<tbody>\n<tr>\n<td width=\"200\"><strong>Am\u00e9rique du Nord :<br \/>\n<\/strong>\u25b6 <a href=\"https:\/\/test4.mi-backup.ch\/fr\/la-vierge-marie-dans-le-grand-nord-canada\/\"><strong>Canada<\/strong><\/a><br \/>\n\u25b6 <a href=\"https:\/\/test4.mi-backup.ch\/fr\/une-conquete-de-marie-les-etats-unis\/\"><strong>\u00c9tats-Unis<\/strong><\/a><\/p>\n<hr \/>\n<p><strong>Am\u00e9rique centrale :<\/strong><br \/>\n\u25b6 Mexique<br \/>\n\u25b6 Guatemala<br \/>\n\u25b6 Nicaragua<br \/>\n\u25b6 <a href=\"https:\/\/test4.mi-backup.ch\/fr\/etablissement-de-la-m-i-au-honduras\/\"><strong>Honduras<\/strong><\/a><br \/>\n\u25b6 Costa Rica<\/p>\n<hr \/>\n<p><strong>Am\u00e9rique du Sud :<\/strong><br \/>\n\u25b6 Colombie<br \/>\n\u25b6 Br\u00e9sil<br \/>\n\u25b6 <a href=\"https:\/\/test4.mi-backup.ch\/fr\/le-perou-et-le-coeur-de-marie\/\"><strong>P\u00e9rou<\/strong><\/a><br \/>\n\u25b6 Paraguay<br \/>\n\u25b6 Chili<br \/>\n\u25b6 Uruguay<br \/>\n\u25b6 Argentine<\/p>\n<p><strong>Europe :<\/strong><br \/>\n\u25b6 <a href=\"https:\/\/test4.mi-backup.ch\/fr\/pologne-terre-de-limmaculee\/\"><strong>Pologne<\/strong><\/a><br \/>\n\u25b6 <a href=\"https:\/\/test4.mi-backup.ch\/fr\/france-le-coeur-de-marie\/\"><strong>France<\/strong><\/a><br \/>\n\u25b6 <a href=\"https:\/\/test4.mi-backup.ch\/fr\/allemagne\/\"><strong>Allemagne<\/strong><\/a><br \/>\n\u25b6 <a href=\"https:\/\/test4.mi-backup.ch\/fr\/limmaculee-en-belgique\/\"><strong>Belgique<\/strong><\/a><br \/>\n\u25b6 <a href=\"https:\/\/test4.mi-backup.ch\/fr\/limmaculee-en-belgique\/\"><strong>Pays-Bas<\/strong><\/a><br \/>\n\u25b6 Espagne<\/td>\n<td width=\"200\">\u25b6 <a href=\"https:\/\/test4.mi-backup.ch\/fr\/grande-bretagne-scandinavie\/\"><strong>Royaume-Uni<\/strong><\/a><br \/>\n\u25b6 <a href=\"https:\/\/test4.mi-backup.ch\/fr\/irlande\/\"><strong>Irlande<\/strong><\/a><br \/>\n\u25b6 <a href=\"https:\/\/test4.mi-backup.ch\/fr\/grande-bretagne-scandinavie\/\"><strong>Norv\u00e8ge<\/strong><\/a><br \/>\n<strong>\u25b6 <a href=\"https:\/\/test4.mi-backup.ch\/fr\/grande-bretagne-scandinavie\/\">Su\u00e8de<\/a><\/strong><br \/>\n<strong>\u25b6 <a href=\"https:\/\/test4.mi-backup.ch\/fr\/grande-bretagne-scandinavie\/\">Danemark<\/a><\/strong><br \/>\n\u25b6 R\u00e9publique Tch\u00e8que<br \/>\n\u25b6 Slovaquie<br \/>\n\u25b6 Hongrie<br \/>\n\u25b6 Autriche<br \/>\n\u25b6 <a href=\"https:\/\/test4.mi-backup.ch\/fr\/la-suisse-ouvre-ses-portes-a-limmaculee\/\"><strong>Suisse<\/strong><\/a><br \/>\n\u25b6 Croatie<br \/>\n\u25b6 Italie<br \/>\n\u25b6 <a href=\"https:\/\/test4.mi-backup.ch\/fr\/lietuva-lituanie\/\"><strong>Lituanie<\/strong><\/a><br \/>\n\u25b6 Lettonie<br \/>\n\u25b6 Estonie<br \/>\n\u25b6 Bi\u00e9lorussie<br \/>\n\u25b6 Ukraine<br \/>\n\u25b6 Russie<\/p>\n<hr \/>\n<p><strong>Afrique :<\/strong><br \/>\n\u25b6 Nig\u00e9ria<br \/>\n\u25b6 Ghana<br \/>\n\u25b6 Gabon<br \/>\n\u25b6 Kenya<br \/>\n\u25b6 Afrique du Sud<\/td>\n<td width=\"200\"><strong>Asie :<\/strong><br \/>\n\u25b6 Chine<br \/>\n\u25b6 <a href=\"https:\/\/test4.mi-backup.ch\/fr\/limmaculee-poursuit-son-travail-sous-le-feu-de-la-mitraille-en-inde\/\"><strong>Inde<\/strong><\/a><br \/>\n\u25b6 Sri Lanka<br \/>\n\u25b6 Tha\u00eflande<br \/>\n\u25b6 Vietnam<br \/>\n\u25b6 <a href=\"https:\/\/test4.mi-backup.ch\/fr\/malaisie\/\"><strong>Malaisie<\/strong><\/a><br \/>\n\u25b6 Indon\u00e9sie<br \/>\n\u25b6 Singapour<br \/>\n\u25b6 <strong><a href=\"https:\/\/test4.mi-backup.ch\/fr\/le-japon-jardin-de-limmaculee\/\">Japon<\/a><\/strong><br \/>\n\u25b6 Cor\u00e9e du Sud<br \/>\n\u25b6 <strong><a href=\"https:\/\/test4.mi-backup.ch\/fr\/philippines\/\">Philippines<\/a><\/strong><br \/>\n\u25b6 \u00c9mirats Arabes<br \/>\n\u25b6 Liban<br \/>\n\u25b6 Kowe\u00eft<br \/>\n\u25b6 <a href=\"https:\/\/test4.mi-backup.ch\/fr\/fontaine-de-graces-turquie\/\"><strong>Turquie<\/strong><\/a><\/p>\n<hr \/>\n<p><strong>Oc\u00e9anie :<br \/>\n<\/strong>\u25b6 <a href=\"https:\/\/test4.mi-backup.ch\/fr\/australie\/\"><strong>Australie<\/strong><\/a><br \/>\n\u25b6 <a href=\"https:\/\/test4.mi-backup.ch\/fr\/nouvelle-zelande\/\"><strong>Nouvelle-Z\u00e9lande<\/strong><\/a><br \/>\n\u25b6 Vanuatu<br \/>\n\u25b6 Fidji<br \/>\n\u25b6 Nouvelle-Cal\u00e9donie<\/td>\n<\/tr>\n<\/tbody>\n<\/table>\n<hr \/>\n<h4><strong>POUR EN SAVOIR PLUS SUR LE CHEVALIER<\/strong><\/h4>\n<div style=\"position: relative; width: 100%; height: 0; padding-top: 33.3333%; padding-bottom: 48px; box-shadow: 0 2px 8px 0 rgba(63,69,81,0.16); margin-top: 1.6em; margin-bottom: 0.9em; overflow: hidden; border-radius: 8px; will-change: transform;\"><iframe style=\"position: absolute; width: 100%; height: 100%; top: 0; left: 0; border: none; padding: 0; margin: 0;\" src=\"https:\/\/www.canva.com\/design\/DAFI1GMvUDA\/view?embed\" allowfullscreen=\"allowfullscreen\"><br \/>\n<\/iframe><\/div>\n<p><a href=\"https:\/\/www.canva.com\/design\/DAFI1GMvUDA\/view?utm_content=DAFI1GMvUDA&amp;utm_campaign=designshare&amp;utm_medium=embeds&amp;utm_source=link\" target=\"_blank\" rel=\"noopener\">Le chevalier<\/a><\/p>\n","protected":false},"excerpt":{"rendered":"<p>Chaque chevalier retrouvera ici une petite chronologie de la M.I. dans son pays. Si vous voyez des informations manquantes, merci de nous contacter par email (france@m-i.info) Les pays sont organis\u00e9s par ordre alphab\u00e9tique (en cours de construction. Merci de votre patience) Cha Les chevaliers du monde entier Pr\u00e9sence de la<a class=\"more-link\" href=\"https:\/\/test4.mi-backup.ch\/fr\/les-chevaliers-du-monde-entier\/\">Lire la suite &rarr;<\/a><\/p>\n","protected":false},"author":182,"featured_media":71028,"parent":0,"menu_order":0,"comment_status":"closed","ping_status":"closed","template":"","meta":[],"_links":{"self":[{"href":"https:\/\/test4.mi-backup.ch\/fr\/wp-json\/wp\/v2\/pages\/59146"}],"collection":[{"href":"https:\/\/test4.mi-backup.ch\/fr\/wp-json\/wp\/v2\/pages"}],"about":[{"href":"https:\/\/test4.mi-backup.ch\/fr\/wp-json\/wp\/v2\/types\/page"}],"author":[{"embeddable":true,"href":"https:\/\/test4.mi-backup.ch\/fr\/wp-json\/wp\/v2\/users\/182"}],"replies":[{"embeddable":true,"href":"https:\/\/test4.mi-backup.ch\/fr\/wp-json\/wp\/v2\/comments?post=59146"}],"version-history":[{"count":10,"href":"https:\/\/test4.mi-backup.ch\/fr\/wp-json\/wp\/v2\/pages\/59146\/revisions"}],"predecessor-version":[{"id":90413,"href":"https:\/\/test4.mi-backup.ch\/fr\/wp-json\/wp\/v2\/pages\/59146\/revisions\/90413"}],"wp:featuredmedia":[{"embeddable":true,"href":"https:\/\/test4.mi-backup.ch\/fr\/wp-json\/wp\/v2\/media\/71028"}],"wp:attachment":[{"href":"https:\/\/test4.mi-backup.ch\/fr\/wp-json\/wp\/v2\/media?parent=59146"}],"curies":[{"name":"wp","href":"https:\/\/api.w.org\/{rel}","templated":true}]}}