{"id":65087,"date":"2022-07-27T16:44:01","date_gmt":"2022-07-27T14:44:01","guid":{"rendered":"https:\/\/test4.mi-backup.ch\/?page_id=65087"},"modified":"2022-08-06T16:07:56","modified_gmt":"2022-08-06T14:07:56","slug":"materiel-apostolique-virtuel","status":"publish","type":"page","link":"https:\/\/test4.mi-backup.ch\/fr\/materiel-apostolique-virtuel\/","title":{"rendered":"Mat\u00e9riel apostolique virtuel"},"content":{"rendered":"<blockquote><p>Vous trouverez sur cette page toutes les cartes et publications virtuelles de la M.I. pass\u00e9es organis\u00e9es par th\u00e8mes.<\/p>\n<p><em><strong>Le but g\u00e9n\u00e9ral de ces publications est de vous donner des outils apostoliques : vous pouvez en user de deux mani\u00e8res : soit en les diffusant sur les r\u00e9seaux sociaux ; soit en les partageant avec vos amis, relations, personnes crois\u00e9es en chemin\u2026 <\/strong>Pour les nouveaut\u00e9s, rejoignez-nous sur Telegram\u00a0<a href=\"https:\/\/t.me\/militiaimmaculataefr\" target=\"_blank\"><strong>MILITIAIMMACULATAEFR<\/strong><\/a><\/em><\/p><\/blockquote>\n<div style=\"position: relative; width: 100%; height: 0; padding-top: 100.0000%; padding-bottom: 48px; box-shadow: 0 2px 8px 0 rgba(63,69,81,0.16); margin-top: 1.6em; margin-bottom: 0.9em; overflow: hidden; border-radius: 8px; will-change: transform;\"><iframe style=\"position: absolute; width: 100%; height: 100%; top: 0; left: 0; border: none; padding: 0; margin: 0;\" src=\"https:\/\/www.canva.com\/design\/DAFEzbxRbwU\/view?embed\" allowfullscreen=\"allowfullscreen\"><br \/>\n<\/iframe><\/div>\n<p><a href=\"https:\/\/www.canva.com\/design\/DAFEzbxRbwU\/view?utm_content=DAFEzbxRbwU&amp;utm_campaign=designshare&amp;utm_medium=embeds&amp;utm_source=link\" target=\"_blank\" rel=\"noopener\">Les cartes virtuelles par th\u00e8me<\/a><\/p>\n<hr \/>\n<h4><strong>POUR EN SAVOIR PLUS SUR L&#8217;APOSTOLAT DE LA M.I.<\/strong><\/h4>\n<div style=\"position: relative; width: 100%; height: 0; padding-top: 33.3333%; padding-bottom: 48px; box-shadow: 0 2px 8px 0 rgba(63,69,81,0.16); margin-top: 1.6em; margin-bottom: 0.9em; overflow: hidden; border-radius: 8px; will-change: transform;\"><iframe style=\"position: absolute; width: 100%; height: 100%; top: 0; left: 0; border: none; padding: 0; margin: 0;\" src=\"https:\/\/www.canva.com\/design\/DAFIi9VziZU\/view?embed\" allowfullscreen=\"allowfullscreen\"><br \/>\n<\/iframe><\/div>\n<p><a href=\"https:\/\/www.canva.com\/design\/DAFIi9VziZU\/view?utm_content=DAFIi9VziZU&amp;utm_campaign=designshare&amp;utm_medium=embeds&amp;utm_source=link\" target=\"_blank\" rel=\"noopener\">L&#8217;APOSTOLAT DE LA MI (6\u00a0\u00d7\u00a02\u00a0po)<\/a><\/p>\n","protected":false},"excerpt":{"rendered":"<p>Vous trouverez sur cette page toutes les cartes et publications virtuelles de la M.I. pass\u00e9es organis\u00e9es par th\u00e8mes. Le but g\u00e9n\u00e9ral de ces publications est de vous donner des outils apostoliques : vous pouvez en user de deux mani\u00e8res : soit en les diffusant sur les r\u00e9seaux sociaux ; soit<a class=\"more-link\" href=\"https:\/\/test4.mi-backup.ch\/fr\/materiel-apostolique-virtuel\/\">Lire la suite &rarr;<\/a><\/p>\n","protected":false},"author":182,"featured_media":65096,"parent":0,"menu_order":0,"comment_status":"closed","ping_status":"closed","template":"","meta":[],"_links":{"self":[{"href":"https:\/\/test4.mi-backup.ch\/fr\/wp-json\/wp\/v2\/pages\/65087"}],"collection":[{"href":"https:\/\/test4.mi-backup.ch\/fr\/wp-json\/wp\/v2\/pages"}],"about":[{"href":"https:\/\/test4.mi-backup.ch\/fr\/wp-json\/wp\/v2\/types\/page"}],"author":[{"embeddable":true,"href":"https:\/\/test4.mi-backup.ch\/fr\/wp-json\/wp\/v2\/users\/182"}],"replies":[{"embeddable":true,"href":"https:\/\/test4.mi-backup.ch\/fr\/wp-json\/wp\/v2\/comments?post=65087"}],"version-history":[{"count":4,"href":"https:\/\/test4.mi-backup.ch\/fr\/wp-json\/wp\/v2\/pages\/65087\/revisions"}],"predecessor-version":[{"id":74828,"href":"https:\/\/test4.mi-backup.ch\/fr\/wp-json\/wp\/v2\/pages\/65087\/revisions\/74828"}],"wp:featuredmedia":[{"embeddable":true,"href":"https:\/\/test4.mi-backup.ch\/fr\/wp-json\/wp\/v2\/media\/65096"}],"wp:attachment":[{"href":"https:\/\/test4.mi-backup.ch\/fr\/wp-json\/wp\/v2\/media?parent=65087"}],"curies":[{"name":"wp","href":"https:\/\/api.w.org\/{rel}","templated":true}]}}