{"id":7363,"date":"2021-12-13T16:28:54","date_gmt":"2021-12-13T15:28:54","guid":{"rendered":"https:\/\/test4.mi-backup.ch\/immaculata-enzyklika-ad-diem-illum\/"},"modified":"2022-03-30T12:02:58","modified_gmt":"2022-03-30T10:02:58","slug":"qui-etes-vous-o-immaculee","status":"publish","type":"page","link":"https:\/\/test4.mi-backup.ch\/fr\/qui-etes-vous-o-immaculee\/","title":{"rendered":"Qui \u00eates-Vous, O Immacul\u00e9e ?"},"content":{"rendered":"<p>On entend sans arr\u00eat ce cri \u00e9tonnant dans la bouche des saints : <strong>\u00ab Qui \u00eates- vous, \u00f4 Immacul\u00e9e ? \u00bb\u00a0<\/strong><\/p>\n<p>Le nom Immacul\u00e9e \u2013 sans t\u00e2che \u2013 de Marie se r\u00e9pandit apr\u00e8s la proclamation du dogme de l\u2019Immacul\u00e9e Conception de Marie (1854) et apr\u00e8s les apparitions de Lourdes (1858).<\/p>\n<p><strong>Saint Maximilien appela presque toujours la Sainte Vierge par ce titre \u00ab\u00a0d\u2019Immacul\u00e9e\u00a0\u00bb.<\/strong><\/p>\n<p>Voici donc diff\u00e9rentes rubriques dans lesquelles nous contemplerons de plus pr\u00e8s : son Nom, ses Titres, son portrait, ses vertus\u2026 En un mot, Marie Immacul\u00e9e en Elle-m\u00eame. Ave Maria\u200b<\/p>\n<div style=\"position: relative; width: 100%; height: 0; padding-top: 146.2963%; padding-bottom: 48px; box-shadow: 0 2px 8px 0 rgba(63,69,81,0.16); margin-top: 1.6em; margin-bottom: 0.9em; overflow: hidden; border-radius: 8px; will-change: transform;\"><iframe style=\"position: absolute; width: 100%; height: 100%; top: 0; left: 0; border: none; padding: 0; margin: 0;\" src=\"https:\/\/www.canva.com\/design\/DAE8cT4_tQc\/view?embed\" allowfullscreen=\"allowfullscreen\"><br \/>\n<\/iframe><\/div>\n<p><a href=\"https:\/\/www.canva.com\/design\/DAE8cT4_tQc\/view?utm_content=DAE8cT4_tQc&amp;utm_campaign=designshare&amp;utm_medium=embeds&amp;utm_source=link\" target=\"_blank\" rel=\"noopener\">QUI ETES-VOUS O IMMACULEE<\/a> par Militia Immaculat\u00e6<\/p>\n","protected":false},"excerpt":{"rendered":"<p>On entend sans arr\u00eat ce cri \u00e9tonnant dans la bouche des saints : \u00ab Qui \u00eates- vous, \u00f4 Immacul\u00e9e ? \u00bb\u00a0 Le nom Immacul\u00e9e \u2013 sans t\u00e2che \u2013 de Marie se r\u00e9pandit apr\u00e8s la proclamation du dogme de l\u2019Immacul\u00e9e Conception de Marie (1854) et apr\u00e8s les apparitions de Lourdes (1858).<a class=\"more-link\" href=\"https:\/\/test4.mi-backup.ch\/fr\/qui-etes-vous-o-immaculee\/\">Lire la suite &rarr;<\/a><\/p>\n","protected":false},"author":9,"featured_media":0,"parent":0,"menu_order":0,"comment_status":"closed","ping_status":"closed","template":"","meta":[],"_links":{"self":[{"href":"https:\/\/test4.mi-backup.ch\/fr\/wp-json\/wp\/v2\/pages\/7363"}],"collection":[{"href":"https:\/\/test4.mi-backup.ch\/fr\/wp-json\/wp\/v2\/pages"}],"about":[{"href":"https:\/\/test4.mi-backup.ch\/fr\/wp-json\/wp\/v2\/types\/page"}],"author":[{"embeddable":true,"href":"https:\/\/test4.mi-backup.ch\/fr\/wp-json\/wp\/v2\/users\/9"}],"replies":[{"embeddable":true,"href":"https:\/\/test4.mi-backup.ch\/fr\/wp-json\/wp\/v2\/comments?post=7363"}],"version-history":[{"count":12,"href":"https:\/\/test4.mi-backup.ch\/fr\/wp-json\/wp\/v2\/pages\/7363\/revisions"}],"predecessor-version":[{"id":57603,"href":"https:\/\/test4.mi-backup.ch\/fr\/wp-json\/wp\/v2\/pages\/7363\/revisions\/57603"}],"wp:attachment":[{"href":"https:\/\/test4.mi-backup.ch\/fr\/wp-json\/wp\/v2\/media?parent=7363"}],"curies":[{"name":"wp","href":"https:\/\/api.w.org\/{rel}","templated":true}]}}