{"id":7366,"date":"2021-11-27T09:00:28","date_gmt":"2021-11-27T08:00:28","guid":{"rendered":"https:\/\/test4.mi-backup.ch\/maximilian-und-die-wundertaetige-medaille\/"},"modified":"2022-08-28T09:05:58","modified_gmt":"2022-08-28T07:05:58","slug":"la-medaille-miraculeuse","status":"publish","type":"page","link":"https:\/\/test4.mi-backup.ch\/fr\/la-medaille-miraculeuse\/","title":{"rendered":"La M\u00e9daille Miraculeuse"},"content":{"rendered":"<h4><strong>Une marque d\u2019amour<\/strong><\/h4>\n<figure id=\"attachment_31787\" aria-describedby=\"caption-attachment-31787\" style=\"width: 180px\" class=\"wp-caption alignright\"><a href=\"https:\/\/test4.mi-backup.ch\/wp-content\/uploads\/2020\/10\/MM4.png\"><img loading=\"lazy\" class=\"wp-image-31787\" src=\"https:\/\/test4.mi-backup.ch\/wp-content\/uploads\/2020\/10\/MM4-210x300.png\" alt=\"La M\u00e9daille vue de face\" width=\"180\" height=\"257\" srcset=\"https:\/\/test4.mi-backup.ch\/wp-content\/uploads\/2020\/10\/MM4-210x300.png 210w, https:\/\/test4.mi-backup.ch\/wp-content\/uploads\/2020\/10\/MM4-385x550.png 385w, https:\/\/test4.mi-backup.ch\/wp-content\/uploads\/2020\/10\/MM4.png 564w\" sizes=\"(max-width: 180px) 100vw, 180px\" \/><\/a><figcaption id=\"caption-attachment-31787\" class=\"wp-caption-text\">La M\u00e9daille vue de face<\/figcaption><\/figure>\n<p style=\"padding-left: 40px;\"><em><strong>\u00ab Les personnes qui porteront cette m\u00e9daille obtiendront de grandes gr\u00e2ces. Les gr\u00e2ces seront surabondantes pour ceux qui la porteront avec confiance. \u00bb<\/strong><\/em><\/p>\n<figure id=\"attachment_31779\" aria-describedby=\"caption-attachment-31779\" style=\"width: 173px\" class=\"wp-caption alignright\"><a href=\"https:\/\/test4.mi-backup.ch\/wp-content\/uploads\/2020\/10\/MM3.png\"><img loading=\"lazy\" class=\"wp-image-31779\" src=\"https:\/\/test4.mi-backup.ch\/wp-content\/uploads\/2020\/10\/MM3-204x300.png\" alt=\"La M\u00e9daille vue de dos\" width=\"173\" height=\"255\" srcset=\"https:\/\/test4.mi-backup.ch\/wp-content\/uploads\/2020\/10\/MM3-204x300.png 204w, https:\/\/test4.mi-backup.ch\/wp-content\/uploads\/2020\/10\/MM3-373x550.png 373w, https:\/\/test4.mi-backup.ch\/wp-content\/uploads\/2020\/10\/MM3.png 543w\" sizes=\"(max-width: 173px) 100vw, 173px\" \/><\/a><figcaption id=\"caption-attachment-31779\" class=\"wp-caption-text\">La M\u00e9daille vue de dos<\/figcaption><\/figure>\n<p>La M\u00e9daille Miraculeuse est un sacramental reconnu par l\u2019Eglise catholique. Elle est un symbole ext\u00e9rieur dot\u00e9 d\u2019un effet int\u00e9rieur. Les sacramentaux ne sont pas efficaces par eux-m\u00eames, mais de par l\u2019intercession de l\u2019Eglise et le pieux usage des fid\u00e8les. C\u2019est pourquoi la M\u00e9daille Miraculeuse est b\u00e9nite par un pr\u00eatre avant d\u2019\u00eatre port\u00e9e afin qu&#8217;elle soit porteuse de la b\u00e9n\u00e9diction divine. La m\u00e9daille est une marque d\u2019amour de notre maman du Ciel pour nous, ses enfants.<\/p>\n<p>Si nous portons la M\u00e9daille comme un insigne, pour montrer que nous sommes les enfants de Marie et que nous avons confiance qu\u2019elle nous accordera sa protection et sa b\u00e9n\u00e9diction, alors cette M\u00e9daille deviendra une marque de notre amour pour Marie.<\/p>\n<div style=\"position: relative; width: 100%; height: 0; padding-top: 100.0000%; padding-bottom: 48px; box-shadow: 0 2px 8px 0 rgba(63,69,81,0.16); margin-top: 1.6em; margin-bottom: 0.9em; overflow: hidden; border-radius: 8px; will-change: transform;\"><iframe style=\"position: absolute; width: 100%; height: 100%; top: 0; left: 0; border: none; padding: 0; margin: 0;\" src=\"https:\/\/www.canva.com\/design\/DAFFpHyFPzA\/view?embed\" allowfullscreen=\"allowfullscreen\"><br \/>\n<\/iframe><\/div>\n<p><a href=\"https:\/\/www.canva.com\/design\/DAFFpHyFPzA\/view?utm_content=DAFFpHyFPzA&amp;utm_campaign=designshare&amp;utm_medium=embeds&amp;utm_source=link\" target=\"_blank\" rel=\"noopener\">LA MEDAILLE MIRACULEUSE<\/a><\/p>\n","protected":false},"excerpt":{"rendered":"<p>Une marque d\u2019amour \u00ab Les personnes qui porteront cette m\u00e9daille obtiendront de grandes gr\u00e2ces. Les gr\u00e2ces seront surabondantes pour ceux qui la porteront avec confiance. \u00bb La M\u00e9daille Miraculeuse est un sacramental reconnu par l\u2019Eglise catholique. Elle est un symbole ext\u00e9rieur dot\u00e9 d\u2019un effet int\u00e9rieur. Les sacramentaux ne sont pas<a class=\"more-link\" href=\"https:\/\/test4.mi-backup.ch\/fr\/la-medaille-miraculeuse\/\">Lire la suite &rarr;<\/a><\/p>\n","protected":false},"author":9,"featured_media":78265,"parent":0,"menu_order":0,"comment_status":"closed","ping_status":"closed","template":"","meta":[],"_links":{"self":[{"href":"https:\/\/test4.mi-backup.ch\/fr\/wp-json\/wp\/v2\/pages\/7366"}],"collection":[{"href":"https:\/\/test4.mi-backup.ch\/fr\/wp-json\/wp\/v2\/pages"}],"about":[{"href":"https:\/\/test4.mi-backup.ch\/fr\/wp-json\/wp\/v2\/types\/page"}],"author":[{"embeddable":true,"href":"https:\/\/test4.mi-backup.ch\/fr\/wp-json\/wp\/v2\/users\/9"}],"replies":[{"embeddable":true,"href":"https:\/\/test4.mi-backup.ch\/fr\/wp-json\/wp\/v2\/comments?post=7366"}],"version-history":[{"count":11,"href":"https:\/\/test4.mi-backup.ch\/fr\/wp-json\/wp\/v2\/pages\/7366\/revisions"}],"predecessor-version":[{"id":78260,"href":"https:\/\/test4.mi-backup.ch\/fr\/wp-json\/wp\/v2\/pages\/7366\/revisions\/78260"}],"wp:featuredmedia":[{"embeddable":true,"href":"https:\/\/test4.mi-backup.ch\/fr\/wp-json\/wp\/v2\/media\/78265"}],"wp:attachment":[{"href":"https:\/\/test4.mi-backup.ch\/fr\/wp-json\/wp\/v2\/media?parent=7366"}],"curies":[{"name":"wp","href":"https:\/\/api.w.org\/{rel}","templated":true}]}}