{"id":7367,"date":"2021-11-27T09:57:44","date_gmt":"2021-11-27T08:57:44","guid":{"rendered":"https:\/\/test4.mi-backup.ch\/neuzeitliches-wunder\/"},"modified":"2022-08-28T08:43:38","modified_gmt":"2022-08-28T06:43:38","slug":"le-scapulaire-de-notre-dame-du-mont-carmel","status":"publish","type":"page","link":"https:\/\/test4.mi-backup.ch\/fr\/le-scapulaire-de-notre-dame-du-mont-carmel\/","title":{"rendered":"Le Scapulaire"},"content":{"rendered":"<h4><strong>Le Scapulaire de Notre-Dame du Mont Carmel : un v\u00eatement privil\u00e9gi\u00e9<\/strong><\/h4>\n<blockquote><p><strong>\u00ab Ceci est le privil\u00e8ge pour toi et pour les tiens. Celui qui mourra rev\u00eatu de cet habit sera sauv\u00e9, il ne souffrira pas des feux \u00e9ternels. C\u2019est un signe de salut, une sauvegarde dans les dangers, un gage de paix et d\u2019\u00e9ternelle alliance. \u00bb\u00a0<\/strong><\/p>\n<figure id=\"attachment_43890\" aria-describedby=\"caption-attachment-43890\" style=\"width: 300px\" class=\"wp-caption alignright\"><a href=\"https:\/\/test4.mi-backup.ch\/wp-content\/uploads\/2021\/11\/scapulaire-e1638027835244.png\"><img loading=\"lazy\" class=\"wp-image-43890 size-medium\" src=\"https:\/\/test4.mi-backup.ch\/wp-content\/uploads\/2021\/11\/scapulaire-e1638027835244-300x257.png\" alt=\"\" width=\"300\" height=\"257\" srcset=\"https:\/\/test4.mi-backup.ch\/wp-content\/uploads\/2021\/11\/scapulaire-e1638027835244-300x257.png 300w, https:\/\/test4.mi-backup.ch\/wp-content\/uploads\/2021\/11\/scapulaire-e1638027835244-1024x876.png 1024w, https:\/\/test4.mi-backup.ch\/wp-content\/uploads\/2021\/11\/scapulaire-e1638027835244-768x657.png 768w, https:\/\/test4.mi-backup.ch\/wp-content\/uploads\/2021\/11\/scapulaire-e1638027835244-1536x1315.png 1536w, https:\/\/test4.mi-backup.ch\/wp-content\/uploads\/2021\/11\/scapulaire-e1638027835244-425x364.png 425w, https:\/\/test4.mi-backup.ch\/wp-content\/uploads\/2021\/11\/scapulaire-e1638027835244-600x514.png 600w, https:\/\/test4.mi-backup.ch\/wp-content\/uploads\/2021\/11\/scapulaire-e1638027835244.png 1554w\" sizes=\"(max-width: 300px) 100vw, 300px\" \/><\/a><figcaption id=\"caption-attachment-43890\" class=\"wp-caption-text\">Le scapulaire de laine brune. Les broderies ne sont pas n\u00e9cessaires mais elles manifestent notre d\u00e9votion.<\/figcaption><\/figure><\/blockquote>\n<p>Le scapulaire est un signe de notre appartenance et de notre amour envers notre M\u00e8re du Ciel.\u00a0 Nous pouvons \u00eatre confiants que\u00a0 par son scapulaire, elle nous accordera la gr\u00e2ce de la conversion ou de la pers\u00e9v\u00e9rance jusqu&#8217;au bout et qu&#8217;elle nous ouvrira ainsi l&#8217;\u00e9troite porte du Ciel. Il serait par contre pr\u00e9somptueux de porter la robe mariale sans la bonne intention de la suivre sur le chemin des commandements de Dieu et des vertus.<\/p>\n<p>Ceci nous est promis, si nous portons fid\u00e8lement le scapulaire:<\/p>\n<p style=\"text-align: left; padding-left: 40px;\"><strong>Marie nous prot\u00e8ge dans les dangers.<br \/>\nMarie nous assure le salut.<br \/>\nMarie vient \u00e0 notre secours au purgatoire.\u00a0<\/strong><\/p>\n<h1>Table des mati\u00e8res<\/h1>\n<ol>\n<li>L&#8217;origine du Scapulaire<\/li>\n<li>Qu&#8217;est-ce-que c&#8217;est ?<\/li>\n<li>Est-on sauv\u00e9 automatiquement ?<\/li>\n<li>Y a-t-il d\u2019autres promesses rattach\u00e9es au scapulaire ?<\/li>\n<li>Ce privil\u00e8ge est-il uniquement r\u00e9serv\u00e9 aux religieux carmes ?<\/li>\n<li>Notre-Dame de Fatima et le scapulaire<\/li>\n<li>Se procurer un scapulaire<\/li>\n<li>Ma vie quotidienne avec le scapulaire<\/li>\n<\/ol>\n<h4><strong>1. L&#8217;origine du scapulaire du mont Carmel<\/strong><\/h4>\n<figure style=\"width: 277px\" class=\"wp-caption alignright\"><a href=\"https:\/\/test4.mi-backup.ch\/wp-content\/uploads\/media\/Favorit_innen_(Copy).jpg\"><img loading=\"lazy\" src=\"https:\/\/test4.mi-backup.ch\/wp-content\/uploads\/media\/Favorit_innen_(Copy).jpg\" alt=\"\" width=\"277\" height=\"371\" border=\"1\" hspace=\"5\" vspace=\"5\" \/><\/a><figcaption class=\"wp-caption-text\">Marie remet le scapulaire \u00e0 St. Simon Stock le 16 juillet 1251.<\/figcaption><\/figure>\n<p>L&#8217;ordre des carmes fut fond\u00e9 au 12 \u00e8me si\u00e8cle en Terre Sainte, au mont Carmel. D&#8217;apr\u00e8s la tradition, d\u00e9j\u00e0 la Sainte Vierge Marie se rendait avec l&#8217;Enfant J\u00e9sus sur cette montagne. Mais ant\u00e9rieurement, dans l&#8217;Ancien Testament, ce mont pr\u00e8s de la M\u00e9diterran\u00e9e \u00e9tait d\u00e9j\u00e0 en relation avec Marie. Lorsque, apr\u00e8s trois ann\u00e9es de s\u00e8cheresse, le proph\u00e8te Elie pria pour obtenir la pluie, un petit nuage se leva au-dessus de la mer. Celui-ci grandit de plus en plus et apporta finalement la pluie tant attendue. Elie reconnut l\u00e0 un symbole de la Vierge annonc\u00e9e, qui devait apporter le Sauveur si ardemment d\u00e9sir\u00e9. Depuis ce temps l\u00e0, il y avait sur le mont Carmel des ermites, qui priaient pour obtenir la venue du Messie. C&#8217;est pourquoi, l&#8217;Ordre des Carmes, a toujours \u00e9t\u00e9 sous la protection sp\u00e9ciale de la Vierge Marie.<\/p>\n<h4><strong>2. Qu&#8217;est-ce que le scapulaire de Notre-Dame du Mont Carmel ?<\/strong><\/h4>\n<p>Le mot scapulaire vient du latin \u00ab scapulae \u00bb qui signifie \u00ab \u00e9paules \u00bb. Il d\u00e9signait \u00e0 l\u2019origine le v\u00eatement port\u00e9 par certains religieux, par-dessus leur bure, et constitu\u00e9 de deux larges pi\u00e8ces d\u2019\u00e9toffe, tombant des \u00e9paules sur la poitrine et sur le dos. Maintenant, il d\u00e9signe aussi le sacramental constitu\u00e9 de deux petits carr\u00e9s de tissu, reli\u00e9s par deux cordons ou cha\u00eenettes, et port\u00e9s sur la poitrine et le dos. Ce dernier scapulaire est, en fait, la r\u00e9plique miniaturis\u00e9e et simplifi\u00e9e du v\u00eatement des religieux, pouvant \u00eatre port\u00e9e par tous, sous les v\u00eatements.<\/p>\n<p><strong>Voici le r\u00e9cit de l&#8217;apparition de Notre-Dame du Mont Carmel et les promesses de la Vierge :<\/strong><\/p>\n<blockquote><p>Le scapulaire de Notre-Dame du Mont-Carmel, famili\u00e8rement appel\u00e9 le \u00ab scapulaire brun \u00bb, nous vient de l\u2019Ordre du Carmel, une famille religieuse mariale. Le 16 juillet 1251, saint Simon Stock, moine anglais alors Prieur G\u00e9n\u00e9ral des Carmes, suppliait la Vierge Marie d\u2019aider l\u2019Ordre qui \u00e9tait tr\u00e8s pers\u00e9cut\u00e9. Celle-ci lui apparut, tenant en main un scapulaire, et lui d\u00e9clara : <strong>\u00ab Ceci est le privil\u00e8ge pour toi et pour les tiens. Celui qui mourra rev\u00eatu de cet habit sera sauv\u00e9, il ne souffrira pas des feux \u00e9ternels. C\u2019est un signe de salut, une sauvegarde dans les dangers, un gage de paix et d\u2019\u00e9ternelle alliance. \u00bb<\/strong> Et elle lui remit le Scapulaire.<br \/>\nCette r\u00e9v\u00e9lation fut authentifi\u00e9e par le pape Jean XXII.<\/p><\/blockquote>\n<h4><strong>3. Est-on sauv\u00e9 automatiquement ?<\/strong><\/h4>\n<figure id=\"attachment_65483\" aria-describedby=\"caption-attachment-65483\" style=\"width: 300px\" class=\"wp-caption alignright\"><a href=\"https:\/\/test4.mi-backup.ch\/wp-content\/uploads\/2022\/06\/0000039.png\" class=\"broken_link\"><img loading=\"lazy\" class=\"wp-image-65483\" src=\"https:\/\/test4.mi-backup.ch\/wp-content\/uploads\/2022\/06\/0000039-212x300.png\" alt=\"\" width=\"300\" height=\"424\" srcset=\"https:\/\/test4.mi-backup.ch\/wp-content\/uploads\/2022\/06\/0000039-212x300.png 212w, https:\/\/test4.mi-backup.ch\/wp-content\/uploads\/2022\/06\/0000039-724x1024.png 724w, https:\/\/test4.mi-backup.ch\/wp-content\/uploads\/2022\/06\/0000039-768x1086.png 768w, https:\/\/test4.mi-backup.ch\/wp-content\/uploads\/2022\/06\/0000039-1086x1536.png 1086w, https:\/\/test4.mi-backup.ch\/wp-content\/uploads\/2022\/06\/0000039-1448x2048.png 1448w, https:\/\/test4.mi-backup.ch\/wp-content\/uploads\/2022\/06\/0000039-389x550.png 389w, https:\/\/test4.mi-backup.ch\/wp-content\/uploads\/2022\/06\/0000039-600x849.png 600w, https:\/\/test4.mi-backup.ch\/wp-content\/uploads\/2022\/06\/0000039.png 1587w\" sizes=\"(max-width: 300px) 100vw, 300px\" \/><\/a><figcaption id=\"caption-attachment-65483\" class=\"wp-caption-text\">16 JUILLET &#8211; F\u00eate de Notre-Dame du Carmel<\/figcaption><\/figure>\n<p>Bien s\u00fbr que non !<br \/>\nSi, tout en portant le scapulaire brun, je m\u2019obstine \u00e0 demeurer dans le mal, si je VEUX mourir dans le p\u00e9ch\u00e9, Dieu me sauvera-t-Il malgr\u00e9 moi? Saint Augustin r\u00e9pondait \u00e0 cela : \u00abDieu m\u00eame ne peut forcer une volont\u00e9 mauvaise et d\u00e9termin\u00e9e \u00e0 se perdre. (\u2026) Oui, vous mourrez dans le p\u00e9ch\u00e9, mais vous ne mourrez pas avec votre scapulaire. Si Marie ne peut vous retirer de vos d\u00e9sordres, elle trouvera bien le moyen de vous arracher sa livr\u00e9e (le scapulaire) : vous-m\u00eame, oui vous-m\u00eame vous vous d\u00e9pouillerez de ce saint habit plut\u00f4t que d\u2019y mourir en r\u00e9prouv\u00e9.\u00bb L\u2019Histoire est maintes fois venu confirmer ces propos\u2026<\/p>\n<h4><strong>4. Y a-t-il d\u2019autres promesses rattach\u00e9es au scapulaire ?<\/strong><\/h4>\n<p>Oui, la prompte d\u00e9livrance du Purgatoire.<br \/>\nLe 3 mars 1322, le pape Jean XXII vit la Vierge Marie lui appara\u00eetre, v\u00eatue de l\u2019habit du Carmel, et lui dire :<\/p>\n<blockquote><p><strong>\u00ab Tu donneras \u00e0 mon Ordre (Ordre du Carmel), en mon nom et au nom de mon Fils, ce privil\u00e8ge : Que quiconque entrera en cet Ordre et observera d\u00e9votement ce genre de vie, sera sauv\u00e9 \u00e9ternellement et d\u00e9livr\u00e9 de la peine et de la coulpe. Et si, au jour de leur passage en l\u2019autre vie, ils sont amen\u00e9s au Purgatoire, j\u2019y descendrai le samedi qui suivra leur d\u00e9c\u00e8s et je d\u00e9livrerai ceux que j\u2019y trouverai (\u2026). \u00bb Plusieurs papes ont, par la suite, authentifi\u00e9 cette derni\u00e8re promesse appel\u00e9e \u00abprivil\u00e8ge sabbatin\u00bb.<\/strong><\/p><\/blockquote>\n<h4><strong>5. Ce privil\u00e8ge est-il uniquement r\u00e9serv\u00e9 aux religieux carmes ?<\/strong><\/h4>\n<p>Pas du tout.<br \/>\nD\u00e8s les temps anciens, des la\u00efcs, attir\u00e9s par l\u2019id\u00e9al de vie carm\u00e9litain et ses caract\u00e9ristiques, demand\u00e8rent \u00e0 le partager tout en demeurant dans le monde, de fa\u00e7on \u00e0 former une grande famille spirituelle. Le signe ext\u00e9rieur d\u2019admission \u00e0 cette fraternit\u00e9 est l\u2019imposition (la v\u00eature) de l\u2019habit ou d\u2019une partie de l\u2019habit (le scapulaire). En \u00e9tant re\u00e7us du scapulaire brun, les la\u00efcs deviennent membres de la famille carm\u00e9litaine et peuvent donc participer aux privil\u00e8ges de l\u2019Ordre.<\/p>\n<p>Toutefois, <strong>le \u00ab privil\u00e8ge sabbatin \u00bb comporte des conditions expliqu\u00e9es par Marie au cours de l&#8217;apparition.<\/strong> Il faut donc :<\/p>\n<ol>\n<li>Avoir \u00e9t\u00e9 re\u00e7u du scapulaire et le porter de fa\u00e7on habituelle.<\/li>\n<li>Observer la chastet\u00e9 selon son \u00e9tat de vie.<\/li>\n<li>R\u00e9citer quotidiennement le Petit Office de la Bienheureuse Vierge Marie (obligation pouvant \u00eatre commu\u00e9e \u2013 remplac\u00e9e \u2013 par le Saint Rosaire ou en une Heure de la \u00ab Liturgie des Heures \u00bb (br\u00e9viaire). <strong>Seul un pr\u00eatre peut commuer cette obligation<\/strong> ; il suffit de le lui demander).<\/li>\n<\/ol>\n<hr \/>\n<h4><strong>6. Notre-Dame de Fatima et le scapulaire<\/strong><br \/>\n<a href=\"https:\/\/test4.mi-backup.ch\/wp-content\/uploads\/2021\/11\/scapulaire-9.jpg\"><img loading=\"lazy\" class=\"alignright wp-image-44009 size-full\" src=\"https:\/\/test4.mi-backup.ch\/wp-content\/uploads\/2021\/11\/scapulaire-9.jpg\" alt=\"\" width=\"225\" height=\"194\" \/><\/a><\/h4>\n<p>Le 13 octobre 1917, lors de la derni\u00e8re apparition \u00e0 Fatima, la Sainte Vierge Marie se montra sous les traits de Notre-Dame du Mont Carmel, le scapulaire entre les mains. Soeur Lucie, l&#8217;une des trois voyants, dira plus tard:<\/p>\n<p><strong>\u00ab Marie d\u00e9sire que tous les fid\u00e8les portent le scapulaire ! \u00bb<\/strong><\/p>\n<p>Le pape Pie XII l&#8217;expliqua ainsi: \u00ab <em>Que les porteurs du scapulaire voient \u00e0 travers cet habit, l&#8217;expression de la cons\u00e9cration au Coeur Immacul\u00e9, que nous avons vivement conseill\u00e9e. \u00bb<\/em><\/p>\n<hr \/>\n<h4><strong>7. Se procurer un scapulaire<a href=\"https:\/\/test4.mi-backup.ch\/wp-content\/uploads\/media\/Apostolat\/Flyer_Skapulier_Sarto.jpg\"><img loading=\"lazy\" class=\"alignright\" src=\"https:\/\/test4.mi-backup.ch\/wp-content\/uploads\/media\/Apostolat\/Flyer_Skapulier_Sarto.jpg\" alt=\"\" width=\"250\" height=\"341\" hspace=\"5\" vspace=\"5\" \/><\/a><\/strong><\/h4>\n<p>Profitez-vous aussi de cet unique pr\u00e9sent de Notre-Dame et demandez au pr\u00eatre son imposition avec les pri\u00e8res selon le rite romain. Une belle f\u00eate pour cette imposition, est celle de <strong>Notre-Dame du Mont Carmel le 16 juillet.<\/strong><\/p>\n<p style=\"text-align: left;\"><a href=\"http:\/\/www.clovis-diffusion.com\/scapulaire-de-notre-dame-du-mont-carmel-c2x12346256\" target=\"_blank\" rel=\"noopener\" class=\"broken_link\">Vous pouvez commander le scapulaire ici.<\/a><\/p>\n<hr \/>\n<h4><strong>8. Ma vie quotidienne avec le scapulaire<\/strong><\/h4>\n<ol>\n<li>Je prends soin de mon scapulaire et je peux en avoir deux \u00e0 la maison ;<\/li>\n<li>Je ne le quitte ni le jour ni la nuit ;<\/li>\n<li>Je peux le laver, le recoudre, le repasser, c&#8217;est un v\u00eatement ;<\/li>\n<li>Si les images ou les broderies disparaissent, soit je peux le changer soit je peux le conserver car les broderies ne sont pas essentielles au scapulaire ;<\/li>\n<li>Surtout, lorsque je m&#8217;habille, je l&#8217;embrasse ;<\/li>\n<li>Je ne l&#8217;enl\u00e8ve pas lorsque je mets des v\u00eatements de f\u00eate: En effet, c&#8217;est justement lors des f\u00eates que je me trouve plus expos\u00e9 aux tentations et au p\u00e9ch\u00e9: J&#8217;ai donc plus que jamais besoin de tenir sur mon c\u0153ur l&#8217;\u00e9tendard de la Vierge Marie ;<\/li>\n<li>Lorsque je change de scapulaire, je n&#8217;ai pas besoin de recevoir une deuxi\u00e8me fois la b\u00e9n\u00e9diction ou l&#8217;imposition mais je peux faire b\u00e9nir le v\u00eatement par le pr\u00eatre ;<\/li>\n<\/ol>\n<hr \/>\n<h4 style=\"text-align: center;\"><strong>Ci-dessous, nous vous proposons de regarder notre petite vid\u00e9o sur le scapulaire.<\/strong><\/h4>\n<p><iframe loading=\"lazy\" title=\"LE VETEMENT DE MARIE - LE SCAPULAIRE BRUN\" width=\"1260\" height=\"709\" src=\"https:\/\/www.youtube.com\/embed\/LY46h-Atxcs?feature=oembed\" frameborder=\"0\" allow=\"accelerometer; autoplay; clipboard-write; encrypted-media; gyroscope; picture-in-picture\" allowfullscreen><\/iframe><\/p>\n<hr \/>\n<h4><\/h4>\n","protected":false},"excerpt":{"rendered":"<p>Le Scapulaire de Notre-Dame du Mont Carmel : un v\u00eatement privil\u00e9gi\u00e9 \u00ab Ceci est le privil\u00e8ge pour toi et pour les tiens. Celui qui mourra rev\u00eatu de cet habit sera sauv\u00e9, il ne souffrira pas des feux \u00e9ternels. C\u2019est un signe de salut, une sauvegarde dans les dangers, un gage<a class=\"more-link\" href=\"https:\/\/test4.mi-backup.ch\/fr\/le-scapulaire-de-notre-dame-du-mont-carmel\/\">Lire la suite &rarr;<\/a><\/p>\n","protected":false},"author":9,"featured_media":0,"parent":0,"menu_order":0,"comment_status":"closed","ping_status":"closed","template":"","meta":[],"_links":{"self":[{"href":"https:\/\/test4.mi-backup.ch\/fr\/wp-json\/wp\/v2\/pages\/7367"}],"collection":[{"href":"https:\/\/test4.mi-backup.ch\/fr\/wp-json\/wp\/v2\/pages"}],"about":[{"href":"https:\/\/test4.mi-backup.ch\/fr\/wp-json\/wp\/v2\/types\/page"}],"author":[{"embeddable":true,"href":"https:\/\/test4.mi-backup.ch\/fr\/wp-json\/wp\/v2\/users\/9"}],"replies":[{"embeddable":true,"href":"https:\/\/test4.mi-backup.ch\/fr\/wp-json\/wp\/v2\/comments?post=7367"}],"version-history":[{"count":11,"href":"https:\/\/test4.mi-backup.ch\/fr\/wp-json\/wp\/v2\/pages\/7367\/revisions"}],"predecessor-version":[{"id":78261,"href":"https:\/\/test4.mi-backup.ch\/fr\/wp-json\/wp\/v2\/pages\/7367\/revisions\/78261"}],"wp:attachment":[{"href":"https:\/\/test4.mi-backup.ch\/fr\/wp-json\/wp\/v2\/media?parent=7367"}],"curies":[{"name":"wp","href":"https:\/\/api.w.org\/{rel}","templated":true}]}}