{"id":7368,"date":"2022-01-14T03:13:20","date_gmt":"2022-01-14T02:13:20","guid":{"rendered":"https:\/\/test4.mi-backup.ch\/welche-wundertaetige-medaille-ist-echt\/"},"modified":"2022-08-28T08:45:33","modified_gmt":"2022-08-28T06:45:33","slug":"le-rosaire","status":"publish","type":"page","link":"https:\/\/test4.mi-backup.ch\/fr\/le-rosaire\/","title":{"rendered":"Le Rosaire"},"content":{"rendered":"<h4><strong> La fronde invincible contre Goliath<\/strong><\/h4>\n<p>Le Rosaire est un petit instrument semblable \u00e0 la fronde de David. Cet instrument semble si faible et si insuffissant&#8230;et pourtant c&#8217;est cet instrument que la Vierge va utiliser pour d\u00e9verser sur nous les graces de force, de foi, d&#8217;esp\u00e9rance, de Charit\u00e9, les graces de prudence et de discernement dans le combat quotidien:<\/p>\n<blockquote>\n<p style=\"padding-left: 40px;\"><em><strong>\u00ab Si tu veux la lumi\u00e8re et la solution de tes probl\u00e8mes, parcours les myst\u00e8res de la vie de mon divin Fils, et l\u00e0, je te donnerai la compr\u00e9hension, la sagesse, l&#8217;intelligence du plan divin en tout ce qui t&#8217;est n\u00e9cessaire de savoir pour faire ton salut. \u00bb<\/strong><\/em><\/p>\n<\/blockquote>\n<div style=\"position: relative; width: 100%; height: 0; padding-top: 100.0000%; padding-bottom: 48px; box-shadow: 0 2px 8px 0 rgba(63,69,81,0.16); margin-top: 1.6em; margin-bottom: 0.9em; overflow: hidden; border-radius: 8px; will-change: transform;\"><iframe style=\"position: absolute; width: 100%; height: 100%; top: 0; left: 0; border: none; padding: 0; margin: 0;\" src=\"https:\/\/www.canva.com\/design\/DAFFj3p7KiU\/view?embed\" allowfullscreen=\"allowfullscreen\"><br \/>\n<\/iframe><\/div>\n<p><a href=\"https:\/\/www.canva.com\/design\/DAFFj3p7KiU\/view?utm_content=DAFFj3p7KiU&amp;utm_campaign=designshare&amp;utm_medium=embeds&amp;utm_source=link\" target=\"_blank\" rel=\"noopener\">LE ROSAIRE<\/a><\/p>\n","protected":false},"excerpt":{"rendered":"<p>La fronde invincible contre Goliath Le Rosaire est un petit instrument semblable \u00e0 la fronde de David. Cet instrument semble si faible et si insuffissant&#8230;et pourtant c&#8217;est cet instrument que la Vierge va utiliser pour d\u00e9verser sur nous les graces de force, de foi, d&#8217;esp\u00e9rance, de Charit\u00e9, les graces de<a class=\"more-link\" href=\"https:\/\/test4.mi-backup.ch\/fr\/le-rosaire\/\">Lire la suite &rarr;<\/a><\/p>\n","protected":false},"author":9,"featured_media":76584,"parent":0,"menu_order":0,"comment_status":"closed","ping_status":"closed","template":"","meta":[],"_links":{"self":[{"href":"https:\/\/test4.mi-backup.ch\/fr\/wp-json\/wp\/v2\/pages\/7368"}],"collection":[{"href":"https:\/\/test4.mi-backup.ch\/fr\/wp-json\/wp\/v2\/pages"}],"about":[{"href":"https:\/\/test4.mi-backup.ch\/fr\/wp-json\/wp\/v2\/types\/page"}],"author":[{"embeddable":true,"href":"https:\/\/test4.mi-backup.ch\/fr\/wp-json\/wp\/v2\/users\/9"}],"replies":[{"embeddable":true,"href":"https:\/\/test4.mi-backup.ch\/fr\/wp-json\/wp\/v2\/comments?post=7368"}],"version-history":[{"count":11,"href":"https:\/\/test4.mi-backup.ch\/fr\/wp-json\/wp\/v2\/pages\/7368\/revisions"}],"predecessor-version":[{"id":78263,"href":"https:\/\/test4.mi-backup.ch\/fr\/wp-json\/wp\/v2\/pages\/7368\/revisions\/78263"}],"wp:featuredmedia":[{"embeddable":true,"href":"https:\/\/test4.mi-backup.ch\/fr\/wp-json\/wp\/v2\/media\/76584"}],"wp:attachment":[{"href":"https:\/\/test4.mi-backup.ch\/fr\/wp-json\/wp\/v2\/media?parent=7368"}],"curies":[{"name":"wp","href":"https:\/\/api.w.org\/{rel}","templated":true}]}}